{"id":45,"date":"2024-04-04T00:19:11","date_gmt":"2024-04-03T21:19:11","guid":{"rendered":"https:\/\/sisu.ut.ee\/mukoloogiauhing\/kevadlaager-2019\/"},"modified":"2024-04-04T00:28:04","modified_gmt":"2024-04-03T21:28:04","slug":"kevadlaager-2019","status":"publish","type":"page","link":"https:\/\/sisu.ut.ee\/mukoloogiauhing\/kevadlaager-2019\/","title":{"rendered":"Kevadlaager 2019 T\u00f5stamaal"},"content":{"rendered":"<p>\n\tEesti m\u00fckoloogia\u00fchingu kevadlaager P\u00e4rnumaal\n<\/p>\n<p>\n\tOotame teid kevadisse \u00a0seenelaagrisse, mis toimub 17-19.05.2019.a. P\u00e4rnumaal T\u00f5stamaa \u00fcmbruses.\n<\/p>\n<p>\n\tV\u00e4lit\u00f6\u00f6d toimuvad T\u00f5stamaa kandis huvitavates seenekohtades, eelinfo avaldame hiljem. Esimesel p\u00e4eval kohtumine Ca kell 12 ringis, \u00a0kohtumispaiga info t\u00e4psustame mais. \u00a0Ilmataadilt on ka ilus seene ilm tellitud.\n<\/p>\n<p>\n\tMajutus Maria puhketalus puhkemajades 2-kohalistes tubades, tubade juures WC ja duss ning on olemas ka k\u00fclmkapp. Vaadake Maria talu <a data-url=\"\u00a0https:\/\/www.maria.ee\/teenused\/seminarid.html\" href=\"\/\/www.maria.ee\/teenused\/seminarid.html\" target=\"_blank\" title=\"\" rel=\"noopener\">veebilehte<\/a>.\n<\/p>\n<p>\n\t-majutus kahekohaline tuba \/\u00f6\u00f6 50 eur koos hommikus\u00f6\u00f6giga (toa hind on kahele)\n<\/p>\n<p>\n\t-\u00f5htus\u00f6\u00f6k 15 \u00a0\u20ac\/kord \u00a0 \u00a0 \u00a0 \u00a0 \u00a0 \u00a0 \u00a0 \u00a0 \u00a0 \u00a0 \u00a0 \u00a0 \u00a0 \u00a0 \u00a0 \u00a0 \u00a0 \u00a0 \u00a0 \u00a0 \u00a0 \u00a0 \u00a0 \u00a0 \u00a0 \u00a0 \u00a0 \u00a0 \u00a0 \u00a0 \u00a0 \u00a0 \u00a0 \u00a0 \u00a0 \u00a0 \u00a0 \u00a0 \u00a0 \u00a0 \u00a0 \u00a0 \u00a0 \u00a0 \u00a0 \u00a0 \u00a0 \u00a0 \u00a0 \u00a0 \u00a0 \u00a0 \u00a0 \u00a0 \u00a0 \u00a0 \u00a0 \u00a0 \u00a0 \u00a0 \u00a0\u00a0\n<\/p>\n<p>\n\tOma osav\u00f5tt registreerige \u00a0<a data-url=\"https:\/\/docs.google.com\/forms\/d\/e\/1FAIpQLScU_MQPBo0B_hEc290jPtLs8o5219cfM-QYyry0Vt03r3yNtQ\/viewform\" href=\"https:\/\/docs.google.com\/forms\/d\/e\/1FAIpQLScU_MQPBo0B_hEc290jPtLs8o5219cfM-QYyry0Vt03r3yNtQ\/viewform\" target=\"_blank\" title=\"\" rel=\"noopener\">Google Doc\u2019sis<\/a> registreerimislehe \u00a0v\u00f5i kirjutage Jane Ojale (jane.oja@gmail.com). Registreerimine kestab 30.04.2019, registreeruge \u00f5igeaegselt, v\u00f5imalusel varakult. \u00a0 \u00a0\n<\/p>\n<p>\n\t\u00a0\n<\/p>\n<p>\n\tKui teate sealkandis sobivat ja huvitavat seenepaika uurimiseks seenelaagri retkedel, siis ootame infot ja \u00a0ande \u00a0meile teada.\n<\/p>\n<p>\n\t\u00a0\n<\/p>\n<p>\n\tParimat,\n<\/p>\n<p>\n\tK\u00fclli Kalamees, Jane Oja ja Eveli Otsing<br>Eesti M\u00fckoloogia\u00fching<br>\u00a0<\/p>\n","protected":false},"excerpt":{"rendered":"<p>Eesti m\u00fckoloogia\u00fchingu kevadlaager P\u00e4rnumaal Ootame teid kevadisse \u00a0seenelaagrisse, mis toimub 17-19.05.2019.a. P\u00e4rnumaal T\u00f5stamaa \u00fcmbruses. V\u00e4lit\u00f6\u00f6d toimuvad T\u00f5stamaa kandis huvitavates seenekohtades, eelinfo avaldame hiljem. Esimesel p\u00e4eval kohtumine Ca kell 12 ringis, \u00a0kohtumispaiga info t\u00e4psustame mais. \u00a0Ilmataadilt on ka ilus seene ilm &#8230;<\/p>\n","protected":false},"author":52,"featured_media":0,"parent":0,"menu_order":0,"comment_status":"closed","ping_status":"closed","template":"","meta":{"_acf_changed":false,"inline_featured_image":false,"footnotes":""},"class_list":["post-45","page","type-page","status-publish","hentry"],"acf":[],"_links":{"self":[{"href":"https:\/\/sisu.ut.ee\/mukoloogiauhing\/wp-json\/wp\/v2\/pages\/45","targetHints":{"allow":["GET"]}}],"collection":[{"href":"https:\/\/sisu.ut.ee\/mukoloogiauhing\/wp-json\/wp\/v2\/pages"}],"about":[{"href":"https:\/\/sisu.ut.ee\/mukoloogiauhing\/wp-json\/wp\/v2\/types\/page"}],"author":[{"embeddable":true,"href":"https:\/\/sisu.ut.ee\/mukoloogiauhing\/wp-json\/wp\/v2\/users\/52"}],"replies":[{"embeddable":true,"href":"https:\/\/sisu.ut.ee\/mukoloogiauhing\/wp-json\/wp\/v2\/comments?post=45"}],"version-history":[{"count":1,"href":"https:\/\/sisu.ut.ee\/mukoloogiauhing\/wp-json\/wp\/v2\/pages\/45\/revisions"}],"predecessor-version":[{"id":540,"href":"https:\/\/sisu.ut.ee\/mukoloogiauhing\/wp-json\/wp\/v2\/pages\/45\/revisions\/540"}],"wp:attachment":[{"href":"https:\/\/sisu.ut.ee\/mukoloogiauhing\/wp-json\/wp\/v2\/media?parent=45"}],"curies":[{"name":"wp","href":"https:\/\/api.w.org\/{rel}","templated":true}]}}