{"id":42,"date":"2024-04-04T00:19:11","date_gmt":"2024-04-03T21:19:11","guid":{"rendered":"https:\/\/sisu.ut.ee\/mukoloogiauhing\/kevadlaager-2023\/"},"modified":"2024-04-04T00:28:04","modified_gmt":"2024-04-03T21:28:04","slug":"kevadlaager-2023","status":"publish","type":"page","link":"https:\/\/sisu.ut.ee\/mukoloogiauhing\/kevadlaager-2023\/","title":{"rendered":"Kevadlaager 2023 P\u00e4rnumaa, Nigula"},"content":{"rendered":"<p>\n\tTere, hea seenehuviline!\n<\/p>\n<p>\n\tKutsume Sind Eesti m\u00fckoloogi\u00fchingu 2023.a kevadisse seenelaagrisse\u00a0<b>19. \u2013 21. mail\u00a0<b>P\u00e4rnumaal<\/b><\/b>.\n<\/p>\n<p>\n\t\u00a0\n<\/p>\n<p>\n\t<u>Esialgne plaan<\/u>\n<\/p>\n<p>\n\tReede, 19. mai \u2013 kohtumine kl 12 Massiaru kaupluse parklas (<b id=\"docs-internal-guid-65d385c1-7fff-0370-5f27-8fc503a3eff5\">57.997486, 24.586644). <\/b>Sealt suundume endise koolimaja juurde,\u00a0kus \u00f6\u00f6biti 1963. a laagris, praegu kunstikeskus Massia, seeneretked Massiaru piirkonnas\n<\/p>\n<p>\n\tLaup\u00e4ev, 20. mai \u2013 Nigula LKA retk, sh Salupeaksi;\u00a0Nepstemurru LKA\n<\/p>\n<p>\n\tP\u00fchap\u00e4ev, 21. mai \u2013 Timmkanali metsad ja Laiksaare\u00a0loodusrada\n<\/p>\n<p>\n\tMajutus on J\u00f5ulum\u00e4e tervisespordikeskuses\u00a0(58.22576 N, 24.51575 E)\u00a0\n<\/p>\n<p>\n\t<a data-auth=\"NotApplicable\" data-linkindex=\"1\" data-loopstyle=\"link\" href=\"http:\/\/www.joulumae.ee\/\" rel=\"noopener noreferrer\" target=\"_blank\">www.joulumae.ee<\/a>, vt kaardil\u00a0<a data-auth=\"NotApplicable\" data-linkindex=\"2\" data-loopstyle=\"link\" href=\"https:\/\/joulumae.ee\/kontakt\/keskuse-plaan\/\" rel=\"noopener noreferrer\" target=\"_blank\" title=\"https:\/\/joulumae.ee\/kontakt\/keskuse-plaan\/\">peamaja<\/a>. Majutuse hind ilma s\u00f6\u00f6gita on 12 \u20ac inimesele, hommikus\u00f6\u00f6k 7.30 ja \u00f5htus\u00f6\u00f6k 8.70\u00a0\u20ac. Soovijatele laup\u00e4eval saunav\u00f5imalus m\u00f5neeurose lisatasu eest.\n<\/p>\n<p>\n\t\u00a0\n<\/p>\n<p>\n\tTranspordi laagrisse korraldavad osalejad ise, seda me \u00fchiselt ei organiseeri.\u00a0\n<\/p>\n<p>\n\t\u00a0\n<\/p>\n<p>\n\t<b>PALUN registreeri enda osalemine laagris hiljemalt kolmap\u00e4eval 10.05.2023<\/b>, kuna muidu on majutusel keeruline meie soove arvestada.\n<\/p>\n<p>\n\t<b>Kasuta registreerimiseks vormi\u00a0<a data-auth=\"NotApplicable\" data-linkindex=\"3\" href=\"https:\/\/forms.gle\/wMi4rGiMvgNd32ba8\" id=\"LPNoLPOWALinkPreview\" rel=\"noopener noreferrer\" target=\"_blank\">https:\/\/forms.gle\/wMi4rGiMvgNd32ba8<\/a>\u00a0<\/b>\n<\/p>\n<p>\n\t\u00a0\n<\/p>\n<p>\n\tT\u00e4psema seenelaagri plaani koos kohtade tutvustuste ja ajakavaga saadame hiljem \u2013 neile, kes laagrisse tulemas on.\n<\/p>\n<p>\n\t\u00a0\n<\/p>\n<p>\n\tParimate lootustega\u00a0\n<\/p>\n<p>\n\tm\u00fckoloogia\u00fchingu juhatus,\n<\/p>\n<p>\n\tKadri, Ave, Triin\u00a0\n<\/p>\n<p>\n\t\u00a0\n<\/p>\n<p>\n\t<b>Kontaktid:<\/b>\n<\/p>\n<p>\n\tKadri P\u00e4rtel kadri.partel@ut.ee, tel 5226179\n<\/p>\n<p>\n\tAve Suija ave.suija@ut.ee, tel 5531370\n<\/p>\n<p>\n\tTriin Varvas triin.varvas@emu.ee, tel 53482985<\/p>\n","protected":false},"excerpt":{"rendered":"<p>Tere, hea seenehuviline! Kutsume Sind Eesti m\u00fckoloogi\u00fchingu 2023.a kevadisse seenelaagrisse\u00a019. \u2013 21. mail\u00a0P\u00e4rnumaal. \u00a0 Esialgne plaan Reede, 19. mai \u2013 kohtumine kl 12 Massiaru kaupluse parklas (57.997486, 24.586644). Sealt suundume endise koolimaja juurde,\u00a0kus \u00f6\u00f6biti 1963. a laagris, praegu kunstikeskus Massia, &#8230;<\/p>\n","protected":false},"author":52,"featured_media":0,"parent":0,"menu_order":0,"comment_status":"closed","ping_status":"closed","template":"","meta":{"_acf_changed":false,"inline_featured_image":false,"footnotes":""},"class_list":["post-42","page","type-page","status-publish","hentry"],"acf":[],"_links":{"self":[{"href":"https:\/\/sisu.ut.ee\/mukoloogiauhing\/wp-json\/wp\/v2\/pages\/42","targetHints":{"allow":["GET"]}}],"collection":[{"href":"https:\/\/sisu.ut.ee\/mukoloogiauhing\/wp-json\/wp\/v2\/pages"}],"about":[{"href":"https:\/\/sisu.ut.ee\/mukoloogiauhing\/wp-json\/wp\/v2\/types\/page"}],"author":[{"embeddable":true,"href":"https:\/\/sisu.ut.ee\/mukoloogiauhing\/wp-json\/wp\/v2\/users\/52"}],"replies":[{"embeddable":true,"href":"https:\/\/sisu.ut.ee\/mukoloogiauhing\/wp-json\/wp\/v2\/comments?post=42"}],"version-history":[{"count":1,"href":"https:\/\/sisu.ut.ee\/mukoloogiauhing\/wp-json\/wp\/v2\/pages\/42\/revisions"}],"predecessor-version":[{"id":543,"href":"https:\/\/sisu.ut.ee\/mukoloogiauhing\/wp-json\/wp\/v2\/pages\/42\/revisions\/543"}],"wp:attachment":[{"href":"https:\/\/sisu.ut.ee\/mukoloogiauhing\/wp-json\/wp\/v2\/media?parent=42"}],"curies":[{"name":"wp","href":"https:\/\/api.w.org\/{rel}","templated":true}]}}