{"id":41,"date":"2024-04-04T00:19:11","date_gmt":"2024-04-03T21:19:11","guid":{"rendered":"https:\/\/sisu.ut.ee\/mukoloogiauhing\/kokkuvote-kevadine-seenelaager-2017\/"},"modified":"2024-09-04T09:36:22","modified_gmt":"2024-09-04T06:36:22","slug":"kokkuvote-kevadine-seenelaager-2017","status":"publish","type":"page","link":"https:\/\/sisu.ut.ee\/mukoloogiauhing\/kokkuvote-kevadine-seenelaager-2017\/","title":{"rendered":"Kokkuv\u00f5te: Kevadine seenelaager 2017"},"content":{"rendered":"<p><strong>Kevadine \u00a0seenelaager toimus\u00a04<strong>\u20136. mail<\/strong>\u00a02017 L\u00f5una-Eestis.<\/strong> Keskus ja majutus oli Seedri puhketalus looduskaunis kohas V\u00f5ru ja R\u00f5uge l\u00e4hedal <a href=\"http:\/\/www.seedripuhketalu.ee\/et\/\" target=\"_blank\" rel=\"noopener\">http:\/\/www.seedripuhketalu.ee\/et\/<\/a>.<\/p>\n<p>V\u00e4lit\u00f6\u00f6del uurisime seeni huvitavates kohtades Peetri j\u00f5e maastikukaitseala, M\u00f5niste, Karis\u00f6\u00f6di, P\u00e4hni, M\u00f5isam\u00f5tsa jt metsades ja parkides. Sealkandis on p\u00f5nevad kohanimed \u2013 nii k\u00e4isime seenel Kalkahjul, Siks\u00e4l\u00e4kolk\u00b4is, Sokaris, L\u00fc\u00fctsepas, Villikel, P\u00e4hnis, Karis\u00f6\u00f6dil, Ts\u00f5\u00f5rikniidul ja M\u00f5tstar\u00f5p\u00f5ld\u00f5m\u00e4el\u2026<\/p>\n<p>Seeneliike kohati kevadlaagris 83 ja kokku tehti seenevaatlusi neljal p\u00e4eval 182. Kevadlaagris osales 27 inimest. Kevad oli suhteliselt jahe aga vihmane, arvukamalt leiti seentest k\u00e4nnupessi <em>Fomitopsis pinicola<\/em> (13 vaatlust), harilikku karikseent <em>Sarcosypha austriaca<\/em> (10), kuuse-k\u00e4bik\u00f5rgest <em>Strobilurus esculentus<\/em> (7), liiki <em>Dumontinia tuberosa<\/em> (7), hiidkogritsat <em>Gyromitra gigas<\/em> (6), j\u00e4nesvaabikut <em>Ganoderma applanatum<\/em> (6), haavataelikut <em>Phellinus tremulae<\/em> (6), aga ka kevdakogritsat <em>Gyromitra esculenta<\/em> (4), punapoorikut Pycnoporus cinnabarinus (4), liiki <em>Discina ancilis<\/em> (4) ja teisi. Kahel vaatlusel leiti ka kaitsealust limat\u00fcnnikut <em>Saracosoma globosum<\/em>.<\/p>\n<p><strong>Kevadlaagri seenevaatlused 2017 Spring mushroom Foray (liigid ja vaatluskohad kaardil) on k\u00f5igile n\u00e4htavalt \u00fcleval plutof harrastusteaduse projektide all <a href=\"https:\/\/app.plutof.ut.ee\/study\/view\/38920\" target=\"_blank\" rel=\"noopener\">https:\/\/app.plutof.ut.ee\/study\/view\/38920<\/a>.<\/strong><\/p>\n<p><strong>Eelinfo s\u00fcgisese seenelaagri kohta<\/strong>. S\u00fcgisene seenelaager toimub samuti L\u00f5una \u2013Eestis 21-24.09.2017 , majutus broneeritud samuti Seedri puhketalus. V\u00e4lit\u00f6\u00f6d toimuvad Peetri j\u00f5e, M\u00f5niste, Karis\u00f6\u00f6di, Luhasoo, Paganamaa, P\u00e4hni, M\u00f5isam\u00f5tsa jt metsades ja parkides.<\/p>\n<p>Palun teata ka s\u00f5brale. Kui m\u00e4rkad, et keegi huviline on kirja saajate hulgast puudu, palun anna teada ja saadame ka talle.<\/p>\n<p>Parimat,<br>K\u00fclli Kalamees ja Jane Oja<br>Eesti M\u00fckoloogia\u00fching<\/p>\n<p>www.mukoloogiauhing.ut.ee<\/p>\n<p>\u00a0<\/p>\n\n\n<figure class=\"wp-block-gallery has-nested-images columns-3 is-cropped wp-block-gallery-1 is-layout-flex wp-block-gallery-is-layout-flex\">\n<figure class=\"wp-block-image size-large\"><a href=\"https:\/\/sisu.ut.ee\/wp-content\/uploads\/sites\/121\/mukoloogiauhingu_kevadlaager_mais_2017_foto_veiko_kastanje.jpg\"><img loading=\"lazy\" decoding=\"async\" width=\"1920\" height=\"1280\" data-id=\"159\" src=\"https:\/\/sisu.ut.ee\/wp-content\/uploads\/sites\/121\/mukoloogiauhingu_kevadlaager_mais_2017_foto_veiko_kastanje.jpg\" alt=\"mukoloogiauhingu_kevadlaager_mais2017_foto_Veiko_Kastanje.jpg\" class=\"wp-image-159\" srcset=\"https:\/\/sisu.ut.ee\/wp-content\/uploads\/sites\/121\/mukoloogiauhingu_kevadlaager_mais_2017_foto_veiko_kastanje.jpg 1920w, https:\/\/sisu.ut.ee\/wp-content\/uploads\/sites\/121\/mukoloogiauhingu_kevadlaager_mais_2017_foto_veiko_kastanje-300x200.jpg 300w, https:\/\/sisu.ut.ee\/wp-content\/uploads\/sites\/121\/mukoloogiauhingu_kevadlaager_mais_2017_foto_veiko_kastanje-1024x683.jpg 1024w, https:\/\/sisu.ut.ee\/wp-content\/uploads\/sites\/121\/mukoloogiauhingu_kevadlaager_mais_2017_foto_veiko_kastanje-768x512.jpg 768w, https:\/\/sisu.ut.ee\/wp-content\/uploads\/sites\/121\/mukoloogiauhingu_kevadlaager_mais_2017_foto_veiko_kastanje-1536x1024.jpg 1536w\" sizes=\"auto, (max-width: 1920px) 100vw, 1920px\"><\/a><figcaption class=\"wp-element-caption\">mukoloogiauhingu_kevadlaager_mais2017_foto_Veiko_Kastanje.jpg<\/figcaption><\/figure>\n<\/figure>\n","protected":false},"excerpt":{"rendered":"<p>Kevadine \u00a0seenelaager toimus\u00a04\u20136. mail\u00a02017 L\u00f5una-Eestis. Keskus ja majutus oli Seedri puhketalus looduskaunis kohas V\u00f5ru ja R\u00f5uge l\u00e4hedal http:\/\/www.seedripuhketalu.ee\/et\/. V\u00e4lit\u00f6\u00f6del uurisime seeni huvitavates kohtades Peetri j\u00f5e maastikukaitseala, M\u00f5niste, Karis\u00f6\u00f6di, P\u00e4hni, M\u00f5isam\u00f5tsa jt metsades ja parkides. Sealkandis on p\u00f5nevad kohanimed \u2013 nii &#8230;<\/p>\n","protected":false},"author":52,"featured_media":0,"parent":0,"menu_order":0,"comment_status":"closed","ping_status":"closed","template":"","meta":{"_acf_changed":false,"inline_featured_image":false,"footnotes":""},"class_list":["post-41","page","type-page","status-publish","hentry"],"acf":[],"_links":{"self":[{"href":"https:\/\/sisu.ut.ee\/mukoloogiauhing\/wp-json\/wp\/v2\/pages\/41","targetHints":{"allow":["GET"]}}],"collection":[{"href":"https:\/\/sisu.ut.ee\/mukoloogiauhing\/wp-json\/wp\/v2\/pages"}],"about":[{"href":"https:\/\/sisu.ut.ee\/mukoloogiauhing\/wp-json\/wp\/v2\/types\/page"}],"author":[{"embeddable":true,"href":"https:\/\/sisu.ut.ee\/mukoloogiauhing\/wp-json\/wp\/v2\/users\/52"}],"replies":[{"embeddable":true,"href":"https:\/\/sisu.ut.ee\/mukoloogiauhing\/wp-json\/wp\/v2\/comments?post=41"}],"version-history":[{"count":3,"href":"https:\/\/sisu.ut.ee\/mukoloogiauhing\/wp-json\/wp\/v2\/pages\/41\/revisions"}],"predecessor-version":[{"id":815,"href":"https:\/\/sisu.ut.ee\/mukoloogiauhing\/wp-json\/wp\/v2\/pages\/41\/revisions\/815"}],"wp:attachment":[{"href":"https:\/\/sisu.ut.ee\/mukoloogiauhing\/wp-json\/wp\/v2\/media?parent=41"}],"curies":[{"name":"wp","href":"https:\/\/api.w.org\/{rel}","templated":true}]}}