{"id":40,"date":"2024-04-04T00:19:11","date_gmt":"2024-04-03T21:19:11","guid":{"rendered":"https:\/\/sisu.ut.ee\/mukoloogiauhing\/kokkuvote-sugisene-seenelaager-2019-0\/"},"modified":"2024-09-04T09:25:39","modified_gmt":"2024-09-04T06:25:39","slug":"kokkuvote-sugisene-seenelaager-2019-0","status":"publish","type":"page","link":"https:\/\/sisu.ut.ee\/mukoloogiauhing\/kokkuvote-sugisene-seenelaager-2019-0\/","title":{"rendered":"Kokkuv\u00f5te: S\u00fcgisene seenelaager 2019"},"content":{"rendered":"<p style=\"text-align: justify;\">Eesti m\u00fckoloogia\u00fchingu s\u00fcgisese seenelaagri\u00a0nelja p\u00e4eva (19.\u201322. septembril)\u00a0jooksul k\u00e4idi l\u00e4bi 10 kohta T\u00f5stamaal ja selle \u00fcmbruse\u00a0looduskaitsealadel L\u00e4\u00e4ne-Eestis. K\u00f5ige rohkem seeneliikide vaatlusi, nimelt 80, pandi kirja Nedrema puisniidul. Nimetatud puisniidult leiti II kaitsekategooriasse kuuluvad roosa riisikas (<i>Lactarius controversus<\/i>) ja m\u00f5ru kivipuravik (<i>Boletus radicans<\/i>) ning trihholomell (<i>Tricholomella constricta<\/i>). Sarnaselt puisniiduga osutus seenerikkaks vaatluspaigaks \u00c4nnikse looduskaitsealal P\u00f5dra sihtkaitsev\u00f6\u00f6nd 77 seeneliigiga. Tegemist oli j\u00e4nesekapsa-mustika kasvukohaga, kus kasvasid 112-aastased haavad, kuused ja kased. \u00c4nnikse looduskaitsealalt leiti II kaitsekategooria liikide nimistusse kuuluv v\u00e4ga haruldane mustuv ehk lilla kukeseen (<em><a title=\"\" href=\"https:\/\/elurikkus.ee\/app\/taxonomy\/taxon\/142728\" target=\"_blank\" rel=\"noopener\" data-url=\"https:\/\/elurikkus.ee\/app\/taxonomy\/taxon\/142728\">Cantharellus melanoxeros<\/a><\/em>). Sama seent leiti seenelaagri jooksul ka Mihkli tammikust. Varasemalt on lillat kukeseent leitud Eestis 1989. aastal P\u00e4rnumaalt, 2016. aastal Saaremaalt ning 2019. aastal Harjumaalt. K\u00f5dunevatelt haavalehtedelt tuli juurde Eestile uus liik <em><a title=\"\" href=\"https:\/\/elurikkus.ee\/app\/taxonomy\/taxon\/133400\" target=\"_blank\" rel=\"noopener\" data-url=\"https:\/\/elurikkus.ee\/app\/taxonomy\/taxon\/133400\">Ascobolus foliicola<\/a><\/em><i>,<\/i>\u00a0mis kuulub liudikulaadsete (Pezizales) seltsi kottseente hulgas. Kolga m\u00e4nnimetsast leiti haruldastest seentest veel m\u00fckoriisaseen kastanp\u00e4kk (<i><span style=\"letter-spacing: -0.15pt;\">Gyroporus castaneus<\/span><\/i><span lang=\"ET\" style=\"letter-spacing: -0.15pt;\">)\u00a0<\/span>ja Lindi looduskaitsealal Taltsi sihtkaitsev\u00f6\u00f6ndist korallnarmik (<i>Hericium coralloides<\/i>), mis on lehtpuude saprotroof ja nii vanade kui ka p\u00f5lismetsade indikaatorliik. Lindi looduskaitsealal tuvastati esmakordselt Eestis kottseente perekond\u00a0<i>Strossmayeria, <\/i>alla 1 mm suuruste viljakehadega tiksikulaadsete (Helotiales) esindaja, t\u00e4psemalt liik\u00a0<em><a title=\"\" href=\"https:\/\/elurikkus.ee\/app\/taxonomy\/taxon\/176977\" target=\"_blank\" rel=\"noopener\" data-url=\"https:\/\/elurikkus.ee\/app\/taxonomy\/taxon\/176977\">Strossmayeria basitricha<\/a><\/em><i>\u00a0<\/i>mahalangenud haava t\u00fcvel.<\/p>\n<p style=\"text-align: justify;\">\u00dcheksal seenelaagris osalejal \u00f5nnestus\u00a0k\u00fclastada Varbla laidude looduskaitseala suurimat laidu \u2013 Selglaidu. Selglaiul on valdavaks kasvukohat\u00fc\u00fcbiks karjatatav rannaniit kadakate ja pihlakatega.\u00a0Sealsest m\u00e4nnikust on saanud kormoranide pesapaik, kuid siiski saadi laiult kirja 50 erineva seeneliigi vaatlused. V\u00f5rdluseks pandi Kastna rannaniidult kirja vaid 18 erineva seeneliigi vaatlused. Laiu leidudest olid erilisemad puguseened \u2013 h\u00f5lmikmuna (<em><a title=\"\" href=\"https:\/\/elurikkus.ee\/app\/taxonomy\/taxon\/159453\" target=\"_blank\" rel=\"noopener\" data-url=\"https:\/\/elurikkus.ee\/app\/taxonomy\/taxon\/159453\">Mycenastrum corium<\/a><\/em><span style=\"letter-spacing: -0.15pt;\">)<\/span>, mis on seitsmes leid Eestile\u00a0ja t\u00e4htkuulik (<em><a title=\"\" href=\"https:\/\/elurikkus.ee\/app\/taxonomy\/taxon\/175381\" target=\"_blank\" rel=\"noopener\" data-url=\"https:\/\/elurikkus.ee\/app\/taxonomy\/taxon\/175381\">Sphaerobolus stellatus<\/a><\/em>), mida ei ole \u00fcle 20 aasta leitud, kuid seenelaagri ajal avastati veel Mihkli tammikust.<\/p>\n<p style=\"text-align: justify;\"><span lang=\"ET\"><span style=\"font-weight: normal;\">\u00dcheskoos pandi kirja 549 seenevaatlust, sh lihheniseerunud seente ehk samblike vaatlused ja Tartu \u00dclikooli ja Maa\u00fclikooli seenekogudesse koguti hulgaliselt seente eksemplare, millest 36 on hetkel \u00e4ra m\u00e4\u00e4ratud. Kokku sai kirja 345 erinevat seentaksonit, kuid k\u00f5ige sagedamini leiti kasepuravikke, k\u00e4nnum\u00fctsikuid ja tavavahelikke.<\/span><\/span><\/p>\n<p style=\"margin: 0cm0cm0.0001pt70.9pt;\">Tabel 1. Sagedamini leitud seeneliikide nimekiri.\u00a0<\/p>\n<table class=\"table table-hover\" style=\"width: 500px;\" border=\"1\" cellspacing=\"1\" cellpadding=\"1\">\n<tbody>\n<tr>\n<td>\n<p><span style=\"height: 19.85pt;\">Seeneliik<\/span><\/p>\n<\/td>\n<td>\n<p><span style=\"height: 19.85pt;\">Vaatluste arv<\/span><\/p>\n<\/td>\n<\/tr>\n<tr>\n<td>\n<p><span style=\"height: 19.85pt;\">Kasepuravik (<i>Leccinum scabrum<\/i>)<\/span><\/p>\n<\/td>\n<td>\n<p><span style=\"height: 19.85pt;\">7<\/span><\/p>\n<\/td>\n<\/tr>\n<tr>\n<td>\n<p><span style=\"height: 19.85pt;\">K\u00e4nnum\u00fctsik (<i>Mycena galericulata<\/i>)<\/span><\/p>\n<\/td>\n<td>\n<p>7<\/p>\n<\/td>\n<\/tr>\n<tr>\n<td>\n<p><span style=\"height: 19.85pt;\">Tavavahelik (<i>Paxillus involutus<\/i>)<\/span><\/p>\n<\/td>\n<td>\n<p>7<\/p>\n<\/td>\n<\/tr>\n<tr>\n<td>\n<p><span style=\"height: 19.85pt;\">Kasek\u00e4snak (<i>Piptoporus betulinus<\/i>)<\/span><\/p>\n<\/td>\n<td>\n<p>6<\/p>\n<\/td>\n<\/tr>\n<tr>\n<td>\n<p><span style=\"height: 19.85pt;\">Punane k\u00e4rbseseen (<i>Amanita muscaria<\/i>)<\/span><\/p>\n<\/td>\n<td>\n<p>5<\/p>\n<\/td>\n<\/tr>\n<tr>\n<td>\n<p><span style=\"height: 19.85pt;\">Harilik kukeseen (<i>Cantharellus cibarius<\/i>)<\/span><\/p>\n<\/td>\n<td>\n<p>5<\/p>\n<\/td>\n<\/tr>\n<tr>\n<td>\n<p><span style=\"height: 19.85pt;\">Pipartatik (<i>Chalciporus piperatus<\/i>)<\/span><\/p>\n<\/td>\n<td>\n<p>5<\/p>\n<\/td>\n<\/tr>\n<tr>\n<td>\n<p><span style=\"height: 19.85pt;\">Tavaharmik (<i>Clitopilus prunulus<\/i>)<\/span><\/p>\n<\/td>\n<td>\n<p>5<\/p>\n<\/td>\n<\/tr>\n<tr>\n<td>\n<p><span style=\"height: 19.85pt;\">Harilik metsk\u00f5rges (<i>Gymnopus dryophilus<\/i>)<\/span><\/p>\n<\/td>\n<td>\n<p>5<\/p>\n<\/td>\n<\/tr>\n<tr>\n<td>\n<p><span style=\"height: 19.85pt;\">J\u00f5hvn\u00f6\u00f6bik (<i>Marasmius androsaceus<\/i>)<\/span><\/p>\n<\/td>\n<td>\n<p>5<\/p>\n<\/td>\n<\/tr>\n<tr>\n<td>\n<p><span style=\"height: 19.85pt;\">Lilla m\u00fctsik (<i>Mycena pura<\/i>)<\/span><\/p>\n<\/td>\n<td>\n<p>5<\/p>\n<\/td>\n<\/tr>\n<\/tbody>\n<\/table>\n<p style=\"margin: 0cm0cm0.0001pt; text-align: justify;\">\u00a0<\/p>\n<p style=\"margin: 0cm0cm0.0001pt; text-align: justify;\">Detailsemad seenelaagrite leiunimekirjad on k\u00f5igile huvilistele k\u00e4ttesaadavad PlutoF platvormi kodanikuteaduse t\u00f6\u00f6laual (vt <a style=\"color: #954f72;\" href=\"https:\/\/plutof.ut.ee\/\">https:\/\/plutof.ut.ee<\/a>). Eesti m\u00fckoloogia\u00fching t\u00e4nab maateaduste ja \u00f6koloogia doktorikooli, kes toetas \u00fcli\u00f5pilaste osalemist seenelaagris.<\/p>\n<p style=\"margin: 0cm0cm0.0001pt; text-align: justify;\">Detsembris peetakse \u00fchingu aastakoosolek, kus valitakse j\u00e4rgmise aasta seen ning seenelaagri paik. K\u00f5ik huvilised on oodatud!<\/p>\n<p>\u00a0<\/p>\n\n\n<figure class=\"wp-block-gallery has-nested-images columns-3 is-cropped wp-block-gallery-1 is-layout-flex wp-block-gallery-is-layout-flex\">\n<figure class=\"wp-block-image size-large\"><a href=\"https:\/\/sisu.ut.ee\/wp-content\/uploads\/sites\/121\/moru_kivipuravik_jo-1-scaled.jpg\"><img loading=\"lazy\" decoding=\"async\" width=\"2560\" height=\"1920\" data-id=\"151\" src=\"https:\/\/sisu.ut.ee\/wp-content\/uploads\/sites\/121\/moru_kivipuravik_jo-1-scaled.jpg\" alt=\"M\u00f5ru kivipuravik (foto: Jane Oja)\" class=\"wp-image-151\" srcset=\"https:\/\/sisu.ut.ee\/wp-content\/uploads\/sites\/121\/moru_kivipuravik_jo-1-scaled.jpg 2560w, https:\/\/sisu.ut.ee\/wp-content\/uploads\/sites\/121\/moru_kivipuravik_jo-1-300x225.jpg 300w, https:\/\/sisu.ut.ee\/wp-content\/uploads\/sites\/121\/moru_kivipuravik_jo-1-1024x768.jpg 1024w, https:\/\/sisu.ut.ee\/wp-content\/uploads\/sites\/121\/moru_kivipuravik_jo-1-768x576.jpg 768w, https:\/\/sisu.ut.ee\/wp-content\/uploads\/sites\/121\/moru_kivipuravik_jo-1-1536x1152.jpg 1536w, https:\/\/sisu.ut.ee\/wp-content\/uploads\/sites\/121\/moru_kivipuravik_jo-1-2048x1536.jpg 2048w, https:\/\/sisu.ut.ee\/wp-content\/uploads\/sites\/121\/moru_kivipuravik_jo-1-1920x1440.jpg 1920w\" sizes=\"auto, (max-width: 2560px) 100vw, 2560px\"><\/a><figcaption class=\"wp-element-caption\">M\u00f5ru kivipuravik (foto: Jane Oja)<\/figcaption><\/figure>\n\n\n\n<figure class=\"wp-block-image size-large\"><a href=\"https:\/\/sisu.ut.ee\/wp-content\/uploads\/sites\/121\/dsc08851_1-2-scaled.jpg\"><img decoding=\"async\" data-id=\"457\" src=\"https:\/\/sisu.ut.ee\/wp-content\/uploads\/sites\/121\/dsc08851_1-2-scaled.jpg\" alt=\"\" class=\"wp-ima&gt;&lt;\/figcaption&gt;&lt;\/figure&gt;\n\n\n\n&lt;figure class=\" wp-block-image size-large><\/a><a href=\"https:\/\/sisu.ut.ee\/wp-content\/uploads\/sites\/121\/dsc08854_1-2-scaled.jpg\"><img decoding=\"async\" data-id=\"458\" src=\"https:\/\/sisu.ut.ee\/wp-content\/uploads\/sites\/121\/dsc08854_1-2-scaled.jpg\" alt=\"\" class=\"wp-ima&gt;&lt;\/figcaption&gt;&lt;\/figure&gt;\n\n\n\n&lt;figure class=\" wp-block-image size-large><\/a><a href=\"https:\/\/sisu.ut.ee\/wp-content\/uploads\/sites\/121\/moru_kivipuravik_jo-1-scaled.jpg\"><img loading=\"lazy\" decoding=\"async\" width=\"1024\" height=\"768\" data-id=\"151\" src=\"https:\/\/sisu.ut.ee\/wp-content\/uploads\/sites\/121\/moru_kivipuravik_jo-1-1024x768.jpg\" alt=\"M\u00f5ru kivipuravik (foto: Jane Oja)\" class=\"wp-image-151\" srcset=\"https:\/\/sisu.ut.ee\/wp-content\/uploads\/sites\/121\/moru_kivipuravik_jo-1-1024x768.jpg 1024w, https:\/\/sisu.ut.ee\/wp-content\/uploads\/sites\/121\/moru_kivipuravik_jo-1-300x225.jpg 300w, https:\/\/sisu.ut.ee\/wp-content\/uploads\/sites\/121\/moru_kivipuravik_jo-1-768x576.jpg 768w, https:\/\/sisu.ut.ee\/wp-content\/uploads\/sites\/121\/moru_kivipuravik_jo-1-1536x1152.jpg 1536w, https:\/\/sisu.ut.ee\/wp-content\/uploads\/sites\/121\/moru_kivipuravik_jo-1-2048x1536.jpg 2048w, https:\/\/sisu.ut.ee\/wp-content\/uploads\/sites\/121\/moru_kivipuravik_jo-1-1920x1440.jpg 1920w\" sizes=\"auto, (max-width: 1024px) 100vw, 1024px\"><\/a><figcaption class=\"wp-element-caption\">M\u00f5ru kivipuravik (foto: Jane Oja)<\/figcaption><\/figure>\n\n\n\n<figure class=\"wp-block-image size-large\"><a href=\"https:\/\/sisu.ut.ee\/wp-content\/uploads\/sites\/121\/dsc08851_1-2-scaled.jpg\"><img decoding=\"async\" data-id=\"457\" src=\"https:\/\/sisu.ut.ee\/wp-content\/uploads\/sites\/121\/dsc08851_1-2-scaled.jpg\" alt=\"\" class=\"wp-ima&gt;&lt;\/figcaption&gt;&lt;\/figure&gt;\n\n\n\n&lt;figure class=\" wp-block-image size-large><\/a><a href=\"https:\/\/sisu.ut.ee\/wp-content\/uploads\/sites\/121\/dsc08854_1-2-scaled.jpg\"><img decoding=\"async\" data-id=\"458\" src=\"https:\/\/sisu.ut.ee\/wp-content\/uploads\/sites\/121\/dsc08854_1-2-scaled.jpg\" alt=\"\" class=\"wp-ima&gt;&lt;\/figcaption&gt;&lt;\/figure&gt;\n\n\n\n&lt;figure class=\" wp-block-image size-large><\/a><a href=\"https:\/\/sisu.ut.ee\/wp-content\/uploads\/sites\/121\/moru_kivipuravik_jo-1-scaled.jpg\"><img loading=\"lazy\" decoding=\"async\" width=\"1024\" height=\"768\" data-id=\"151\" src=\"https:\/\/sisu.ut.ee\/wp-content\/uploads\/sites\/121\/moru_kivipuravik_jo-1-1024x768.jpg\" alt=\"M\u00f5ru kivipuravik (foto: Jane Oja)\" class=\"wp-image-151\" srcset=\"https:\/\/sisu.ut.ee\/wp-content\/uploads\/sites\/121\/moru_kivipuravik_jo-1-1024x768.jpg 1024w, https:\/\/sisu.ut.ee\/wp-content\/uploads\/sites\/121\/moru_kivipuravik_jo-1-300x225.jpg 300w, https:\/\/sisu.ut.ee\/wp-content\/uploads\/sites\/121\/moru_kivipuravik_jo-1-768x576.jpg 768w, https:\/\/sisu.ut.ee\/wp-content\/uploads\/sites\/121\/moru_kivipuravik_jo-1-1536x1152.jpg 1536w, https:\/\/sisu.ut.ee\/wp-content\/uploads\/sites\/121\/moru_kivipuravik_jo-1-2048x1536.jpg 2048w, https:\/\/sisu.ut.ee\/wp-content\/uploads\/sites\/121\/moru_kivipuravik_jo-1-1920x1440.jpg 1920w\" sizes=\"auto, (max-width: 1024px) 100vw, 1024px\"><\/a><figcaption class=\"wp-element-caption\">M\u00f5ru kivipuravik (foto: Jane Oja)<\/figcaption><\/figure>\n<\/figure>\n","protected":false},"excerpt":{"rendered":"<p>Eesti m\u00fckoloogia\u00fchingu s\u00fcgisese seenelaagri\u00a0nelja p\u00e4eva (19.\u201322. septembril)\u00a0jooksul k\u00e4idi l\u00e4bi 10 kohta T\u00f5stamaal ja selle \u00fcmbruse\u00a0looduskaitsealadel L\u00e4\u00e4ne-Eestis. K\u00f5ige rohkem seeneliikide vaatlusi, nimelt 80, pandi kirja Nedrema puisniidul. Nimetatud puisniidult leiti II kaitsekategooriasse kuuluvad roosa riisikas (Lactarius controversus) ja m\u00f5ru kivipuravik (Boletus &#8230;<\/p>\n","protected":false},"author":52,"featured_media":0,"parent":0,"menu_order":0,"comment_status":"closed","ping_status":"closed","template":"","meta":{"_acf_changed":false,"inline_featured_image":false,"footnotes":""},"class_list":["post-40","page","type-page","status-publish","hentry"],"acf":[],"_links":{"self":[{"href":"https:\/\/sisu.ut.ee\/mukoloogiauhing\/wp-json\/wp\/v2\/pages\/40","targetHints":{"allow":["GET"]}}],"collection":[{"href":"https:\/\/sisu.ut.ee\/mukoloogiauhing\/wp-json\/wp\/v2\/pages"}],"about":[{"href":"https:\/\/sisu.ut.ee\/mukoloogiauhing\/wp-json\/wp\/v2\/types\/page"}],"author":[{"embeddable":true,"href":"https:\/\/sisu.ut.ee\/mukoloogiauhing\/wp-json\/wp\/v2\/users\/52"}],"replies":[{"embeddable":true,"href":"https:\/\/sisu.ut.ee\/mukoloogiauhing\/wp-json\/wp\/v2\/comments?post=40"}],"version-history":[{"count":3,"href":"https:\/\/sisu.ut.ee\/mukoloogiauhing\/wp-json\/wp\/v2\/pages\/40\/revisions"}],"predecessor-version":[{"id":811,"href":"https:\/\/sisu.ut.ee\/mukoloogiauhing\/wp-json\/wp\/v2\/pages\/40\/revisions\/811"}],"wp:attachment":[{"href":"https:\/\/sisu.ut.ee\/mukoloogiauhing\/wp-json\/wp\/v2\/media?parent=40"}],"curies":[{"name":"wp","href":"https:\/\/api.w.org\/{rel}","templated":true}]}}