{"id":38,"date":"2024-04-04T00:19:11","date_gmt":"2024-04-03T21:19:11","guid":{"rendered":"https:\/\/sisu.ut.ee\/mukoloogiauhing\/seeneaasta-2022-kokkuvote\/"},"modified":"2024-04-04T00:28:05","modified_gmt":"2024-04-03T21:28:05","slug":"seeneaasta-2022-kokkuvote","status":"publish","type":"page","link":"https:\/\/sisu.ut.ee\/mukoloogiauhing\/seeneaasta-2022-kokkuvote\/","title":{"rendered":"Seeneaasta 2022 kokkuv\u00f5te."},"content":{"rendered":"<p>Eesti M\u00fckoloogia\u00fchingu aastakoosolekul tegi esimees K\u00fclli Kalamees kokkuv\u00f5tte m\u00f6\u00f6dunud aastast, mis on leitav lisatud failist.<br><\/p><div class=\"wp-block-group attached-files-group is-layout-constrained wp-block-group-is-layout-constrained\"><div class=\"wp-block-file\"><a href=\"https:\/\/sisu.ut.ee\/wp-content\/uploads\/sites\/121\/mukoloogiauhing22_esitlus_kulli_kalamees.pdf\" target=\"_blank\" rel=\"noreferrer noopener\">mukoloogiauhing22_esitlus_kulli_kalamees.pdf<\/a><\/div><\/div>","protected":false},"excerpt":{"rendered":"<p>Eesti M\u00fckoloogia\u00fchingu aastakoosolekul tegi esimees K\u00fclli Kalamees kokkuv\u00f5tte m\u00f6\u00f6dunud aastast, mis on leitav lisatud failist.<\/p>\n","protected":false},"author":52,"featured_media":0,"parent":0,"menu_order":0,"comment_status":"closed","ping_status":"closed","template":"","meta":{"_acf_changed":false,"inline_featured_image":false,"footnotes":""},"class_list":["post-38","page","type-page","status-publish","hentry"],"acf":[],"_links":{"self":[{"href":"https:\/\/sisu.ut.ee\/mukoloogiauhing\/wp-json\/wp\/v2\/pages\/38","targetHints":{"allow":["GET"]}}],"collection":[{"href":"https:\/\/sisu.ut.ee\/mukoloogiauhing\/wp-json\/wp\/v2\/pages"}],"about":[{"href":"https:\/\/sisu.ut.ee\/mukoloogiauhing\/wp-json\/wp\/v2\/types\/page"}],"author":[{"embeddable":true,"href":"https:\/\/sisu.ut.ee\/mukoloogiauhing\/wp-json\/wp\/v2\/users\/52"}],"replies":[{"embeddable":true,"href":"https:\/\/sisu.ut.ee\/mukoloogiauhing\/wp-json\/wp\/v2\/comments?post=38"}],"version-history":[{"count":2,"href":"https:\/\/sisu.ut.ee\/mukoloogiauhing\/wp-json\/wp\/v2\/pages\/38\/revisions"}],"predecessor-version":[{"id":594,"href":"https:\/\/sisu.ut.ee\/mukoloogiauhing\/wp-json\/wp\/v2\/pages\/38\/revisions\/594"}],"wp:attachment":[{"href":"https:\/\/sisu.ut.ee\/mukoloogiauhing\/wp-json\/wp\/v2\/media?parent=38"}],"curies":[{"name":"wp","href":"https:\/\/api.w.org\/{rel}","templated":true}]}}