{"id":32,"date":"2024-04-04T00:19:11","date_gmt":"2024-04-03T21:19:11","guid":{"rendered":"https:\/\/sisu.ut.ee\/mukoloogiauhing\/sugislaager-naissaarel-2018\/"},"modified":"2024-04-04T00:28:05","modified_gmt":"2024-04-03T21:28:05","slug":"sugislaager-naissaarel-2018","status":"publish","type":"page","link":"https:\/\/sisu.ut.ee\/mukoloogiauhing\/sugislaager-naissaarel-2018\/","title":{"rendered":"S\u00fcgislaager 2018 Naissaarel"},"content":{"rendered":"<p><strong><\/strong><strong>Ootame teid s\u00fcgisesse seenelaagrisse, mis toimub 20.-23.09.2018<strong>.a. Naissaarel<\/strong><\/strong><\/p><p>V\u00e4lit\u00f6\u00f6d toimuvad Naissaare erinevates piirkondades. T\u00e4psed seenepaigad saadame septembrikuus.\u00a0<\/p><p>Tutvu keskkonnaameti koostatud\u00a0<a href=\"https:\/\/www.keskkonnaamet.ee\/sites\/default\/public\/Naissaare_rajad_EST.pdf\" target=\"_blank\" rel=\"noopener\">tr\u00fckisega<\/a>\u00a0Naissaare kohta v\u00f5i vaata Naisssaare kohta\u00a0<a href=\"https:\/\/www.youtube.com\/watch?v=rXv8QOR2EE4\" target=\"_blank\" title=\"\" rel=\"noopener\">l\u00fchifilmi<\/a>.<\/p><p>\u00d6\u00f6bime Naissaarel\u00a0<strong><a href=\"http:\/\/naissaar.eu\/\" target=\"_blank\" data-saferedirecturl=\"https:\/\/www.google.com\/url?q=http:\/\/naissaar.eu\/&amp;source=gmail&amp;ust=1535635207912000&amp;usg=AFQjCNG3OMVKo6U5rOeJiBD7IOFuA0xprQ\" rel=\"noopener\">Naissaare Turismi- ja puhkekeskuses<\/a><\/strong>, mis asub sadama l\u00e4hedal (ei ole sama maja mis kevadel). Majutus on puhkekeskuses planeeritud peremajas (10 magamiskohta suur tuba) ja neljas neljakohalises k\u00e4mpingus. Du\u0161\u0161 ja WC asuvad peremajas, mida saavad kasutada ka k\u00e4mpingus \u00f6\u00f6bijad. Igas k\u00e4mpingus on radiaator, keskuses on elekter 24\/7 ja saadaval wifi seminariruumis, kuid elektrit toodetakse kohapeal ja selle kulust meie seminariruumis (mikroskoobid, puhurid kuivatamiseks) s\u00f5ltub seminariruumi hind.<\/p><p><strong>Seenelaagris osalemisega seotud kulud:<\/strong><\/p><p>\u2013 majutus 18 \u20ac \/\u00f6\u00f6 inimene<br>\u2013 telkimiskoht 15 \u20ac\/\u00f6\u00f6 inimene<br>\u2013 \u00f5htus\u00f6\u00f6k 9 \u20ac\/kord\u00a0<br>\u2013 hommikus\u00f6\u00f6k (buffee) 8 \u20ac\/kord<br>\u2013 edasi-tagasi laevapiletid 26 \u20ac Tallinn Naissaare Tallinn<br>\u2013 transport saarel veoautoga (ligikaudu 75 eur kokku) tuleb k\u00f5igi vahel jagamisele prognoos a 5 eur\/inimene \/ei s\u00f5ltu viibitud p\u00e4evade arvust\/<br>\u2013 seminariruum\/t\u00f6\u00f6tuba -summa kuulub jagamisele k\u00f5igi osalejate vahel, prognoos a 15-20 eur\/inimene \/ei s\u00f5ltu viibitud p\u00e4evade arvust\/<br>\u2013 Lisaks saame kohapeal tellida sauna 25 eur\/h<\/p><p>L\u00f5unas\u00f6\u00f6k tuleb endal mandrilt kaasa v\u00f5tta ning l\u00f5unapausid toimuvad metsas!<\/p><p>\u00a0<strong>Oma osav\u00f5tt registreeri\u00a0<\/strong><a href=\"https:\/\/docs.google.com\/forms\/d\/e\/1FAIpQLSf3LJ84PJsBcFnyet7xf842NsGsRR_Ll0PZrTLudqHBI-x3sQ\/viewform\" target=\"_blank\" data-saferedirecturl=\"https:\/\/www.google.com\/url?q=https:\/\/docs.google.com\/forms\/d\/e\/1FAIpQLSf3LJ84PJsBcFnyet7xf842NsGsRR_Ll0PZrTLudqHBI-x3sQ\/viewform&amp;source=gmail&amp;ust=1535635207913000&amp;usg=AFQjCNHqMYGwBKDLHksel4cNF6qr5zq-rQ\" rel=\"noopener\">Google Doc\u2019sis<\/a>\u00a0<strong>v\u00f5i kirjuta Jane Ojale (<\/strong><a href=\"mailto:jane.oja@gmail.com\" target=\"_blank\" rel=\"noopener\"><strong>jane.oja@gmail.<\/strong><\/a><strong>com<\/strong><strong>). Registreerimine kestab\u00a07.09.2018, registreeru \u00f5igeaegselt.\u00a0<\/strong><\/p><p>Registreerumisel teatatud andmed meie poolt on aluseks puhkekeskusel inimesele arve esitamisele, seda kohapeal enam muuta ei saa. Majutus esitab tellitud mahus k\u00f5igile registreerunud osalejatele vastava arve, mis registreerumisel on esitatud.\u00a0\u00a0\u00a0\u00a0\u00a0\u00a0\u00a0\u00a0\u00a0\u00a0\u00a0\u00a0\u00a0\u00a0\u00a0\u00a0\u00a0\u00a0\u00a0\u00a0\u00a0\u00a0\u00a0\u00a0\u00a0\u00a0\u00a0\u00a0\u00a0\u00a0\u00a0\u00a0\u00a0\u00a0\u00a0\u00a0\u00a0\u00a0\u00a0\u00a0\u00a0\u00a0\u00a0\u00a0\u00a0\u00a0\u00a0\u00a0\u00a0\u00a0\u00a0<\/p><p><strong>\u00a0<\/strong><strong>Osalejad palun esitage registreerumisel meile lisaks oma andmed<\/strong>\u00a0<a href=\"mailto:jane.oja@gmail.com\" target=\"_blank\" rel=\"noopener\">jane.oja@gmail.com<\/a>\u00a0 -nimi, isikukood, aadress, meiliaadress, telefon<\/p><p><strong>Laev Tallinnast Naissaarele v\u00e4ljub 20.09 kell 13 (meile tellitud); Naissaarelt v\u00e4ljub laev Tallinnasse 23.09 kl 11.30 (v\u00f5imalik et ka veidi hiljem).\u00a0<\/strong>Puhkekeskus prognoosib praegu, et laev s\u00f5idab ka n\u00e4dalavahetusel (sh reedel) Tallinnast kl 10 Naissaarele ja siis ka tagasi Tallinnasse.\u00a0<\/p><p>K\u00fclli Kalamees ja Jane Oja<br>Eesti M\u00fckoloogia\u00fching<\/p><p>K\u00fclli telefon: 53425101\u00a0\u00a0<a href=\"mailto:kulli.kalamees-pani@ut.ee\" target=\"_blank\" rel=\"noopener\">kulli.kalamees-pani@ut.ee<\/a><\/p><p>Jane telefon:\u00a0 55565460\u00a0<a href=\"mailto:jane.oja@gmail.com\" target=\"_blank\" rel=\"noopener\">jane.oja@gmail.com<\/a><\/p><br><figure class=\"wp-block-gallery has-nested-images columns-3 is-cropped wp-block-gallery-1 is-layout-flex wp-block-gallery-is-layout-flex\"><figure class=\"wp-block-image size-large\"><a href=\"https:\/\/sisu.ut.ee\/wp-content\/uploads\/sites\/121\/img_5377-1.jpg\"><img loading=\"lazy\" decoding=\"async\" width=\"1920\" height=\"1280\" data-id=\"131\" src=\"https:\/\/sisu.ut.ee\/wp-content\/uploads\/sites\/121\/img_5377-1.jpg\" alt=\"Meenutus kevadisest seenelaagrist Naissaarel (Foto: V. Kastanje)\" class=\"wp-image-131\" srcset=\"https:\/\/sisu.ut.ee\/wp-content\/uploads\/sites\/121\/img_5377-1.jpg 1920w, https:\/\/sisu.ut.ee\/wp-content\/uploads\/sites\/121\/img_5377-1-300x200.jpg 300w, https:\/\/sisu.ut.ee\/wp-content\/uploads\/sites\/121\/img_5377-1-1024x683.jpg 1024w, https:\/\/sisu.ut.ee\/wp-content\/uploads\/sites\/121\/img_5377-1-768x512.jpg 768w, https:\/\/sisu.ut.ee\/wp-content\/uploads\/sites\/121\/img_5377-1-1536x1024.jpg 1536w\" sizes=\"auto, (max-width: 1920px) 100vw, 1920px\"><\/a><figcaption class=\"wp-element-caption\">Meenutus kevadisest seenelaagrist Naissaarel (Foto: V. Kastanje)<\/figcaption><\/figure><\/figure>","protected":false},"excerpt":{"rendered":"<p>Ootame teid s\u00fcgisesse seenelaagrisse, mis toimub 20.-23.09.2018.a. Naissaarel V\u00e4lit\u00f6\u00f6d toimuvad Naissaare erinevates piirkondades. T\u00e4psed seenepaigad saadame septembrikuus.\u00a0 Tutvu keskkonnaameti koostatud\u00a0tr\u00fckisega\u00a0Naissaare kohta v\u00f5i vaata Naisssaare kohta\u00a0l\u00fchifilmi. \u00d6\u00f6bime Naissaarel\u00a0Naissaare Turismi- ja puhkekeskuses, mis asub sadama l\u00e4hedal (ei ole sama maja mis kevadel). &#8230;<\/p>\n","protected":false},"author":52,"featured_media":0,"parent":0,"menu_order":0,"comment_status":"closed","ping_status":"closed","template":"","meta":{"_acf_changed":false,"inline_featured_image":false,"footnotes":""},"class_list":["post-32","page","type-page","status-publish","hentry"],"acf":[],"_links":{"self":[{"href":"https:\/\/sisu.ut.ee\/mukoloogiauhing\/wp-json\/wp\/v2\/pages\/32","targetHints":{"allow":["GET"]}}],"collection":[{"href":"https:\/\/sisu.ut.ee\/mukoloogiauhing\/wp-json\/wp\/v2\/pages"}],"about":[{"href":"https:\/\/sisu.ut.ee\/mukoloogiauhing\/wp-json\/wp\/v2\/types\/page"}],"author":[{"embeddable":true,"href":"https:\/\/sisu.ut.ee\/mukoloogiauhing\/wp-json\/wp\/v2\/users\/52"}],"replies":[{"embeddable":true,"href":"https:\/\/sisu.ut.ee\/mukoloogiauhing\/wp-json\/wp\/v2\/comments?post=32"}],"version-history":[{"count":2,"href":"https:\/\/sisu.ut.ee\/mukoloogiauhing\/wp-json\/wp\/v2\/pages\/32\/revisions"}],"predecessor-version":[{"id":596,"href":"https:\/\/sisu.ut.ee\/mukoloogiauhing\/wp-json\/wp\/v2\/pages\/32\/revisions\/596"}],"wp:attachment":[{"href":"https:\/\/sisu.ut.ee\/mukoloogiauhing\/wp-json\/wp\/v2\/media?parent=32"}],"curies":[{"name":"wp","href":"https:\/\/api.w.org\/{rel}","templated":true}]}}