{"id":3,"date":"2024-04-04T00:19:09","date_gmt":"2024-04-03T21:19:09","guid":{"rendered":"https:\/\/sisu.ut.ee\/mukoloogiauhing\/kokkuvote-sugislaager-2020\/"},"modified":"2024-04-04T00:28:05","modified_gmt":"2024-04-03T21:28:05","slug":"kokkuvote-sugislaager-2020","status":"publish","type":"page","link":"https:\/\/sisu.ut.ee\/mukoloogiauhing\/kokkuvote-sugislaager-2020\/","title":{"rendered":"Kokkuv\u00f5te: s\u00fcgislaager 2020"},"content":{"rendered":"<p>\r\n\tM\u00fckoloogia\u00fchingu s\u00fcgislaager toimus 4-6.09.20 Viljandi l\u00e4hedal. V\u00e4lit\u00f6\u00f6d toimusid Heimtali pargis, Loodi looduspargis, Paistu \u00fcrgorus, \u00d5isus ja Tohvril.\r\n<\/p>\r\n\r\n<p>\r\n\tLisatud kokkuv\u00f5tte seenelaagrist on teinud K\u00fclli Kalamees.\r\n<\/p>\r\n<br><div class=\"wp-block-group attached-files-group is-layout-constrained wp-block-group-is-layout-constrained\"><div class=\"wp-block-file\"><a href=\"https:\/\/sisu.ut.ee\/wp-content\/uploads\/sites\/121\/sugisene_seenelaager_09.20_mukoloogiauhing.pdf\" target=\"_blank\" rel=\"noreferrer noopener\">sugisene_seenelaager_09.20_mukoloogiauhing.pdf<\/a><\/div><\/div>","protected":false},"excerpt":{"rendered":"<p>M\u00fckoloogia\u00fchingu s\u00fcgislaager toimus 4-6.09.20 Viljandi l\u00e4hedal. V\u00e4lit\u00f6\u00f6d toimusid Heimtali pargis, Loodi looduspargis, Paistu \u00fcrgorus, \u00d5isus ja Tohvril. Lisatud kokkuv\u00f5tte seenelaagrist on teinud K\u00fclli Kalamees.<\/p>\n","protected":false},"author":52,"featured_media":0,"parent":0,"menu_order":0,"comment_status":"closed","ping_status":"closed","template":"","meta":{"_acf_changed":false,"inline_featured_image":false,"footnotes":""},"class_list":["post-3","page","type-page","status-publish","hentry"],"acf":[],"_links":{"self":[{"href":"https:\/\/sisu.ut.ee\/mukoloogiauhing\/wp-json\/wp\/v2\/pages\/3","targetHints":{"allow":["GET"]}}],"collection":[{"href":"https:\/\/sisu.ut.ee\/mukoloogiauhing\/wp-json\/wp\/v2\/pages"}],"about":[{"href":"https:\/\/sisu.ut.ee\/mukoloogiauhing\/wp-json\/wp\/v2\/types\/page"}],"author":[{"embeddable":true,"href":"https:\/\/sisu.ut.ee\/mukoloogiauhing\/wp-json\/wp\/v2\/users\/52"}],"replies":[{"embeddable":true,"href":"https:\/\/sisu.ut.ee\/mukoloogiauhing\/wp-json\/wp\/v2\/comments?post=3"}],"version-history":[{"count":2,"href":"https:\/\/sisu.ut.ee\/mukoloogiauhing\/wp-json\/wp\/v2\/pages\/3\/revisions"}],"predecessor-version":[{"id":606,"href":"https:\/\/sisu.ut.ee\/mukoloogiauhing\/wp-json\/wp\/v2\/pages\/3\/revisions\/606"}],"wp:attachment":[{"href":"https:\/\/sisu.ut.ee\/mukoloogiauhing\/wp-json\/wp\/v2\/media?parent=3"}],"curies":[{"name":"wp","href":"https:\/\/api.w.org\/{rel}","templated":true}]}}