{"id":27,"date":"2024-04-04T00:19:10","date_gmt":"2024-04-03T21:19:10","guid":{"rendered":"https:\/\/sisu.ut.ee\/mukoloogiauhing\/eesti-mukoloogiauhingu-aastakoosolek-actiones-2018\/"},"modified":"2024-04-04T00:28:05","modified_gmt":"2024-04-03T21:28:05","slug":"eesti-mukoloogiauhingu-aastakoosolek-actiones-2018","status":"publish","type":"page","link":"https:\/\/sisu.ut.ee\/mukoloogiauhing\/eesti-mukoloogiauhingu-aastakoosolek-actiones-2018\/","title":{"rendered":"Eesti m\u00fckoloogia\u00fchingu aastakoosolek Actiones 2018"},"content":{"rendered":"<p><strong>Olete oodatud Tallinnas \u00a08. detsembril 2018 kl 11-17<\/strong> <strong>Actionesele Tallinna Loomaaias Keskkonnahariduskeskuse \u00a0majas <\/strong>( Ehitajate tee 150, mis asub L\u00e4\u00e4nev\u00e4rava juures, kohapeal on parkla, kus saab autot parkida (v\u00e4ikese tasuga). **Osalejatel tuleb ise osta Loomaaia pilet kassast (5 eur t\u00e4ispilet\/3 eur sooduspilet).\u00a0\u00a0<\/p>\n<p><strong>Actiones toimub Loomaaia Kopraklassis. Kohv ja saabumine kl 10.30-st. <\/strong><\/p>\n<p><strong>Ettekanded<\/strong><\/p>\n<p>11 -11.15 K\u00fclli Kalamees \u201cM\u00fckoloogia\u00fchingu aasta 2018\u201d. Aastaseene\u00a0 2019 kuulutamisest.<\/p>\n<p>11.15-11.45 Jane Oja. Orhideede m\u00fckoriisa seened<\/p>\n<p>11.45-12.15 Inga Hiiesalu. Krohmseened maailma katusel<\/p>\n<p>12.15-12.45\u00a0 Uve Ramst. T\u00f5nis Leisner, Veskimets ja seened<\/p>\n<p>12.45-13.15 Kadri P\u00f5ldmaa. Erast Parmasto 90<\/p>\n<p><strong>L\u00f5unaeine<\/strong> <strong>ja loomaaia k\u00fclastus<\/strong> 13.15 -14.45 (l\u00f5una ettetellimisel- registreerimisel teatada, 5 eur)<\/p>\n<p>14.45-15.10 Aastaseene valimine, organisatsioonilised k\u00fcsimused<\/p>\n<p>15.10 -15.50. Erki Nagla. Seeneniitidest ehitusmaterjaliks<\/p>\n<p>15.50. -16.20 Urmas K\u00f5ljalg. P\u00f5hja-Ameerikas ekspeditsioonil epit\u00fc\u00fcpe hankimas (j\u00e4i \u00e4ra , haiguse t\u00f5ttu)\u00a0\u00a0\u00a0\u00a0\u00a0\u00a0\u00a0\u00a0\u00a0<\/p>\n<p>16.20-16.35 Kadri P\u00e4rtel. Kuidas tuletaelaga tuld s\u00fc\u00fcdata?<\/p>\n<p>16.35-16.50 Irja Saar. Kuidas Plutofist \u00fchingu pilte leida?<\/p>\n<p><strong>Kavas on v\u00e4lja kuulutada \u00fchingu poolt<\/strong> <strong>2019 aasta seen<\/strong>, oodatud on teie ettepanekud ja m\u00f5tteavaldused K\u00fclli meilile ja kohapeal. Lisaks ootame teie ettepanekuid, kus 2019. aasta seenelaagrid v\u00f5iksid toimuda. Ettekandjad- palun v\u00f5tke esitlused kaasa m\u00e4lupulgal<\/p>\n<p><strong>L\u00fchikokkuvote aastakoosoleku tulemustest 8.12.2018. <\/strong>Aastaseeneks 2019 valiti <a href=\"http:\/\/mukoloogiauhing.ut.ee\/aasta-seen-2019-soomustindik\" target=\"_blank\" rel=\"noopener\">soomusstindik<\/a>.<\/p>\n<p>Juhatuse valmimised. \u00a0M\u00fckoloogia\u00fchingu esimehena j\u00e4tkab K\u00fclli Kalamees,<\/p>\n<p>sekret\u00e4rideks valiti Jane Oja ja Eveli Otsing<\/p>\n<p>K\u00fclli Kalamees, tel 53425101, <a href=\"mailto:kulli.kalamees-pani@ut.ee\">kulli.kalamees-pani@ut.ee<\/a><\/p>\n<p>Jane Oja, 55565460, tel <a href=\"mailto:Jane.oja@gmail.com\">Jane.oja@gmail.com<\/a>\u00a0<\/p>\n<p>Eesti m\u00fckoloogia\u00fching\u00a0\u00a0\u00a0 <a href=\"http:\/\/www.mukoloogiauhing.ut.ee\/\">www.mukoloogiauhing.ut.ee<\/a><\/p>\n<p>Loomaaia Keskkonnahariduskeskus asub L\u00e4\u00e4nev\u00e4rava juures , asukoht <a href=\"http:\/\/tallinnzoo.ee\/kulastajale\/kuidas-tulla\/\">http:\/\/tallinnzoo.ee\/kulastajale\/kuidas-tulla\/<\/a><\/p>\n","protected":false},"excerpt":{"rendered":"<p>Olete oodatud Tallinnas \u00a08. detsembril 2018 kl 11-17 Actionesele Tallinna Loomaaias Keskkonnahariduskeskuse \u00a0majas ( Ehitajate tee 150, mis asub L\u00e4\u00e4nev\u00e4rava juures, kohapeal on parkla, kus saab autot parkida (v\u00e4ikese tasuga). **Osalejatel tuleb ise osta Loomaaia pilet kassast (5 eur t\u00e4ispilet\/3 &#8230;<\/p>\n","protected":false},"author":52,"featured_media":0,"parent":0,"menu_order":0,"comment_status":"closed","ping_status":"closed","template":"","meta":{"_acf_changed":false,"inline_featured_image":false,"footnotes":""},"class_list":["post-27","page","type-page","status-publish","hentry"],"acf":[],"_links":{"self":[{"href":"https:\/\/sisu.ut.ee\/mukoloogiauhing\/wp-json\/wp\/v2\/pages\/27","targetHints":{"allow":["GET"]}}],"collection":[{"href":"https:\/\/sisu.ut.ee\/mukoloogiauhing\/wp-json\/wp\/v2\/pages"}],"about":[{"href":"https:\/\/sisu.ut.ee\/mukoloogiauhing\/wp-json\/wp\/v2\/types\/page"}],"author":[{"embeddable":true,"href":"https:\/\/sisu.ut.ee\/mukoloogiauhing\/wp-json\/wp\/v2\/users\/52"}],"replies":[{"embeddable":true,"href":"https:\/\/sisu.ut.ee\/mukoloogiauhing\/wp-json\/wp\/v2\/comments?post=27"}],"version-history":[{"count":1,"href":"https:\/\/sisu.ut.ee\/mukoloogiauhing\/wp-json\/wp\/v2\/pages\/27\/revisions"}],"predecessor-version":[{"id":558,"href":"https:\/\/sisu.ut.ee\/mukoloogiauhing\/wp-json\/wp\/v2\/pages\/27\/revisions\/558"}],"wp:attachment":[{"href":"https:\/\/sisu.ut.ee\/mukoloogiauhing\/wp-json\/wp\/v2\/media?parent=27"}],"curies":[{"name":"wp","href":"https:\/\/api.w.org\/{rel}","templated":true}]}}