{"id":25,"date":"2024-04-04T00:19:10","date_gmt":"2024-04-03T21:19:10","guid":{"rendered":"https:\/\/sisu.ut.ee\/mukoloogiauhing\/sugislaager-2019\/"},"modified":"2024-09-04T09:31:22","modified_gmt":"2024-09-04T06:31:22","slug":"sugislaager-2019","status":"publish","type":"page","link":"https:\/\/sisu.ut.ee\/mukoloogiauhing\/sugislaager-2019\/","title":{"rendered":"S\u00fcgislaager 2019 T\u00f5stamaal"},"content":{"rendered":"<p>Eesti m\u00fckoloogia\u00fching kutsub <strong>19.-22. septembril toimuvasse\u00a0seenelaagrisse.<\/strong> Vaatleme ja kogume seeni L\u00e4\u00e4ne-Eestis, T\u00f5stamaal ja selle \u00fcmbruses.\u00a0<span style=\"color: #000000;\">Plaanis on k\u00e4ia Lindi, J\u00e4\u00e4rumetsa ja \u00c4nnikse looduskaitseala metsades ning Kolga ja T\u00f5stamaa luitemetsades. Kindlasti uudistame tammikuid ja puisniite. Loodetavasti soosib ilm meie plaani k\u00e4ia l\u00e4hikonna v\u00e4ikestel laidudel.<\/span><\/p>\n<p><strong>Milliste\u00a0seenharuldustega\u00a0v\u00f5ib laagri jooksul\u00a0kohtuda?<\/strong><\/p>\n<ul>\n<li style=\"margin: 0cm0cm0.0001pt;\"><span style=\"color: #000000;\">taiga-peenpoorikuga\u00a0(<\/span><em><a title=\"\" href=\"https:\/\/elurikkus.ee\/app\/taxonomy\/taxon\/174989\" target=\"_blank\" rel=\"noopener\" data-url=\"https:\/\/elurikkus.ee\/app\/taxonomy\/taxon\/174989\">Skeletocutis odora<\/a><\/em><span style=\"color: #000000;\">)<\/span><\/li>\n<li style=\"margin: 0cm0cm0.0001pt;\"><span style=\"color: #000000;\">ebe-limanutiga\u00a0(<\/span><em><a title=\"\" href=\"https:\/\/elurikkus.ee\/app\/taxonomy\/taxon\/151463\" target=\"_blank\" rel=\"noopener\" data-url=\"https:\/\/elurikkus.ee\/app\/taxonomy\/taxon\/151463\">Hygrophorus chrysodon<\/a><\/em><span style=\"color: #000000;\">)<\/span><\/li>\n<li style=\"margin: 0cm0cm0.0001pt;\"><span style=\"color: #000000;\">v\u00e4rvuva\u00a0limanutiga (<\/span><em><a title=\"\" href=\"https:\/\/elurikkus.ee\/app\/taxonomy\/taxon\/151467\" target=\"_blank\" rel=\"noopener\" data-url=\"https:\/\/elurikkus.ee\/app\/taxonomy\/taxon\/151467\">Hygrophorus discoxanthus<\/a><\/em><span style=\"color: #000000;\">)<\/span><\/li>\n<li style=\"margin: 0cm0cm0.0001pt;\"><span style=\"color: #000000;\">loor-k\u00e4rbseseenega\u00a0(<\/span><em><a title=\"\" href=\"https:\/\/elurikkus.ee\/app\/taxonomy\/taxon\/132012\" target=\"_blank\" rel=\"noopener\" data-url=\"https:\/\/elurikkus.ee\/app\/taxonomy\/taxon\/132012\">Amanita strobiliformis<\/a><\/em><span style=\"color: #000000;\">)<\/span><\/li>\n<li style=\"margin: 0cm0cm0.0001pt;\"><span style=\"color: #000000;\">roosa\u00a0riisikaga\u00a0(<\/span><em><a title=\"\" href=\"https:\/\/elurikkus.ee\/app\/taxonomy\/taxon\/154076\" target=\"_blank\" rel=\"noopener\" data-url=\"https:\/\/elurikkus.ee\/app\/taxonomy\/taxon\/154076\">Lactarius controversus<\/a><\/em><span style=\"color: #000000;\">)<\/span><\/li>\n<li><span lang=\"ET\"><span style=\"color: #000000;\">ja m\u00f5ru\u00a0kivipuravikuga\u00a0(<\/span><\/span><em><a title=\"\" href=\"https:\/\/elurikkus.ee\/app\/taxonomy\/taxon\/229513\" target=\"_blank\" rel=\"noopener\" data-url=\"https:\/\/elurikkus.ee\/app\/taxonomy\/taxon\/229513\">Caloboletus radicans<\/a><\/em><span lang=\"ET\"><span style=\"color: #000000;\">)<\/span><\/span><\/li>\n<\/ul>\n<p><span style=\"color: #000000;\">Laagriliste majutus on korraldatud K\u00f5pu k\u00fclas asuvas\u00a0<\/span><a title=\"\" href=\"https:\/\/www.maria.ee\/en\/\" target=\"_blank\" rel=\"noopener\" data-url=\"https:\/\/www.maria.ee\/en\/\">Maria talus<\/a><span style=\"color: #000000;\">. \u00d5htuti m\u00e4\u00e4rame seal mikroskoopide abil seeni. <\/span>Igap\u00e4evaseid seeneretki\u00a0alustame\u00a0umbes kell \u00fcheksa hommikul, liigume autodega.\u00a0<span style=\"color: #000000;\">Laagriliste riietus ja jalatsid peaksid olema matkaks sobivad, kaasa tuleb v\u00f5tta seenekorv ja toidumoon,\u00a0<\/span><span style=\"color: #000000;\">sest p\u00e4evad v\u00f5ivad kujuneda pikaks.\u00a0<\/span><\/p>\n<p>Oma osav\u00f5tt registreeri\u00a0<a title=\"\" href=\"https:\/\/docs.google.com\/forms\/d\/1NFvCSwYZ3KGyPC2809gAuY9ozTwdlA7xFADAVgJdrlY\/edit\" target=\"_blank\" rel=\"noopener\" data-url=\"https:\/\/docs.google.com\/forms\/d\/1NFvCSwYZ3KGyPC2809gAuY9ozTwdlA7xFADAVgJdrlY\/edit\">Google Doc\u2019si<\/a>\u00a0registreerimislehel v\u00f5i kirjuta\u00a0Jane Ojale (jane.oja@gmail.com) v\u00f5i Eveli Otsingule (eveli.otsing@gmail.com ).<\/p>\n<p style=\"margin: 0cm0cm0.0001pt;\"><span style=\"color: #000000;\">Ootame rohkete s\u00fcgisseente\u00a0<\/span><span style=\"color: #000000;\">aega!<\/span><\/p>\n<p><img loading=\"lazy\" decoding=\"async\" width=\"2400\" height=\"1600\" class=\"alignnone wp-image-119\" title=\"T\u00e4navu T\u00f5stamaal toimunud kevadises seenelaagris osales paark\u00fcmmend huvilist nii Eestist kui ka kaugemalt Foto: Veiko Kastanje\" src=\"https:\/\/sisu.ut.ee\/wp-content\/uploads\/sites\/121\/grupp_img_8605_kastanje.jpg\" alt=\"T\u00e4navu T\u00f5stamaal toimunud kevadises seenelaagris osales paark\u00fcmmend huvilist nii Eestist kui ka kaugemalt Foto: Veiko Kastanje\" srcset=\"https:\/\/sisu.ut.ee\/wp-content\/uploads\/sites\/121\/grupp_img_8605_kastanje.jpg 2400w, https:\/\/sisu.ut.ee\/wp-content\/uploads\/sites\/121\/grupp_img_8605_kastanje-300x200.jpg 300w, https:\/\/sisu.ut.ee\/wp-content\/uploads\/sites\/121\/grupp_img_8605_kastanje-1024x683.jpg 1024w, https:\/\/sisu.ut.ee\/wp-content\/uploads\/sites\/121\/grupp_img_8605_kastanje-768x512.jpg 768w, https:\/\/sisu.ut.ee\/wp-content\/uploads\/sites\/121\/grupp_img_8605_kastanje-1536x1024.jpg 1536w, https:\/\/sisu.ut.ee\/wp-content\/uploads\/sites\/121\/grupp_img_8605_kastanje-2048x1365.jpg 2048w, https:\/\/sisu.ut.ee\/wp-content\/uploads\/sites\/121\/grupp_img_8605_kastanje-1920x1280.jpg 1920w\" sizes=\"auto, (max-width: 2400px) 100vw, 2400px\"><\/p>\n","protected":false},"excerpt":{"rendered":"<p>Eesti m\u00fckoloogia\u00fching kutsub 19.-22. septembril toimuvasse\u00a0seenelaagrisse. Vaatleme ja kogume seeni L\u00e4\u00e4ne-Eestis, T\u00f5stamaal ja selle \u00fcmbruses.\u00a0Plaanis on k\u00e4ia Lindi, J\u00e4\u00e4rumetsa ja \u00c4nnikse looduskaitseala metsades ning Kolga ja T\u00f5stamaa luitemetsades. Kindlasti uudistame tammikuid ja puisniite. Loodetavasti soosib ilm meie plaani k\u00e4ia l\u00e4hikonna &#8230;<\/p>\n","protected":false},"author":52,"featured_media":0,"parent":0,"menu_order":0,"comment_status":"closed","ping_status":"closed","template":"","meta":{"_acf_changed":false,"inline_featured_image":false,"footnotes":""},"class_list":["post-25","page","type-page","status-publish","hentry"],"acf":[],"_links":{"self":[{"href":"https:\/\/sisu.ut.ee\/mukoloogiauhing\/wp-json\/wp\/v2\/pages\/25","targetHints":{"allow":["GET"]}}],"collection":[{"href":"https:\/\/sisu.ut.ee\/mukoloogiauhing\/wp-json\/wp\/v2\/pages"}],"about":[{"href":"https:\/\/sisu.ut.ee\/mukoloogiauhing\/wp-json\/wp\/v2\/types\/page"}],"author":[{"embeddable":true,"href":"https:\/\/sisu.ut.ee\/mukoloogiauhing\/wp-json\/wp\/v2\/users\/52"}],"replies":[{"embeddable":true,"href":"https:\/\/sisu.ut.ee\/mukoloogiauhing\/wp-json\/wp\/v2\/comments?post=25"}],"version-history":[{"count":2,"href":"https:\/\/sisu.ut.ee\/mukoloogiauhing\/wp-json\/wp\/v2\/pages\/25\/revisions"}],"predecessor-version":[{"id":813,"href":"https:\/\/sisu.ut.ee\/mukoloogiauhing\/wp-json\/wp\/v2\/pages\/25\/revisions\/813"}],"wp:attachment":[{"href":"https:\/\/sisu.ut.ee\/mukoloogiauhing\/wp-json\/wp\/v2\/media?parent=25"}],"curies":[{"name":"wp","href":"https:\/\/api.w.org\/{rel}","templated":true}]}}