{"id":22,"date":"2024-04-04T00:19:10","date_gmt":"2024-04-03T21:19:10","guid":{"rendered":"https:\/\/sisu.ut.ee\/mukoloogiauhing\/mukoloogiuhingu-uus-koduleht\/"},"modified":"2024-04-04T00:28:05","modified_gmt":"2024-04-03T21:28:05","slug":"mukoloogiuhingu-uus-koduleht","status":"publish","type":"page","link":"https:\/\/sisu.ut.ee\/mukoloogiauhing\/mukoloogiuhingu-uus-koduleht\/","title":{"rendered":"01.04.15. Valminud on Eesti m\u00fckoloogi\u00fchingu uus koduleht"},"content":{"rendered":"<p><span>Eesti m\u00fckoloogia\u00fching on 1. aprillil 2015 avanud uue kodulehe <a href=\"http:\/\/mukoloogiauhing.ut.ee\/\" target=\"_blank\" rel=\"noopener\">http:\/\/mukoloogiauhing.ut.ee<\/a>. Lehelt leiate jooksvat infot \u00fchingu tegevuste kohta, \u00a0uudiseid \u00a0ja teavet seentest, \u00a0seenteadusest ja \u00a0seeneharidusest. \u00a0<\/span><\/p>\n<p><span>\u00dchingu \u00a0koduleht ootab oma liikmetelt ja s\u00f5pradelt tagasisidet ning koost\u00f6\u00f6d \u00a0lehe t\u00e4iendamisel seeneinfoga<\/span><\/p>\n<p><span>2. aprillil kl 14 olete oodatud uue veebilehe avamise kohvile Tartus Chemicumis m\u00fckoloogide juures<\/span><\/p>\n<p><span>K\u00f5ike head, \u00a0K\u00fclli Kalamees-Pani, m<\/span>\u00fckoloogia\u00fchingu esimees<\/p>\n<p>kulli.kalamees-pani@ut.ee<\/p>\n","protected":false},"excerpt":{"rendered":"<p>Eesti m\u00fckoloogia\u00fching on 1. aprillil 2015 avanud uue kodulehe http:\/\/mukoloogiauhing.ut.ee. Lehelt leiate jooksvat infot \u00fchingu tegevuste kohta, \u00a0uudiseid \u00a0ja teavet seentest, \u00a0seenteadusest ja \u00a0seeneharidusest. \u00a0 \u00dchingu \u00a0koduleht ootab oma liikmetelt ja s\u00f5pradelt tagasisidet ning koost\u00f6\u00f6d \u00a0lehe t\u00e4iendamisel seeneinfoga 2. aprillil &#8230;<\/p>\n","protected":false},"author":52,"featured_media":0,"parent":0,"menu_order":0,"comment_status":"closed","ping_status":"closed","template":"","meta":{"_acf_changed":false,"inline_featured_image":false,"footnotes":""},"class_list":["post-22","page","type-page","status-publish","hentry"],"acf":[],"_links":{"self":[{"href":"https:\/\/sisu.ut.ee\/mukoloogiauhing\/wp-json\/wp\/v2\/pages\/22","targetHints":{"allow":["GET"]}}],"collection":[{"href":"https:\/\/sisu.ut.ee\/mukoloogiauhing\/wp-json\/wp\/v2\/pages"}],"about":[{"href":"https:\/\/sisu.ut.ee\/mukoloogiauhing\/wp-json\/wp\/v2\/types\/page"}],"author":[{"embeddable":true,"href":"https:\/\/sisu.ut.ee\/mukoloogiauhing\/wp-json\/wp\/v2\/users\/52"}],"replies":[{"embeddable":true,"href":"https:\/\/sisu.ut.ee\/mukoloogiauhing\/wp-json\/wp\/v2\/comments?post=22"}],"version-history":[{"count":1,"href":"https:\/\/sisu.ut.ee\/mukoloogiauhing\/wp-json\/wp\/v2\/pages\/22\/revisions"}],"predecessor-version":[{"id":563,"href":"https:\/\/sisu.ut.ee\/mukoloogiauhing\/wp-json\/wp\/v2\/pages\/22\/revisions\/563"}],"wp:attachment":[{"href":"https:\/\/sisu.ut.ee\/mukoloogiauhing\/wp-json\/wp\/v2\/media?parent=22"}],"curies":[{"name":"wp","href":"https:\/\/api.w.org\/{rel}","templated":true}]}}