{"id":21,"date":"2024-04-04T00:19:10","date_gmt":"2024-04-03T21:19:10","guid":{"rendered":"https:\/\/sisu.ut.ee\/mukoloogiauhing\/aasta-seened-0\/"},"modified":"2024-09-15T19:46:20","modified_gmt":"2024-09-15T16:46:20","slug":"aasta-seened-0","status":"publish","type":"page","link":"https:\/\/sisu.ut.ee\/mukoloogiauhing\/aasta-seened-0\/","title":{"rendered":"Aasta seened"},"content":{"rendered":"<p><strong>Aasta seent <\/strong>on Eesti m\u00fckoloogia\u00fching valinud juba <strong>2017.a.<\/strong> Selline aunimetus on antud juba <strong>seitsmele<\/strong> seeneliigile (v\u00f5i liigir\u00fchmale). Valitud liikide hulgas on h\u00e4id s\u00f6\u00f6giseeni, looduskaitseliseliselt olulisi, samblikke moodustavaid ja taimehaigusi p\u00f5hjustavaid ning ka lihtsalt p\u00f5neva eluviisiga seeni.<\/p>\n","protected":false},"excerpt":{"rendered":"<p>Aasta seent on Eesti m\u00fckoloogia\u00fching valinud juba 2017.a. Selline aunimetus on antud juba seitsmele seeneliigile (v\u00f5i liigir\u00fchmale). Valitud liikide hulgas on h\u00e4id s\u00f6\u00f6giseeni, looduskaitseliseliselt olulisi, samblikke moodustavaid ja taimehaigusi p\u00f5hjustavaid ning ka lihtsalt p\u00f5neva eluviisiga seeni.<\/p>\n","protected":false},"author":52,"featured_media":0,"parent":0,"menu_order":0,"comment_status":"closed","ping_status":"closed","template":"","meta":{"_acf_changed":false,"inline_featured_image":false,"footnotes":""},"class_list":["post-21","page","type-page","status-publish","hentry"],"acf":[],"_links":{"self":[{"href":"https:\/\/sisu.ut.ee\/mukoloogiauhing\/wp-json\/wp\/v2\/pages\/21","targetHints":{"allow":["GET"]}}],"collection":[{"href":"https:\/\/sisu.ut.ee\/mukoloogiauhing\/wp-json\/wp\/v2\/pages"}],"about":[{"href":"https:\/\/sisu.ut.ee\/mukoloogiauhing\/wp-json\/wp\/v2\/types\/page"}],"author":[{"embeddable":true,"href":"https:\/\/sisu.ut.ee\/mukoloogiauhing\/wp-json\/wp\/v2\/users\/52"}],"replies":[{"embeddable":true,"href":"https:\/\/sisu.ut.ee\/mukoloogiauhing\/wp-json\/wp\/v2\/comments?post=21"}],"version-history":[{"count":7,"href":"https:\/\/sisu.ut.ee\/mukoloogiauhing\/wp-json\/wp\/v2\/pages\/21\/revisions"}],"predecessor-version":[{"id":975,"href":"https:\/\/sisu.ut.ee\/mukoloogiauhing\/wp-json\/wp\/v2\/pages\/21\/revisions\/975"}],"wp:attachment":[{"href":"https:\/\/sisu.ut.ee\/mukoloogiauhing\/wp-json\/wp\/v2\/media?parent=21"}],"curies":[{"name":"wp","href":"https:\/\/api.w.org\/{rel}","templated":true}]}}