{"id":19,"date":"2024-04-04T00:19:10","date_gmt":"2024-04-03T21:19:10","guid":{"rendered":"https:\/\/sisu.ut.ee\/mukoloogiauhing\/kevadlaager-2015\/"},"modified":"2024-04-04T00:28:05","modified_gmt":"2024-04-03T21:28:05","slug":"kevadlaager-2015","status":"publish","type":"page","link":"https:\/\/sisu.ut.ee\/mukoloogiauhing\/kevadlaager-2015\/","title":{"rendered":"Kokkuv\u00f5te: Kevadine seenelaager 2015"},"content":{"rendered":"<p>Kevadine seenelaager 2015<\/p><p>M\u00fckoloogid uurisid kevadseeni Saare- ja Muhumaal\u00a0<\/p><p>Eesti m\u00fckoloogia\u00fchingu iga-aastane kevadlaager, mis \u00a0toimus 7-10.05.2015 Saaremaal \u00a0ja Muhumaal osutus v\u00e4ga seenerikkaks. \u00a0 Uuriti seeni erinevates kasvukohtades \u00a0ja kooslustes nii Muhumaal kui ka Saaremaa eri paigus. T\u00e4navune kevad \u00fcllatab seente mitmekesisuse ja rohkusega. Tuntumatest kevadseentest leiti kuhik- ja \u00fcmarm\u00fcrkleid ning kurreleid, samuti kevadkogritsaid. \u00a0Arvukalt esines k\u00e4bidel kasvavaid m\u00e4nni- k\u00e4bik\u00f5rgeseid. Haruldasematest seentest vaadeldi harilik s\u00f5rmk\u00fcbarseent, hiidm\u00fcrklit, tava-kellukm\u00fcrklit ja kroonliudikut. T\u00e4psem info liikidest Eesti m\u00fckoloogia\u00fchingu\u00a0<span>www.mukoloogiauhing.ut.ee\u00a0<\/span><span>kodulehelt \u00a0https:\/\/sisu.ut.ee\/mukoloogiauhing\/kevadlaager-2015 <\/span><\/p><p><span>Lp. seenelaagri fotograafid. M\u00fckoloogia\u00fchingu kodulehe seenegalerii \u00a0ootab teilt kevadlaagris tehtud \u00a0huvitavaid seenepilte ja ka laagripilte, mis saaksime panna kodulehele \u00fcles. Palun saatke need kylli.kalamees@gmail.com<\/span><\/p><p><span>K\u00fclli Kalamees-Pani<\/span><\/p><p><\/p><br><figure class=\"wp-block-gallery has-nested-images columns-3 is-cropped wp-block-gallery-1 is-layout-flex wp-block-gallery-is-layout-flex\"><figure class=\"wp-block-image size-large\"><a href=\"https:\/\/sisu.ut.ee\/wp-content\/uploads\/sites\/121\/ja_kurrelite_mets_foto_kulli_kalamees-scaled.jpg\"><img loading=\"lazy\" decoding=\"async\" width=\"2560\" height=\"1707\" data-id=\"109\" src=\"https:\/\/sisu.ut.ee\/wp-content\/uploads\/sites\/121\/ja_kurrelite_mets_foto_kulli_kalamees-scaled.jpg\" alt=\"Ja kurrelite mets Foto K\u00fclli Kalamees\" class=\"wp-image-109\" srcset=\"https:\/\/sisu.ut.ee\/wp-content\/uploads\/sites\/121\/ja_kurrelite_mets_foto_kulli_kalamees-scaled.jpg 2560w, https:\/\/sisu.ut.ee\/wp-content\/uploads\/sites\/121\/ja_kurrelite_mets_foto_kulli_kalamees-300x200.jpg 300w, https:\/\/sisu.ut.ee\/wp-content\/uploads\/sites\/121\/ja_kurrelite_mets_foto_kulli_kalamees-1024x683.jpg 1024w, https:\/\/sisu.ut.ee\/wp-content\/uploads\/sites\/121\/ja_kurrelite_mets_foto_kulli_kalamees-768x512.jpg 768w, https:\/\/sisu.ut.ee\/wp-content\/uploads\/sites\/121\/ja_kurrelite_mets_foto_kulli_kalamees-1536x1024.jpg 1536w, https:\/\/sisu.ut.ee\/wp-content\/uploads\/sites\/121\/ja_kurrelite_mets_foto_kulli_kalamees-2048x1365.jpg 2048w, https:\/\/sisu.ut.ee\/wp-content\/uploads\/sites\/121\/ja_kurrelite_mets_foto_kulli_kalamees-1920x1280.jpg 1920w\" sizes=\"auto, (max-width: 2560px) 100vw, 2560px\"><\/a><figcaption class=\"wp-element-caption\">Ja kurrelite mets Foto K\u00fclli Kalamees<\/figcaption><\/figure><figure class=\"wp-block-image size-large\"><a href=\"https:\/\/sisu.ut.ee\/wp-content\/uploads\/sites\/121\/nurmenukud_muhumaal_foto_kulli_kalamees-scaled.jpg\"><img loading=\"lazy\" decoding=\"async\" width=\"2560\" height=\"1707\" data-id=\"111\" src=\"https:\/\/sisu.ut.ee\/wp-content\/uploads\/sites\/121\/nurmenukud_muhumaal_foto_kulli_kalamees-scaled.jpg\" alt=\"Nurmenukud niitudel Foto K\u00fclli Kalamees\" class=\"wp-image-111\" srcset=\"https:\/\/sisu.ut.ee\/wp-content\/uploads\/sites\/121\/nurmenukud_muhumaal_foto_kulli_kalamees-scaled.jpg 2560w, https:\/\/sisu.ut.ee\/wp-content\/uploads\/sites\/121\/nurmenukud_muhumaal_foto_kulli_kalamees-300x200.jpg 300w, https:\/\/sisu.ut.ee\/wp-content\/uploads\/sites\/121\/nurmenukud_muhumaal_foto_kulli_kalamees-1024x683.jpg 1024w, https:\/\/sisu.ut.ee\/wp-content\/uploads\/sites\/121\/nurmenukud_muhumaal_foto_kulli_kalamees-768x512.jpg 768w, https:\/\/sisu.ut.ee\/wp-content\/uploads\/sites\/121\/nurmenukud_muhumaal_foto_kulli_kalamees-1536x1024.jpg 1536w, https:\/\/sisu.ut.ee\/wp-content\/uploads\/sites\/121\/nurmenukud_muhumaal_foto_kulli_kalamees-2048x1365.jpg 2048w, https:\/\/sisu.ut.ee\/wp-content\/uploads\/sites\/121\/nurmenukud_muhumaal_foto_kulli_kalamees-1920x1280.jpg 1920w\" sizes=\"auto, (max-width: 2560px) 100vw, 2560px\"><\/a><figcaption class=\"wp-element-caption\">Nurmenukud niitudel Foto K\u00fclli Kalamees<\/figcaption><\/figure><\/figure><br><div class=\"wp-block-group attached-files-group is-layout-constrained wp-block-group-is-layout-constrained\"><div class=\"wp-block-file\"><a href=\"https:\/\/sisu.ut.ee\/wp-content\/uploads\/sites\/121\/saaremaa_muhumaa_seenelaager_liigid_201505.pdf\" target=\"_blank\" rel=\"noreferrer noopener\">saaremaa_muhumaa_seenelaager_liigid_201505.pdf<\/a><\/div><\/div>","protected":false},"excerpt":{"rendered":"<p>Kevadine seenelaager 2015 M\u00fckoloogid uurisid kevadseeni Saare- ja Muhumaal\u00a0 Eesti m\u00fckoloogia\u00fchingu iga-aastane kevadlaager, mis \u00a0toimus 7-10.05.2015 Saaremaal \u00a0ja Muhumaal osutus v\u00e4ga seenerikkaks. \u00a0 Uuriti seeni erinevates kasvukohtades \u00a0ja kooslustes nii Muhumaal kui ka Saaremaa eri paigus. T\u00e4navune kevad \u00fcllatab seente &#8230;<\/p>\n","protected":false},"author":52,"featured_media":0,"parent":0,"menu_order":0,"comment_status":"closed","ping_status":"closed","template":"","meta":{"_acf_changed":false,"inline_featured_image":false,"footnotes":""},"class_list":["post-19","page","type-page","status-publish","hentry"],"acf":[],"_links":{"self":[{"href":"https:\/\/sisu.ut.ee\/mukoloogiauhing\/wp-json\/wp\/v2\/pages\/19","targetHints":{"allow":["GET"]}}],"collection":[{"href":"https:\/\/sisu.ut.ee\/mukoloogiauhing\/wp-json\/wp\/v2\/pages"}],"about":[{"href":"https:\/\/sisu.ut.ee\/mukoloogiauhing\/wp-json\/wp\/v2\/types\/page"}],"author":[{"embeddable":true,"href":"https:\/\/sisu.ut.ee\/mukoloogiauhing\/wp-json\/wp\/v2\/users\/52"}],"replies":[{"embeddable":true,"href":"https:\/\/sisu.ut.ee\/mukoloogiauhing\/wp-json\/wp\/v2\/comments?post=19"}],"version-history":[{"count":2,"href":"https:\/\/sisu.ut.ee\/mukoloogiauhing\/wp-json\/wp\/v2\/pages\/19\/revisions"}],"predecessor-version":[{"id":601,"href":"https:\/\/sisu.ut.ee\/mukoloogiauhing\/wp-json\/wp\/v2\/pages\/19\/revisions\/601"}],"wp:attachment":[{"href":"https:\/\/sisu.ut.ee\/mukoloogiauhing\/wp-json\/wp\/v2\/media?parent=19"}],"curies":[{"name":"wp","href":"https:\/\/api.w.org\/{rel}","templated":true}]}}