{"id":18,"date":"2024-04-04T00:19:10","date_gmt":"2024-04-03T21:19:10","guid":{"rendered":"https:\/\/sisu.ut.ee\/mukoloogiauhing\/sugislaager-2023\/"},"modified":"2024-04-04T00:28:05","modified_gmt":"2024-04-03T21:28:05","slug":"sugislaager-2023","status":"publish","type":"page","link":"https:\/\/sisu.ut.ee\/mukoloogiauhing\/sugislaager-2023\/","title":{"rendered":"S\u00fcgislaager 2023 Nigula"},"content":{"rendered":"<div class=\"x_elementToProof\" style=\"border:0px;margin:0px;padding:0px;text-align:start\">\n\t<span><span style=\"font-style:normal\"><span><span><span><span><span><span style=\"font-weight:400\"><span><span style=\"line-height:inherit\"><span style=\",sans-serif\"><span><span><span><span><span style=\"vertical-align:baseline\"><span style=\"color:#242424\"><span style=\"letter-spacing:normal\"><span><span style=\"text-transform:none\"><span><span><span><span style=\"background-color:#ffffff\"><span><span><span><span style=\"border:0px;margin:0px;padding:0px\"><span style=\"font-style:inherit\"><span style=\"font-variant:inherit\"><span style=\"font-weight:inherit\"><span><span style=\"line-height:inherit\"><span style=\"Aptos_EmbeddedFont,Aptos_MSFontService,Calibri,Helvetica,sans-serif\"><span><span><span><span><span style=\"vertical-align:baseline\"><span style=\"color:#000000!important\"><span style=\"border:0px;font:inherit;margin:0px;padding:0px\"><span style=\"vertical-align:baseline\"><span style=\"color:inherit\"><b class=\"x_ContentPasted0\">Eesti m\u00fckoloogi\u00fching kutsub seenelaagrisse, mis toimub P\u00e4rnumaal\u00a0<\/b><\/span><\/span><\/span><b class=\"x_ContentPasted0\">15. \u2013 17. septembril 2023<\/b><\/span><\/span><\/span><\/span><\/span><\/span><\/span><\/span><\/span><\/span><\/span><\/span><\/span><\/span><\/span><\/span><\/span><\/span><\/span><\/span><\/span><\/span><\/span><\/span><\/span><\/span><\/span><\/span><\/span><\/span><\/span><\/span><\/span><\/span><\/span><\/span><\/span><\/span><\/span><\/span>\n<\/div>\n<div class=\"x_elementToProof\" style=\"border:0px;margin:0px;padding:0px;text-align:start\">\n<div style=\"border:0px;margin:0px;padding:0px\">\n\t\t\u00a0\n\t<\/div>\n<div class=\"x_ContentPasted0\" style=\"border:0px;margin:0px;padding:0px\">\n\t\t<span><span style=\"font-style:normal\"><span><span><span><span><span><span style=\"font-weight:400\"><span><span style=\"line-height:inherit\"><span style=\",sans-serif\"><span><span><span><span><span style=\"vertical-align:baseline\"><span style=\"color:#242424\"><span style=\"letter-spacing:normal\"><span><span style=\"text-transform:none\"><span><span><span><span style=\"background-color:#ffffff\"><span><span><span><span><span style=\"font-style:inherit\"><span style=\"font-variant:inherit\"><span style=\"font-weight:inherit\"><span><span style=\"line-height:inherit\"><span style=\"Aptos_EmbeddedFont,Aptos_MSFontService,Calibri,Helvetica,sans-serif\"><span><span><span><span><span style=\"vertical-align:baseline\"><span style=\"color:#000000!important\">Majutus on J\u00f5ulum\u00e4e tervisespordikeskuse peamajas, vt\u00a0<a class=\"ms-outlook-linkify\" href=\"https:\/\/joulumae.ee\/\" style=\"border:0px;font:inherit;margin:0px;padding:0px;vertical-align:baseline\" target=\"_blank\" rel=\"noopener\">https:\/\/joulumae.ee\/<\/a>.<\/span><\/span><\/span><\/span><\/span><\/span><\/span><\/span><\/span><\/span><\/span><\/span><\/span><\/span><\/span><\/span><\/span><\/span><\/span><\/span><\/span><\/span><\/span><\/span><\/span><\/span><\/span><\/span><\/span><\/span><\/span><\/span><\/span><\/span><\/span><\/span><\/span><\/span><\/span><\/span>\n\t<\/div>\n<div style=\"border:0px;margin:0px;padding:0px\">\n\t\t\u00a0\n\t<\/div>\n<div style=\"border:0px;margin:0px;padding:0px\">\n\t\t<span><span style=\"font-style:normal\"><span><span><span><span><span><span style=\"font-weight:400\"><span><span style=\"line-height:inherit\"><span style=\",sans-serif\"><span><span><span><span><span style=\"vertical-align:baseline\"><span style=\"color:#242424\"><span style=\"letter-spacing:normal\"><span><span style=\"text-transform:none\"><span><span><span><span style=\"background-color:#ffffff\"><span><span><span><span><span style=\"font-style:inherit\"><span style=\"font-variant:inherit\"><span style=\"font-weight:inherit\"><span><span style=\"line-height:inherit\"><span style=\"Aptos_EmbeddedFont,Aptos_MSFontService,Calibri,Helvetica,sans-serif\"><span><span><span><span><span style=\"vertical-align:baseline\"><span style=\"color:#000000!important\"><span style=\"border:0px;font:inherit;margin:0px;padding:0px\"><span style=\"vertical-align:baseline\"><span style=\"color:inherit\"><b class=\"x_ContentPasted0\">Esialgne kava<\/b><\/span><\/span><\/span><\/span><\/span><\/span><\/span><\/span><\/span><\/span><\/span><\/span><\/span><\/span><\/span><\/span><\/span><\/span><\/span><\/span><\/span><\/span><\/span><\/span><\/span><\/span><\/span><\/span><\/span><\/span><\/span><\/span><\/span><\/span><\/span><\/span><\/span><\/span><\/span><\/span><\/span><\/span><\/span>\n\t<\/div>\n<div class=\"x_ContentPasted0\" style=\"border:0px;margin:0px;padding:0px\">\n\t\t<span><span style=\"font-style:normal\"><span><span><span><span><span><span style=\"font-weight:400\"><span><span style=\"line-height:inherit\"><span style=\",sans-serif\"><span><span><span><span><span style=\"vertical-align:baseline\"><span style=\"color:#242424\"><span style=\"letter-spacing:normal\"><span><span style=\"text-transform:none\"><span><span><span><span style=\"background-color:#ffffff\"><span><span><span><span><span style=\"font-style:inherit\"><span style=\"font-variant:inherit\"><span style=\"font-weight:inherit\"><span><span style=\"line-height:inherit\"><span style=\"Aptos_EmbeddedFont,Aptos_MSFontService,Calibri,Helvetica,sans-serif\"><span><span><span><span><span style=\"vertical-align:baseline\"><span style=\"color:#000000!important\"><u class=\"x_ContentPasted0\">Reede<\/u>, 15. sept \u2013 kohtumine kl 12 Massiaru poe juures (<span class=\"x_ContentPasted0\" style=\"border:0px;margin:0px;padding:0px\"><span style=\"font-style:inherit\"><span style=\"font-variant:inherit\"><span style=\"font-weight:inherit\"><span><span style=\"line-height:inherit\"><span><span><span><span><span><span style=\"vertical-align:baseline\"><span style=\"color:inherit\"><span style=\"letter-spacing:0px\">57.997486, 24.586644)<\/span><\/span><\/span><\/span><\/span><\/span><\/span><\/span><\/span><\/span><\/span><\/span><\/span><\/span><span class=\"x_ContentPasted0\" style=\"border:0px;margin:0px;padding:0px\"><span style=\"font-style:inherit\"><span style=\"font-variant:inherit\"><span style=\"font-weight:inherit\"><span><span style=\"line-height:inherit\"><span><span><span><span><span><span style=\"vertical-align:baseline\"><span style=\"color:inherit\"><span style=\"letter-spacing:0px\">, seeneretked Massiaru ja\u00a0<\/span><\/span><\/span><\/span><\/span><\/span><\/span><\/span><\/span><\/span><\/span><\/span><\/span><\/span><span class=\"x_ContentPasted0\" style=\"border:0px;margin:0px;padding:0px\"><span style=\"font-style:inherit\"><span style=\"font-variant:inherit\"><span style=\"font-weight:inherit\"><span><span style=\"line-height:inherit\"><span><span><span><span><span><span style=\"vertical-align:baseline\"><span style=\"color:inherit\"><span style=\"letter-spacing:0px\">Luitemaa<\/span><\/span><\/span><\/span><\/span><\/span><\/span><\/span><\/span><\/span><\/span><\/span><\/span><\/span><span class=\"x_ContentPasted0\" style=\"border:0px;margin:0px;padding:0px\"><span style=\"font-style:inherit\"><span style=\"font-variant:inherit\"><span style=\"font-weight:inherit\"><span><span style=\"line-height:inherit\"><span><span><span><span><span><span style=\"vertical-align:baseline\"><span style=\"color:inherit\"><span style=\"letter-spacing:0px\">\u00a0piirkonnas<\/span><\/span><\/span><\/span><\/span><\/span><\/span><\/span><\/span><\/span><\/span><\/span><\/span><\/span><\/span><\/span><\/span><\/span><\/span><\/span><\/span><\/span><\/span><\/span><\/span><\/span><\/span><\/span><\/span><\/span><\/span><\/span><\/span><\/span><\/span><\/span><\/span><\/span><\/span><\/span><\/span><\/span><\/span><\/span><\/span><\/span><\/span><\/span><\/span><\/span><\/span><\/span><\/span><\/span>\n\t<\/div>\n<div class=\"x_ContentPasted0\" style=\"border:0px;margin:0px;padding:0px\">\n\t\t<span><span style=\"font-style:normal\"><span><span><span><span><span><span style=\"font-weight:400\"><span><span style=\"line-height:inherit\"><span style=\",sans-serif\"><span><span><span><span><span style=\"vertical-align:baseline\"><span style=\"color:#242424\"><span style=\"letter-spacing:normal\"><span><span style=\"text-transform:none\"><span><span><span><span style=\"background-color:#ffffff\"><span><span><span><span><span style=\"font-style:inherit\"><span style=\"font-variant:inherit\"><span style=\"font-weight:inherit\"><span><span style=\"line-height:inherit\"><span style=\"Aptos_EmbeddedFont,Aptos_MSFontService,Calibri,Helvetica,sans-serif\"><span><span><span><span><span style=\"vertical-align:baseline\"><span style=\"color:#000000!important\"><u class=\"x_ContentPasted0\">Laup\u00e4ev<\/u>, 16. sept \u2013 v\u00e4ljas\u00f5it majutusest kl 9,\u00a0Lanksaare v\u00e4\u00e4riselupaik (Tali l\u00e4hedal) ja\u00a0Nigula looduskaitseala (Salupeaksi rabasaar, kus seente uurimiseks keskkonnaameti load)\u00a0<\/span><\/span><\/span><\/span><\/span><\/span><\/span><\/span><\/span><\/span><\/span><\/span><\/span><\/span><\/span><\/span><\/span><\/span><\/span><\/span><\/span><\/span><\/span><\/span><\/span><\/span><\/span><\/span><\/span><\/span><\/span><\/span><\/span><\/span><\/span><\/span><\/span><\/span><\/span><\/span>\n\t<\/div>\n<div class=\"x_ContentPasted0\" style=\"border:0px;margin:0px;padding:0px\">\n\t\t<span><span style=\"font-style:normal\"><span><span><span><span><span><span style=\"font-weight:400\"><span><span style=\"line-height:inherit\"><span style=\",sans-serif\"><span><span><span><span><span style=\"vertical-align:baseline\"><span style=\"color:#242424\"><span style=\"letter-spacing:normal\"><span><span style=\"text-transform:none\"><span><span><span><span style=\"background-color:#ffffff\"><span><span><span><span><span style=\"font-style:inherit\"><span style=\"font-variant:inherit\"><span style=\"font-weight:inherit\"><span><span style=\"line-height:inherit\"><span style=\"Aptos_EmbeddedFont,Aptos_MSFontService,Calibri,Helvetica,sans-serif\"><span><span><span><span><span style=\"vertical-align:baseline\"><span style=\"color:#000000!important\"><u class=\"x_ContentPasted0\">P\u00fchap\u00e4ev<\/u>, 17. sept \u2013\u00a0v\u00e4ljas\u00f5it majutusest kl 9,\u00a0Laiksaare loodusrada; Timmkanali metsad<\/span><\/span><\/span><\/span><\/span><\/span><\/span><\/span><\/span><\/span><\/span><\/span><\/span><\/span><\/span><\/span><\/span><\/span><\/span><\/span><\/span><\/span><\/span><\/span><\/span><\/span><\/span><\/span><\/span><\/span><\/span><\/span><\/span><\/span><\/span><\/span><\/span><\/span><\/span><\/span>\n\t<\/div>\n<div style=\"border:0px;margin:0px;padding:0px\">\n\t\t\u00a0\n\t<\/div>\n<div style=\"border:0px;margin:0px;padding:0px\">\n\t\t<span><span style=\"font-style:normal\"><span><span><span><span><span><span style=\"font-weight:400\"><span><span style=\"line-height:inherit\"><span style=\",sans-serif\"><span><span><span><span><span style=\"vertical-align:baseline\"><span style=\"color:#242424\"><span style=\"letter-spacing:normal\"><span><span style=\"text-transform:none\"><span><span><span><span style=\"background-color:#ffffff\"><span><span><span><span><span style=\"font-style:inherit\"><span style=\"font-variant:inherit\"><span style=\"font-weight:inherit\"><span><span style=\"line-height:inherit\"><span style=\"Aptos_EmbeddedFont,Aptos_MSFontService,Calibri,Helvetica,sans-serif\"><span><span><span><span><span style=\"vertical-align:baseline\"><span style=\"color:#000000!important\"><b class=\"x_ContentPasted0\">PALUN registreeri enda osalemine laagris hiljemalt teisip\u00e4eval 5.09.2023 j\u00e4rgneva lingi abil<\/b><\/span><\/span><\/span><\/span><\/span><\/span><\/span><\/span><\/span><\/span><\/span><\/span><\/span><\/span><\/span><\/span><\/span><\/span><\/span><\/span><\/span><\/span><\/span><\/span><\/span><\/span><\/span><\/span><\/span><\/span><\/span><\/span><\/span><\/span><\/span><\/span><\/span><\/span><\/span><\/span>\n\t<\/div>\n<div style=\"border:0px;margin:0px;padding:0px\">\n\t\t<span><span style=\"font-style:normal\"><span><span><span><span><span><span style=\"font-weight:400\"><span><span style=\"line-height:inherit\"><span style=\",sans-serif\"><span><span><span><span><span style=\"vertical-align:baseline\"><span style=\"color:#242424\"><span style=\"letter-spacing:normal\"><span><span style=\"text-transform:none\"><span><span><span><span style=\"background-color:#ffffff\"><span><span><span><span><span style=\"font-style:inherit\"><span style=\"font-variant:inherit\"><span style=\"font-weight:inherit\"><span><span style=\"line-height:inherit\"><span style=\"Aptos_EmbeddedFont,Aptos_MSFontService,Calibri,Helvetica,sans-serif\"><span><span><span><span><span style=\"vertical-align:baseline\"><span style=\"color:#000000!important\"><b class=\"x_ContentPasted0 x_ContentPasted1\"><a class=\"x_OWAAutoLink\" data-auth=\"NotApplicable\" data-linkindex=\"0\" href=\"https:\/\/forms.gle\/Es6WkDdhiDJyujUW9\" id=\"LPlnk694408\" rel=\"noopener noreferrer\" style=\"border:0px;font:inherit;margin:0px;padding:0px;vertical-align:baseline\" target=\"_blank\">https:\/\/forms.gle\/Es6WkDdhiDJyujUW9<\/a><\/b><\/span><\/span><\/span><\/span><\/span><\/span><\/span><\/span><\/span><\/span><\/span><\/span><\/span><\/span><\/span><\/span><\/span><\/span><\/span><\/span><\/span><\/span><\/span><\/span><\/span><\/span><\/span><\/span><\/span><\/span><\/span><\/span><\/span><\/span><\/span><\/span><\/span><\/span><\/span><\/span>\n\t<\/div>\n<div style=\"border:0px;margin:0px;padding:0px\">\n\t\t\u00a0\n\t<\/div>\n<div class=\"x_ContentPasted0\" style=\"border:0px;margin:0px;padding:0px\">\n\t\t<span><span style=\"font-style:normal\"><span><span><span><span><span><span style=\"font-weight:400\"><span><span style=\"line-height:inherit\"><span style=\",sans-serif\"><span><span><span><span><span style=\"vertical-align:baseline\"><span style=\"color:#242424\"><span style=\"letter-spacing:normal\"><span><span style=\"text-transform:none\"><span><span><span><span style=\"background-color:#ffffff\"><span><span><span><span><span style=\"font-style:inherit\"><span style=\"font-variant:inherit\"><span style=\"font-weight:inherit\"><span><span style=\"line-height:inherit\"><span style=\"Aptos_EmbeddedFont,Aptos_MSFontService,Calibri,Helvetica,sans-serif\"><span><span><span><span><span style=\"vertical-align:baseline\"><span style=\"color:#000000!important\">T\u00e4psema seenelaagri ajakava koos kohtade kirjeldustega saadame hiljem \u2013 neile, kes laagrisse tulemas on.<\/span><\/span><\/span><\/span><\/span><\/span><\/span><\/span><\/span><\/span><\/span><\/span><\/span><\/span><\/span><\/span><\/span><\/span><\/span><\/span><\/span><\/span><\/span><\/span><\/span><\/span><\/span><\/span><\/span><\/span><\/span><\/span><\/span><\/span><\/span><\/span><\/span><\/span><\/span><\/span>\n\t<\/div>\n<div class=\"x_ContentPasted0\" style=\"border:0px;margin:0px;padding:0px\">\n\t\t\u00a0\n\t<\/div>\n<div class=\"x_ContentPasted0\" style=\"border:0px;margin:0px;padding:0px\">\n<p class=\"x_\" style=\"margin:0cm0cm0.0001pt\">\n\t\t\t<span><span style=\"font-style:normal\"><span><span><span><span><span><span style=\"font-weight:400\"><span><span style=\"line-height:inherit\"><span style=\",sans-serif\"><span><span><span><span><span style=\"vertical-align:baseline\"><span style=\"color:#242424\"><span style=\"letter-spacing:normal\"><span><span style=\"text-transform:none\"><span><span><span><span style=\"background-color:#ffffff\"><span><span><span><span style=\"font:inherit\"><span style=\"vertical-align:baseline\"><span style=\"color:inherit\"><span><span style=\"background-image:initial\"><span style=\"background-position:initial\"><span style=\"background-size:initial\"><span><span style=\"background-attachment:initial\"><span><span><span style=\"background-color:white!important\"><font face=\"Arial, sans-serif\"><font>Parimate lootustega m\u00fckoloogia\u00fchingu juhatus<\/font><\/font><\/span><\/span><\/span><\/span><\/span><\/span><\/span><\/span><\/span><\/span><\/span><\/span><\/span><\/span><\/span><\/span><\/span><\/span><\/span><\/span><\/span><\/span><\/span><\/span><\/span><\/span><\/span><\/span><\/span><\/span><\/span><\/span><\/span><\/span><\/span><\/span><\/span><\/span><\/span>\n\t\t<\/p>\n<p class=\"x_\" style=\"margin:0cm0cm0.0001pt\">\n\t\t\t\u00a0\n\t\t<\/p>\n<p class=\"x_\" style=\"margin:0cm0cm0.0001pt\">\n\t\t\t<span><span style=\"font-style:normal\"><span><span><span><span><span><span style=\"font-weight:400\"><span><span style=\"line-height:inherit\"><span style=\",sans-serif\"><span><span><span><span><span style=\"vertical-align:baseline\"><span style=\"color:#242424\"><span style=\"letter-spacing:normal\"><span><span style=\"text-transform:none\"><span><span><span><span style=\"background-color:#ffffff\"><span><span><span><span style=\"font:inherit\"><span style=\"vertical-align:baseline\"><span style=\"color:inherit\"><span><span style=\"sans-serif\"><span style=\"background-image:initial\"><span style=\"background-position:initial\"><span style=\"background-size:initial\"><span><span style=\"background-attachment:initial\"><span><span><span style=\"background-color:white!important\"><span style=\"color:#000000!important\"><b><span class=\"x_ContentPasted2\" style=\"border:1ptnonewindowtext;margin:0px;padding:0cm\"><span style=\"font-style:inherit\"><span style=\"font-variant:inherit\"><span style=\"font-weight:inherit\"><span><span style=\"line-height:inherit\"><span style=\"sans-serif\"><span><span><span><span><span style=\"vertical-align:baseline\"><span style=\"color:#202124!important\">Kontaktid:<\/span><\/span><\/span><\/span><\/span><\/span><\/span><\/span><\/span><\/span><\/span><\/span><\/span><\/b>\u00a0<\/span><\/span><\/span><\/span><\/span><\/span><\/span><\/span><\/span><\/span><\/span><\/span><\/span><\/span><\/span><\/span><\/span><\/span><\/span><\/span><\/span><\/span><\/span><\/span><\/span><\/span><\/span><\/span><\/span><\/span><\/span><\/span><\/span><\/span><\/span><\/span><\/span><\/span><\/span><\/span><\/span>\n\t\t<\/p>\n<p class=\"x_\" style=\"margin:0cm0cm0.0001pt\">\n\t\t\t<span><span style=\"font-style:normal\"><span><span><span><span><span><span style=\"font-weight:400\"><span><span style=\"line-height:inherit\"><span style=\",sans-serif\"><span><span><span><span><span style=\"vertical-align:baseline\"><span style=\"color:#242424\"><span style=\"letter-spacing:normal\"><span><span style=\"text-transform:none\"><span><span><span><span style=\"background-color:#ffffff\"><span><span><span><span style=\"font:inherit\"><span style=\"vertical-align:baseline\"><span style=\"color:inherit\"><span><span style=\"sans-serif\"><span style=\"background-image:initial\"><span style=\"background-position:initial\"><span style=\"background-size:initial\"><span><span style=\"background-attachment:initial\"><span><span><span style=\"background-color:white!important\"><span style=\"color:#000000!important\"><span class=\"x_ContentPasted2\" style=\"border:1ptnonewindowtext;margin:0px;padding:0cm\"><span style=\"font-style:inherit\"><span style=\"font-variant:inherit\"><span style=\"font-weight:inherit\"><span><span style=\"line-height:inherit\"><span style=\"sans-serif\"><span><span><span><span><span style=\"vertical-align:baseline\"><span style=\"color:#202124!important\">Kadri P\u00e4rtel kadri.partel@ut.ee, tel 5226179<\/span><\/span><\/span><\/span><\/span><\/span><\/span><\/span><\/span><\/span><\/span><\/span><\/span>\u00a0<\/span><\/span><\/span><\/span><\/span><\/span><\/span><\/span><\/span><\/span><\/span><\/span><\/span><\/span><\/span><\/span><\/span><\/span><\/span><\/span><\/span><\/span><\/span><\/span><\/span><\/span><\/span><\/span><\/span><\/span><\/span><\/span><\/span><\/span><\/span><\/span><\/span><\/span><\/span><\/span><\/span>\n\t\t<\/p>\n<p class=\"x_\" style=\"margin:0cm0cm0.0001pt\">\n\t\t\t<span><span style=\"font-style:normal\"><span><span><span><span><span><span style=\"font-weight:400\"><span><span style=\"line-height:inherit\"><span style=\",sans-serif\"><span><span><span><span><span style=\"vertical-align:baseline\"><span style=\"color:#242424\"><span style=\"letter-spacing:normal\"><span><span style=\"text-transform:none\"><span><span><span><span style=\"background-color:#ffffff\"><span><span><span><span style=\"font:inherit\"><span style=\"vertical-align:baseline\"><span style=\"color:inherit\"><span><span style=\"sans-serif\"><span style=\"background-image:initial\"><span style=\"background-position:initial\"><span style=\"background-size:initial\"><span><span style=\"background-attachment:initial\"><span><span><span style=\"background-color:white!important\"><span style=\"color:#000000!important\"><span class=\"x_ContentPasted2\" style=\"border:1ptnonewindowtext;margin:0px;padding:0cm\"><span style=\"font-style:inherit\"><span style=\"font-variant:inherit\"><span style=\"font-weight:inherit\"><span><span style=\"line-height:inherit\"><span style=\"sans-serif\"><span><span><span><span><span style=\"vertical-align:baseline\"><span style=\"color:#202124!important\">Ave Suija ave.suija<span class=\"x_ContentPasted2\" style=\"border:0px;font:inherit;margin:0px;padding:0px\"><span style=\"vertical-align:baseline\"><span style=\"color:inherit\"><span style=\"background-image:initial\"><span style=\"background-position:initial\"><span style=\"background-size:initial\"><span><span style=\"background-attachment:initial\"><span><span><span style=\"background-color:white!important\">@ut.ee, tel 5531370<\/span><\/span><\/span><\/span><\/span><\/span><\/span><\/span><\/span><\/span><\/span><\/span><\/span><\/span><\/span><\/span><\/span><\/span><\/span><\/span><\/span><\/span><\/span><\/span>\u00a0<\/span><\/span><\/span><\/span><\/span><\/span><\/span><\/span><\/span><\/span><\/span><\/span><\/span><\/span><\/span><\/span><\/span><\/span><\/span><\/span><\/span><\/span><\/span><\/span><\/span><\/span><\/span><\/span><\/span><\/span><\/span><\/span><\/span><\/span><\/span><\/span><\/span><\/span><\/span><\/span><\/span>\n\t\t<\/p>\n<p class=\"x_\" style=\"margin:0cm0cm0.0001pt\">\n\t\t\t<span><span style=\"font-style:normal\"><span><span><span><span><span><span style=\"font-weight:400\"><span><span style=\"line-height:inherit\"><span style=\",sans-serif\"><span><span><span><span><span style=\"vertical-align:baseline\"><span style=\"color:#242424\"><span style=\"letter-spacing:normal\"><span><span style=\"text-transform:none\"><span><span><span><span style=\"background-color:#ffffff\"><span><span><span><span style=\"font:inherit\"><span style=\"vertical-align:baseline\"><span style=\"color:inherit\"><span><span style=\"sans-serif\"><span style=\"background-image:initial\"><span style=\"background-position:initial\"><span style=\"background-size:initial\"><span><span style=\"background-attachment:initial\"><span><span><span style=\"background-color:white!important\"><span style=\"color:#000000!important\"><span class=\"x_ContentPasted2\" style=\"border:1ptnonewindowtext;margin:0px;padding:0cm\"><span style=\"font-style:inherit\"><span style=\"font-variant:inherit\"><span style=\"font-weight:inherit\"><span><span style=\"line-height:inherit\"><span style=\"sans-serif\"><span><span><span><span><span style=\"vertical-align:baseline\"><span style=\"color:#202124!important\">Triin Varvas triin.varvas@emu.ee, tel 53482985<\/span><\/span><\/span><\/span><\/span><\/span><\/span><\/span><\/span><\/span><\/span><\/span><\/span>\u00a0<\/span><\/span><\/span><\/span><\/span><\/span><\/span><\/span><\/span><\/span><\/span><\/span><\/span><\/span><\/span><\/span><\/span><\/span><\/span><\/span><\/span><\/span><\/span><\/span><\/span><\/span><\/span><\/span><\/span><\/span><\/span><\/span><\/span><\/span><\/span><\/span><\/span><\/span><\/span><\/span><\/span>\n\t\t<\/p>\n<\/div>\n<\/div>\n","protected":false},"excerpt":{"rendered":"<p>Eesti m\u00fckoloogi\u00fching kutsub seenelaagrisse, mis toimub P\u00e4rnumaal\u00a015. \u2013 17. septembril 2023 \u00a0 Majutus on J\u00f5ulum\u00e4e tervisespordikeskuse peamajas, vt\u00a0https:\/\/joulumae.ee\/. \u00a0 Esialgne kava Reede, 15. sept \u2013 kohtumine kl 12 Massiaru poe juures (57.997486, 24.586644), seeneretked Massiaru ja\u00a0Luitemaa\u00a0piirkonnas Laup\u00e4ev, 16. sept \u2013 &#8230;<\/p>\n","protected":false},"author":52,"featured_media":0,"parent":0,"menu_order":0,"comment_status":"closed","ping_status":"closed","template":"","meta":{"_acf_changed":false,"inline_featured_image":false,"footnotes":""},"class_list":["post-18","page","type-page","status-publish","hentry"],"acf":[],"_links":{"self":[{"href":"https:\/\/sisu.ut.ee\/mukoloogiauhing\/wp-json\/wp\/v2\/pages\/18","targetHints":{"allow":["GET"]}}],"collection":[{"href":"https:\/\/sisu.ut.ee\/mukoloogiauhing\/wp-json\/wp\/v2\/pages"}],"about":[{"href":"https:\/\/sisu.ut.ee\/mukoloogiauhing\/wp-json\/wp\/v2\/types\/page"}],"author":[{"embeddable":true,"href":"https:\/\/sisu.ut.ee\/mukoloogiauhing\/wp-json\/wp\/v2\/users\/52"}],"replies":[{"embeddable":true,"href":"https:\/\/sisu.ut.ee\/mukoloogiauhing\/wp-json\/wp\/v2\/comments?post=18"}],"version-history":[{"count":1,"href":"https:\/\/sisu.ut.ee\/mukoloogiauhing\/wp-json\/wp\/v2\/pages\/18\/revisions"}],"predecessor-version":[{"id":567,"href":"https:\/\/sisu.ut.ee\/mukoloogiauhing\/wp-json\/wp\/v2\/pages\/18\/revisions\/567"}],"wp:attachment":[{"href":"https:\/\/sisu.ut.ee\/mukoloogiauhing\/wp-json\/wp\/v2\/media?parent=18"}],"curies":[{"name":"wp","href":"https:\/\/api.w.org\/{rel}","templated":true}]}}