{"id":17,"date":"2024-04-04T00:19:10","date_gmt":"2024-04-03T21:19:10","guid":{"rendered":"https:\/\/sisu.ut.ee\/mukoloogiauhing\/xxii-pohjamaade-mukoloogia-kongress\/"},"modified":"2024-04-04T00:28:05","modified_gmt":"2024-04-03T21:28:05","slug":"xxii-pohjamaade-mukoloogia-kongress","status":"publish","type":"page","link":"https:\/\/sisu.ut.ee\/mukoloogiauhing\/xxii-pohjamaade-mukoloogia-kongress\/","title":{"rendered":"10.02.15. XXII P\u00f5hjamaade m\u00fckoloogia kongress 10-16 September 2015"},"content":{"rendered":"<p>10-16 September 2015 toimub\u00a0XXII P\u00f5hjamaade M\u00fckoloogia Kongress\u00a0K\u00e4\u00e4rikul. T\u00e4psem info kongressi <a href=\"http:\/\/natmuseum.ut.ee\/nmc22\/\" target=\"_blank\" rel=\"noopener\">registreerumislehel<\/a>.<\/p>\n","protected":false},"excerpt":{"rendered":"<p>10-16 September 2015 toimub\u00a0XXII P\u00f5hjamaade M\u00fckoloogia Kongress\u00a0K\u00e4\u00e4rikul. T\u00e4psem info kongressi registreerumislehel.<\/p>\n","protected":false},"author":52,"featured_media":0,"parent":0,"menu_order":0,"comment_status":"closed","ping_status":"closed","template":"","meta":{"_acf_changed":false,"inline_featured_image":false,"footnotes":""},"class_list":["post-17","page","type-page","status-publish","hentry"],"acf":[],"_links":{"self":[{"href":"https:\/\/sisu.ut.ee\/mukoloogiauhing\/wp-json\/wp\/v2\/pages\/17","targetHints":{"allow":["GET"]}}],"collection":[{"href":"https:\/\/sisu.ut.ee\/mukoloogiauhing\/wp-json\/wp\/v2\/pages"}],"about":[{"href":"https:\/\/sisu.ut.ee\/mukoloogiauhing\/wp-json\/wp\/v2\/types\/page"}],"author":[{"embeddable":true,"href":"https:\/\/sisu.ut.ee\/mukoloogiauhing\/wp-json\/wp\/v2\/users\/52"}],"replies":[{"embeddable":true,"href":"https:\/\/sisu.ut.ee\/mukoloogiauhing\/wp-json\/wp\/v2\/comments?post=17"}],"version-history":[{"count":1,"href":"https:\/\/sisu.ut.ee\/mukoloogiauhing\/wp-json\/wp\/v2\/pages\/17\/revisions"}],"predecessor-version":[{"id":568,"href":"https:\/\/sisu.ut.ee\/mukoloogiauhing\/wp-json\/wp\/v2\/pages\/17\/revisions\/568"}],"wp:attachment":[{"href":"https:\/\/sisu.ut.ee\/mukoloogiauhing\/wp-json\/wp\/v2\/media?parent=17"}],"curies":[{"name":"wp","href":"https:\/\/api.w.org\/{rel}","templated":true}]}}