{"id":16,"date":"2024-04-04T00:19:10","date_gmt":"2024-04-03T21:19:10","guid":{"rendered":"https:\/\/sisu.ut.ee\/mukoloogiauhing\/uudised\/"},"modified":"2026-03-28T20:20:00","modified_gmt":"2026-03-28T18:20:00","slug":"uudised","status":"publish","type":"page","link":"https:\/\/sisu.ut.ee\/mukoloogiauhing\/uudised\/","title":{"rendered":"Uudised"},"content":{"rendered":"<p><\/p>\n\n\n\n<h1 class=\"wp-block-heading\"><strong>V\u00e4rskeimad uudised<\/strong><\/h1>\n\n\n\n<blockquote class=\"wp-block-quote is-layout-flow wp-block-quote-is-layout-flow\">\n<p>ELUSi m\u00fckoloogia\u00fchingu kevadlaager toimub <strong><mark style=\"background-color:rgba(0, 0, 0, 0)\" class=\"has-inline-color has-primary-color\">9.-10. mail Ida-Virumaal.<\/mark><\/strong> Seenek\u00e4igud on plaanis laup\u00e4eval alates kella 11st kuni p\u00fchap\u00e4eval kl 16ni. Kavatseme p\u00f5hjalikumalt seeni uurida <strong><mark style=\"background-color:rgba(0, 0, 0, 0)\" class=\"has-inline-color has-primary-color\">Kurtna m\u00f5hnastikus<\/mark><\/strong>, lisaks <strong><mark style=\"background-color:rgba(0, 0, 0, 0)\" class=\"has-inline-color has-primary-color\">J\u00f5uga oosidel<\/mark><\/strong>, <strong><mark style=\"background-color:rgba(0, 0, 0, 0)\" class=\"has-inline-color has-primary-color\">Oonurme kandi<\/mark> <\/strong>haavikutes ning <strong><mark style=\"background-color:rgba(0, 0, 0, 0)\" class=\"has-inline-color has-primary-color\">m\u00f5isaparkides<\/mark><\/strong>. \u00d6\u00f6bime <a href=\"https:\/\/alutaguse.com\" data-type=\"link\" data-id=\"https:\/\/alutaguse.com\">Alutaguse tervisespordikeskuses.<\/a><\/p>\n<\/blockquote>\n\n\n\n<blockquote class=\"wp-block-quote is-layout-flow wp-block-quote-is-layout-flow\">\n<p><strong><mark style=\"background-color:rgba(0, 0, 0, 0)\" class=\"has-inline-color has-primary-color\">Eesti Loodusmuuseum<\/mark><\/strong> ja <strong><mark style=\"background-color:rgba(0, 0, 0, 0)\" class=\"has-inline-color has-primary-color\">Eesti m\u00fckoloogia\u00fching <\/mark><\/strong>kutsuvad esmakordselt oma liikmeid <strong><mark style=\"background-color:rgba(0, 0, 0, 0)\" class=\"has-inline-color has-primary-color\">\u00fchisele kevadseente retkele<\/mark><\/strong>. See on hea v\u00f5imalus saada \u00fcksteisega l\u00e4hemalt tuttavaks ja avastada, milliseid p\u00f5nevaid aardeid kevadine loodus peidab. Kohtume <strong><mark style=\"background-color:rgba(0, 0, 0, 0)\" class=\"has-inline-color has-primary-color\">1. mail kell 14.00 Rahum\u00e4el Tallinnas<\/mark><\/strong>, kus meid juhatab kevadseente salap\u00e4rasesse maailma botaanika ja m\u00fckoloogia lektor <strong><mark style=\"background-color:rgba(0, 0, 0, 0)\" class=\"has-inline-color has-primary-color\">T\u00f5nu Ploompuu<\/mark><\/strong>. P\u00e4rast p\u00f5nevat avastusretke ootab meid k\u00f5iki Loodusmuuseumi poolt pakutav soe tee.<\/p>\n<\/blockquote>\n\n\n\n<blockquote class=\"wp-block-quote is-layout-flow wp-block-quote-is-layout-flow\">\n<p>Kolmap\u00e4eval, <strong><mark style=\"background-color:rgba(0, 0, 0, 0)\" class=\"has-inline-color has-primary-color\">1. aprillil kell 14.00<\/mark><\/strong> avatakse Eesti maa\u00fclikooli elurikkuse ja loodusturismi \u00f5ppetoolis (<a href=\"https:\/\/maps.app.goo.gl\/BHA6ckfiQ5BYCLB98\">Fr. R. Kreutzwaldi 5<\/a>, metsamaja D-korpuse II korrusel herbaariumi k\u00f5rval) foton\u00e4itus <a href=\"https:\/\/www.emu.ee\/uudised\/fotonaitusel-saab-tutvuda-salaparaste-limakutega\">\u201eImelised limakud\u201c<\/a>.\u00a0<\/p>\n<\/blockquote>\n\n\n\n<blockquote class=\"wp-block-quote is-layout-flow wp-block-quote-is-layout-flow\">\n<p>Laup\u00e4eval <strong><mark style=\"background-color:rgba(0, 0, 0, 0)\" class=\"has-inline-color has-primary-color\">6. detsembril <\/mark><\/strong>2025\u00a0kuulutati Eesti M\u00fckoloogia\u00fchingu aastakoosolekul v\u00e4lja 2026.a. seen. Selleks valiti seitsme kandidaadi seast\u00a0 <a href=\"https:\/\/elurikkus.ee\/app\/taxonomy\/taxon\/173602\" data-type=\"link\" data-id=\"https:\/\/elurikkus.ee\/app\/taxonomy\/taxon\/173602\">limat\u00fcnnik <em>(Sarcosoma globosum<\/em>).<\/a> Aasta seenest saab l\u00e4hemalt lugeda <a href=\"https:\/\/sisu.ut.ee\/mukoloogiauhing\/aasta-seen-2026-on-limatunnik\/\" data-type=\"link\" data-id=\"https:\/\/sisu.ut.ee\/mukoloogiauhing\/aasta-seen-2026-on-limatunnik\/\">siit<\/a> ja ka \u201cSakalas\u201d ilmunud <a href=\"https:\/\/sakala.postimees.ee\/8375786\/aasta-seene-aunimetuse-palvis-limatunnik\" data-type=\"link\" data-id=\"https:\/\/sakala.postimees.ee\/8375786\/aasta-seene-aunimetuse-palvis-limatunnik\">artiklist<\/a>.<\/p>\n<\/blockquote>\n\n\n\n<blockquote class=\"wp-block-quote is-layout-flow wp-block-quote-is-layout-flow\">\n<p>Aastakoosolek Actiones toimub <strong><mark style=\"background-color:rgba(0, 0, 0, 0)\" class=\"has-inline-color has-primary-color\">6. detsembril 2025<\/mark><\/strong> Eesti Maa\u00fclikooli Metsamaja <a href=\"https:\/\/maps.app.goo.gl\/L9Zifk1cEHVgztqP9\" data-type=\"link\" data-id=\"https:\/\/maps.app.goo.gl\/L9Zifk1cEHVgztqP9\">(Kreutzwaldi 5)<\/a> n\u00f5ukogu saalis<\/p>\n\n\n\n<p>Actiones 2025 KAVA<\/p>\n\n\n\n<p>11.30 \u00a0 Uksed avatud. EM\u00dc metsapatoloogia labori tutvustus<\/p>\n\n\n\n<p>12.00\u00a0 ETTEKANDED<\/p>\n\n\n\n<p>Tiia Drenkhan-Maaten (Eesti maa\u00fclikool). Aasta seen 2025 \u2013 juurepess<\/p>\n\n\n\n<p>Sirli Rosenvald (Tallinna tehnika\u00fclikool, TFTAK ja Funki Foods). M\u00fckoloogia uued horisondid: seenevalgud globaalse toidus\u00fcsteemi muutjana<\/p>\n\n\n\n<p>Kirill Meresmaa (Tallinna \u00fclikool). Antifungaalsete ainete olemasolu tuvastamine Eesti kandseentes diskdifusiooni meetodil<\/p>\n\n\n\n<p>Urmas K\u00f5ljalg (Tartu \u00fclikool).\u00a0 Seened Eesti liikide registris 2.0.<\/p>\n\n\n\n<p>13.30 \u00a0 Kohvipaus<\/p>\n\n\n\n<p>14.15<strong>\u00a0\u00a0\u00a0<\/strong>M\u00dcKOLOOGIA\u00dcHINGU TEGEVUSTE ARUTELU<\/p>\n\n\n\n<p>2025. aasta tegevuse aruanne ja seeneaasta kokkuv\u00f5te<\/p>\n\n\n\n<p>Sven Pruuli seenevaatlused<\/p>\n\n\n\n<p>2026. aasta seene v\u00e4lja kuulutamine<\/p>\n\n\n\n<p>2026. aasta tegevuse kavandamine. Rahvusvaheliste \u00fcrituste korraldamisest Eestis<\/p>\n\n\n\n<p>Arutelu ja s\u00f5nasoovid<\/p>\n\n\n\n<p>16.00\u00a0 L\u00f5pp<\/p>\n<\/blockquote>\n\n\n\n<blockquote class=\"wp-block-quote is-style-plain is-layout-flow wp-block-quote-is-layout-flow\">\n<p><\/p>\n\n\n\n<ul class=\"wp-block-list\">\n<li><em><mark style=\"background-color:rgba(0, 0, 0, 0)\" class=\"has-inline-color has-primary-color\">19.-21. septembril <\/mark>toimus m\u00fckoloogia\u00fchingu s\u00fcgislaager. Nagu kevadel, siis ka s\u00fcgisel L\u00e4\u00e4ne-Virumaal, Kunda \u00fcmbruses. <a href=\"https:\/\/sisu.ut.ee\/wp-content\/uploads\/sites\/121\/Sygislaager_2025_DSC03578.jpeg\" data-type=\"link\" data-id=\"https:\/\/sisu.ut.ee\/wp-content\/uploads\/sites\/121\/Sygislaager_2025_DSC03578.jpeg\">Osav\u00f5tjaid kokku 31 <\/a>, p\u00f5hiliselt Tartust ja Tallinnast. K\u00e4idi Uljastes, Kunda pargis, Lontova pangametsas jm. p\u00f5nevates paikades.<\/em><\/li>\n<\/ul>\n<\/blockquote>\n\n\n\n<blockquote class=\"wp-block-quote is-layout-flow wp-block-quote-is-layout-flow\">\n<ul class=\"wp-block-list\">\n<li><mark style=\"background-color:rgba(0, 0, 0, 0)\" class=\"has-inline-color has-primary-color\">3.-7. oktoober 2025<\/mark> toimub Soomes, Turku l\u00e4histel P\u00f5hjamaade lihhenoloogia \u00fchingu kokkusaamine (Nordic Lichen Society Meeting). T\u00e4psem info ja registreerimine <a href=\"https:\/\/nhm2.uio.no\/lichens\/nordiclichensociety\/?fbclid=IwY2xjawMYAJdleHRuA2FlbQIxMAABHk-8rAdiXdjYX-vMXwA-V252vc-d4LhZGhfGrllh2u4j85d-foP02pbN9Pby_aem_N1j7hHa4-XiCtH1eEMEM8Q\">siin<\/a>.<\/li>\n<\/ul>\n<\/blockquote>\n\n\n\n<p><\/p>\n\n\n\n<blockquote class=\"wp-block-quote is-layout-flow wp-block-quote-is-layout-flow\">\n<ul class=\"wp-block-list\">\n<li><strong><mark style=\"background-color:rgba(0, 0, 0, 0)\" class=\"has-inline-color has-primary-color\">8.-13. septembril 2025<\/mark><\/strong> toimub P\u00f5hjamaade M\u00fckoloogia kongress (Nordic Mycological Congress 2025) sellel aastal Soomes, Lammis. T\u00e4psem info <a href=\"https:\/\/www.funga.fi\/tapahtumat\/pohjoismainen-sienitieteen-konferenssi-nmc-2025-2\/\">siit<\/a>.<\/li>\n<\/ul>\n<\/blockquote>\n\n\n\n<blockquote class=\"wp-block-quote is-style-plain is-layout-flow wp-block-quote-is-layout-flow\">\n<p><\/p>\n\n\n\n<ul class=\"wp-block-list\">\n<li><mark style=\"background-color:rgba(0, 0, 0, 0)\" class=\"has-inline-color has-primary-color\"><strong>24. mai<\/strong>l kl <strong>11-15<\/strong><\/mark><mark style=\"background-color:rgba(0, 0, 0, 0)\" class=\"has-inline-color has-blue-active-color\"> <\/mark>toimub Tartu \u00dclikooli <strong>Oecologicum<\/strong>i \u00f5ppehoone mikroskoobiklassis (J. Liivi tn 2-107) jalg- ja varjusamblike (<em><a href=\"https:\/\/elurikkus.ee\/app\/taxonomy\/taxon\/121477\">Calicium<\/a> ja <a href=\"https:\/\/elurikkus.ee\/app\/taxonomy\/taxon\/121811\">Chaenotheca<\/a><\/em>) t\u00f6\u00f6tuba. Juhendajaks Eesti lihhenoloog <mark style=\"background-color:rgba(0, 0, 0, 0)\" class=\"has-inline-color has-primary-color\">Piret L\u00f5hmus<\/mark>, kelle juhatusel \u00f5pime nende samblikur\u00fchmade m\u00e4\u00e4ramise ja mikroskopeerimise v\u00f5tteid.  Seekordne \u00fcritus on nii klassiruumis kui ka \u00f5ues.<\/li>\n<\/ul>\n<\/blockquote>\n\n\n\n<blockquote class=\"wp-block-quote is-layout-flow wp-block-quote-is-layout-flow\">\n<ul class=\"wp-block-list\">\n<li><em>M\u00fckoloogia\u00fchingu kevadlaager toimub sellel aastal L\u00e4\u00e4ne-Virumaal,\u00a026.-27. aprillil 2025.<\/em> Kevadlaagri ajakava leiad <a href=\"https:\/\/sisu.ut.ee\/wp-content\/uploads\/sites\/121\/Osalejatele-Kevadlaagri-metsakohad-2025.pdf\">siit<\/a><\/li>\n<\/ul>\n<\/blockquote>\n\n\n\n<blockquote class=\"wp-block-quote is-layout-flow wp-block-quote-is-layout-flow\">\n<ul class=\"wp-block-list\">\n<li>M\u00fckoloogia\u00fchingu kevadmatk oli \u00fcle ootuste edukas \u2013 leiti 69 liiki, palju torik- ja lihheniseerunud seeni. Lisaks m\u00e4rgati sinililli ning silma j\u00e4i ka pruunikas pesajuur. Seeneleidude hulgas oli mitmeid v\u00e4\u00e4riselupaiga tunnusliike ja ka <a href=\"https:\/\/elurikkus.ee\/app\/occurrences\/occurrence\/44150053\">pagana-urnseen (Urnula craeterium) <\/a>sai uue t\u00e4pi levikukaardile. L\u00e4hemalt <a href=\"https:\/\/app.plutof.ut.ee\/study\/view\/109364\">siit<\/a>.<\/li>\n<\/ul>\n<\/blockquote>\n\n\n\n<blockquote class=\"wp-block-quote is-layout-flow wp-block-quote-is-layout-flow\">\n<ul class=\"wp-block-list\">\n<li>29. m\u00e4rtsil toimub \u00fchep\u00e4evame m\u00fckoloogia\u00fchingu kevadmatk. Matk toimub Kavilda oru n\u00f5lva metsakooslustes, Kohtumispaik on <a href=\"https:\/\/www.google.com\/maps\/search\/58.273034,+26.314171?coh=245187&amp;entry=tts&amp;g_ep=EgoyMDI1MDMxOC4wIPu8ASoJLDEwMjExNDUzSAFQAw%3D%3D\" data-type=\"link\" data-id=\"https:\/\/www.google.com\/maps\/search\/58.273034,+26.314171?coh=245187&amp;entry=tts&amp;g_ep=EgoyMDI1MDMxOC4wIPu8ASoJLDEwMjExNDUzSAFQAw%3D%3D\">Tartumaa, Annikoru l\u00e4hedal, Kentsi paisj\u00e4rve rand<\/a> kell 11.00.<\/li>\n<\/ul>\n<\/blockquote>\n\n\n\n<blockquote class=\"wp-block-quote is-layout-flow wp-block-quote-is-layout-flow\">\n<ul class=\"wp-block-list\">\n<li><strong>12. veebruaril<\/strong>\u00a0toimus mikroskopeerimise t\u00f6\u00f6tuba, kus \u00f5piti <a href=\"https:\/\/elurikkus.ee\/app\/taxonomy\/taxon\/119997\">lehternahkiseliste (Thelephoraceae) <\/a>sugukonda kuuluvate seente mikrotunnuseid. T\u00f6\u00f6toa juhendajaks oli Tartu \u00dclikooli m\u00fckoloogia \u00f5ppetooli k\u00fclastanud doktorant T\u0161ehhist\u00a0<mark style=\"background-color:rgba(0, 0, 0, 0)\" class=\"has-inline-color has-primary-color\"><strong>Ale\u0161 Jir\u0161a<\/strong>.<\/mark><\/li>\n<\/ul>\n<\/blockquote>\n\n\n\n<blockquote class=\"wp-block-quote is-layout-flow wp-block-quote-is-layout-flow\">\n<ul class=\"wp-block-list\">\n<li>Eesti M\u00fckoloogia\u00fchingu aastakoosolekul kuulutati v\u00e4lja 2025 seen. Selleks sai <a href=\"https:\/\/elurikkus.ee\/app\/taxonomy\/taxon\/124437\" data-type=\"link\" data-id=\"https:\/\/elurikkus.ee\/app\/taxonomy\/taxon\/124437\">juurepess (Heterobasidion)<\/a>. Aasta seenest ja m\u00fckoloogia\u00fchingu aastakoosolekust kirjutas ajaleht <a href=\"https:\/\/sakala.postimees.ee\/8152151\/seeneriiki-esindab-uuel-aastal-juurepessu-perekond\" data-type=\"link\" data-id=\"https:\/\/sakala.postimees.ee\/8152151\/seeneriiki-esindab-uuel-aastal-juurepessu-perekond\">Sakala<\/a><\/li>\n<\/ul>\n<\/blockquote>\n\n\n\n<blockquote class=\"wp-block-quote is-layout-flow wp-block-quote-is-layout-flow\">\n<ul class=\"wp-block-list\">\n<li>7. detsembril toimub M\u00fckoloogia\u00fchingu aastakoosolek Actiones. Seekord <a href=\"https:\/\/www.tartuloodusmaja.ee\" data-type=\"link\" data-id=\"https:\/\/www.tartuloodusmaja.ee\">Tartu Loodusmajas<\/a>.<\/li>\n<\/ul>\n\n\n\n<blockquote class=\"wp-block-quote is-layout-flow wp-block-quote-is-layout-flow\">\n<p>Actiones 2024 KAVA<\/p>\n\n\n\n<p>11.30 \u00a0 Uksed avatud, tervituskohv<\/p>\n\n\n\n<p>11.40 \u00a0 Loodusmaja tuur Anna-Grete Joametsaga<\/p>\n\n\n\n<p>12.00\u00a0 \u00a0ETTEKANDED (NB! alustame t\u00e4istunnil)<\/p>\n\n\n\n<p>Victoria Prins. Veeseened ja nende mitmekesisus Eesti veekogudes<\/p>\n\n\n\n<p>Tanel Vahter. Uudistest arbuskulaarm\u00fckoriisa uuringute alal.<\/p>\n\n\n\n<p>Kadri P\u00f5ldmaa. FunDive \u2013 harrastajate ja teadlaste koost\u00f6\u00f6 seente seirel Euroopas<\/p>\n\n\n\n<p>13.30 \u00a0 Kohvipaus\u00a0<\/p>\n\n\n\n<p>14.00<strong>\u00a0\u00a0\u00a0<\/strong>Urmas K\u00f5ljalg. Euroopa m\u00fckoloogide kongress aastal 2027 Eestis?<\/p>\n\n\n\n<p>\u00a0\u00a0\u00a0\u00a0\u00a0\u00a0\u00a0\u00a0\u00a0\u00a0\u00a0 2024. a. tegevuse aruanne, juhatuse valimine, 2025.a tegevuse kavandamine<\/p>\n\n\n\n<p>2025. aasta seene v\u00e4ljakuulutamine<\/p>\n\n\n\n<p>S\u00f5nasoovid<\/p>\n\n\n\n<p>16.00\u00a0 L\u00f5pp<\/p>\n<\/blockquote>\n<\/blockquote>\n\n\n\n<blockquote class=\"wp-block-quote is-layout-flow wp-block-quote-is-layout-flow\">\n<ul class=\"wp-block-list\">\n<li>26.-29. septembril toimus m\u00fckoloogia\u00fchingu <a href=\"https:\/\/sisu.ut.ee\/wp-content\/uploads\/sites\/121\/sygislaager_2024.jpg\">s\u00fcgismatk Hiiumaal.<\/a> Paar s\u00f5na s\u00fcgismatkast \u00a0<a href=\"https:\/\/hiiuleht.ee\/haruldane-puravik-seeneuurijad-avastasid-hiiumaa-jaoks-uue-liigi\/\">Hiiu Lehes<\/a>.<\/li>\n<\/ul>\n<\/blockquote>\n\n\n\n<blockquote class=\"wp-block-quote is-layout-flow wp-block-quote-is-layout-flow\">\n<ul class=\"wp-block-list\">\n<li>Eesti m\u00fckoloogia\u00fching kutsub kaasa l\u00f6\u00f6ma \u00fcle-euroopalises <a href=\"https:\/\/fun-dive.eu\/get-involved\/current-projects\/\">harrastusteaduse projektis<\/a>. Otsitakse luiteseeni (Tulostoma), maat\u00e4hti (Geastrum) ja soo-maamuna (Bovista paludosa). T\u00e4psemalt v\u00f5id algatuse kohta lugeda <a href=\"https:\/\/www.bioneer.ee\/eesti-m%C3%BCkoloogia%C3%BChing-kutsub-kaasa-l%C3%B6%C3%B6ma-harrastusteaduse-projektis\">siit<\/a>.<\/li>\n<\/ul>\n<\/blockquote>\n\n\n\n<blockquote class=\"wp-block-quote is-layout-flow wp-block-quote-is-layout-flow\">\n<ul class=\"wp-block-list\">\n<li>2024.a. septembris toimub traditsiooniline m\u00fckoloogia\u00fchingu seenelaager. Nii nagu kevadel. nii ka s\u00fcgisel \u2013 Hiiumaal.<\/li>\n<\/ul>\n<\/blockquote>\n\n\n\n<blockquote class=\"wp-block-quote is-layout-flow wp-block-quote-is-layout-flow\">\n<ul class=\"wp-block-list\">\n<li>V\u00e4rskeim seeneraamat on <a href=\"https:\/\/www.sinisukk.ee\/products\/1200-eesti-seent\">1200 Eesti seent<\/a>, autoriks Vello Liiv ja v\u00e4ljaandjaks kirjastus \u201cSinisukk\u201d.<\/li>\n<\/ul>\n<\/blockquote>\n\n\n\n<blockquote class=\"wp-block-quote is-layout-flow wp-block-quote-is-layout-flow\">\n<ul class=\"wp-block-list\">\n<li>Kodulehek\u00fcljele lisandus <a href=\"https:\/\/sisu.ut.ee\/wp-content\/uploads\/sites\/121\/Juhend-seente-kogumiseks.pdf\">juhend, kuidas koguda seeni teaduslikuks otstarbeks<\/a><\/li>\n<\/ul>\n<\/blockquote>\n\n\n\n<blockquote class=\"wp-block-quote is-layout-flow wp-block-quote-is-layout-flow\">\n<ul class=\"wp-block-list\">\n<li>17.-19. mail 2024 toimus Hiiumaal m\u00fckoloogia\u00fchingu j\u00e4rjekordne <a href=\"https:\/\/sisu.ut.ee\/wp-content\/uploads\/sites\/121\/DSC09422-1.jpg\">kevadine seenelaager<\/a>.<\/li>\n<\/ul>\n<\/blockquote>\n\n\n\n<blockquote class=\"wp-block-quote is-layout-flow wp-block-quote-is-layout-flow\">\n<ul class=\"wp-block-list\">\n<li>2023. detsembris valiti j\u00e4rgmise aasta seeneks \u00a0<a href=\"https:\/\/www.loodusajakiri.ee\/aasta-seen-kamperriisikas\/\">kamperriisikas (Lactarius camphoratus).<\/a><\/li>\n<\/ul>\n<\/blockquote>\n\n\n\n<blockquote class=\"wp-block-quote is-layout-flow wp-block-quote-is-layout-flow\">\n<ul class=\"wp-block-list\">\n<li>23.detsember 2023. Eesti m\u00fckoloogia\u00fching sai <a href=\"https:\/\/www.loodusajakiri.ee\/eesti-looduseuurijate-seltsi-mukoloogiauhing-60-aastat-seeneuurijate-sumbioosi\/\">60 aastaseks<\/a>.<\/li>\n<\/ul>\n<\/blockquote>\n\n\n\n<blockquote class=\"wp-block-quote is-layout-flow wp-block-quote-is-layout-flow\">\n<ul class=\"wp-block-list\">\n<li>2023. detsember. M\u00fckoloogia\u00fchingul on n\u00fc\u00fcd oma <a href=\"https:\/\/sisu.ut.ee\/wp-content\/uploads\/sites\/121\/T-sark_seeneuhing-2.pdf\">T-s\u00e4rk<\/a>. S\u00e4rke on kolme v\u00e4rvi \u2013 veinipunane, militaarroheline ja loomulikult must. \u00a0Kui soovid tellida, siis <a href=\"https:\/\/sisu.ut.ee\/mukoloogiauhing\/kontakt\/\">kirjuta<\/a>.<\/li>\n<\/ul>\n<\/blockquote>\n\n\n\n<p><\/p>\n\n\n\n<ul class=\"wp-block-list\">\n<li>\n<\/ul>\n\n\n\n<ul class=\"wp-block-list\">\n<li>\n<\/ul>\n","protected":false},"excerpt":{"rendered":"<p>V\u00e4rskeimad uudised ELUSi m\u00fckoloogia\u00fchingu kevadlaager toimub 9.-10. mail Ida-Virumaal. Seenek\u00e4igud on plaanis laup\u00e4eval alates kella 11st kuni p\u00fchap\u00e4eval kl 16ni. Kavatseme p\u00f5hjalikumalt seeni uurida Kurtna m\u00f5hnastikus, lisaks J\u00f5uga oosidel, Oonurme kandi haavikutes ning m\u00f5isaparkides. \u00d6\u00f6bime Alutaguse tervisespordikeskuses. Eesti Loodusmuuseum ja &#8230;<\/p>\n","protected":false},"author":52,"featured_media":0,"parent":0,"menu_order":0,"comment_status":"closed","ping_status":"closed","template":"","meta":{"_acf_changed":false,"inline_featured_image":false,"footnotes":""},"class_list":["post-16","page","type-page","status-publish","hentry"],"acf":[],"_links":{"self":[{"href":"https:\/\/sisu.ut.ee\/mukoloogiauhing\/wp-json\/wp\/v2\/pages\/16","targetHints":{"allow":["GET"]}}],"collection":[{"href":"https:\/\/sisu.ut.ee\/mukoloogiauhing\/wp-json\/wp\/v2\/pages"}],"about":[{"href":"https:\/\/sisu.ut.ee\/mukoloogiauhing\/wp-json\/wp\/v2\/types\/page"}],"author":[{"embeddable":true,"href":"https:\/\/sisu.ut.ee\/mukoloogiauhing\/wp-json\/wp\/v2\/users\/52"}],"replies":[{"embeddable":true,"href":"https:\/\/sisu.ut.ee\/mukoloogiauhing\/wp-json\/wp\/v2\/comments?post=16"}],"version-history":[{"count":30,"href":"https:\/\/sisu.ut.ee\/mukoloogiauhing\/wp-json\/wp\/v2\/pages\/16\/revisions"}],"predecessor-version":[{"id":1741,"href":"https:\/\/sisu.ut.ee\/mukoloogiauhing\/wp-json\/wp\/v2\/pages\/16\/revisions\/1741"}],"wp:attachment":[{"href":"https:\/\/sisu.ut.ee\/mukoloogiauhing\/wp-json\/wp\/v2\/media?parent=16"}],"curies":[{"name":"wp","href":"https:\/\/api.w.org\/{rel}","templated":true}]}}