{"id":1579,"date":"2025-12-11T20:30:13","date_gmt":"2025-12-11T18:30:13","guid":{"rendered":"https:\/\/sisu.ut.ee\/mukoloogiauhing\/?page_id=1579"},"modified":"2026-03-31T00:11:01","modified_gmt":"2026-03-30T21:11:01","slug":"aasta-seen-2026-on-limatunnik","status":"publish","type":"page","link":"https:\/\/sisu.ut.ee\/mukoloogiauhing\/aasta-seen-2026-on-limatunnik\/","title":{"rendered":"Aasta seen 2026 on limat\u00fcnnik"},"content":{"rendered":"<p><\/p>\n\n\n\n<h1 class=\"wp-block-heading\"><strong>Aasta seen 2026 on limat\u00fcnnik<\/strong><\/h1>\n\n\n\n<p><strong>Laup\u00e4eval 6. detsembril 2025<\/strong> toimunud Eesti looduseuurijate seltsi m\u00fckoloogia\u00fchingu aastakoosolekul valiti seitsme kandidaadi seast 2026. aasta seeneks limat\u00fcnnik.<\/p>\n\n\n\n<p><a href=\"https:\/\/elurikkus.ee\/app\/taxonomy\/taxon\/173602\" data-type=\"link\" data-id=\"https:\/\/elurikkus.ee\/app\/taxonomy\/taxon\/173602\">Limat\u00fcnnik (<em>Sarcosoma globosum<\/em>)<\/a> on huvitava v\u00e4ljan\u00e4gemisega kottseente h\u00f5imkonda kuuluv seen: tema viljakehad on pruuni v\u00e4rvi ning \u00fcmara kuju ja kortsulise pinnaga. K\u00f5ige t\u00f5en\u00e4olisemalt v\u00f5ib neid leida paksu k\u00f5dukihiga kuusemetsadest, kus nende peidus olev niidistik\u00a0\u00a0tegutseb lagundajana.<\/p>\n\n\n\n<p>Limat\u00fcnniku kandidatuuri esitas m\u00fckoloog Indrek Sell, kelle s\u00f5nul on tegemist \u00fchega uhkematest ja erilisematest seentest. \u201eLimat\u00fcnnik on ka laiemale avalikkusele paremini tutvustatavamaid ning loodushuviliste hulgas \u00fcks t\u00e4helepanu k\u00f6itvamaid seeni. Tema viljakehad tekivad sageli varakevadel, ent viimastel aastatel ka soojadel talvedel, mil pole just klassikaline seenelk\u00e4imise hooaeg. K\u00fcll aga on tegemist I kaitsekategooriasse kuuluva looduskaitse all oleva liigiga.\u201c Sell lisas, et limat\u00fcnniku puhul tegemist looduskaitse s\u00fcmboliga, millel on ka kultuurilooline v\u00e4\u00e4rtus.\u00a0<\/p>\n\n\n\n<p>2026. aasta seene kandidaatideks olid austerservik, kevadkogrits, j\u00e4nesvaabik, k\u00e4nnupess, harunev korallnarmik, luiteseen ja limat\u00fcnnik. Nendest viimane sai valimisel k\u00f5ige enam poolth\u00e4\u00e4li (34%). M\u00fckoloogid on valinud aasta seent iga-aastaselt viimase 10 aasta v\u00e4ltel, varasemalt on aasta seenena esile t\u00f5stetud kukeseen (2017), tuletael (2018), soomustindik (2019), alpi p\u00f5drasamblik (2020), lilla k\u00fcbarnarmik (2021), k\u00f5rreliste t\u00f5lvt\u00f5vik (2022), harilik kivipuravik (2023), kamperriisikas (2024) ja juurepess (2025).<\/p>\n\n\n\n<p>Rohkem saad lugeda <a href=\"https:\/\/sisu.ut.ee\/wp-content\/uploads\/sites\/121\/2026_limatynnik_Sell_Indrek_Eesti_Loodus_separaat.pdf\" data-type=\"attachment\" data-id=\"1746\">siit<\/a><\/p>\n\n\n\n<p>Indrek Sell, aasta seene eestk\u00f5neleja, tel. +372 5190 2597, e-post: <a href=\"mailto:indreksell@indreksell.ee\">indreksell@indreksell.ee<\/a><\/p>\n\n\n\n<p>Kadri P\u00e4rtel, Eesti looduseuurijate seltsi m\u00fckoloogia\u00fchingu esimees, tel. +372\u00a0522 6179, e-post: <a href=\"mailto:kadri.partel@ut.ee\">kadri.partel@ut.ee<\/a><\/p>\n","protected":false},"excerpt":{"rendered":"<p>Aasta seen 2026 on limat\u00fcnnik Laup\u00e4eval 6. detsembril 2025 toimunud Eesti looduseuurijate seltsi m\u00fckoloogia\u00fchingu aastakoosolekul valiti seitsme kandidaadi seast 2026. aasta seeneks limat\u00fcnnik. Limat\u00fcnnik (Sarcosoma globosum) on huvitava v\u00e4ljan\u00e4gemisega kottseente h\u00f5imkonda kuuluv seen: tema viljakehad on pruuni v\u00e4rvi ning \u00fcmara &#8230;<\/p>\n","protected":false},"author":423,"featured_media":0,"parent":0,"menu_order":0,"comment_status":"closed","ping_status":"closed","template":"","meta":{"_acf_changed":false,"inline_featured_image":false,"footnotes":""},"class_list":["post-1579","page","type-page","status-publish","hentry"],"acf":[],"_links":{"self":[{"href":"https:\/\/sisu.ut.ee\/mukoloogiauhing\/wp-json\/wp\/v2\/pages\/1579","targetHints":{"allow":["GET"]}}],"collection":[{"href":"https:\/\/sisu.ut.ee\/mukoloogiauhing\/wp-json\/wp\/v2\/pages"}],"about":[{"href":"https:\/\/sisu.ut.ee\/mukoloogiauhing\/wp-json\/wp\/v2\/types\/page"}],"author":[{"embeddable":true,"href":"https:\/\/sisu.ut.ee\/mukoloogiauhing\/wp-json\/wp\/v2\/users\/423"}],"replies":[{"embeddable":true,"href":"https:\/\/sisu.ut.ee\/mukoloogiauhing\/wp-json\/wp\/v2\/comments?post=1579"}],"version-history":[{"count":11,"href":"https:\/\/sisu.ut.ee\/mukoloogiauhing\/wp-json\/wp\/v2\/pages\/1579\/revisions"}],"predecessor-version":[{"id":1753,"href":"https:\/\/sisu.ut.ee\/mukoloogiauhing\/wp-json\/wp\/v2\/pages\/1579\/revisions\/1753"}],"wp:attachment":[{"href":"https:\/\/sisu.ut.ee\/mukoloogiauhing\/wp-json\/wp\/v2\/media?parent=1579"}],"curies":[{"name":"wp","href":"https:\/\/api.w.org\/{rel}","templated":true}]}}