{"id":15,"date":"2024-04-04T00:19:10","date_gmt":"2024-04-03T21:19:10","guid":{"rendered":"https:\/\/sisu.ut.ee\/mukoloogiauhing\/liikmeks-astumine\/"},"modified":"2024-09-14T21:30:26","modified_gmt":"2024-09-14T18:30:26","slug":"liikmeks-astumine","status":"publish","type":"page","link":"https:\/\/sisu.ut.ee\/mukoloogiauhing\/liikmeks-astumine\/","title":{"rendered":"Liikmetele"},"content":{"rendered":"<p><strong>Eesti m\u00fckoloogia\u00fchingusse<\/strong> v\u00f5ivad kuuluda k\u00f5ik Eesti Looduseuurijate Seltsi liikmed ja usaldusmehed, kes v\u00f5tavad osa \u00fchingu t\u00f6\u00f6st ja on avaldanud selleks soovi m\u00fckoloogia\u00fchingu sekret\u00e4rile.<\/p>\n<p>T\u00e4psema info liikmeks ja usaldusmeheks astumise kohta saate <a href=\"https:\/\/www.elus.ee\/index.php\/astu-liikmeks\/\">Eesti Loodusuurijate Seltsi kodulehelt.<\/a>\u00a0lisainfot\u00a0 saab ka \u00fchingu <a href=\"https:\/\/sisu.ut.ee\/mukoloogiauhing\/kontakt\/\">juhatuselt<\/a>.<\/p>\n","protected":false},"excerpt":{"rendered":"<p>Eesti m\u00fckoloogia\u00fchingusse v\u00f5ivad kuuluda k\u00f5ik Eesti Looduseuurijate Seltsi liikmed ja usaldusmehed, kes v\u00f5tavad osa \u00fchingu t\u00f6\u00f6st ja on avaldanud selleks soovi m\u00fckoloogia\u00fchingu sekret\u00e4rile. T\u00e4psema info liikmeks ja usaldusmeheks astumise kohta saate Eesti Loodusuurijate Seltsi kodulehelt.\u00a0lisainfot\u00a0 saab ka \u00fchingu juhatuselt.<\/p>\n","protected":false},"author":52,"featured_media":0,"parent":0,"menu_order":0,"comment_status":"closed","ping_status":"closed","template":"","meta":{"_acf_changed":false,"inline_featured_image":false,"footnotes":""},"class_list":["post-15","page","type-page","status-publish","hentry"],"acf":[],"_links":{"self":[{"href":"https:\/\/sisu.ut.ee\/mukoloogiauhing\/wp-json\/wp\/v2\/pages\/15","targetHints":{"allow":["GET"]}}],"collection":[{"href":"https:\/\/sisu.ut.ee\/mukoloogiauhing\/wp-json\/wp\/v2\/pages"}],"about":[{"href":"https:\/\/sisu.ut.ee\/mukoloogiauhing\/wp-json\/wp\/v2\/types\/page"}],"author":[{"embeddable":true,"href":"https:\/\/sisu.ut.ee\/mukoloogiauhing\/wp-json\/wp\/v2\/users\/52"}],"replies":[{"embeddable":true,"href":"https:\/\/sisu.ut.ee\/mukoloogiauhing\/wp-json\/wp\/v2\/comments?post=15"}],"version-history":[{"count":5,"href":"https:\/\/sisu.ut.ee\/mukoloogiauhing\/wp-json\/wp\/v2\/pages\/15\/revisions"}],"predecessor-version":[{"id":901,"href":"https:\/\/sisu.ut.ee\/mukoloogiauhing\/wp-json\/wp\/v2\/pages\/15\/revisions\/901"}],"wp:attachment":[{"href":"https:\/\/sisu.ut.ee\/mukoloogiauhing\/wp-json\/wp\/v2\/media?parent=15"}],"curies":[{"name":"wp","href":"https:\/\/api.w.org\/{rel}","templated":true}]}}