{"id":1351,"date":"2025-08-17T00:00:30","date_gmt":"2025-08-16T21:00:30","guid":{"rendered":"https:\/\/sisu.ut.ee\/mukoloogiauhing\/?page_id=1351"},"modified":"2026-01-19T13:18:17","modified_gmt":"2026-01-19T11:18:17","slug":"fundive-2","status":"publish","type":"page","link":"https:\/\/sisu.ut.ee\/mukoloogiauhing\/fundive-2\/","title":{"rendered":"FunDive Eesti"},"content":{"rendered":"<h2 class=\"wp-block-heading\"><\/h2>\n\n\n\n<h1 class=\"wp-block-heading has-dark-color has-text-color has-link-color wp-elements-daf563d35913e912894b7879a4bee541\"><mark style=\"background-color:rgba(0, 0, 0, 0)\" class=\"has-inline-color has-dark-color\">Eesti m\u00fckoloogia\u00fching kutsub kaasa l\u00f6\u00f6ma harrastusteaduse projektis<\/mark><\/h1>\n\n\n\n<p>2024 a k\u00e4ivitunud projekti\u00a0<a href=\"https:\/\/fun-dive.eu\/\">FunDive<\/a>\u00a0(Seente mitmekesisuse seire ja kaardistamine looduskaitse h\u00fcvanguks) eesm\u00e4rk on paremini kaasata Euroopa \u00f6kos\u00fcsteemides olulisi seeni praktilises looduskaitses.\u00a0Euroopa m\u00fckoloogid, sealhulgas Tartu \u00fclikoolist, uurivad selles projektis mitmeid seeneliike ja nende elupaiku, kaasates selleks harrastusm\u00fckolooge. FunDive-i projektist saab lugeda ka ajakirjas <em>Field Mycology<\/em> ilmunud <a href=\"https:\/\/sisu.ut.ee\/wp-content\/uploads\/sites\/121\/FINAL-FORWEBSITE_Field_Mycology_issue-26-3_26-Oct-2025-part-6.pdf\">artiklist<\/a>.<\/p>\n\n\n\n<p>\u00dcleeuroopalise algatuse osalisena kutsub Eesti loodusuurijate seltsi m\u00fckoloogia\u00fching seenehuvilisi \u00fcles <strong>m\u00e4rkama, pildistama ja\u00a0koguma\u00a0<\/strong>mitmeid seener\u00fchmi. Juba eelmisel s\u00fcgisel teavitasime m\u00f5nede puguseente kampaaniast. Need j\u00e4tkuvad sel aastal!\u00a0<\/p>\n\n\n\n<ul class=\"wp-block-list\">\n<li><strong>maat\u00e4hed<\/strong>: eesti keelse tutvustuse leiad <a href=\"https:\/\/sisu.ut.ee\/wp-content\/uploads\/sites\/121\/MAATAHED.pdf\">siit<\/a> ja inglise keelse (koos m\u00e4\u00e4ramistabeliga) <a href=\"https:\/\/fun-dive.eu\/wp-content\/uploads\/2025\/07\/Geastrum_booklet_v2.2.pdf\">siit<\/a><\/li>\n\n\n\n<li><strong>luiteseened<\/strong> eesti keelse tutvustuse leiad <a href=\"https:\/\/sisu.ut.ee\/wp-content\/uploads\/sites\/121\/luiteseened.pdf\">siit <\/a>ja inglise keelse (koos m\u00e4\u00e4ramistabeliga) <a href=\"https:\/\/fun-dive.eu\/wp-content\/uploads\/2025\/07\/Tulostoma_Booklet_v2.1.pdf\">siit<\/a><\/li>\n\n\n\n<li><strong>soo-maamuna<\/strong> eesti keelse tutvustuse leiad <a href=\"https:\/\/sisu.ut.ee\/wp-content\/uploads\/sites\/121\/SOO_MAAMUNA_2-1.pdf\" data-type=\"attachment\" data-id=\"1453\">siit<\/a> ja inglise keelse <a href=\"https:\/\/sisu.ut.ee\/wp-content\/uploads\/sites\/121\/Bovista-paludosa_ingl_2.pdf\">siit<\/a><\/li>\n<\/ul>\n\n\n\n<p class=\"has-extra-large-font-size\"><\/p>\n\n\n\n<h3 class=\"wp-block-heading\">2025.a. on lisandunud<\/h3>\n\n\n\n<ul class=\"wp-block-list\">\n<li id=\"m\u00e4nniliimik\" class=\"has-secondary-color has-text-color has-link-color wp-elements-7fbc1a788730d3863fc0c12922fd95c7\"><a href=\"#jump-here\">m\u00e4nniliimikud<\/a><\/li>\n\n\n\n<li class=\"has-secondary-color has-text-color has-link-color wp-elements-73c7dd8f260c8237967c6111f362c5bd\"><a href=\"#jump-here2\" data-type=\"internal\" data-id=\"#jump-here2\">heledaeoselised limakud<\/a><\/li>\n\n\n\n<li class=\"has-secondary-color has-text-color has-link-color wp-elements-2c41dc6899815db2b71aa2754a2acff8\"><a href=\"#jump-here3\">nahksamblikud<\/a><\/li>\n\n\n\n<li class=\"has-secondary-color has-text-color has-link-color wp-elements-e02779342c8a5d42b264f4d8882191c1\"><a href=\"#jump-here4\">jalaga lehternahkiselaadsed<\/a><\/li>\n<\/ul>\n\n\n\n<p><\/p>\n\n\n\n<p><\/p>\n\n\n\n<h3 class=\"wp-block-heading\" id=\"jump-here\">M\u00e4nniliimik <em>Chroogomphus<\/em><\/h3>\n\n\n\n<h4 class=\"wp-block-heading\"><strong>Kes on m\u00e4nniliimikud?<\/strong><\/h4>\n\n\n\n<p>Perekonda m\u00e4nniliimik (<em>Chroogomphus<\/em>) kuulub meil h\u00e4sti tuntud tava-m\u00e4nniliimik\u00a0<em>C. rutilus<\/em>, mis on laialt levinud kogu Euroopas. Hiljutised DNA j\u00e4rjendamisel p\u00f5hinevad uuringud on aga kinnitanud v\u00e4hemalt kaheksa sarnase v\u00e4lisilmega liigi esinemist Euroopas, mis k\u00f5ik kasvavad koos m\u00e4ndidega. Kuigi enamik neist liikidest on varem kirjeldatud, vajab nende morfoloogiline varieeruvus ja levik lisauuringuid.\u00a0M\u00e4nniliimikut on perekonna tasandil kerge tuvastada, keerukam on aga m\u00e4\u00e4rata liike, mida eristavad v\u00e4hem\u00e4rgatavad ja ka selles projektis selgitamisele tulevad tunnused.<\/p>\n\n\n\n<h4 class=\"wp-block-heading\"><strong>Miks pakub see perekond huvi FunDive projektile?<\/strong><\/h4>\n\n\n\n<p>K\u00e4esoleva kampaania peamine eesm\u00e4rk on parandada arusaamist\u00a0<em>m\u00e4nniliimiku\u00a0<\/em>liikide levikust ja populatsiooni seisundist Euroopas. V\u00e4livaatlused n\u00e4itavad, et neil\u00a0v\u00f5ib olla biotroofseid seoseid teiste seentega. M\u00e4nniliimikud kasvavad sageli koos puravikulaadsetega nagu tatikud (<em>Suillus<\/em>) ja juurep\u00e4hkel (<em>Rhizopogon<\/em>), kes moodustavad nagu m\u00e4nniliimikudki ektom\u00fckoriisat m\u00e4ndidega. Kampaania eesm\u00e4rk on taolistest seostest t\u00e4psemat \u00fclevaadet saada, seet\u00f5ttu\u00a0<strong>on oodatud seeneleiud, milles kaaslevad liigid on kirja pandud.<\/strong><\/p>\n\n\n\n<p>Rohkem infot sh, m\u00e4\u00e4ramistabelid inglise keeles leiad <a href=\"https:\/\/fun-dive.eu\/wp-content\/uploads\/2025\/07\/Chroogomphus_Booklet_2025_v2.2.pdf\">siit<\/a><\/p>\n\n\n\n<h3 class=\"wp-block-heading\" id=\"jump-here2\">Heledaeoselised limakud: <strong><em>Arcyria denudata<\/em>\u00a0r\u00fchm, perekonnad\u00a0<em>Dictydiaethalium\u00a0<\/em>ja\u00a0<em>Dianema<\/em><\/strong><\/h3>\n\n\n\n<h4 class=\"wp-block-heading\"><strong>Kes need on? Miks just nemad?<\/strong><\/h4>\n\n\n\n<p>Limakud on seenetaolised protistid, mis ei kuulu ei seente, loomade ega taimede hulka. Nad jagavad seentega elupaiku ning v\u00e4lisilmelt m\u00f5nes arenguj\u00e4rgus meenutavad seeni. FunDive projekti valitud heledaeoselised limakud (<em>Arcyria denudata<\/em>\u00a0sensu lato ning perekonnad\u00a0<em>Dictydiaethalium\u00a0<\/em>ja\u00a0<em>Dianema<\/em>) pakuvad huvi, sest teadlased vajavad materjali nii uute liikide kirjeldamiseks, taksonoomilise l\u00e4bivaatuse jaoks kui ka DNA-p\u00f5hise p\u00f5lvnemisk\u00e4igu rekonstrueerimiseks.<\/p>\n\n\n\n<p class=\"has-large-font-size\"><\/p>\n\n\n\n<h4 class=\"wp-block-heading\"><strong>Limakute kogumise erijuhised<\/strong><\/h4>\n\n\n\n<p><strong>FunDive projekti jaoks kogu mitte limaseid, vaid k\u00fcpseid viljakehi<\/strong>: enam-v\u00e4hem kuivi, justkui tolmavaid \u2013 neid, mis juba vabastavad eoseid.<\/p>\n\n\n\n<ul class=\"wp-block-list\">\n<li>Kuigi see pole alati v\u00f5imalik, proovi koguda rohkelt viljakehasid (&gt; 1 cm<sup>2<\/sup>).<\/li>\n\n\n\n<li>Liimi limakutega substraadit\u00fckk (nt puit, k\u00f5dunev leht vms) tikutoosi v\u00f5i muu pappkarbi p\u00f5hja kasutades vedelat liimi.<\/li>\n\n\n\n<li>Hoia eksemplare eraldi karpides, et v\u00e4ltida eostega ristsaastumist.<\/li>\n\n\n\n<li>Pane kirja kogumisandmed: asukoht, elupaik, kuup\u00e4ev ja kaasnevad organismid. Tee pilte limakutest ja nende mikroelupaigast (nt k\u00f5dunev t\u00fcvi).<\/li>\n<\/ul>\n\n\n\n<p>Rohkem infot inglise keeles <a href=\"https:\/\/fun-dive.eu\/wp-content\/uploads\/2025\/07\/Booklet_slimemould_campaign_v2.pdf\">siin<\/a><\/p>\n\n\n\n<p class=\"has-extra-large-font-size\"><\/p>\n\n\n\n<h3 class=\"wp-block-heading\" id=\"jump-here3\"><strong>Nahksamblikud (<em>Dermatocarpon<\/em>)<\/strong><\/h3>\n\n\n\n<h4 class=\"wp-block-heading\"><strong>Mis samblikud need on ?<\/strong><\/h4>\n\n\n\n<p>Nahksamblikud\u00a0\u00a0kasvavad kividel, m\u00f5ned isegi mageveekogude kividel, Nahksamblike tallus on suhteliselt suur ja lehtjas, kuid\u00a0\u00a0nende viljakehad (periteetsiumid) on pisikesed, tallusesse sukeldunud ning m\u00e4rgatavad mustade \u201et\u00e4pikestena\u201c, mis on periteetsiumite avaused, sambliku talluse pinnal.<\/p>\n\n\n\n<h4 class=\"wp-block-heading\"><strong>Miks neid uurida ?<\/strong><\/h4>\n\n\n\n<p>M\u00f5ni liik, n\u00e4iteks mageveekogudes kasvav j\u00f5gi-nahksamblik (<em>Dermatocarpon luridum<\/em>) on h\u00e4sti \u00e4ra tuntav, sest muutub m\u00e4rjana helepruunist v\u00f5i hallist erkroheliseks. Enamik teisi on aga \u00fcksteisega v\u00e4liselt v\u00e4ga sarnased, mist\u00f5ttu kr\u00fcptiliste liikide tuvastamiseks (nt. v\u00e4ikese nahksambliku (<em>D. miniatum<\/em>) r\u00fchmas). on vajalik nende liikide DNA j\u00e4rjendamine.<\/p>\n\n\n\n<p><strong>Pane t\u00e4hele<\/strong>, et Eestis on nahksamblikest teada kaks liiki, millest \u00fcks \u2013 j\u00f5gi-nahksamblik (<em>Dermatocarpon luridum<\/em>) on Eesti viimase punase nimestiku hindamisel alusel saanud ohuhinnangu <em>\u00e4\u00e4rmiselt ohustatud<\/em> (CR \u2013 <em>critically endangered<\/em>) ja teine \u2013 v\u00e4ike nahksamblik (<em>D. miniatum<\/em>) <em>ohustatud<\/em> (EN \u2013 <em>endangered<\/em>). Seega kogu materjali s\u00e4\u00e4stlikult (\u00fcksik tallus v\u00f5i \u00fcks h\u00f5lmake) v\u00e4ltides nende samblike populatsioonide kahjustamist. <\/p>\n\n\n\n<p><\/p>\n\n\n\n<p>Rohkem infot ja m\u00e4\u00e4ramistabelid leiad <a href=\"https:\/\/fun-dive.eu\/en\/get-involved\/current-projects\/dermatocarpon\/\">inglise keelselt lehek\u00fcljelt<\/a>, <\/p>\n\n\n\n<p class=\"has-extra-large-font-size\"><\/p>\n\n\n\n<h3 class=\"wp-block-heading\" id=\"jump-here4\"><strong>Jalaga lehternahkiselaadsed\u00a0(<em>Thelephorales<\/em>): seened perekondadest\u00a0<em>Boletopsis<\/em>,\u00a0<em>Hydnellum<\/em>,\u00a0<em>Phellodon<\/em>\u00a0ja\u00a0<em>Sarcodon<\/em><\/strong><\/h3>\n\n\n\n<h4 class=\"wp-block-heading\"><strong>Miks neid seeni uurida ?<\/strong><\/h4>\n\n\n\n<p>M\u00e4nnikutes on suur ektom\u00fckoriisaseente elurikkus, sealjuures on m\u00e4nnid paljude seeneliikide ainsad v\u00f5i eelistatud peremehed. Nende hulgas on jalaga lehternahkiselaadsed seened olulised Euroopa m\u00e4nnimetsade kaitse seisukohalt.\u00a0<a href=\"https:\/\/fun-dive.eu\/en\/home-2\/\">FunDive kampaaniasse<\/a>\u00a0valitud perekondades (k\u00fcbarnarmik \u2013\u00a0<em>Hydnellum<\/em>,\u00a0<em>Phellodon,<\/em>\u00a0p\u00f5dramokk \u2013\u00a0<em>Sarcodon<\/em>) k\u00fcbara all on narmad, vaid hundiseenikutel (<em>Boletopsis<\/em>) on k\u00fcbara all poorid ja k\u00f5igil neil on ornamenteeritud pruunikad eosed. Kokku on Euroopas nimetatud perekondades umbes 50\u201360 liiki, millest v\u00e4hemalt pooled on seotud m\u00e4ndidega. Need seened eelistavad pika j\u00e4rjepidevusega, samas kohas kasvavaid m\u00e4nnikuid, mis kasvavad toitainetevaestel v\u00f5i lubjarikastel muldadel. Need seened on seega k\u00f5rge kvaliteediga elupaikade \u2013 vanade m\u00e4nnikute \u2013 indikaatoriteks. Mitmed liigid on\u00a0<a href=\"https:\/\/www.iucnredlist.org\/\">IUCN-i punases nimekirjas<\/a>\u00a0hinnatud \u00fclemaailmselt ohustatuteks. Eestis kasvavad prk\u00a0<em>Hydnellum<\/em>,\u00a0<em>Phellodon<\/em>\u00a0ja\u00a0<em>Sarcodon<\/em>\u00a0peamiselt\u00a0<strong>vanades loom\u00e4nnikutes<\/strong>.<\/p>\n\n\n\n<p><strong>K\u00f5ik jalaga lehternahkiselaadsed<\/strong>\u00a0moodustavad \u00fcheaastaseid, kuid aeglaselt kasvavaid ja pikaealisi viljakehi. Enamik liike on l\u00fchikese jalaga ja m\u00f5nedel v\u00f5ivad k\u00fcbarad kasvades liituda suuremateks mitme jalaga kogumikeks. Liigi m\u00e4\u00e4ramiseks on tavaliselt vaja v\u00e4rskeid noori viljakehi, kus olulised tunnused n\u00e4iteks jala aluse ja k\u00fcbara serva v\u00e4rvus ning k\u00fcbara pinna struktuur, pole veel ilmastiku m\u00f5jul muutunud.<\/p>\n\n\n\n<p>Aastak\u00fcmneid on jalaga lehternahkiselaadsete esindajaid arvatud eri perekondadesse. Hiljutised f\u00fclogeneetilised uuringud on n\u00e4idanud, et mitmed varem p\u00f5dramoka perekonda (<em>Sarcodon<\/em>) m\u00e4\u00e4ratud liigid kuuluvad k\u00fcbarnarmikute (<em>Hydnellum<\/em>) perekonda (Larson jt 2019), ning\u00a0<em>Bankera<\/em>\u00a0esindajad\u00a0\u00a0<em>Phellodon\u00a0<\/em>perekonda<em>\u00a0<\/em>(Song jt 2022). Molekulaarsed uuringud viitavad ka taksonoomiliselt lahendamata liigikompleksidele ja paljudele kirjeldamata liikidele (Parfitt jt 2007; Ainsworth jt 2010).\u00a0<\/p>\n\n\n\n<p>Selle kampaania eesm\u00e4rk on saada parem arusaam jalaga lehternahkiselaadsete\u00a0<strong>elupaigan\u00f5udlusest, kaitsevajadustest<\/strong>\u00a0ja\u00a0<strong>levikumustritest<\/strong>, sh peremeespuuliikidest, mullaeelistustest ja tundlikkusest metsamajandamise suhtes, aga ka nende taksonoomiast.<\/p>\n\n\n\n<h4 class=\"wp-block-heading\"><strong>Millised seeneliigid on kampaanias ?<\/strong><\/h4>\n\n\n\n<ul class=\"wp-block-list\">\n<li><a href=\"https:\/\/elurikkus.ee\/app\/taxonomy\/taxon\/135274\"><em>Boletopsis leucomelaena<\/em><\/a>\u00a0s. lato \u2013 must hundiseenik (kliki liigi nimel)<\/li>\n\n\n\n<li><strong>NB! <\/strong>2. kategooria looduskaitsealune liik, millel teha vaid vaatlused, kogumine on keelatud<\/li>\n\n\n\n<li><a href=\"https:\/\/elurikkus.ee\/app\/taxonomy\/taxon\/151214\"><em>Hydnellum concrescens<\/em><\/a>\u00a0\u2013 liit-k\u00fcbarnarmik s. lato (ka\u00a0<em>H. cumulatum, H. scrobiculatum<\/em>)<\/li>\n\n\n\n<li><a href=\"https:\/\/elurikkus.ee\/app\/taxonomy\/taxon\/151223\"><em>Hydnellum ferrugineum<\/em><\/a>\u00a0\u2013 pruun k\u00fcbarnarmik s. lato<\/li>\n\n\n\n<li><a href=\"https:\/\/elurikkus.ee\/app\/taxonomy\/taxon\/761466\"><em>Hydnellum scabrosum<\/em><\/a>\u00a0\u2013 kibe k\u00fcbarnarmik s. lato<\/li>\n\n\n\n<li><a href=\"https:\/\/elurikkus.ee\/app\/taxonomy\/taxon\/164855\"><em>Phellodon connatus<\/em><\/a>\u00a0s. lato<\/li>\n\n\n\n<li><a href=\"https:\/\/elurikkus.ee\/app\/taxonomy\/taxon\/164863\"><em>Phellodon<\/em>\u00a0niger<\/a>\u00a0\u2013 must v\u00f6\u00f6tnarmik s. lato\u00a0<\/li>\n<\/ul>\n\n\n\n<p class=\"has-large-font-size\"><\/p>\n\n\n\n<h4 class=\"wp-block-heading\"><strong>Kuidas koguda ?<\/strong><\/h4>\n\n\n\n<p>\u00dcldised juhised kampaanias seente kogumise kohta on\u00a0<a href=\"https:\/\/sisu.ut.ee\/wp-content\/uploads\/sites\/121\/2025-uleskutse-juhend-august_3.pdf\">siin<\/a>, kuid t\u00e4iendavalt tuleb t\u00e4hele panna:<\/p>\n\n\n\n<ul class=\"wp-block-list\">\n<li>vaja on nii noori kui ka k\u00fcpseid viljakehi<\/li>\n\n\n\n<li>eksemplaridest teha informatiivsed fotod, mis n\u00e4itavad:\n<ul class=\"wp-block-list\">\n<li>k\u00fcbara struktuuri, v\u00f6\u00f6ndilisi mustreid ja v\u00e4rvust<\/li>\n\n\n\n<li>jala v\u00e4rvust, kuju ja m\u00f5\u00f5tmeid<\/li>\n\n\n\n<li>pooleks l\u00f5igatud viljakehade seeneliha, sh jala aluse v\u00e4rvust (<a href=\"https:\/\/sisu.ut.ee\/wp-content\/uploads\/sites\/121\/sarcodon_pilt.jpg\">vt joonist<\/a>),<\/li>\n<\/ul>\n<\/li>\n\n\n\n<li>lisada m\u00e4rkused v\u00e4rskete viljakehade l\u00f5hna ja maitse kohta<\/li>\n\n\n\n<li>sisestada PlutoFis kasvukoha all m\u00e4rkused mulla- ja metsat\u00fc\u00fcbi kohta (v\u00f5ib lisada kasvukoha pildi)<\/li>\n<\/ul>\n\n\n\n<p class=\"has-large-font-size\"><\/p>\n\n\n\n<h4 class=\"wp-block-heading\"><strong>Kust neid seeni Eestist leida?<\/strong><\/h4>\n\n\n\n<p>Eestis kasvavad need seened koos hariliku m\u00e4nniga ning eelistavad kuivemaid kasvukohat\u00fc\u00fcpe. Suurem on liigirikkus lubjarikaste muldadega piirkondades.\u00a0<\/p>\n\n\n\n<p>Lisainfo m\u00e4nnikute ektom\u00fckoriisaseente kohta inglise keeles on\u00a0<a href=\"https:\/\/fun-dive.eu\/en\/get-involved\/current-projects\/pine-forests\/\">siin<\/a>.<\/p>\n\n\n\n<p>\u00a0<\/p>\n\n\n\n<p class=\"has-extra-large-font-size\" style=\"padding-top:var(--wp--preset--spacing--30);padding-right:0;padding-bottom:var(--wp--preset--spacing--30);padding-left:0\"><strong>Kui soov kampaaniasse panustada, siis selleks saad juhised alla laadida <a href=\"https:\/\/sisu.ut.ee\/wp-content\/uploads\/sites\/121\/2025-uleskutse-juhend-august_3.pdf\"> siit<\/a><\/strong><\/p>\n\n\n\n<p class=\"has-regular-font-size\">Kontakt Eestis <a href=\"mailto:anneliia.maido@gmail.com\">anneliia.maido@gmail.com<\/a>; nahksamblike kampaania kontakt: <a href=\"mailto:ave.suija@ut.ee\">ave.suija@ut.ee<\/a><\/p>\n\n\n\n<p><\/p>\n","protected":false},"excerpt":{"rendered":"<p>Eesti m\u00fckoloogia\u00fching kutsub kaasa l\u00f6\u00f6ma harrastusteaduse projektis 2024 a k\u00e4ivitunud projekti\u00a0FunDive\u00a0(Seente mitmekesisuse seire ja kaardistamine looduskaitse h\u00fcvanguks) eesm\u00e4rk on paremini kaasata Euroopa \u00f6kos\u00fcsteemides olulisi seeni praktilises looduskaitses.\u00a0Euroopa m\u00fckoloogid, sealhulgas Tartu \u00fclikoolist, uurivad selles projektis mitmeid seeneliike ja nende elupaiku, kaasates &#8230;<\/p>\n","protected":false},"author":423,"featured_media":1325,"parent":0,"menu_order":0,"comment_status":"closed","ping_status":"closed","template":"","meta":{"_acf_changed":false,"inline_featured_image":false,"footnotes":""},"class_list":["post-1351","page","type-page","status-publish","has-post-thumbnail","hentry"],"acf":[],"_links":{"self":[{"href":"https:\/\/sisu.ut.ee\/mukoloogiauhing\/wp-json\/wp\/v2\/pages\/1351","targetHints":{"allow":["GET"]}}],"collection":[{"href":"https:\/\/sisu.ut.ee\/mukoloogiauhing\/wp-json\/wp\/v2\/pages"}],"about":[{"href":"https:\/\/sisu.ut.ee\/mukoloogiauhing\/wp-json\/wp\/v2\/types\/page"}],"author":[{"embeddable":true,"href":"https:\/\/sisu.ut.ee\/mukoloogiauhing\/wp-json\/wp\/v2\/users\/423"}],"replies":[{"embeddable":true,"href":"https:\/\/sisu.ut.ee\/mukoloogiauhing\/wp-json\/wp\/v2\/comments?post=1351"}],"version-history":[{"count":29,"href":"https:\/\/sisu.ut.ee\/mukoloogiauhing\/wp-json\/wp\/v2\/pages\/1351\/revisions"}],"predecessor-version":[{"id":1694,"href":"https:\/\/sisu.ut.ee\/mukoloogiauhing\/wp-json\/wp\/v2\/pages\/1351\/revisions\/1694"}],"wp:featuredmedia":[{"embeddable":true,"href":"https:\/\/sisu.ut.ee\/mukoloogiauhing\/wp-json\/wp\/v2\/media\/1325"}],"wp:attachment":[{"href":"https:\/\/sisu.ut.ee\/mukoloogiauhing\/wp-json\/wp\/v2\/media?parent=1351"}],"curies":[{"name":"wp","href":"https:\/\/api.w.org\/{rel}","templated":true}]}}