{"id":13,"date":"2024-04-04T00:19:10","date_gmt":"2024-04-03T21:19:10","guid":{"rendered":"https:\/\/sisu.ut.ee\/mukoloogiauhing\/actiones\/"},"modified":"2025-08-24T18:16:58","modified_gmt":"2025-08-24T15:16:58","slug":"actiones","status":"publish","type":"page","link":"https:\/\/sisu.ut.ee\/mukoloogiauhing\/actiones\/","title":{"rendered":"Actiones"},"content":{"rendered":"<p><em><strong>Actiones<\/strong><\/em> on <strong>detsembri teisel n\u00e4dalavahetusel<\/strong> toimuv Eesti m\u00fckoloogia\u00fchingu \u00fchep\u00e4evane koosolek-seminar, kus v\u00f5etakse kokku aasta jooksul toimunu, kuulatakse seeneteemalisi ettekandeid kulinaariast kuumade uurimissuundadeni ning tehakse plaane uueks aastaks. Alates 2018.a.-st valitakse sellel p\u00e4eval ka <a href=\"https:\/\/sisu.ut.ee\/mukoloogiauhing\/aasta-seened-0\/\">j\u00e4rgmise aasta seen<\/a>.<\/p>\n\n\n<p><\/p>\n","protected":false},"excerpt":{"rendered":"<p>Actiones on detsembri teisel n\u00e4dalavahetusel toimuv Eesti m\u00fckoloogia\u00fchingu \u00fchep\u00e4evane koosolek-seminar, kus v\u00f5etakse kokku aasta jooksul toimunu, kuulatakse seeneteemalisi ettekandeid kulinaariast kuumade uurimissuundadeni ning tehakse plaane uueks aastaks. Alates 2018.a.-st valitakse sellel p\u00e4eval ka j\u00e4rgmise aasta seen.<\/p>\n","protected":false},"author":52,"featured_media":0,"parent":0,"menu_order":0,"comment_status":"closed","ping_status":"closed","template":"","meta":{"_acf_changed":false,"inline_featured_image":false,"footnotes":""},"class_list":["post-13","page","type-page","status-publish","hentry"],"acf":[],"_links":{"self":[{"href":"https:\/\/sisu.ut.ee\/mukoloogiauhing\/wp-json\/wp\/v2\/pages\/13","targetHints":{"allow":["GET"]}}],"collection":[{"href":"https:\/\/sisu.ut.ee\/mukoloogiauhing\/wp-json\/wp\/v2\/pages"}],"about":[{"href":"https:\/\/sisu.ut.ee\/mukoloogiauhing\/wp-json\/wp\/v2\/types\/page"}],"author":[{"embeddable":true,"href":"https:\/\/sisu.ut.ee\/mukoloogiauhing\/wp-json\/wp\/v2\/users\/52"}],"replies":[{"embeddable":true,"href":"https:\/\/sisu.ut.ee\/mukoloogiauhing\/wp-json\/wp\/v2\/comments?post=13"}],"version-history":[{"count":15,"href":"https:\/\/sisu.ut.ee\/mukoloogiauhing\/wp-json\/wp\/v2\/pages\/13\/revisions"}],"predecessor-version":[{"id":1448,"href":"https:\/\/sisu.ut.ee\/mukoloogiauhing\/wp-json\/wp\/v2\/pages\/13\/revisions\/1448"}],"wp:attachment":[{"href":"https:\/\/sisu.ut.ee\/mukoloogiauhing\/wp-json\/wp\/v2\/media?parent=13"}],"curies":[{"name":"wp","href":"https:\/\/api.w.org\/{rel}","templated":true}]}}