{"id":12,"date":"2024-04-04T00:19:10","date_gmt":"2024-04-03T21:19:10","guid":{"rendered":"https:\/\/sisu.ut.ee\/mukoloogiauhing\/aasta-seen-2024-kamperriisikas\/"},"modified":"2024-10-13T19:13:56","modified_gmt":"2024-10-13T16:13:56","slug":"aasta-seen-2024-kamperriisikas","status":"publish","type":"page","link":"https:\/\/sisu.ut.ee\/mukoloogiauhing\/aasta-seen-2024-kamperriisikas\/","title":{"rendered":"Aasta seen 2024. on kamperriisikas"},"content":{"rendered":"<h1><strong>Eesti m\u00fckoloogia\u00fching valis 2024. aasta seeneks kamperriisika<\/strong><\/h1>\n<p>Riisikad on meie metsapuude truud kaaslased, kuna moodustavad puudega kooselus <a href=\"https:\/\/et.wikipedia.org\/wiki\/M%C3%BCkoriisa\">seenjuure ehk m\u00fckoriisa<\/a>. Nende viljakehade sees on peidus erilised k\u00e4igud, millest tilgub vigastamisel justkui piima. Riisika perekond on liigirikas ja kuulub pilvikulaadsete seltsi kandseente hulgas.<\/p>\n<p><a href=\"https:\/\/elurikkus.ee\/app\/taxonomy\/taxon\/154063\">Kamperriisikas (<em>Lactarius camphoratus<\/em>)<\/a> on Eestis tavaline seeneliik, mida paljud seenekorjajad veel h\u00e4sti ei tunne. Kamperriisikas on v\u00e4ike, kuni 5 cm laiuse \u00f5hukese k\u00fcbaraga, tume-punakaspruun kuni mustjaspruun. Seeneliha l\u00f5hnab nagu karri v\u00f5i kuivatatud sigur, maitseb omap\u00e4raselt v\u00fcrtsikalt ja selle vigastamisel eritub valge piimmahl. Toiduks tarvitamiseks seda liiki kupatada pole vaja, pigem on soovitav kuivatada ning kasutada toidu maitsestamiseks. Kamperriisikas kasvab meil koos okaspuudega, nii kuusikutes kui okas-segametsades. Viljakehi v\u00f5ib leida juulist oktoobrini.<\/p>\n<p>Kamperriisikaga koos soovib m\u00fckoloogia\u00fching 2024. aastal t\u00f5mmata t\u00e4helepanu ka teistele sarnastele riisikatele, eriti <a href=\"https:\/\/elurikkus.ee\/app\/taxonomy\/taxon\/154190\">m\u00e4nniriisikale<\/a> ja <a href=\"https:\/\/elurikkus.ee\/app\/taxonomy\/taxon\/154205\">lutikariisikale<\/a>. \u00d5pime neid seeni tundma ja paneme vaatlused kirja!<\/p>\n<p>Vaata ka artiklit <a href=\"https:\/\/www.loodusajakiri.ee\/aasta-seen-kamperriisikas\/\">juulikuises \u201cEesti Looduses\u201d<\/a>\u00a0<\/p>\n<p>Eesti m\u00fckoloogia\u00fching<\/p>\n<p><img decoding=\"async\" src=\"https:\/\/s3.hpc.ut.ee\/plutof-public\/large\/84240e40-4e04-464c-990e-121dafdabaa1.jpg\" alt=\"\" width=\"500px\"><\/p>\n<p><span style=\"font-size: revert; text-align: var(--bs-body-text-align);\">Pilt e-elurikkus, Vello Liiv<\/span><\/p>\n\n\n<figure class=\"wp-block-gallery has-nested-images columns-3 is-cropped wp-block-gallery-1 is-layout-flex wp-block-gallery-is-layout-flex\"><\/figure>\n","protected":false},"excerpt":{"rendered":"<p>Eesti m\u00fckoloogia\u00fching valis 2024. aasta seeneks kamperriisika Riisikad on meie metsapuude truud kaaslased, kuna moodustavad puudega kooselus seenjuure ehk m\u00fckoriisa. Nende viljakehade sees on peidus erilised k\u00e4igud, millest tilgub vigastamisel justkui piima. Riisika perekond on liigirikas ja kuulub pilvikulaadsete seltsi &#8230;<\/p>\n","protected":false},"author":52,"featured_media":0,"parent":0,"menu_order":0,"comment_status":"closed","ping_status":"closed","template":"","meta":{"_acf_changed":false,"inline_featured_image":false,"footnotes":""},"class_list":["post-12","page","type-page","status-publish","hentry"],"acf":[],"_links":{"self":[{"href":"https:\/\/sisu.ut.ee\/mukoloogiauhing\/wp-json\/wp\/v2\/pages\/12","targetHints":{"allow":["GET"]}}],"collection":[{"href":"https:\/\/sisu.ut.ee\/mukoloogiauhing\/wp-json\/wp\/v2\/pages"}],"about":[{"href":"https:\/\/sisu.ut.ee\/mukoloogiauhing\/wp-json\/wp\/v2\/types\/page"}],"author":[{"embeddable":true,"href":"https:\/\/sisu.ut.ee\/mukoloogiauhing\/wp-json\/wp\/v2\/users\/52"}],"replies":[{"embeddable":true,"href":"https:\/\/sisu.ut.ee\/mukoloogiauhing\/wp-json\/wp\/v2\/comments?post=12"}],"version-history":[{"count":11,"href":"https:\/\/sisu.ut.ee\/mukoloogiauhing\/wp-json\/wp\/v2\/pages\/12\/revisions"}],"predecessor-version":[{"id":1017,"href":"https:\/\/sisu.ut.ee\/mukoloogiauhing\/wp-json\/wp\/v2\/pages\/12\/revisions\/1017"}],"wp:attachment":[{"href":"https:\/\/sisu.ut.ee\/mukoloogiauhing\/wp-json\/wp\/v2\/media?parent=12"}],"curies":[{"name":"wp","href":"https:\/\/api.w.org\/{rel}","templated":true}]}}