{"id":1126,"date":"2025-04-02T20:47:13","date_gmt":"2025-04-02T17:47:13","guid":{"rendered":"https:\/\/sisu.ut.ee\/mukoloogiauhing\/?page_id=1126"},"modified":"2025-12-11T22:00:03","modified_gmt":"2025-12-11T20:00:03","slug":"2025-a-seen-on-juurepess","status":"publish","type":"page","link":"https:\/\/sisu.ut.ee\/mukoloogiauhing\/2025-a-seen-on-juurepess\/","title":{"rendered":"2025.a. seen on juurepess"},"content":{"rendered":"<p class=\"has-extra-large-font-size\"><\/p>\n\n\n\n<h1 class=\"wp-block-heading\"><strong>2025.a. seeneks on juurepess<\/strong><\/h1>\n\n\n\n<p><a style=\"font-weight: bold;\" href=\"https:\/\/elurikkus.ee\/app\/taxonomy\/taxon\/124437\" data-type=\"link\" data-id=\"https:\/\/elurikkus.ee\/app\/taxonomy\/taxon\/124437\">Juurepess (<em>Heterobasidion sp.<\/em><\/a>), on k\u00f5ige ohtlikumat seenhaigust p\u00f5hjustav seeneperekond p\u00f5hjapoolkera okasmetsades, sh ka Eestis. Eestist on leitud kaks juurepessu liiki: <a href=\"https:\/\/elurikkus.ee\/app\/taxonomy\/taxon\/150810\">kuuse-juurepess (<em>H. parviporum<\/em>)<\/a> ja <a href=\"https:\/\/elurikkus.ee\/app\/taxonomy\/taxon\/150803\">m\u00e4nni-juurepess (<em>H. annosum<\/em>). <\/a>Nagu nimi viitab, kahjustavad pessud just neid puid, v\u00e4hemal m\u00e4\u00e4ral ka teisi puuliike. M\u00f5lemad Eestis leitud liigid on v\u00e4ga sarnaste viljakehadega ja metsanduses olulised tegijad. M\u00e4nni ja kuuse puistud moodustavad Eesti metsamaa pindalast ligikaudu 50%. Juurepessust tingitud majanduslik kahju Eesti okaspuu puistutes on hinnanguliselt 8,5 miljonit eurot aastas.<\/p>\n\n\n\n<p><\/p>\n\n\n\n<p><\/p>\n\n\n\n<p class=\"has-large-font-size\">Juurepessust v\u00f5ib lugeda l\u00e4hemalt:<\/p>\n\n\n\n<p><strong>T. Drenkan-Maaten, K. K\u00fctt &amp; R. Drenkan. 2025.\u00a0<\/strong>Aasta seen | Kuuse- ja m\u00e4nnit\u00f5vestaja juurepess. Eesti Loodus 6: 24-27.\u00a0\u00a0<\/p>\n\n\n\n<p><strong>T. Drenkhan-Maaten &amp; K. K\u00fctt. 2025<\/strong>. Juurepess \u2013 metsaomaniku nuhtlus. <a href=\"https:\/\/erametsaliit.ee\/2025\/03\/26\/juurepess-metsaomaniku-nuhtlus\/#\">Sinu Mets. \u00f5ppeleht<\/a><\/p>\n\n\n\n<p><strong>M. Hanso &amp; T. Drenkhan. 2005. <\/strong>Seenega seene vastu. <a href=\"http:\/\/vana.loodusajakiri.ee\/eesti_loodus\/artikkel965_958.html\">Eesti Loodus<\/a><\/p>\n\n\n\n<p><strong>E.<\/strong> <strong>Parmasto, E. 1956.<\/strong> Juurepessu (<em>Fomitopsis annosa)<\/em>\u00a0bioloogiast. <a href=\"https:\/\/kirj.ee\/wp-content\/plugins\/kirj\/pub\/biol-3-1956-256-261_20230403150410.pdf\">Eesti NSV Teaduste Akadeemia Toimetised. Bioloogiline seeria<\/a>\u00a05 (3): 256\u2013261.<\/p>\n\n\n\n<p><\/p>\n\n\n\n<p><\/p>\n","protected":false},"excerpt":{"rendered":"<p>2025.a. seeneks on juurepess Juurepess (Heterobasidion sp.), on k\u00f5ige ohtlikumat seenhaigust p\u00f5hjustav seeneperekond p\u00f5hjapoolkera okasmetsades, sh ka Eestis. Eestist on leitud kaks juurepessu liiki: kuuse-juurepess (H. parviporum) ja m\u00e4nni-juurepess (H. annosum). Nagu nimi viitab, kahjustavad pessud just neid puid, v\u00e4hemal &#8230;<\/p>\n","protected":false},"author":423,"featured_media":0,"parent":0,"menu_order":0,"comment_status":"closed","ping_status":"closed","template":"","meta":{"_acf_changed":false,"inline_featured_image":false,"footnotes":""},"class_list":["post-1126","page","type-page","status-publish","hentry"],"acf":[],"_links":{"self":[{"href":"https:\/\/sisu.ut.ee\/mukoloogiauhing\/wp-json\/wp\/v2\/pages\/1126","targetHints":{"allow":["GET"]}}],"collection":[{"href":"https:\/\/sisu.ut.ee\/mukoloogiauhing\/wp-json\/wp\/v2\/pages"}],"about":[{"href":"https:\/\/sisu.ut.ee\/mukoloogiauhing\/wp-json\/wp\/v2\/types\/page"}],"author":[{"embeddable":true,"href":"https:\/\/sisu.ut.ee\/mukoloogiauhing\/wp-json\/wp\/v2\/users\/423"}],"replies":[{"embeddable":true,"href":"https:\/\/sisu.ut.ee\/mukoloogiauhing\/wp-json\/wp\/v2\/comments?post=1126"}],"version-history":[{"count":22,"href":"https:\/\/sisu.ut.ee\/mukoloogiauhing\/wp-json\/wp\/v2\/pages\/1126\/revisions"}],"predecessor-version":[{"id":1593,"href":"https:\/\/sisu.ut.ee\/mukoloogiauhing\/wp-json\/wp\/v2\/pages\/1126\/revisions\/1593"}],"wp:attachment":[{"href":"https:\/\/sisu.ut.ee\/mukoloogiauhing\/wp-json\/wp\/v2\/media?parent=1126"}],"curies":[{"name":"wp","href":"https:\/\/api.w.org\/{rel}","templated":true}]}}