{"id":10,"date":"2024-04-04T00:19:09","date_gmt":"2024-04-03T21:19:09","guid":{"rendered":"https:\/\/sisu.ut.ee\/mukoloogiauhing\/kokkuvote-sugisene-seenelaager-2017\/"},"modified":"2024-09-04T09:34:42","modified_gmt":"2024-09-04T06:34:42","slug":"kokkuvote-sugisene-seenelaager-2017","status":"publish","type":"page","link":"https:\/\/sisu.ut.ee\/mukoloogiauhing\/kokkuvote-sugisene-seenelaager-2017\/","title":{"rendered":"Kokkuv\u00f5te: S\u00fcgisene seenelaager 2017"},"content":{"rendered":"<p>Eesti m\u00fckoloogia\u00fchingu s\u00fcgisene seenelaager toimus\u00a0<strong>21\u201324. september\u00a02017<\/strong>\u00a0L\u00f5una-Eestis.<\/p>\n<p>V\u00e4lit\u00f6\u00f6d viidi l\u00e4bi huvitavates seenepaikades Peetri j\u00f5e, M\u00f5niste, Karis\u00f6\u00f6di, Paganamaa, P\u00e4hni, M\u00f5isam\u00f5tsa jt metsades ja parkides. T\u00e4psematest kohanimedest k\u00e4isime seene uurimas Metstar\u00f5p\u00f5ld\u00f5l, Villikel, Sokaris, Kalkahjul, Siks\u00e4l\u00e4kolk`is, Karis\u00f6\u00f6dil. Seenelaagri keskus (majutumine, seente m\u00e4\u00e4ramise t\u00f6\u00f6toad ning seenen\u00e4itus) asus \u00a0Seedri talus V\u00f5rumaal<strong>.\u00a0<\/strong>S\u00fcgislaagris osales 31 inimest. \u00a0<\/p>\n<p>Eesti m\u00fckoloogia\u00fchingu s\u00fcgislaagris tehti 598 seenevaatlust 308 liigi kohta ning koguti 33 eksemplari.\u00a0\u00a0Haruldastest liikidest avastati n\u00e4iteks ebe-limanutt <em>Hygrophorus chrysodon<\/em>,\u00a0krookustorik\u00a0<em>Hapalopilus croceus\u00a0<\/em>ja rohe-harisirmik\u00a0<em>Lepiota grangei.\u00a0<\/em>Sagedamateks leidudeks olid kuuseriisikas<em>\u00a0Lactarius deterrimus<\/em>, jahutanuk<em>\u00a0Galerina marginata\u00a0<\/em>ja k\u00e4nnum\u00fctsik<em>\u00a0Mycena galericulata\u00a0<\/em>(7 leiukohta) ning kasepuravik<em>\u00a0Leccinum scabrum\u00a0<\/em>ja kollane bisporell<em>\u00a0Bisporella citrina<\/em>\u00a0(6 leiukohta).<\/p>\n<p>Seenelaagri ajal oli L\u00f5una-Eestis v\u00e4ga liigirohke seeneaeg. Rohkesti kasvas t\u00f5mmu riisikat<em>\u00a0Lactarius necator<\/em>, oran\u017ei riisikat<em>\u00a0Lactarius aurantiacus,\u00a0<\/em>harilikku kivipuravikku<em>\u00a0Boletus edulis,\u00a0<\/em>harilikku kukeseent<em>\u00a0Cantharellus cibarius, k<\/em>aseriisikat\u00a0<em>Lactarius torminosus,\u00a0<\/em>harilikku murumuna<em>\u00a0Lycoperdon perlatum,\u00a0<\/em>punast k\u00e4rbseseent\u00a0<em>Amanita muscaria,\u00a0<\/em>valge heinikut<em>Tricholoma stiparophyllum<\/em>\u00a0ja roosa m\u00fctsikut<em>\u00a0Mycena rosella.\u00a0<\/em>Puidul kasvavatest seentest olid sagedasemad tuletael<em>Fomes fomentarius\u00a0<\/em>ja k\u00e4nnupess<em>\u00a0Fomitopsis pinicola\u00a0<\/em>ning v\u00e4ike rohetiksik\u00a0<em>Chlorociboria aeruginascens. \u00a0\u00a0<\/em><\/p>\n<p>T\u00e4psema info s\u00fcgislaagri seeneliikidestleiab Eesti M\u00fckoloogia\u00fchingu kodulehel\u00a0<a href=\"http:\/\/mukoloogiauhing.ut.ee\/\" target=\"_blank\" rel=\"noopener\" data-saferedirecturl=\"https:\/\/www.google.com\/url?hl=en&amp;q=http:\/\/mukoloogiauhing.ut.ee\/&amp;source=gmail&amp;ust=1508317623698000&amp;usg=AFQjCNHa2On5qOvEc53XxO2g8W1mi0UCVA\">mukoloogiauhing.ut.ee<\/a>, seenelaagri vaatlused, s\u00fcgislaagri vaatluskohad kaardil ja kohatud liikide nimekirjad leiab ka PlutoF harrastusteaduse projektide avalikel lehtedel-2017 Autumn Mushroom Foray PlutoF\u2019i lingilt\u00a0<a href=\"https:\/\/app.plutof.ut.ee\/study\/view\/38953\" target=\"_blank\" rel=\"noopener\" data-saferedirecturl=\"https:\/\/www.google.com\/url?hl=en&amp;q=https:\/\/app.plutof.ut.ee\/study\/view\/38953&amp;source=gmail&amp;ust=1508317623698000&amp;usg=AFQjCNHdILVtR-jxfl9NdnDCX0islwvq-g\">https:\/\/app.plutof.ut.ee\/study\/view\/38953<\/a>, kust leiate ka foto osalejatest.<\/p>\n<p>Parimat,<br>K\u00fclli Kalamees, \u00a0Jane Oja<br>Eesti M\u00fckoloogia\u00fching<\/p>\n<p>\u00a0<\/p>\n\n\n<figure class=\"wp-block-gallery has-nested-images columns-3 is-cropped wp-block-gallery-1 is-layout-flex wp-block-gallery-is-layout-flex\">\n<figure class=\"wp-block-image size-large\"><a href=\"https:\/\/sisu.ut.ee\/wp-content\/uploads\/sites\/121\/img_7606.jpg\"><img loading=\"lazy\" decoding=\"async\" width=\"1920\" height=\"1280\" data-id=\"106\" src=\"https:\/\/sisu.ut.ee\/wp-content\/uploads\/sites\/121\/img_7606.jpg\" alt=\"S\u00fcgisene seenelaager, grupifoto. Autor: Veiko Kastanje\" class=\"wp-image-106\" srcset=\"https:\/\/sisu.ut.ee\/wp-content\/uploads\/sites\/121\/img_7606.jpg 1920w, https:\/\/sisu.ut.ee\/wp-content\/uploads\/sites\/121\/img_7606-300x200.jpg 300w, https:\/\/sisu.ut.ee\/wp-content\/uploads\/sites\/121\/img_7606-1024x683.jpg 1024w, https:\/\/sisu.ut.ee\/wp-content\/uploads\/sites\/121\/img_7606-768x512.jpg 768w, https:\/\/sisu.ut.ee\/wp-content\/uploads\/sites\/121\/img_7606-1536x1024.jpg 1536w\" sizes=\"auto, (max-width: 1920px) 100vw, 1920px\"><\/a><figcaption class=\"wp-element-caption\">S\u00fcgisene seenelaager, grupifoto. Autor: Veiko Kastanje<\/figcaption><\/figure>\n<\/figure>\n","protected":false},"excerpt":{"rendered":"<p>Eesti m\u00fckoloogia\u00fchingu s\u00fcgisene seenelaager toimus\u00a021\u201324. september\u00a02017\u00a0L\u00f5una-Eestis. V\u00e4lit\u00f6\u00f6d viidi l\u00e4bi huvitavates seenepaikades Peetri j\u00f5e, M\u00f5niste, Karis\u00f6\u00f6di, Paganamaa, P\u00e4hni, M\u00f5isam\u00f5tsa jt metsades ja parkides. T\u00e4psematest kohanimedest k\u00e4isime seene uurimas Metstar\u00f5p\u00f5ld\u00f5l, Villikel, Sokaris, Kalkahjul, Siks\u00e4l\u00e4kolk`is, Karis\u00f6\u00f6dil. Seenelaagri keskus (majutumine, seente m\u00e4\u00e4ramise t\u00f6\u00f6toad ning &#8230;<\/p>\n","protected":false},"author":52,"featured_media":0,"parent":0,"menu_order":0,"comment_status":"closed","ping_status":"closed","template":"","meta":{"_acf_changed":false,"inline_featured_image":false,"footnotes":""},"class_list":["post-10","page","type-page","status-publish","hentry"],"acf":[],"_links":{"self":[{"href":"https:\/\/sisu.ut.ee\/mukoloogiauhing\/wp-json\/wp\/v2\/pages\/10","targetHints":{"allow":["GET"]}}],"collection":[{"href":"https:\/\/sisu.ut.ee\/mukoloogiauhing\/wp-json\/wp\/v2\/pages"}],"about":[{"href":"https:\/\/sisu.ut.ee\/mukoloogiauhing\/wp-json\/wp\/v2\/types\/page"}],"author":[{"embeddable":true,"href":"https:\/\/sisu.ut.ee\/mukoloogiauhing\/wp-json\/wp\/v2\/users\/52"}],"replies":[{"embeddable":true,"href":"https:\/\/sisu.ut.ee\/mukoloogiauhing\/wp-json\/wp\/v2\/comments?post=10"}],"version-history":[{"count":3,"href":"https:\/\/sisu.ut.ee\/mukoloogiauhing\/wp-json\/wp\/v2\/pages\/10\/revisions"}],"predecessor-version":[{"id":814,"href":"https:\/\/sisu.ut.ee\/mukoloogiauhing\/wp-json\/wp\/v2\/pages\/10\/revisions\/814"}],"wp:attachment":[{"href":"https:\/\/sisu.ut.ee\/mukoloogiauhing\/wp-json\/wp\/v2\/media?parent=10"}],"curies":[{"name":"wp","href":"https:\/\/api.w.org\/{rel}","templated":true}]}}