{"id":7,"date":"2024-04-04T02:27:44","date_gmt":"2024-04-03T23:27:44","guid":{"rendered":"https:\/\/sisu.ut.ee\/moocs\/avaleht\/"},"modified":"2024-05-03T10:37:59","modified_gmt":"2024-05-03T07:37:59","slug":"avaleht","status":"publish","type":"page","link":"https:\/\/sisu.ut.ee\/moocs\/","title":{"rendered":"Avaleht"},"content":{"rendered":"<h1 class=\"wp-block-heading\">Koolitusest<\/h1>\n\n\n\n<p>Koolitus on m\u00f5eldud neile haridustehnoloogidele, \u00f5petajatele, \u00f5ppej\u00f5ududele jt, kes soovivad rohkem teada MOOCide loomise ja l\u00e4biviimise p\u00f5him\u00f5tetest\u00a0ning ise hakata MOOCi v\u00e4lja t\u00f6\u00f6tama. Osalejalt oodatakse\u00a0head arvuti- ja internetikasutusoskust, juurdep\u00e4\u00e4su interneti\u00fchendusega arvutile v\u00e4hemalt 2-3 korda (u. 8 tundi) n\u00e4dalas ja e-kursuse loomise ning l\u00e4biviimise kogemust.<\/p>\n\n\n\n<p>Koolitus on t\u00e4ielikult veebip\u00f5hine, kestab 6 n\u00e4dalat (2 EAP) ning toimub <a style=\"background-color: #ffffff;\" href=\"https:\/\/moodle.ut.ee\/course\/view.php?id=4016\" target=\"_blank\" rel=\"noopener\">T\u00dc Moodle\u2019i keskkonnas<\/a>.\u00a0<\/p>\n\n\n\n<p>Koolituse l\u00e4bimise j\u00e4rel osaleja:<\/p>\n\n\n\n<ul class=\"wp-block-list\">\n<li>teab, mis on MOOC ja mille poolest see erineb tavalisest e-kursusest;<\/li>\n\n\n\n<li>oskab planeerida oma MOOCi loomist;<\/li>\n\n\n\n<li>teab MOOCi loomise organisatoorseid ja tehnilisi v\u00f5imalusi;<\/li>\n\n\n\n<li>teab MOOCi \u00f5ppematerjalide loomise p\u00f5him\u00f5tteid ja oskab neid rakendada;<\/li>\n\n\n\n<li>valib MOOCi jaoks sobivad hindamise ja tagasiside andmise meetodid;<\/li>\n\n\n\n<li>teab tuutori \u00fclesandeid MOOCi l\u00e4biviimisel.<\/li>\n<\/ul>\n\n\n\n<p>Koolitusel k\u00e4sitletakse j\u00e4rgmisi teemasid:<\/p>\n\n\n\n<ul class=\"wp-block-list\">\n<li>Mis on MOOC? MOOCide loomise eesm\u00e4rgid. N\u00e4ited MOOCidest.<\/li>\n\n\n\n<li>MOOCide loomise ja l\u00e4biviimise korralduslikud aspektid.<\/li>\n\n\n\n<li>MOOCide loomise kavandamine.<\/li>\n\n\n\n<li>Meeskonnat\u00f6\u00f6 MOOCide loomisel ja l\u00e4biviimisel.<\/li>\n\n\n\n<li>MOOCide \u00f5ppematerjalide (sh videod) loomise p\u00f5him\u00f5tted ja v\u00f5imalused.<\/li>\n\n\n\n<li>Hindamine ja tagasiside andmine MOOCide l\u00e4biviimisel.<\/li>\n\n\n\n<li>Autori\u00f5iguste j\u00e4rgimine ja MOOCi kasutustingimused.<\/li>\n\n\n\n<li>Tagasiside k\u00fcsimine osalejatelt ja MOOCide parandamine vastavalt saadud tagasisidele.<\/li>\n<\/ul>\n\n\n<blockquote class=\"quote-block d-flex flex-column flex-md-row px-2 px-lg-6 py-3 fst-italic fw-bold border-top border-bottom border-secondary page-section\">\n\t\t<div class=\"quote-block__content\">\n\t\t\t\t\t<p class=\"mb-0\">\u201cKvaliteetne MOOC v\u00f5iks olla nagu tele-show v\u00f5i telem\u00e4ng \u2013 see on koht, kus elu keeb \u2026\u201d\r\nMart Noorma, Tartu \u00dclikooli \u00f5ppeprorektor \r\nhttp:\/\/etu.ut.ee\/kevad-2016\/mart-noorma-e-oppest\/<\/p>\n\t\t\n\t\t\t<\/div>\n<\/blockquote>\n\n\n\n<figure class=\"wp-block-image size-full\"><img loading=\"lazy\" decoding=\"async\" width=\"250\" height=\"109\" src=\"https:\/\/sisu.ut.ee\/wp-content\/uploads\/sites\/170\/hitsa_vaikse_aarega_tekst_250.jpg\" alt=\"\" class=\"wp-image-51\"><\/figure>\n","protected":false},"excerpt":{"rendered":"<p>Koolitusest Koolitus on m\u00f5eldud neile haridustehnoloogidele, \u00f5petajatele, \u00f5ppej\u00f5ududele jt, kes soovivad rohkem teada MOOCide loomise ja l\u00e4biviimise p\u00f5him\u00f5tetest\u00a0ning ise hakata MOOCi v\u00e4lja t\u00f6\u00f6tama. Osalejalt oodatakse\u00a0head arvuti- ja internetikasutusoskust, juurdep\u00e4\u00e4su interneti\u00fchendusega arvutile v\u00e4hemalt 2-3 korda (u. 8 tundi) n\u00e4dalas ja e-kursuse &#8230;<\/p>\n","protected":false},"author":6,"featured_media":0,"parent":0,"menu_order":0,"comment_status":"closed","ping_status":"closed","template":"","meta":{"_acf_changed":false,"inline_featured_image":false,"footnotes":""},"class_list":["post-7","page","type-page","status-publish","hentry"],"acf":[],"_links":{"self":[{"href":"https:\/\/sisu.ut.ee\/moocs\/wp-json\/wp\/v2\/pages\/7","targetHints":{"allow":["GET"]}}],"collection":[{"href":"https:\/\/sisu.ut.ee\/moocs\/wp-json\/wp\/v2\/pages"}],"about":[{"href":"https:\/\/sisu.ut.ee\/moocs\/wp-json\/wp\/v2\/types\/page"}],"author":[{"embeddable":true,"href":"https:\/\/sisu.ut.ee\/moocs\/wp-json\/wp\/v2\/users\/6"}],"replies":[{"embeddable":true,"href":"https:\/\/sisu.ut.ee\/moocs\/wp-json\/wp\/v2\/comments?post=7"}],"version-history":[{"count":8,"href":"https:\/\/sisu.ut.ee\/moocs\/wp-json\/wp\/v2\/pages\/7\/revisions"}],"predecessor-version":[{"id":133,"href":"https:\/\/sisu.ut.ee\/moocs\/wp-json\/wp\/v2\/pages\/7\/revisions\/133"}],"wp:attachment":[{"href":"https:\/\/sisu.ut.ee\/moocs\/wp-json\/wp\/v2\/media?parent=7"}],"curies":[{"name":"wp","href":"https:\/\/api.w.org\/{rel}","templated":true}]}}