{"id":5,"date":"2024-04-04T02:27:43","date_gmt":"2024-04-03T23:27:43","guid":{"rendered":"https:\/\/sisu.ut.ee\/moocs\/36-tagasisidevahendi-loomine\/"},"modified":"2024-04-04T02:27:51","modified_gmt":"2024-04-03T23:27:51","slug":"36-tagasisidevahendi-loomine","status":"publish","type":"page","link":"https:\/\/sisu.ut.ee\/moocs\/36-tagasisidevahendi-loomine\/","title":{"rendered":"3.6. Tagasisidevahendi loomine"},"content":{"rendered":"<p>Kursuse struktuuri, \u00f5ppematerjalide, \u00fclesannete, protsessi jne kohta saab tagasisidet juba kursuse ajal \u00f5ppijaid ning nende tegevusi j\u00e4lgides. V\u00e4ga halvad testide tulemused, vaikus foorumis, suurema osa \u00f5ppijate poolt esitamata kodut\u00f6\u00f6d viitavad sellele, et midagi on kursusel valesti.\u00a0Juba kursuse jooksul v\u00f5ib olla kasutusel anon\u00fc\u00fcmne foorum v\u00f5i tagasisidek\u00fcsimustik, kus \u00f5ppijad saavad enda kriitikat ja ettepanekuid esitada. Kursuse l\u00f5pus peaks kindlasti olema tagasisidek\u00fcsimusik.\u00a0Positiivne tagasiside on kindlasti teie MOOCile heaks reklaamiks (vt\u00a0<a href=\"https:\/\/sisu.ut.ee\/measurement\/node\/4179\" target=\"_blank\" rel=\"noopener\">https:\/\/sisu.ut.ee\/measurement\/node\/4179<\/a>).<\/p>\n<p><strong>K\u00fcsimustik<\/strong> v\u00f5ib olla valikvastustega ja\/v\u00f5i avatud vastustega, andes v\u00f5imaluse tagasisidestada kursuse erinevaid aspekte, tuutorite tegevusi jm.\u00a0Tagasisidek\u00fcsimustiku vahend v\u00f5ib olla juba valitud \u00f5pikeskkonnas olemas, kuid saab kasutada ka m\u00f5nda teist rakendust, nt LimeSurvey, Google Forms (<a href=\"https:\/\/www.google.com\/forms\/about\/\" target=\"_blank\" rel=\"noopener\">https:\/\/www.google.com\/forms\/about\/<\/a>),\u00a0Kwiksurvey (<a href=\"https:\/\/kwiksurveys.com\/\" target=\"_blank\" rel=\"noopener\">https:\/\/kwiksurveys.com\/<\/a>) vm ning loodud k\u00fcsimustiku enda e-kursusele linkida. J\u00e4lgige, et k\u00fcsimustega oleks kaetud k\u00f5ik olulised aspektid, et k\u00fcsimustik ei oleks liiga pikk, kas k\u00fcsimused on kohustuslikud vastata, kas soovite teada ka vastaja taustaandmeid, kas \u00f5ppija saab sama k\u00fcsimustikku t\u00e4ita \u00fcks kord v\u00f5i korduvalt. Reeglina on tagasisidek\u00fcsimustiku vastused privaatsed \u2013 teised \u00f5ppijad neid ei n\u00e4e.<\/p>\n<p><span data-mce-mark=\"1\">Tagasisidek\u00fcsimustiku n\u00e4ide:\u00a0<a href=\"\/wp-content\/uploads\/sites\/170\/tagasisidekusimustik1.pdf\" target=\"_blank\" rel=\"noopener\">Tagasisidekusimustik1.pdf<\/a><\/span><\/p>\n<p><span data-mce-mark=\"1\"><span data-mce-mark=\"1\"><strong>Foorumisse<\/strong> saadetud tagasiside on n\u00e4ha k\u00f5igile kursusel osalejatele. V\u00f5imalusel tuleks kaaluda foorumi anon\u00fc\u00fcmseks muutmist. Ka foorumis v\u00f5ib ette anda mingid pidepunktid, millest on mugav tagasiside andmisel l\u00e4htuda.<\/span><\/span><\/p>\n<p><strong>Kursuse tuutorite<\/strong> t\u00e4helepanekute jaoks v\u00f5ib kasutusele v\u00f5tta \u00f5ppijate eest peidetud foorumi v\u00f5i viki, kuhu kursuse k\u00e4igus saab jooksvalt sissekandeid teha. Tuleb kokku leppida sissekannete vorm, et p\u00e4rast k\u00f5ik olulised andmed olemas oleks.<\/p>\n","protected":false},"excerpt":{"rendered":"<p>Kursuse struktuuri, \u00f5ppematerjalide, \u00fclesannete, protsessi jne kohta saab tagasisidet juba kursuse ajal \u00f5ppijaid ning nende tegevusi j\u00e4lgides. V\u00e4ga halvad testide tulemused, vaikus foorumis, suurema osa \u00f5ppijate poolt esitamata kodut\u00f6\u00f6d viitavad sellele, et midagi on kursusel valesti.\u00a0Juba kursuse jooksul v\u00f5ib olla &#8230;<\/p>\n","protected":false},"author":6,"featured_media":0,"parent":0,"menu_order":0,"comment_status":"closed","ping_status":"closed","template":"","meta":{"_acf_changed":false,"inline_featured_image":false,"footnotes":""},"class_list":["post-5","page","type-page","status-publish","hentry"],"acf":[],"_links":{"self":[{"href":"https:\/\/sisu.ut.ee\/moocs\/wp-json\/wp\/v2\/pages\/5","targetHints":{"allow":["GET"]}}],"collection":[{"href":"https:\/\/sisu.ut.ee\/moocs\/wp-json\/wp\/v2\/pages"}],"about":[{"href":"https:\/\/sisu.ut.ee\/moocs\/wp-json\/wp\/v2\/types\/page"}],"author":[{"embeddable":true,"href":"https:\/\/sisu.ut.ee\/moocs\/wp-json\/wp\/v2\/users\/6"}],"replies":[{"embeddable":true,"href":"https:\/\/sisu.ut.ee\/moocs\/wp-json\/wp\/v2\/comments?post=5"}],"version-history":[{"count":1,"href":"https:\/\/sisu.ut.ee\/moocs\/wp-json\/wp\/v2\/pages\/5\/revisions"}],"predecessor-version":[{"id":82,"href":"https:\/\/sisu.ut.ee\/moocs\/wp-json\/wp\/v2\/pages\/5\/revisions\/82"}],"wp:attachment":[{"href":"https:\/\/sisu.ut.ee\/moocs\/wp-json\/wp\/v2\/media?parent=5"}],"curies":[{"name":"wp","href":"https:\/\/api.w.org\/{rel}","templated":true}]}}