{"id":3,"date":"2024-04-04T02:27:43","date_gmt":"2024-04-03T23:27:43","guid":{"rendered":"https:\/\/sisu.ut.ee\/moocs\/34-juhendmaterjalide-loomine\/"},"modified":"2024-04-04T02:27:51","modified_gmt":"2024-04-03T23:27:51","slug":"34-juhendmaterjalide-loomine","status":"publish","type":"page","link":"https:\/\/sisu.ut.ee\/moocs\/34-juhendmaterjalide-loomine\/","title":{"rendered":"3.4. Juhendmaterjalide loomine"},"content":{"rendered":"<p><span id=\"docs-internal-guid-a7c80ec8-dda2-ced5-8e21-49d1e381d548\"><span id=\"docs-internal-guid-a7c80ec8-dda2-ced5-8e21-49d1e381d548\">Juhised tuleb s\u00f5nastada v\u00f5imalikult lihtsalt ja selgelt l\u00e4htudes sihtr\u00fchma heterogeensusest ning m\u00f5ttest, et mida pole kirjas, seda pole olemas. Kuna kursus on jaotatud v\u00f5rdseteks osadeks (n\u00e4dalateks), tuleb iga osa kohta anda eraldi \u00f5pijuhis \u2013 mida ja kuidas \u00f5ppija selle n\u00e4dala jooksul t\u00e4pselt tegema peab, mis on t\u00e4htaeg ning kuidas\/kuhu peab t\u00f6\u00f6 esitama. <\/span><\/span><\/p>\n<p><span id=\"docs-internal-guid-a7c80ec8-dda2-ced5-8e21-49d1e381d548\"><span id=\"docs-internal-guid-a7c80ec8-dda2-ced5-8e21-49d1e381d548\">\u00dclesannete kirjeldustest peab t\u00e4pselt selguma, kas \u00fclesanne on individuaalseks v\u00f5i r\u00fchmana sooritamiseks, on see kohustuslik v\u00f5i valik\u00fclesanne, soovitused t\u00f6\u00f6 organiseerimiseks, viited materjalidele, esitamise t\u00e4htaeg, sooritamise ja esitamise viis, juhised tehniliste vahendite kasutamiseks, hindamise kriteeriumid jms. Sama informatsioon tuleb esitada ka testide kohta. <\/span><\/span><\/p>\n<p><span id=\"docs-internal-guid-a7c80ec8-dda2-ced5-8e21-49d1e381d548\"><span id=\"docs-internal-guid-a7c80ec8-dda2-ced5-8e21-49d1e381d548\">Lisaks v\u00f5iks jagada \u00f5ppijatele soovitusi kursuse edukamaks l\u00e4bimiseks, materjalidega t\u00f6\u00f6tamiseks, ajaplaneerimiseks.<\/span><\/span><\/p>\n","protected":false},"excerpt":{"rendered":"<p>Juhised tuleb s\u00f5nastada v\u00f5imalikult lihtsalt ja selgelt l\u00e4htudes sihtr\u00fchma heterogeensusest ning m\u00f5ttest, et mida pole kirjas, seda pole olemas. Kuna kursus on jaotatud v\u00f5rdseteks osadeks (n\u00e4dalateks), tuleb iga osa kohta anda eraldi \u00f5pijuhis \u2013 mida ja kuidas \u00f5ppija selle n\u00e4dala &#8230;<\/p>\n","protected":false},"author":6,"featured_media":0,"parent":0,"menu_order":0,"comment_status":"closed","ping_status":"closed","template":"","meta":{"_acf_changed":false,"inline_featured_image":false,"footnotes":""},"class_list":["post-3","page","type-page","status-publish","hentry"],"acf":[],"_links":{"self":[{"href":"https:\/\/sisu.ut.ee\/moocs\/wp-json\/wp\/v2\/pages\/3","targetHints":{"allow":["GET"]}}],"collection":[{"href":"https:\/\/sisu.ut.ee\/moocs\/wp-json\/wp\/v2\/pages"}],"about":[{"href":"https:\/\/sisu.ut.ee\/moocs\/wp-json\/wp\/v2\/types\/page"}],"author":[{"embeddable":true,"href":"https:\/\/sisu.ut.ee\/moocs\/wp-json\/wp\/v2\/users\/6"}],"replies":[{"embeddable":true,"href":"https:\/\/sisu.ut.ee\/moocs\/wp-json\/wp\/v2\/comments?post=3"}],"version-history":[{"count":1,"href":"https:\/\/sisu.ut.ee\/moocs\/wp-json\/wp\/v2\/pages\/3\/revisions"}],"predecessor-version":[{"id":80,"href":"https:\/\/sisu.ut.ee\/moocs\/wp-json\/wp\/v2\/pages\/3\/revisions\/80"}],"wp:attachment":[{"href":"https:\/\/sisu.ut.ee\/moocs\/wp-json\/wp\/v2\/media?parent=3"}],"curies":[{"name":"wp","href":"https:\/\/api.w.org\/{rel}","templated":true}]}}