{"id":26,"date":"2024-04-04T02:27:45","date_gmt":"2024-04-03T23:27:45","guid":{"rendered":"https:\/\/sisu.ut.ee\/moocs\/31-kursuse-tutvustus\/"},"modified":"2024-04-04T02:27:51","modified_gmt":"2024-04-03T23:27:51","slug":"31-kursuse-tutvustus","status":"publish","type":"page","link":"https:\/\/sisu.ut.ee\/moocs\/31-kursuse-tutvustus\/","title":{"rendered":"3.1. Kursuse tutvustus"},"content":{"rendered":"<p>Kursuse tutvustus annab p\u00f5hjaliku ja t\u00e4ieliku, kuid v\u00f5imalikult konkreetselt \u00fclevaate, millest kursus on, mis kursusel on, mida seal tehakse, mida \u00f5ppijalt oodatakse ning milline on kodukord. Kui kursusel on \u00f5ppijaid erinevatest riikidest ja erinevates ajav\u00f6\u00f6nditest, siis tuleb ka ajalist nihet arvestada (nt postitustele vastamisel, t\u00e4htajaliste tegevuste seadistamisel) ja \u00f5ppijaid sellest informeerida. Kursuse tutvustus v\u00f5iks sisaldada j\u00e4rgmist informatsiooni ja komponente:<\/p>\n<ul>\n<li>sissejuhatav videoloeng (n\u00e4ide:\u00a0<a style=\"background-color: #ffffff\" href=\"http:\/\/www.uttv.ee\/naita?id=22458\" target=\"_blank\" rel=\"noopener\">http:\/\/www.uttv.ee\/naita?id=22458<\/a>);<\/li>\n<li>toimumise aeg, kestus, koht;<\/li>\n<li>kursuse teema l\u00fchitutvustus;<\/li>\n<li>vajalikud eelteadmised vm tingimused;<\/li>\n<li>eesm\u00e4rgid;<\/li>\n<li>\u00f5piv\u00e4ljundid, mis v\u00e4ljendavad neid teadmisi ja oskusi, mille kursuse edukalt l\u00f5petanud omandavad;<\/li>\n<li>kursuse \u00fclesehitus \u2013 millisteks osadeks on kursus jaotatud, kuidas on iga osa struktureeritud;<\/li>\n<li>\u00f5ppeprotsessi kirjeldus \u2013 mida \u00f5ppijalt oodatakse, mida \u00f5ppijale pakutakse, soovitused kursuse l\u00e4bimiseks;<\/li>\n<li>hindamise p\u00f5him\u00f5tted \u2013 millised \u00fclesanded on kursusel hinnatavad, millisel skaalal, milliste kriteeriumide alusel ning kuidas kujuneb kursuse l\u00f5pphinne, millised on hinnete parandamise\/\u00fclesannete j\u00e4reletegemise v\u00f5imalused, milline sertifikaat millistel tingimustel v\u00e4ljastatakse;<\/li>\n<li>kirjandusallikad, mida on kasutatud MOOCi materjalide loomisel ja lisamaterjalid, mida soovitatakse t\u00e4iendavaks lugemiseks\/vaatamiseks;<\/li>\n<li>meeskond, kes kursuse l\u00f5i ja kes viivad l\u00e4bi, kes tegelevad korralduslike k\u00fcsimustega;<\/li>\n<li>kontaktid tehniliste, sisuliste ning korralduslike k\u00fcsimuste jaoks;<\/li>\n<li>materjalide kasutamistingimused.<\/li>\n<\/ul>\n","protected":false},"excerpt":{"rendered":"<p>Kursuse tutvustus annab p\u00f5hjaliku ja t\u00e4ieliku, kuid v\u00f5imalikult konkreetselt \u00fclevaate, millest kursus on, mis kursusel on, mida seal tehakse, mida \u00f5ppijalt oodatakse ning milline on kodukord. Kui kursusel on \u00f5ppijaid erinevatest riikidest ja erinevates ajav\u00f6\u00f6nditest, siis tuleb ka ajalist nihet &#8230;<\/p>\n","protected":false},"author":6,"featured_media":0,"parent":0,"menu_order":0,"comment_status":"closed","ping_status":"closed","template":"","meta":{"_acf_changed":false,"inline_featured_image":false,"footnotes":""},"class_list":["post-26","page","type-page","status-publish","hentry"],"acf":[],"_links":{"self":[{"href":"https:\/\/sisu.ut.ee\/moocs\/wp-json\/wp\/v2\/pages\/26","targetHints":{"allow":["GET"]}}],"collection":[{"href":"https:\/\/sisu.ut.ee\/moocs\/wp-json\/wp\/v2\/pages"}],"about":[{"href":"https:\/\/sisu.ut.ee\/moocs\/wp-json\/wp\/v2\/types\/page"}],"author":[{"embeddable":true,"href":"https:\/\/sisu.ut.ee\/moocs\/wp-json\/wp\/v2\/users\/6"}],"replies":[{"embeddable":true,"href":"https:\/\/sisu.ut.ee\/moocs\/wp-json\/wp\/v2\/comments?post=26"}],"version-history":[{"count":1,"href":"https:\/\/sisu.ut.ee\/moocs\/wp-json\/wp\/v2\/pages\/26\/revisions"}],"predecessor-version":[{"id":62,"href":"https:\/\/sisu.ut.ee\/moocs\/wp-json\/wp\/v2\/pages\/26\/revisions\/62"}],"wp:attachment":[{"href":"https:\/\/sisu.ut.ee\/moocs\/wp-json\/wp\/v2\/media?parent=26"}],"curies":[{"name":"wp","href":"https:\/\/api.w.org\/{rel}","templated":true}]}}