{"id":24,"date":"2024-04-04T02:27:45","date_gmt":"2024-04-03T23:27:45","guid":{"rendered":"https:\/\/sisu.ut.ee\/moocs\/42-tegevused-mooci-loppemise-jarel\/"},"modified":"2024-04-04T02:27:51","modified_gmt":"2024-04-03T23:27:51","slug":"42-tegevused-mooci-loppemise-jarel","status":"publish","type":"page","link":"https:\/\/sisu.ut.ee\/moocs\/42-tegevused-mooci-loppemise-jarel\/","title":{"rendered":"4.2. Tegevused MOOCi l\u00f5ppemise j\u00e4rel"},"content":{"rendered":"<p>Enne MOOCi ametlikku l\u00f5ppu tuleb teha kursusest kokkuv\u00f5te. Levinud on kokkuv\u00f5tva kirja kirjutamine kursuse foorumis, milles t\u00e4natakse osalejaid, palutakse neil anda kursuse kohta tagasisidet, jagatakse infot, millal v\u00e4ljastatakse tunnistused jms. Kui MOOC on loodud mingi \u00f5ppekava reklaamiks, siis on sobiv hetk kutsuda osalejaid sellele \u00f5ppekavale \u00f5ppima ning jagada sisseastumise kohta asjakohast infot. Samuti v\u00f5ib edastada infot, milliseid MOOCe antud \u00f5ppeasutus veel pakub ning kust saab nende kohta t\u00e4iendavat informatsiooni.<\/p>\n<p>Enne \u00f5ppijate kursuselt eemaldamist on kasulik vaadata l\u00e4bi tuutorite postitused ja sealt p\u00f5hjalikumad, pikemad ja olulisemad salvestada ning lisada need nt \u00f5ppijate eest peidetuna kursusele. J\u00e4rgmisel toimumisel saab neid siis kerge vaevaga vajadusel veidi muutes taaskasutada.<\/p>\n<p><img loading=\"lazy\" decoding=\"async\" width=\"150\" height=\"39\" class=\"alignnone wp-image-32\" src=\"https:\/\/sisu.ut.ee\/wp-content\/uploads\/sites\/170\/huvitav2.png\" title=\"huvitav2.png\" alt=\"huvitav2.png\"><\/p>\n<h5>MOOCi \u201cProgrammeerimisest maal\u00e4hedaselt\u201d l\u00f5pus salvestati videona virtuaalne l\u00f5putseremoonia\u00a0<br>(<a href=\"http:\/\/www.uttv.ee\/naita?id=21927\" target=\"_blank\" rel=\"noopener\">http:\/\/www.uttv.ee\/naita?id=21927<\/a>).<\/h5>\n<p><\/p><div class=\"ratio ratio-16x9 mb-3\"><div class=\"video-placeholder-wrapper video-placeholder-wrapper--16x9\">\n\t\t\t    <div class=\"video-placeholder d-flex justify-content-center align-items-center\">\n\t\t\t        <div class=\"overlay text-white p-2 w-100 text-center d-block justify-content-center align-items-center\">\n\t\t\t            <div>Kolmandate osapoolte sisu n\u00e4gemiseks palun n\u00f5ustu k\u00fcpsistega.<\/div>\n\t\t\t            <button class=\"btn btn-secondary btn-sm mt-1 consent-change\">Muuda n\u00f5usolekut<\/button>\n\t\t\t        <\/div>\n\t\t\t    <\/div>\n\t\t\t<\/div>\n<\/div>\n<h2>Tunnistuste v\u00e4ljastamine<\/h2>\n<p>Kui MOOCi l\u00f5petanutele v\u00e4ljastatakse tunnistused, kaasneb palju lisat\u00f6\u00f6d, eriti kui MOOCil on palju osalejaid ja l\u00f5petanuid.<\/p>\n<table class=\"table table-hover\" style=\"width: 90%\" border=\"0\" align=\"center\">\n<tbody>\n<tr>\n<td>\n<p><img loading=\"lazy\" decoding=\"async\" width=\"150\" height=\"39\" class=\"alignnone wp-image-32\" src=\"https:\/\/sisu.ut.ee\/wp-content\/uploads\/sites\/170\/huvitav2.png\" title=\"huvitav2.png\" alt=\"huvitav2.png\"><\/p>\n<h5>2016. aastal toimus T\u00dcs 15 MOOCi (11 programmi, millest neli toimusid kaks korda) 8001 osalejaga ja 4119 l\u00f5petanuga 128 riigist.<\/h5>\n<\/td>\n<\/tr>\n<\/tbody>\n<\/table>\n<p>Tunnistuste v\u00e4ljastamiseks peab olema kindel, et \u00f5ppijad on MOOCile registreerudes sisestanud oma \u00f5iged andmed ning kogu vajalik informatsioon on olemas. Vajadusel v\u00f5ib kursuse l\u00f5pus saata l\u00f5petanutele lisak\u00fcsimustiku, et nad esitaksid enda kohta t\u00e4ielikud ja korrektsed andmed, mis on olulised tunnistuse v\u00e4ljastamiseks. Eriti v\u00e4lismaalastest osalejate puhul v\u00f5ib olla problemiks see, et oma isikuandmeid tahetakse saladuses hoida v\u00f5i ei saada t\u00e4pselt aru, milliseid andmeid konkreetselt k\u00fcsitakse.<\/p>\n<p>Tunnistuste saatmisel postiga kaasnevad postikulud, mis pole suure l\u00f5petanute arvuga MOOCi puhul sugugi v\u00e4iksed. Kindlasti peab arvestama programmijuhi suure t\u00f6\u00f6j\u00f5ukuluga (protokolli tegemine, tunnistuste v\u00e4ljatr\u00fckkimine, tunnistuste allkirjastamine ja asutuse templi lisamine, tunnistuste postitamine).\u00a0<\/p>\n<table class=\"table table-hover\" style=\"width: 90%\" border=\"0\" align=\"center\">\n<tbody>\n<tr>\n<td>\n<p><img loading=\"lazy\" decoding=\"async\" width=\"150\" height=\"39\" class=\"alignnone wp-image-32\" src=\"https:\/\/sisu.ut.ee\/wp-content\/uploads\/sites\/170\/huvitav2.png\" title=\"huvitav2.png\" alt=\"huvitav2.png\"><\/p>\n<h5>T\u00dcs on olemas avatud juurdep\u00e4\u00e4suga mini-e-kursused, mille puhul saavad l\u00f5petanud elektroonilise t\u00f5endi.<\/h5>\n<h5>P\u00e4rast materjali l\u00e4bimist on v\u00f5imalik\u00a0 osalejal testida oma teadmisi. Testi sooritama asudes tuleb sisestada k\u00f5igepealt oma andmed ning seej\u00e4rel vastata k\u00fcsimustele. Kui vastaja saab testi eest 70 % maksimumpunktidest, siis kuvatakse talle nimeline elektrooniline t\u00f5end, mille saab endale salvestada ja\/v\u00f5i v\u00e4lja tr\u00fckkida ning see saadetakse sooritajale ka automaatselt e-postiga. Kui test esimesel katsel eba\u00f5nnestub, siis on v\u00f5imalik veelkord materjale lugeda ja test uuesti sooritada. Testi teistkordsel sooritamisel antakse vastamiseks osaliselt uued k\u00fcsimused.<\/h5>\n<h5>Vt n\u00e4iteks\u00a0<a href=\"http:\/\/etu.ut.ee\/tag\/minikursus\/\" target=\"_blank\" rel=\"noopener\">http:\/\/etu.ut.ee\/tag\/minikursus\/<\/a><\/h5>\n<h5>2016. aasta juunist v\u00e4ljastatab T\u00dc MOOCide digitunnistusi \u2013 l\u00f5petanule saadetakse e-kiri, milles on link tunnistuse failile, mida saab \u00fche aasta jooksul korduvalt endale alla laadida.<\/h5>\n<\/td>\n<\/tr>\n<\/tbody>\n<\/table>\n<p>Kui MOOC on loodud Moodle\u2019is ning \u00f5ppeasutus pole otsustanud l\u00f5petanutele v\u00e4ljastada ametlikke tunnistusi, siis on v\u00f5imalik l\u00f5petanutele anda Moodle\u2019i kursuse \u00f5pim\u00e4rk.<\/p>\n<h2>Kursuse parandamine<\/h2>\n<p>MOOCi toimumise ajal on oluline dokumenteerida kogemusi (nii edu kui ka tekkinud probleeme), et neid kursuse edasiseks arendamiseks kasutada. Samuti saab MOOCi parandada osalejatelt saadud tagasisidele tuginedes. Loomulikult ei pea ja ei saagi arvesse v\u00f5tta kogu kriitikat v\u00f5i k\u00f5iki soovitusi, kuid need tuleks kindlasti l\u00e4bi anal\u00fc\u00fcsida ja sealt k\u00f5ige olulisemad muudatuste tegemiseks v\u00e4lja valida. Protsessi ja otsuste talletamiseks on hea k\u00f5ik ettepanekud v\u00f5i enda m\u00e4rkused ja t\u00e4helepanekud \u00fchte faili kokku koondada ning lisada igale neist juurde kommentaar arvestamise v\u00f5i teostamise kohta.<\/p>\n","protected":false},"excerpt":{"rendered":"<p>Enne MOOCi ametlikku l\u00f5ppu tuleb teha kursusest kokkuv\u00f5te. Levinud on kokkuv\u00f5tva kirja kirjutamine kursuse foorumis, milles t\u00e4natakse osalejaid, palutakse neil anda kursuse kohta tagasisidet, jagatakse infot, millal v\u00e4ljastatakse tunnistused jms. Kui MOOC on loodud mingi \u00f5ppekava reklaamiks, siis on sobiv &#8230;<\/p>\n","protected":false},"author":6,"featured_media":0,"parent":0,"menu_order":0,"comment_status":"closed","ping_status":"closed","template":"","meta":{"_acf_changed":false,"inline_featured_image":false,"footnotes":""},"class_list":["post-24","page","type-page","status-publish","hentry"],"acf":[],"_links":{"self":[{"href":"https:\/\/sisu.ut.ee\/moocs\/wp-json\/wp\/v2\/pages\/24","targetHints":{"allow":["GET"]}}],"collection":[{"href":"https:\/\/sisu.ut.ee\/moocs\/wp-json\/wp\/v2\/pages"}],"about":[{"href":"https:\/\/sisu.ut.ee\/moocs\/wp-json\/wp\/v2\/types\/page"}],"author":[{"embeddable":true,"href":"https:\/\/sisu.ut.ee\/moocs\/wp-json\/wp\/v2\/users\/6"}],"replies":[{"embeddable":true,"href":"https:\/\/sisu.ut.ee\/moocs\/wp-json\/wp\/v2\/comments?post=24"}],"version-history":[{"count":1,"href":"https:\/\/sisu.ut.ee\/moocs\/wp-json\/wp\/v2\/pages\/24\/revisions"}],"predecessor-version":[{"id":60,"href":"https:\/\/sisu.ut.ee\/moocs\/wp-json\/wp\/v2\/pages\/24\/revisions\/60"}],"wp:attachment":[{"href":"https:\/\/sisu.ut.ee\/moocs\/wp-json\/wp\/v2\/media?parent=24"}],"curies":[{"name":"wp","href":"https:\/\/api.w.org\/{rel}","templated":true}]}}