{"id":22,"date":"2024-04-04T02:27:45","date_gmt":"2024-04-03T23:27:45","guid":{"rendered":"https:\/\/sisu.ut.ee\/moocs\/4-moodul\/"},"modified":"2024-04-04T02:27:51","modified_gmt":"2024-04-03T23:27:51","slug":"4-moodul","status":"publish","type":"page","link":"https:\/\/sisu.ut.ee\/moocs\/4-moodul\/","title":{"rendered":"4. moodul. MOOCi l\u00e4biviimine"},"content":{"rendered":"<p>Tavaliselt on MOOCid \u00fcles ehitatud nii, et neid on \u00f5ppijatel v\u00f5imalik suures osas ise l\u00e4bida ning tuutorite t\u00f6\u00f6maht on v\u00f5imalikult v\u00e4ike. Siiski ei tohi \u00f5ppej\u00f5udude\/tuutorite t\u00e4htsust MOOCi l\u00e4biviimisel alahinnata \u2013 ka siis ootab ees palju erinevaid tegevusi.<\/p>\n<p>MOOCide \u00f5ppeprotsess peab olema \u00f5ppijaid kaasav ning seda saab toetada l\u00e4bi j\u00e4rgmiste tegevuste:<\/p>\n<ul>\n<li>keskendutakse \u00f5piv\u00e4ljundite saavutamisele ning oskuste omandamisele simulatsioonide, probleemi-, projekti- ja juhtumip\u00f5hise \u00f5ppe kaudu;<\/li>\n<li>toetatakse \u00f5ppijate aktiivsust l\u00e4bi enesejuhitud ja omas tempos toimuva \u00f5ppimise, enesehindamise ning huvir\u00fchmade (huvide, keele, kultuuri, geograafilise asukoha vm tunnuse j\u00e4rgi) moodustamise;<\/li>\n<li>kursusel esitatakse selged \u00f5pijuhised, tegevuskava ja soovitatav ajakava, \u00fcksikasjalikud \u00fclesannete kirjeldused ning hindamiskriteeriumid;<\/li>\n<li>korraldatakse r\u00fchmat\u00f6id ja foorumiarutelusid;<\/li>\n<li>soodustatakse \u00f5ppijate koost\u00f6\u00f6d, sotsiaalmeedia (nt Twitteri # m\u00e4rgend), sotsiaalsete j\u00e4rjehoidjate jms kasutamist;<\/li>\n<li>suunatakse \u00f5ppijaid \u00fcksteist toetama, kaas\u00f5ppijatele tagasisidet andma, julgustatakse \u00f5ppijaid \u00fcksteisega suhtlema ja \u00fcksteist abistama ning huvigruppides arutlema;<\/li>\n<li>kaasatakse \u00f5ppijaid uue sisu loomisse v\u00f5i selle valimisse;<\/li>\n<li>kaasatakse \u00f5ppijaid kaaslaste hindamisse ja tagasisidestamisse kasutades kursusel refleksiooni, enesehindamist ja kaaslaste hindamist, pakkudes selleks hindamisjuhiseid ja -maatrikseid;<\/li>\n<li>pakutakse kursusel interaktiivset ja audiovisuaalset sisu.<\/li>\n<\/ul>\n<h2><span>Kasutatud allikad: <\/span><\/h2>\n<ul>\n<li>Gu\u00e0rdia, L., Maina, M., Sangr\u00e0, A. (2013). MOOC Design Principles. A Pedagogical Approach from the Learner\u2019s Perspective. In: eLearning Papers, 33, 1-6. <a style=\"background-color: #ffffff\" href=\"http:\/\/www.openeducationeuropa.eu\/en\/download\/file\/fid\/27126\" target=\"_blank\" rel=\"noopener\">http:\/\/www.openeducationeuropa.eu\/en\/download\/file\/fid\/27126<\/a><\/li>\n<\/ul>\n","protected":false},"excerpt":{"rendered":"<p>Tavaliselt on MOOCid \u00fcles ehitatud nii, et neid on \u00f5ppijatel v\u00f5imalik suures osas ise l\u00e4bida ning tuutorite t\u00f6\u00f6maht on v\u00f5imalikult v\u00e4ike. Siiski ei tohi \u00f5ppej\u00f5udude\/tuutorite t\u00e4htsust MOOCi l\u00e4biviimisel alahinnata \u2013 ka siis ootab ees palju erinevaid tegevusi. MOOCide \u00f5ppeprotsess peab &#8230;<\/p>\n","protected":false},"author":6,"featured_media":0,"parent":0,"menu_order":0,"comment_status":"closed","ping_status":"closed","template":"","meta":{"_acf_changed":false,"inline_featured_image":false,"footnotes":""},"class_list":["post-22","page","type-page","status-publish","hentry"],"acf":[],"_links":{"self":[{"href":"https:\/\/sisu.ut.ee\/moocs\/wp-json\/wp\/v2\/pages\/22","targetHints":{"allow":["GET"]}}],"collection":[{"href":"https:\/\/sisu.ut.ee\/moocs\/wp-json\/wp\/v2\/pages"}],"about":[{"href":"https:\/\/sisu.ut.ee\/moocs\/wp-json\/wp\/v2\/types\/page"}],"author":[{"embeddable":true,"href":"https:\/\/sisu.ut.ee\/moocs\/wp-json\/wp\/v2\/users\/6"}],"replies":[{"embeddable":true,"href":"https:\/\/sisu.ut.ee\/moocs\/wp-json\/wp\/v2\/comments?post=22"}],"version-history":[{"count":1,"href":"https:\/\/sisu.ut.ee\/moocs\/wp-json\/wp\/v2\/pages\/22\/revisions"}],"predecessor-version":[{"id":58,"href":"https:\/\/sisu.ut.ee\/moocs\/wp-json\/wp\/v2\/pages\/22\/revisions\/58"}],"wp:attachment":[{"href":"https:\/\/sisu.ut.ee\/moocs\/wp-json\/wp\/v2\/media?parent=22"}],"curies":[{"name":"wp","href":"https:\/\/api.w.org\/{rel}","templated":true}]}}