{"id":21,"date":"2024-04-04T02:27:45","date_gmt":"2024-04-03T23:27:45","guid":{"rendered":"https:\/\/sisu.ut.ee\/moocs\/27-reklaamimine\/"},"modified":"2024-04-09T21:41:41","modified_gmt":"2024-04-09T18:41:41","slug":"27-reklaamimine","status":"publish","type":"page","link":"https:\/\/sisu.ut.ee\/moocs\/27-reklaamimine\/","title":{"rendered":"2.8. Reklaamimine"},"content":{"rendered":"<p>MOOCe luues tuleb planeerida, kuidas hakkab toimuma nende reklaamimine ehk kuidas j\u00f5uab info potentsiaalse sihtr\u00fchmani.<\/p>\n<p>P\u00f5hilised reklaamikanalid on listid, (sotsiaal)meedia ning MOOCide portaalid, kuhu on koondatud kokku erinevate riikide erinevate \u00f5ppeasutuste (peamiselt k\u00f5rgkoolide) poolt pakutavate MOOCide info.<\/p>\n<table class=\"table table-hover\" style=\"width: 90%;\" border=\"0\" align=\"center\">\n<tbody>\n<tr>\n<td><img loading=\"lazy\" decoding=\"async\" width=\"150\" height=\"39\" class=\"alignnone wp-image-32\" title=\"huvitav2.png\" src=\"https:\/\/sisu.ut.ee\/wp-content\/uploads\/sites\/170\/huvitav2.png\" alt=\"huvitav2.png\">\n<h5>T\u00dc l\u00e4htub p\u00f5him\u00f5tetest, et MOOCe reklaamitakse vastavalt t\u00e4iendus\u00f5ppeprogrammide reklaamimise p\u00f5him\u00f5tetele. MOOCide reklaamimisel pakuvad akadeemilistele struktuuri\u00fcksustele tuge kesksed tugistruktuuri\u00fcksused, mis vastutavad taseme\u00f5ppe \u00f5ppekavade ja t\u00e4iendus\u00f5ppekursuste reklaamimise eest: turundus- ja kommunikatsiooniosakond ning elukestva \u00f5ppe keskus.<\/h5>\n<h5>MOOCide paremaks reklaamimiseks on loodud keelevahetusv\u00f5imalusega (eesti ja inglise keel) MOOCide nimekiri\u00a0<a href=\"http:\/\/moocs.ut.ee\" target=\"_blank\" rel=\"noopener\">http:\/\/moocs.ut.ee<\/a>, mille viide on toodud ka T\u00dc ingliskeelse veebilehe avalehe slaideris, vt\u00a0<a href=\"https:\/\/www.ut.ee\/en\" target=\"_blank\" rel=\"noopener\">https:\/\/www.ut.ee\/en<\/a>. MOOCide nimekirjast saab jooksvalt infot T\u00dc k\u00f5ikide MOOCide olemasolu, toimumisaja, mahu, registreerumisinfo jm kohta ning samuti on toodud lingid MOOCide \u00f5ppematerjalidele ja\/v\u00f5i kursusele (v\u00f5imalus vaadata k\u00fclalisena).<\/h5>\n<\/td>\n<\/tr>\n<\/tbody>\n<\/table>\n<p>Soovitatav on, et MOOCi v\u00e4lja t\u00f6\u00f6tanud struktuuri\u00fcksus levitab MOOCi puudutavat infot erialaliitudes ja organisatsioonides, sh rahvusvahelistes erialaliitudes ja organisatsioonides.<\/p>\n<h3>Rahvusvahelised portaalid MOOCide reklaamimiseks<\/h3>\n<p>Ingliskeelsete MOOCide oluliseks reklaamikanaliks on rahvusvahelised portaalid, mis koondavad infot erinevate riikide erinevate \u00f5ppeasutuste MOOCide kohta.<\/p>\n<ul>\n<li>Open Education Europe \u2013 <a style=\"background-color: #ffffff;\" href=\"http:\/\/openeducationeuropa.eu\" target=\"_blank\" rel=\"noopener\">http:\/\/openeducationeuropa.eu<\/a><\/li>\n<li>MOOC List \u2013 <a style=\"background-color: #ffffff;\" href=\"https:\/\/www.mooc-list.com\/\" target=\"_blank\" rel=\"noopener\">https:\/\/www.mooc-list.com\/<\/a><\/li>\n<\/ul>\n","protected":false},"excerpt":{"rendered":"<p>MOOCe luues tuleb planeerida, kuidas hakkab toimuma nende reklaamimine ehk kuidas j\u00f5uab info potentsiaalse sihtr\u00fchmani. P\u00f5hilised reklaamikanalid on listid, (sotsiaal)meedia ning MOOCide portaalid, kuhu on koondatud kokku erinevate riikide erinevate \u00f5ppeasutuste (peamiselt k\u00f5rgkoolide) poolt pakutavate MOOCide info. T\u00dc l\u00e4htub p\u00f5him\u00f5tetest, &#8230;<\/p>\n","protected":false},"author":6,"featured_media":0,"parent":0,"menu_order":0,"comment_status":"closed","ping_status":"closed","template":"","meta":{"_acf_changed":false,"inline_featured_image":false,"footnotes":""},"class_list":["post-21","page","type-page","status-publish","hentry"],"acf":[],"_links":{"self":[{"href":"https:\/\/sisu.ut.ee\/moocs\/wp-json\/wp\/v2\/pages\/21","targetHints":{"allow":["GET"]}}],"collection":[{"href":"https:\/\/sisu.ut.ee\/moocs\/wp-json\/wp\/v2\/pages"}],"about":[{"href":"https:\/\/sisu.ut.ee\/moocs\/wp-json\/wp\/v2\/types\/page"}],"author":[{"embeddable":true,"href":"https:\/\/sisu.ut.ee\/moocs\/wp-json\/wp\/v2\/users\/6"}],"replies":[{"embeddable":true,"href":"https:\/\/sisu.ut.ee\/moocs\/wp-json\/wp\/v2\/comments?post=21"}],"version-history":[{"count":2,"href":"https:\/\/sisu.ut.ee\/moocs\/wp-json\/wp\/v2\/pages\/21\/revisions"}],"predecessor-version":[{"id":130,"href":"https:\/\/sisu.ut.ee\/moocs\/wp-json\/wp\/v2\/pages\/21\/revisions\/130"}],"wp:attachment":[{"href":"https:\/\/sisu.ut.ee\/moocs\/wp-json\/wp\/v2\/media?parent=21"}],"curies":[{"name":"wp","href":"https:\/\/api.w.org\/{rel}","templated":true}]}}