{"id":20,"date":"2024-04-04T02:27:44","date_gmt":"2024-04-03T23:27:44","guid":{"rendered":"https:\/\/sisu.ut.ee\/moocs\/26-autorioigused\/"},"modified":"2024-04-04T02:27:51","modified_gmt":"2024-04-03T23:27:51","slug":"26-autorioigused","status":"publish","type":"page","link":"https:\/\/sisu.ut.ee\/moocs\/26-autorioigused\/","title":{"rendered":"2.7. Autori\u00f5igused"},"content":{"rendered":"<p><span data-mce-mark=\"1\"><\/span><\/p>\n<p><span data-mce-mark=\"1\">MOOCi loomisel tuleb silmas pidada, et:<\/span><\/p>\n<p><span data-mce-mark=\"1\"><\/span><\/p>\n<ol>\n<li>esitatakse info MOOCi ja selle \u00f5ppematerjalide autorite kohta;<\/li>\n<li>viidatakse korrektselt teiste autorite teostele, mida materjalide loomisel kasutatakse (tekstid, pildid, videod);<\/li>\n<li>teiste autorite teoste kasutamisel v\u00f5etakse arvesse nende litsentsitingimusi (nt kui teiste autorite teoseid soovitakse kasutada viisil, mida nende litsentsitingimused ei luba, siis tuleb hankida vajalikud kasutusload nende teoste varaliste \u00f5iguste omanikelt);<\/li>\n<li>m\u00e4\u00e4ratakse kindlaks, kuidas teised kasutajad MOOCi ja selle jaoks loodud \u00f5ppematerjale kasutada v\u00f5ivad ning kas materjale tohib muuta.<\/li>\n<\/ol>\n<p><span data-mce-mark=\"1\"><\/span><\/p>\n<p><span data-mce-mark=\"1\"><\/span><\/p>\n<p><span data-mce-mark=\"1\"><\/span><\/p>\n<p><span data-mce-mark=\"1\">Ka videoloengus kasutatud (nt slaididel) teiste autorite teoste kasutamistingimustega tuleb kindlasti arvestada ja neile viidata.<\/span>\u00a0<\/p>\n<p><span data-mce-mark=\"1\"><\/span><\/p>\n<table class=\"table table-hover\" style=\"width: 90%\" border=\"0\" align=\"center\">\n<tbody>\n<tr>\n<td>\n<p><img loading=\"lazy\" decoding=\"async\" width=\"150\" height=\"39\" class=\"alignnone wp-image-29\" src=\"https:\/\/sisu.ut.ee\/wp-content\/uploads\/sites\/170\/kasulik.png\" title=\"kasulik.png\" alt=\"kasulik.png\"><\/p>\n<h5>Tartu \u00dclikoolis on loodud dokument \u201cAutori\u00f5iguste j\u00e4rgimine e-kursuste ja digitaalsete \u00f5ppematerjalide koostamisel\u201d. Tegemist on autori\u00f5iguse seadusest (Aut\u00d5S) tulenevate n\u00f5uete (k\u00e4esolevas tekstis viidatud Aut\u00d5S vastavale peat\u00fckile) ning soovitustega, mis abistavad e-kursusi ja digitaalseid \u00f5ppematerjale koostavaid \u00f5ppej\u00f5udude\/\u00f5petajaid:\u00a0<br><a href=\"http:\/\/www.ut.ee\/sites\/default\/files\/www_ut\/oppimine\/autorioigused_pohimotted_1.pdf\" target=\"_blank\" rel=\"noopener\">http:\/\/www.ut.ee\/sites\/default\/files\/www_ut\/oppimine\/autorioigused_pohimotted_1.pdf<\/a><\/h5>\n<\/td>\n<\/tr>\n<\/tbody>\n<\/table>\n<p><span data-mce-mark=\"1\"><\/span><\/p>\n<p>Seega, isegi kui loote MOOCi jaoks originaalmaterjalid, tuleb m\u00f5elda autori\u00f5iguste peale \u2013 kuidas \u00f5ppijad, kolleegid, teie t\u00f6\u00f6andja v\u00f5ivad neid materjale edasi kasutada. Kui aga plaanite MOOCi lisada teiste autorite loodud materjale, peate kindlasti veenduma, millistel tingimustel te seda teha v\u00f5ite.<\/p>\n<p><span data-mce-mark=\"1\">Kuna MOOCi nimes olev <em>Open<\/em>\u00a0t\u00e4hendab nii avatust k\u00f5igile \u00f5ppijatele kui ka \u00f5ppematerjalide avatust, on soovitatav anda MOOCi materjalid vabaks kasutamiseks: kopeerimiseks, levitamiseks, muutmiseks. Selle kinnitamiseks lisatakse materjalidele CC (Creative Commons) litsents (<a href=\"http:\/\/creativecommons.org\" target=\"_blank\" rel=\"noopener\">http:\/\/creativecommons.org<\/a>). Eestikeelsed seletused erinevate litsentside kohta on koondatud voldikusse\u00a0<a href=\"http:\/\/issuu.com\/e-ope.ee\/docs\/cc_voldik?e=0\/5603019\" target=\"_blank\" rel=\"noopener\">http:\/\/issuu.com\/e-ope.ee\/docs\/cc_voldik?e=0\/5603019<\/a>. Loomulikult on iga MOOCi autori ja pakkuja otsustada, millistel tingimustel tema materjale kasutada v\u00f5ib. Enamike MOOCide materjalid pole t\u00e4iesti vabaks kasutamiseks.<\/span><\/p>\n<table class=\"table table-hover\" style=\"width: 90%\" border=\"0\" align=\"center\">\n<tbody>\n<tr>\n<td>\n<p><img loading=\"lazy\" decoding=\"async\" width=\"150\" height=\"39\" class=\"alignnone wp-image-32\" src=\"https:\/\/sisu.ut.ee\/wp-content\/uploads\/sites\/170\/huvitav2.png\" title=\"huvitav2.png\" alt=\"huvitav2.png\"><\/p>\n<h5>T\u00dc p\u00f5him\u00f5tted MOOCi varaliste \u00f5iguste kohta on j\u00e4rgmised:<\/h5>\n<h5><span id=\"docs-internal-guid-17e05e38-9fa3-30e8-4eec-158583084b44\" data-mce-mark=\"1\"><span data-mce-mark=\"1\"><\/span><span data-mce-mark=\"1\">Vaba juurdep\u00e4\u00e4suga e-kursuse v\u00e4lja t\u00f6\u00f6tanud struktuuri\u00fcksuse juht tagab, et autori varalised \u00f5igused e-kursusele kuuluksid \u00fclikoolile. Kui \u00f5ppematerjalide v\u00e4ljat\u00f6\u00f6tamine ei ole autori t\u00f6\u00f6lepingu j\u00e4rgne \u00fclesanne, siis tagab e-kursuse v\u00e4lja t\u00f6\u00f6tanud struktuuri\u00fcksuse juht, et autoriga s\u00f5lmitakse autorileping, kus lepitakse kokku autori varaliste \u00f5iguste \u00fclikoolile loovutamine. Vajaduse korral lepitakse e-kursuse autoriga kokku ka autori isiklike \u00f5iguste litsentseerimine \u00fclikoolile.<\/span><\/span><\/h5>\n<\/td>\n<\/tr>\n<\/tbody>\n<\/table>\n<p>Pildimaterjale on k\u00f5ige lihtsam leida vastavatest portaalidest, nt:<\/p>\n<ul>\n<li>Pixabay (<a style=\"background-color: #ffffff\" href=\"https:\/\/pixabay.com\/\" target=\"_blank\" rel=\"noopener\">https:\/\/pixabay.com\/<\/a>)\u00a0<\/li>\n<li>Flickr (<a style=\"background-color: #ffffff\" href=\"https:\/\/www.flickr.com\/creativecommons\" target=\"_blank\" rel=\"noopener\">https:\/\/www.flickr.com\/creativecommons<\/a>)<\/li>\n<li>The British Library (<a href=\"https:\/\/www.flickr.com\/photos\/britishlibrary\/albums\" target=\"_blank\" rel=\"noopener\">https:\/\/www.flickr.com\/photos\/britishlibrary\/albums<\/a>)<\/li>\n<li>Wikimedia Commons (<a href=\"https:\/\/commons.wikimedia.org\/wiki\/Main_Page\" target=\"_blank\" rel=\"noopener\">https:\/\/commons.wikimedia.org\/wiki\/Main_Page<\/a>)<\/li>\n<li>Stockvault (<a href=\"http:\/\/www.stockvault.net\/\" target=\"_blank\" rel=\"noopener\">http:\/\/www.stockvault.net\/<\/a>)<\/li>\n<li>Morguefile (<a href=\"http:\/\/morguefile.com\/\" target=\"_blank\" rel=\"noopener\">http:\/\/morguefile.com\/<\/a>)<\/li>\n<li>CSIRO images (<a href=\"http:\/\/scienceimage.csiro.au\/\" target=\"_blank\" rel=\"noopener\">http:\/\/scienceimage.csiro.au\/<\/a>)\u00a0<\/li>\n<li>Free digital photos (<a href=\"http:\/\/www.freedigitalphotos.net\/\" target=\"_blank\" rel=\"noopener\">http:\/\/www.freedigitalphotos.net\/<\/a>)\u00a0<\/li>\n<\/ul>\n<p>Kuid isegi siis tuleb l\u00e4htuda iga konkreetse pildi kasutamistingimustest.<\/p>\n<p><span data-mce-mark=\"1\"><span data-mce-mark=\"1\">Videosid otsitakse tavaliselt YouTubest (<a href=\"http:\/\/youtube.com\" target=\"_blank\" rel=\"noopener\">http:\/\/youtube.com<\/a>), kus enamik klippe on YouTube tavalitsentsiga, mis lubab kasutada, esitada, levitada. Kui videole on lisatud CC litsents, v\u00f5ib videot ka endale salvestada ja monteerida. CC litsentsidega videoklippe pakub ka eelpool toodud\u00a0<\/span><\/span>Pixabay (<a style=\"background-color: #ffffff\" href=\"https:\/\/pixabay.com\/\" target=\"_blank\" rel=\"noopener\">https:\/\/pixabay.com\/<\/a>).\u00a0<\/p>\n<p><span data-mce-mark=\"1\"><span data-mce-mark=\"1\">Audioklippe leiab nt portaalist Free Music Archive (<a href=\"https:\/\/freemusicarchive.org\/search\/\" target=\"_blank\" rel=\"noopener\">http:\/\/freemusicarchive.org\/<\/a>) ja Bensound (<a href=\"http:\/\/www.bensound.com\/royalty-free-music\" target=\"_blank\" rel=\"noopener\">http:\/\/www.bensound.com\/royalty-free-music<\/a>).<\/span><\/span><\/p>\n<h2><span data-mce-mark=\"1\"><span data-mce-mark=\"1\">Kasutatud allikad:<\/span><\/span><\/h2>\n<ul>\n<li>Copyright and Coursera courses: Free-to-use materials.\u00a0<a href=\"http:\/\/guides.is.uwa.edu.au\/c.php?g=325381&amp;p=2177043\" target=\"_blank\" rel=\"noopener\">http:\/\/guides.is.uwa.edu.au\/c.php?g=325381&amp;p=2177043<\/a><\/li>\n<li>Vollmer, T. (2012).\u00a0MOOCs trend towards open enrollment, not licensing. <a href=\"https:\/\/opensource.com\/life\/12\/11\/keeping-moocs-open\" target=\"_blank\" rel=\"noopener\">https:\/\/opensource.com\/life\/12\/11\/keeping-moocs-open<\/a><\/li>\n<\/ul>\n","protected":false},"excerpt":{"rendered":"<p>MOOCi loomisel tuleb silmas pidada, et: esitatakse info MOOCi ja selle \u00f5ppematerjalide autorite kohta; viidatakse korrektselt teiste autorite teostele, mida materjalide loomisel kasutatakse (tekstid, pildid, videod); teiste autorite teoste kasutamisel v\u00f5etakse arvesse nende litsentsitingimusi (nt kui teiste autorite teoseid soovitakse &#8230;<\/p>\n","protected":false},"author":6,"featured_media":0,"parent":0,"menu_order":0,"comment_status":"closed","ping_status":"closed","template":"","meta":{"_acf_changed":false,"inline_featured_image":false,"footnotes":""},"class_list":["post-20","page","type-page","status-publish","hentry"],"acf":[],"_links":{"self":[{"href":"https:\/\/sisu.ut.ee\/moocs\/wp-json\/wp\/v2\/pages\/20","targetHints":{"allow":["GET"]}}],"collection":[{"href":"https:\/\/sisu.ut.ee\/moocs\/wp-json\/wp\/v2\/pages"}],"about":[{"href":"https:\/\/sisu.ut.ee\/moocs\/wp-json\/wp\/v2\/types\/page"}],"author":[{"embeddable":true,"href":"https:\/\/sisu.ut.ee\/moocs\/wp-json\/wp\/v2\/users\/6"}],"replies":[{"embeddable":true,"href":"https:\/\/sisu.ut.ee\/moocs\/wp-json\/wp\/v2\/comments?post=20"}],"version-history":[{"count":1,"href":"https:\/\/sisu.ut.ee\/moocs\/wp-json\/wp\/v2\/pages\/20\/revisions"}],"predecessor-version":[{"id":79,"href":"https:\/\/sisu.ut.ee\/moocs\/wp-json\/wp\/v2\/pages\/20\/revisions\/79"}],"wp:attachment":[{"href":"https:\/\/sisu.ut.ee\/moocs\/wp-json\/wp\/v2\/media?parent=20"}],"curies":[{"name":"wp","href":"https:\/\/api.w.org\/{rel}","templated":true}]}}