{"id":19,"date":"2024-04-04T02:27:44","date_gmt":"2024-04-03T23:27:44","guid":{"rendered":"https:\/\/sisu.ut.ee\/moocs\/25-opikeskkond\/"},"modified":"2024-04-04T02:27:51","modified_gmt":"2024-04-03T23:27:51","slug":"25-opikeskkond","status":"publish","type":"page","link":"https:\/\/sisu.ut.ee\/moocs\/25-opikeskkond\/","title":{"rendered":"2.5. \u00d5pikeskkond"},"content":{"rendered":"<p>MOOCi loomiseks ja l\u00e4biviimiseks on vaja leida sobivad keskkonnad \u2013 sisu, \u00f5ppeprotsessi ja \u00f5ppijate haldamiseks. Oluline, et \u00f5pikeskkonnas olevale MOOCile sisenevad osalejad autentitud kasutajatena ning kursusel on lisaks sisu edastamise vahenditele suhtlemise vahendid, vahendid \u00f5ppijate hindamiseks ning hinnete haldamiseks. Keskkond m\u00e4\u00e4rab \u00e4ra tehnilised v\u00f5imalused ja ka n\u00f5udmised, millega tuleb sisu loomisel ja kursuse l\u00e4biviimisel arvestada. Potentsiaalne kasutatav \u00f5pikeskkond tuleks eelnevalt endal l\u00e4bi testida, valides kasutamiseks v\u00f5imalikult v\u00e4he ja tavap\u00e4raseid tehnoloogilisi vahendeid, et erinevate oskuste ja kogemustega \u00f5ppijad MOOCil osalemisega h\u00e4tta ei j\u00e4\u00e4ks. Vajadusel tuleb otsida lisav\u00f5imalusi nt suhtlemiseks, materjalide esitamiseks v\u00f5i \u00f5ppijate hindamiseks. Oluline, et samade tegevuste jaoks kasutataks terve kursuse piires samasid tehnilisi vahendeid ja samasid keskkondi.\u00a0\u00d5ppematerjalid v\u00f5ivad olla avalike sisupakettidena igas veebilehek\u00fclgede loomise keskkonnas.\u00a0<\/p>\n<h2>Veebilehestike loomise keskkonnad<\/h2>\n<ul>\n<li>Weebly (<a href=\"http:\/\/weebly.com\/\" target=\"_blank\" rel=\"noopener\">http:\/\/weebly.com\/<\/a>) p\u00f5hiv\u00f5imalused on tasuta (ja enamasti sellest ka piisab), kuid juba n\u00e4iteks keskkonna logo eemaldamiseks tuleks tasuda 7 eurot kuus.<\/li>\n<li>Google Sites (<a style=\"background-color: #ffffff\" href=\"http:\/\/sites.google.com\/\" target=\"_blank\" rel=\"noopener\">http:\/\/sites.google.com\/<\/a>) keskkonda on juurdep\u00e4\u00e4s olemas k\u00f5igil\u00a0Google\u2019i konto omanikel.<\/li>\n<li>ZOHO (<a href=\"https:\/\/www.zoho.com\/\" target=\"_blank\" rel=\"noopener\">https:\/\/www.zoho.com\/<\/a>) keskkonnas tuleb samuti maksta vaid lisav\u00f5imaluste eest.<\/li>\n<li>WordPress (<a href=\"https:\/\/en.wordpress.com\/\" target=\"_blank\" rel=\"noopener\">https:\/\/en.wordpress.com\/<\/a>) keskkonda v\u00f5ib kasutada nende serveris v\u00f5i installeerida kooli serverisse.<\/li>\n<li>VOOG (<a style=\"background-color: #ffffff\" href=\"http:\/\/www.edicy.com\/\" target=\"_blank\" rel=\"noopener\">http:\/\/www.edicy.com\/<\/a>) on eestikeelne keskkond, mis pakub 30 p\u00e4evaks tasuta proovimisaega, kuid p\u00e4rast seda tuleb tasuda\u00a08 kuni 14 eurot kuus.<\/li>\n<li>Sisu@ut.ee (<a href=\"http:\/\/sisu.ut.ee\" target=\"_blank\" rel=\"noopener\">http:\/\/sisu.ut.ee<\/a>) on Tartu \u00dclikooli veebilehestike loomise keskkond, mis on v\u00e4ljastpoolt \u00fclikooli kasutavatele inimestele tasuline.<\/li>\n<\/ul>\n<h2>Rahvusvahelised tasulised MOOCide keskkonnad<\/h2>\n<p>Rahvusvaheliselt tuntud MOOCide keskkondade kasutamiseks (nt <a href=\"https:\/\/www.coursera.org\/\" target=\"_blank\" rel=\"noopener\">Coursera<\/a>\u00a0\u2013\u00a0<a href=\"https:\/\/www.coursera.org\/\" target=\"_blank\" rel=\"noopener\">https:\/\/www.coursera.org\/<\/a> ja\u00a0<span data-mce-mark=\"1\">edX \u2013\u00a0<a href=\"https:\/\/www.edx.org\/\" target=\"_blank\" rel=\"noopener\">https:\/\/www.edx.org\/<\/a><\/span>) peab \u00f5ppeasutus \u00fcldjuhul olema vastava konsortsiumi liige ning omama \u00f5igust \u00f5pikeskkonda kasutada. Konsortsiumi liikmeks on raske saada ning see on liikmesk\u00f5rgkooli jaoks kulukas.<\/p>\n<h2><span data-mce-mark=\"1\">Rahvusvahelised tasuta MOOCide keskkonnad<\/span><\/h2>\n<ul>\n<li>EMMA\u00a0keskkonnas (<a style=\"background-color: #ffffff\" href=\"http:\/\/platform.europeanmoocs.eu\/\" target=\"_blank\" rel=\"noopener\">http:\/\/platform.europeanmoocs.eu\/<\/a>) saab kursuse pakkuja taotleda \u00f5igust tasuta EMMA kasutamiseks. Sooviavaldusi sai selleks esitada 2016. aasta 30. maini \u00a0(vt\u00a0<a style=\"background-color: #ffffff\" href=\"http:\/\/project.europeanmoocs.eu\/call-to-action-run-your-mooc-on-emma-for-free\/\" target=\"_blank\" rel=\"noopener\">http:\/\/project.europeanmoocs.eu\/call-to-action-run-your-mooc-on-emma-for-free\/<\/a>).\u00a0EMMA toimib kahel peamisel viisil: Euroopa \u00fclikoolide kursuste majutuss\u00fcsteemi agregaatorina ning s\u00fcsteemina, mille abil \u00f5ppijad saavad ise endale EMMA MOOCide moodulite baasil kursusi kokku panna. Sissehitatud t\u00f5lkes\u00fcsteemi kaudu on v\u00f5imalik pakkuda mitmekeelseid kursusi. Projektip\u00f5histe initsiatiivide (nagu on ka EMMA) kasuks otsustamisel on ohuks projekti j\u00e4rkusuutlikkus p\u00e4rast rahastamise l\u00f5ppu.<\/li>\n<li>Eliademi (<a style=\"background-color: #ffffff\" href=\"https:\/\/eliademy.com\/\" target=\"_blank\" rel=\"noopener\">https:\/\/eliademy.com\/<\/a>) keskkonnas tasuta versiooniga loodud e-kursused on avalikud k\u00f5igile. Privaatsete kursuste jaoks tuleb tasuda 1 euro \u00f5ppija kohta ning disaineri tasu 5 eurot kuus.\u00a0<\/li>\n<li>Edge (<a style=\"background-color: #ffffff\" href=\"https:\/\/edge.edx.org\/\" target=\"_blank\" rel=\"noopener\">https:\/\/edge.edx.org<\/a>) keskkonnas loodud\u00a0kursused ei kajastu edXi p\u00f5hilehel ega pole leitavad otsingumootoritega.\u00a0<\/li>\n<\/ul>\n<h2>Oma \u00f5ppeasutuses kasutusel oleva \u00f5pikeskkonna kasutamine<\/h2>\n<table class=\"table table-hover\" style=\"width: 90%\" border=\"0\" align=\"center\">\n<tbody>\n<tr>\n<td>\n<p><img loading=\"lazy\" decoding=\"async\" width=\"150\" height=\"39\" class=\"alignnone wp-image-32\" src=\"https:\/\/sisu.ut.ee\/wp-content\/uploads\/sites\/170\/huvitav2.png\" title=\"huvitav2.png\" alt=\"huvitav2.png\"><\/p>\n<h5>Kui T\u00dc hakkas 2012. a. l\u00f5pus planeerima MOOCide loomist, anal\u00fc\u00fcsiti, millist \u00f5pikeskkonda on v\u00f5imalik ja otstarbekas kasutada. Rahvusvaheliste initsiatiividega (Coursera, edX) liitumine osutus kalliks ning samuti ei \u00f5nnestunud nende konsortsiumide liikmeks astuda (pandi ootej\u00e4rjekorda).<\/h5>\n<h5>Ressursside kokkuhoiu eesm\u00e4rgil otsustati, et MOOCid luuakse T\u00dc Sisu@UT (<a href=\"http:\/\/sisu.ut.ee\" target=\"_blank\" rel=\"noopener\">http:\/\/sisu.ut.ee<\/a>) ja Moodle\u2019i (<a href=\"http:\/\/moodle.ut.ee\" target=\"_blank\" rel=\"noopener\">http:\/\/moodle.ut.ee<\/a>) \u00f5pikeskkonnas ehk samades \u00f5pikeskkondades, mida kasutatakse e-kursuste loomiseks \u00fclikooli \u00a0\u00f5ppet\u00f6\u00f6 tarbeks nii taseme- ja t\u00e4iendus\u00f5ppes.<\/h5>\n<\/td>\n<\/tr>\n<\/tbody>\n<\/table>\n<p>Enda \u00f5ppeasutuse \u00f5pikeskkondade kasutamise eelis on see, et\u00a0puudub MOOCide loomiseks ja l\u00e4biviimiseks t\u00e4iendava tehnilise ressursi vajadus, sest antud keskkondi arendatakse ning osalejatele pakutakse toetust olemasoleva infrasturktuuri ning t\u00f6\u00f6j\u00f5uressursside raames.<\/p>\n<p>Teiseks on kursuste loojad \u00f5pikeskkonnaga varasemalt juba tuttavad ning omavad kogemusi e-kursuste loomisel ja l\u00e4biviimisel vastavas keskkonnas. Samuti on v\u00f5imalik kasutada kooli haridustehnoloogi abi.<\/p>\n<p><span data-mce-mark=\"1\">Kolmas eelis on see, et kuna paljud eestikeelsetel MOOCidel osalejad tulevad suure t\u00f5en\u00e4osusega kunagi \u00f5ppima \u00fclikooli taseme- v\u00f5i t\u00e4iendus\u00f5ppesse, siis saavad nad \u00fclikooli Moodle\u2019i kasutamise kogemuse juba enne \u00f5pingute alustamist ning \u00f5pingute ajal on selle v\u00f5rra lihtsam.<\/span><\/p>\n<p><span data-mce-mark=\"1\"><\/span>Oma \u00f5ppeasutuse \u00f5pikeskkonna kasutamisel MOOCide loomiseks tuleb m\u00f5elda, kuidas \u00f5ppijad MOOCil osalejaks registreeruda saavad. Kui iga soovija saab endale ise luua kasutajatunnuse, siis see pole tavaliselt seotud tema isikukoodi v\u00f5i s\u00fcnniajaga ning isikuandmed ei pruugi olla t\u00e4psed, mis saab takistuseks kursuse edukal l\u00f5petamisel tunnistuse v\u00e4ljastamisele. \u00a0<\/p>\n<table class=\"table table-hover\" style=\"width: 90%\" border=\"0\" align=\"center\">\n<tbody>\n<tr>\n<td>\n<p><img loading=\"lazy\" decoding=\"async\" width=\"150\" height=\"39\" class=\"alignnone wp-image-32\" src=\"https:\/\/sisu.ut.ee\/wp-content\/uploads\/sites\/170\/huvitav2.png\" title=\"huvitav2.png\" alt=\"huvitav2.png\"><\/p>\n<h5>T\u00dc MOOCidel osalejad saavad registreeruda MOOCile \u00fclikooli \u00f5ppeinfos\u00fcsteemi (\u00d5IS) t\u00e4iendus\u00f5ppemoodulis isikuandmete alusel (isikukood ning v\u00e4lismaiste \u00f5ppijate puhul riik ja s\u00fcnniaeg). \u00d5ISist saadetakse registreerunud \u00fche klikiga Moodle\u2019i vastavale kursusele. Osalejatele luuakse automaatselt Moodle\u2019i kasutajatunnused ja edastatakse need e-postiga.<\/h5>\n<\/td>\n<\/tr>\n<\/tbody>\n<\/table>\n<p>Isegi automaatset registreerumiss\u00fcsteemi kasutades v\u00f5ib esineda erinevaid probleeme (eriti v\u00e4limaalastega), nt:<\/p>\n<ul>\n<li>registreerutakse mitu korda natuke erinevate isikuandmetega;<\/li>\n<li>ei sisestata oma t\u00e4pset nime (eriti kui on mitu eesnime ja lisaks on kasutusel keskmised nimed);<\/li>\n<li>ei sisestata isiklikku toimivat e-posti aadressi;<\/li>\n<li>ei sisestata korrektset postiaadressi, mis on vajalik tunnistuse postiga saatmiseks jms.<\/li>\n<\/ul>\n<p>HITSA Moodle (<a href=\"https:\/\/moodle.hitsa.ee\/\" target=\"_blank\" rel=\"noopener\">https:\/\/moodle.hitsa.ee\/<\/a>)\u00a0on m\u00f5eldud tasuta kasutamiseks Eesti e-\u00dclikooli ja Eesti e-Kutsekooli konsortsiumisse kuuluvatele koolidele ning \u00fcldhariduskoolidele.\u00a0Kursuste tellimiseks<span data-mce-mark=\"1\">\u00a0tuleb p\u00f6\u00f6rduda oma kooli haridustehnoloogi poole v\u00f5i t\u00e4ita p\u00e4rast sisselogimist vorm lehel <\/span><a href=\"https:\/\/moodle.hitsa.ee\/course\/request.php\" target=\"_blank\" rel=\"noopener\">https:\/\/moodle.hitsa.ee\/course\/request.php<\/a><span data-mce-mark=\"1\">.\u00a0Kasutajakonto saab luua iga huviline endale ise (<a href=\"https:\/\/moodle.hitsa.ee\/login\/signup.php\" target=\"_blank\" rel=\"noopener\">https:\/\/moodle.hitsa.ee\/login\/signup.php<\/a>). HITSA Moodle\u2019i kasutamisjuhend on aadressil <a href=\"http:\/\/files.voog.com\/0000\/0034\/3577\/files\/juhendi_fail.pdf\" target=\"_blank\" rel=\"noopener\">http:\/\/files.voog.com\/0000\/0034\/3577\/files\/juhendi_fail.pdf<\/a>.<\/span><\/p>\n","protected":false},"excerpt":{"rendered":"<p>MOOCi loomiseks ja l\u00e4biviimiseks on vaja leida sobivad keskkonnad \u2013 sisu, \u00f5ppeprotsessi ja \u00f5ppijate haldamiseks. Oluline, et \u00f5pikeskkonnas olevale MOOCile sisenevad osalejad autentitud kasutajatena ning kursusel on lisaks sisu edastamise vahenditele suhtlemise vahendid, vahendid \u00f5ppijate hindamiseks ning hinnete haldamiseks. Keskkond &#8230;<\/p>\n","protected":false},"author":6,"featured_media":0,"parent":0,"menu_order":0,"comment_status":"closed","ping_status":"closed","template":"","meta":{"_acf_changed":false,"inline_featured_image":false,"footnotes":""},"class_list":["post-19","page","type-page","status-publish","hentry"],"acf":[],"_links":{"self":[{"href":"https:\/\/sisu.ut.ee\/moocs\/wp-json\/wp\/v2\/pages\/19","targetHints":{"allow":["GET"]}}],"collection":[{"href":"https:\/\/sisu.ut.ee\/moocs\/wp-json\/wp\/v2\/pages"}],"about":[{"href":"https:\/\/sisu.ut.ee\/moocs\/wp-json\/wp\/v2\/types\/page"}],"author":[{"embeddable":true,"href":"https:\/\/sisu.ut.ee\/moocs\/wp-json\/wp\/v2\/users\/6"}],"replies":[{"embeddable":true,"href":"https:\/\/sisu.ut.ee\/moocs\/wp-json\/wp\/v2\/comments?post=19"}],"version-history":[{"count":1,"href":"https:\/\/sisu.ut.ee\/moocs\/wp-json\/wp\/v2\/pages\/19\/revisions"}],"predecessor-version":[{"id":78,"href":"https:\/\/sisu.ut.ee\/moocs\/wp-json\/wp\/v2\/pages\/19\/revisions\/78"}],"wp:attachment":[{"href":"https:\/\/sisu.ut.ee\/moocs\/wp-json\/wp\/v2\/media?parent=19"}],"curies":[{"name":"wp","href":"https:\/\/api.w.org\/{rel}","templated":true}]}}