{"id":18,"date":"2024-04-04T02:27:44","date_gmt":"2024-04-03T23:27:44","guid":{"rendered":"https:\/\/sisu.ut.ee\/moocs\/24-labimise-ja-lopetamise-tingimused\/"},"modified":"2024-04-04T02:27:51","modified_gmt":"2024-04-03T23:27:51","slug":"24-labimise-ja-lopetamise-tingimused","status":"publish","type":"page","link":"https:\/\/sisu.ut.ee\/moocs\/24-labimise-ja-lopetamise-tingimused\/","title":{"rendered":"2.4. L\u00e4bimise ja l\u00f5petamise tingimused"},"content":{"rendered":"<p>MOOCi planeerides tuleb m\u00e4\u00e4rata MOOCil l\u00e4bimise ja l\u00f5petamise tingimused:<\/p>\n<ul>\n<li>kas osaleda saab tasuta;<\/li>\n<li>kas \u00f5ppija saab sertifikaadi;<\/li>\n<li>milline sertifikaat v\u00e4ljastatakse \u2013 t\u00f5end, tunnistus v\u00f5i \u00f5pim\u00e4rk;<\/li>\n<li>millistel tingimustel sertifikaat saadakse;<\/li>\n<li>kas sertifikaat on tasuta v\u00f5i tasu eest.<\/li>\n<\/ul>\n<p>MOOCi l\u00e4bimise ning sertifikaadi saamise tingimused peavad juba enne MOOCiga liitumist \u00f5ppijale teada olema. \u00d5ppeasutus v\u00f5ib otsustada, et MOOCide l\u00e4binutele ei anta \u00fcldse tunnistust, v\u00e4ljastatakse \u00f5pim\u00e4rk, mitteametlik t\u00f5end v\u00f5i \u00f5ppeasutuse ametlik tunnistus koos ainepunktidega. Seda, kas saadud t\u00f5endit v\u00f5i tunnistust p\u00e4rast kusagil ka ametlikult arvestatakse, otsustab juba konkreetne asutus, kuhu \u00f5ppija selle esitab.<\/p>\n<table class=\"table table-hover\" style=\"width: 90%\" border=\"0\" align=\"center\">\n<tbody>\n<tr>\n<td>\n<p><img loading=\"lazy\" decoding=\"async\" width=\"150\" height=\"39\" class=\"alignnone wp-image-32\" src=\"https:\/\/sisu.ut.ee\/wp-content\/uploads\/sites\/170\/huvitav2.png\" title=\"huvitav2.png\" alt=\"huvitav2.png\"><\/p>\n<h5>MOOC list (<a href=\"https:\/\/www.mooc-list.com\/types-of-certificates\" target=\"_blank\" rel=\"noopener\">https:\/\/www.mooc-list.com\/types-of-certificates<\/a>) v\u00f5imaldab MOOCe otsida ka t\u00f5endite\/tunnistuste ning nende erinevate kombinatsioonide alusel:<\/h5>\n<h5>\u00a0 \u00a0 \u00a0\u2013 pole tunnistust <em>(no certificate)<\/em><\/h5>\n<h5>\u00a0 \u00a0 \u00a0\u2013 pole infot tunnistuse kohta <em>(no certificate information)<\/em><\/h5>\n<h5>\u00a0 \u00a0 \u00a0\u2013\u00a0\u00f5pim\u00e4rgid <em>(open badges)<\/em><\/h5>\n<h5>\u00a0 \u00a0 \u00a0\u2013 tasuline t\u00f5endatud tunnistus<em> (verified certificate (paid))<\/em><\/h5>\n<h5>\u00a0\u00a0\u00a0\u00a0 \u2013\u00a0tasuta t\u00f5end sooritamise kohta\u00a0<em>(statement of accomplishment (free))<\/em><\/h5>\n<\/td>\n<\/tr>\n<\/tbody>\n<\/table>\n<h2>Tunnistuste hind<\/h2>\n<p>MOOCide algusaastatel pakuti tunnistusi osalejatele tasuta. 2015.a. alates levis trend, et tunnistuste v\u00e4ljastamise eest k\u00fcsitakse tasu. Nt Coursera kursuste puhul\u00a0k\u00f5iguvad tunnistuste hinnad vahemikus 29 \u2013 215 dollarit ja\u00a0keskmiseks hinnaks on\u00a056 dollarit.<\/p>\n<p>Enamik Coursera kursuste tunnistusi\u00a0maksab 49 dollarit. Kursused, mis annavad oskusi n\u00f5utud valdkondades (nt IT, programmeerimine, ettev\u00f5tlus), maksavad tavaliselt 79 dollarit. Arengumaadele suunatud kursused hiina, hispaania v\u00f5i portugali keeles on odavamad \u2013 29\u00a0dollarit. M\u00f5ningad \u00e4ri- ja juhtimisalased baaskursused maksavad \u00fcle 100 dollari.<\/p>\n<p>edX MOOCide puhul\u00a0k\u00f5iguvad tunnistuste hinnad vahemikus 25 \u2013 300 dollarit ja\u00a0keskmiseks hinnaks on\u00a053 dollarit.<\/p>\n<table class=\"table table-hover\" style=\"width: 90%\" border=\"0\" align=\"center\">\n<tbody>\n<tr>\n<td>\n<p><img loading=\"lazy\" decoding=\"async\" width=\"150\" height=\"39\" class=\"alignnone wp-image-32\" src=\"https:\/\/sisu.ut.ee\/wp-content\/uploads\/sites\/170\/huvitav2.png\" title=\"huvitav2.png\" alt=\"huvitav2.png\"><\/p>\n<h5><span data-mce-mark=\"1\">Tartu \u00dclikooli MOOCide puhul:<\/span><\/h5>\n<h5>\u00a0 \u00a0 \u00a0 \u2013\u00a0on osalemine tasuta;<\/h5>\n<p><span data-mce-mark=\"1\"><span data-mce-mark=\"1\"><\/span><\/span><\/p>\n<h5>\u00a0 \u00a0 \u00a0\u2013\u00a0l\u00e4bimise n\u00f5uded t\u00e4itnud \u00f5ppijad saavad tunnistuse \u2013 digitunnistuse (l\u00e4hitulevikus) v\u00f5i osaleja n\u00f5udmisel paberil tunnistuse, mis saadetakse postiga;<\/h5>\n<p><span data-mce-mark=\"1\"><span data-mce-mark=\"1\"><\/span><\/span><\/p>\n<h5>\u00a0 \u00a0 \u00a0\u2013\u00a0digitunnistused on osalejatele tasuta;<\/h5>\n<p><span data-mce-mark=\"1\"><span data-mce-mark=\"1\"><\/span><\/span><\/p>\n<h5>\u00a0 \u00a0 \u00a0\u2013\u00a0MOOCi korraldav struktuuri\u00fcksus v\u00f5ib m\u00e4\u00e4rata paberil tunnistuse v\u00e4ljastamise tasu;<\/h5>\n<p><span data-mce-mark=\"1\"><span data-mce-mark=\"1\"><\/span><\/span><\/p>\n<h5>\u00a0 \u00a0 \u00a0\u2013\u00a0tunnistus on ametlik t\u00f5endatud T\u00dc tunnistus (verified certificate), mis sisaldab ka lisa (kirjas pealkiri, maht, \u00f5piv\u00e4ljundid, \u00f5ppej\u00f5ud) ning l\u00e4bitud MOOCi saab arvestada taseme\u00f5ppe \u00f5ppekavade t\u00e4itmisel \u00f5piv\u00e4ljundite poolest sobiva ainekursuse olemasolul vastavas k\u00f5rgkoolis.<\/h5>\n<\/td>\n<\/tr>\n<\/tbody>\n<\/table>\n<h2>Kasutatud allikad:<\/h2>\n<ul>\n<li>Find MOOCs By Type of Certificate. <a href=\"https:\/\/www.mooc-list.com\/types-of-certificates\" target=\"_blank\" rel=\"noopener\">https:\/\/www.mooc-list.com\/types-of-certificates<\/a>\u00a0<\/li>\n<li>MOOC Trends in 2015: The Death of Free Certificates. How Much Do Different MOOC Providers Charge for a Certificate in 2015? <a><\/a><a href=\"https:\/\/www.class-central.com\/report\/death-of-free-certificates\" target=\"_blank\" rel=\"noopener\">https:\/\/www.class-central.com\/report\/death-of-free-certificates<\/a>\u00a0<\/li>\n<\/ul>\n","protected":false},"excerpt":{"rendered":"<p>MOOCi planeerides tuleb m\u00e4\u00e4rata MOOCil l\u00e4bimise ja l\u00f5petamise tingimused: kas osaleda saab tasuta; kas \u00f5ppija saab sertifikaadi; milline sertifikaat v\u00e4ljastatakse \u2013 t\u00f5end, tunnistus v\u00f5i \u00f5pim\u00e4rk; millistel tingimustel sertifikaat saadakse; kas sertifikaat on tasuta v\u00f5i tasu eest. MOOCi l\u00e4bimise ning sertifikaadi &#8230;<\/p>\n","protected":false},"author":6,"featured_media":0,"parent":0,"menu_order":0,"comment_status":"closed","ping_status":"closed","template":"","meta":{"_acf_changed":false,"inline_featured_image":false,"footnotes":""},"class_list":["post-18","page","type-page","status-publish","hentry"],"acf":[],"_links":{"self":[{"href":"https:\/\/sisu.ut.ee\/moocs\/wp-json\/wp\/v2\/pages\/18","targetHints":{"allow":["GET"]}}],"collection":[{"href":"https:\/\/sisu.ut.ee\/moocs\/wp-json\/wp\/v2\/pages"}],"about":[{"href":"https:\/\/sisu.ut.ee\/moocs\/wp-json\/wp\/v2\/types\/page"}],"author":[{"embeddable":true,"href":"https:\/\/sisu.ut.ee\/moocs\/wp-json\/wp\/v2\/users\/6"}],"replies":[{"embeddable":true,"href":"https:\/\/sisu.ut.ee\/moocs\/wp-json\/wp\/v2\/comments?post=18"}],"version-history":[{"count":1,"href":"https:\/\/sisu.ut.ee\/moocs\/wp-json\/wp\/v2\/pages\/18\/revisions"}],"predecessor-version":[{"id":77,"href":"https:\/\/sisu.ut.ee\/moocs\/wp-json\/wp\/v2\/pages\/18\/revisions\/77"}],"wp:attachment":[{"href":"https:\/\/sisu.ut.ee\/moocs\/wp-json\/wp\/v2\/media?parent=18"}],"curies":[{"name":"wp","href":"https:\/\/api.w.org\/{rel}","templated":true}]}}