{"id":14,"date":"2024-04-04T02:27:44","date_gmt":"2024-04-03T23:27:44","guid":{"rendered":"https:\/\/sisu.ut.ee\/moocs\/13-kus-mooce-luuakse\/"},"modified":"2024-04-09T21:39:17","modified_gmt":"2024-04-09T18:39:17","slug":"13-kus-mooce-luuakse","status":"publish","type":"page","link":"https:\/\/sisu.ut.ee\/moocs\/13-kus-mooce-luuakse\/","title":{"rendered":"1.3. Kus MOOCe luuakse?"},"content":{"rendered":"<p>MOOCide sisu ning \u00f5ppeprotsess on veebis \u2013 selleks sobivas keskkonnas. xMOOCid ning cMOOCid eeldavad keskkonnalt erinevaid v\u00f5imalusi. xMOOCi jaoks sobivad keskkonnad, mis v\u00f5imaldavad lihtsasti luua ja toimetada erinevas vormis \u00f5ppematerjale, koostada ning hallata teste, esitada kodut\u00f6id ning neid tagasisidestada, j\u00e4lgida \u00f5ppijate progressi. cMOOCides on kasutusel eraldi keskkonnad aruteludeks, r\u00fchmat\u00f6\u00f6ks, agregaatorid sotsiaalmeedia sisu koondamiseks jne. cMOOCe saab luua ka xMOOCide jaoks m\u00f5eldud keskkondades.<\/p>\n<p>Enamik xMOOCe on loodud Coursera ja edX platvormil. Coursera (<a href=\"https:\/\/www.coursera.org\/\" target=\"_blank\" rel=\"noopener\">https:\/\/www.coursera.org\/<\/a>) e-kursused koosnevad tavaliselt videoloengutest (pikkusega 20-30 minutit), tekstilistest materjalidest (sh kursuse tutvustus ja \u00f5pijuhised), interaktiivsetest testidest, kaas\u00f5ppijate poolt hinnatavatest \u00fclesannetest ning juhendajatega ja kaas\u00f5ppijatega suhtlemisest. Videod salvestatakse endale sobivate programmidega v\u00e4ljaspool Courserat. Ka edX keskkonnas olevate kursuste videod on loodud erinevate programmidega ja paiknevad k\u00f5ik YouTubes. Lisaks videoloengutele on edXis materjalid veebilehtedena, foorumid aruteludeks, automaatselt hinnatavad testid, mitmesugused vahendid \u00f5ppijate aktiveerimiseks ning \u00fclesannete sooritamiseks. edXil on kaks eraldi keskkonda: <a href=\"https:\/\/www.edx.org\/\" target=\"_blank\" rel=\"noopener\">https:\/\/www.edx.org\/<\/a> lepinguliste partnerite ametlike MOOCide jaoks ja Edge <a href=\"https:\/\/edge.edx.org\" target=\"_blank\" rel=\"noopener\">https:\/\/edge.edx.org<\/a>, kus saab enda e-kursuse luua iga soovija, kuid need e-kursused ei kajastu edXi p\u00f5hilehel ega pole leitavad otsingumootoritega, nt Google\u2019iga \u2013 neid tuleb endal aktiivselt reklaamida.<\/p>\n<p>Kuid sobivaid keskkondi on oluliselt rohkem: 80+ Best MOOC Providers List koondab neist enamiku: <a style=\"background-color: #ffffff;\" href=\"http:\/\/knowledgelover.com\/best-mooc-massive-open-online-course-providers-list\/\" target=\"_blank\" rel=\"noopener\">http:\/\/knowledgelover.com\/best-mooc-massive-open-online-course-providers-list\/<\/a>. \u00dclevaate 30 suurimast MOOCide pakkujast leiab aadressilt\u00a0<a href=\"https:\/\/www.class-central.com\/report\/mooc-providers-list\/\" target=\"_blank\" rel=\"noopener\">https:\/\/www.class-central.com\/report\/mooc-providers-list\/<\/a>.<\/p>\n<table class=\"table table-hover\" style=\"width: 90%;\" border=\"0\" align=\"center\">\n<tbody>\n<tr>\n<td><img loading=\"lazy\" decoding=\"async\" width=\"150\" height=\"39\" class=\"alignnone wp-image-32\" title=\"huvitav2.png\" src=\"https:\/\/sisu.ut.ee\/wp-content\/uploads\/sites\/170\/huvitav2.png\" alt=\"huvitav2.png\">\n<h5>2018. aastal pakkus k\u00f5ige enam MOOCe Coursera keskkond \u2013 3100. J\u00e4rgnesid edX 2200 ja FutureLearn 1000 kursusega.<\/h5>\n<h5>2017. aastal oli 34% Euroopa \u00fclikoolide MOOCidest neil suurtel MOOCide platvormidel. \u00dclej\u00e4\u00e4nud kasutasid enda keskkondi.<\/h5>\n<\/td>\n<\/tr>\n<\/tbody>\n<\/table>\n<p>Kui kursuse \u00f5ppeprotsessi hallatakse eelpool nimetatud keskkondades, siis avatud juurdep\u00e4\u00e4suga materjalid asuvad v\u00e4ljaspool \u00f5pikeskkondi. Samuti v\u00f5idakse kasutada eraldi keskkondi videote, testide ja simulatsioonide jaoks.<\/p>\n<p>Kuna MOOCide keskkondi on v\u00e4ga palju, siis on omakorda loodud mitmeid portaale, mis koondavad MOOCide infot. Sellisteks on n\u00e4iteks kogu maailma MOOCide kohta MOOC List (<a href=\"https:\/\/www.mooc-list.com\/multiple-criteria\" target=\"_blank\" rel=\"noopener\">https:\/\/www.mooc-list.com\/multiple-criteria<\/a>), Class Central (<a href=\"https:\/\/www.class-central.com\/\" target=\"_blank\" rel=\"noopener\">https:\/\/www.class-central.com\/<\/a>).<\/p>\n<p>Kaugeltki k\u00f5igi keskkondade kasutamine pole tasuta. Kuna partnerite vahel s\u00f5lmitakse privaatsed lepingud ja \u00fchtset hinnakirja pole, siis on hindadest hea \u00fclevaate saamine keeruline.<\/p>\n<p><span data-mce-mark=\"1\"><strong>Coursera<\/strong> eesm\u00e4rk on valida endale parimad kursused, parimad \u00f5petajad, parimad \u00fclikoolid ning pakkuda neile oma teenuseid tasuta ning need partnerid saavad osa ka saadud tuludest. Teistelt <span data-mce-mark=\"1\"><span data-mce-mark=\"1\">k\u00fcsitakse majutatava kursuse kohta tuhandeid dollareid ning lisaks m\u00f5nik\u00fcmmend dollarit iga \u00f5ppija kohta (tunnistuste, isiku tuvastamisega eksamite eest, mis maksab \u00f5ppijale <span data-mce-mark=\"1\">60\u201390 dollarit<\/span>).<\/span><\/span><\/span><\/p>\n<p><span data-mce-mark=\"1\"><strong>Udacity<\/strong> keskkonnas maksab kursuse majutatamine, tehniline teostus ning l\u00e4biviimise toetamine k\u00fcmneid tuhandeid dollareid. Ka Udacity kasutab tulujaotuslepingut, mille kohaselt platvormi pakkuja vastutab kursuste majutamise eest ning saab suurema osa tuludest.<\/span><\/p>\n<p><strong>edX<\/strong> pakub v\u00f5imalust alates t\u00e4iesti ise tegemisest kuni nendepoolse t\u00e4ieliku toeni, kusjuures tasuda v\u00f5ib nii rahas, kui ka koost\u00f6\u00f6na.<\/p>\n<h2>Kus on Eestis tehtud MOOCid?<\/h2>\n<ul>\n<li>Tartu \u00dclikooli MOOCid kasutavad peamiselt nelja keskkonda: avatud \u00f5ppematerjalid asuvad <a href=\"mailto:Sisu@UTs\">Sisu@UTs<\/a> (<a href=\"http:\/\/sisu.ut.ee\" target=\"_blank\" rel=\"noopener\">http:\/\/sisu.ut.ee<\/a>), videoloengud on kas \u00dclikooli Televisioonis (<a href=\"http:\/\/uttv.ee\" target=\"_blank\" rel=\"noopener\">http:\/\/uttv.ee<\/a>) ja\/v\u00f5i YouTube\u2019s ning e-kursuste \u00f5ppeprotsess on toetatud Moodle\u2019is (<a href=\"http:\/\/moodle.ut.ee\" target=\"_blank\" rel=\"noopener\">http:\/\/moodle.ut.ee<\/a>). Vt <a style=\"background-color: #ffffff;\" href=\"http:\/\/www.ut.ee\/et\/oppimine\/moocid\" target=\"_blank\" rel=\"noopener\">http:\/\/www.ut.ee\/et\/oppimine\/moocid<\/a>.<\/li>\n<li>Tallinna \u00dclikooli MOOCid asuvad EL projekti raames loodud keskkonnas EMMA (Emma European Moocs, <a href=\"http:\/\/platform.europeanmoocs.eu\/\" target=\"_blank\" rel=\"noopener\">http:\/\/platform.europeanmoocs.eu\/<\/a>).<\/li>\n<li>Tallinna Tehnika\u00fclikooli MOOCid on keskkonnas nimega Eliademi (<a style=\"background-color: #ffffff;\" href=\"https:\/\/eliademy.com\/\">https:\/\/eliademy.com\/<\/a>). Vt <a style=\"background-color: #ffffff;\" href=\"http:\/\/tutopenuniversity.eliademy.com\/\" target=\"_blank\" rel=\"noopener\">http:\/\/tutopenuniversity.eliademy.com\/<\/a>.<\/li>\n<\/ul>\n<p>Moodle\u2019i keskkond on kasutusel paljudes koolides \u00fcle Eesti. Osa koole kasutab enda isiklikku Moodle\u2019it ja osa HITSA Moodle\u2019it (<a style=\"background-color: #ffffff;\" href=\"https:\/\/moodle.hitsa.ee\/\" target=\"_blank\" rel=\"noopener\">https:\/\/moodle.hitsa.ee\/<\/a>). Moodle sobib MOOCi loomiseks h\u00e4sti.<\/p>\n<p>EMMA <span data-mce-mark=\"1\">(<\/span><span data-mce-mark=\"1\">European Multiple MOOC Aggregator) <\/span>on EL rahastatud projekti raames loodud keskkond, mis v\u00f5imaldas e-kursusi tasuta luua ning majutada kuni 2017. aasta maini. Keskkond pakub videote ning tekstiliste \u00f5ppematerjalide automaatt\u00f5lget kaheksas keeles (sh eesti), vahendeid suhtlemiseks, kodut\u00f6\u00f6de esitamiseks ja kaas\u00f5ppijate hindamiseks.<\/p>\n<p>Eliademi e-kursused sisaldavad <a href=\"#\" data-bs-toggle=\"modal\" data-bs-target=\"#popup-modal\" data-title=\"vistutatud\" data-content=\"Vistutamine (ingl.k. embedding) on veebilehek\u00fclje sisse v\u00e4lise veebirakenduse v\u00f5i -sisu lisamine ehk virtuaalne istutamine. Tavaliselt vistutatakse videosid, aga v\u00f5ib lisada erinevaid mujal asuvaid faile &amp;#8211; pdf, audio, testid. \">vistutatud<\/a>multimeedia-materjale, \u00f5ppematerjalide faile, foorumeid suhtlemiseks, \u00fclesandeid ning teste. Seda keskkonda saavad kasutada enda e-kursuste loomiseks k\u00f5ik soovijad.<\/p>\n<table class=\"table table-hover\" style=\"width: 90%;\" border=\"0\" align=\"center\">\n<tbody>\n<tr>\n<td><img loading=\"lazy\" decoding=\"async\" width=\"150\" height=\"39\" class=\"alignnone wp-image-32\" title=\"huvitav2.png\" src=\"https:\/\/sisu.ut.ee\/wp-content\/uploads\/sites\/170\/huvitav2.png\" alt=\"huvitav2.png\">\n<h5>Eesti Riigikontroll l\u00f5i 2016. aastal koost\u00f6\u00f6s T\u00dcga kaks ingliskeelset MOOCi erinevate riikide keskkonnaaudiitorite koolitamiseks. 2019. aastaks on selliseid MOOCe juba kolm ja neljas on v\u00e4ljat\u00f6\u00f6tamisel. \u00dcheks koost\u00f6\u00f6 p\u00f5hjuseks oli v\u00f5imalus kasutada T\u00dc veebip\u00f5hiseid keskkondi Moodle ja Sisu@UT nii kursuste majutamiseks kui l\u00e4biviimiseks.<\/h5>\n<\/td>\n<\/tr>\n<\/tbody>\n<\/table>\n<h2>Kasutatud allikad:<\/h2>\n<ul>\n<li>edX. <a href=\"http:\/\/edx.readthedocs.io\/projects\/edx-partner-course-staff\/en\/latest\/getting_started\/index.html\" target=\"_blank\" rel=\"noopener\">http:\/\/edx.readthedocs.io\/projects\/edx-partner-course-staff\/en\/latest\/getting_started\/index.html<\/a><\/li>\n<li>Eliademi. <a href=\"https:\/\/eliademy.com\/en\/features\" target=\"_blank\" rel=\"noopener\">https:\/\/eliademy.com\/en\/features<\/a><\/li>\n<li>EMMA. <a href=\"http:\/\/project.europeanmoocs.eu\/project\/get-involved\/become-an-emma-mooc-provider\/\" target=\"_blank\" rel=\"noopener\">http:\/\/project.europeanmoocs.eu\/project\/get-involved\/become-an-emma-mooc-provider\/<\/a><\/li>\n<li>Hollands, F.M., Tirthali, D. (2014). MOOCs: Expectations and Reality. Full Report. Center for Benefit-Cost Studies of Education Teachers College, Columbia University.<\/li>\n<li>McGuire, R. (2014). The Best MOOC Provider: A Review of Coursera, Udacity and Edx. <a style=\"background-color: #ffffff;\" href=\"http:\/\/www.skilledup.com\/articles\/the-best-mooc-provider-a-review-of-coursera-udacity-and-edx\" target=\"_blank\" rel=\"noopener\">http:\/\/www.skilledup.com\/articles\/the-best-mooc-provider-a-review-of-coursera-udacity-and-edx<\/a><\/li>\n<li>MOOC Strategies of European Institutions. Status report based on a mapping survey conducted in November 2016 \u2013 February 2017. (2017). EADTU.\u00a0<a style=\"background-color: #ffffff;\" href=\"https:\/\/eadtu.eu\/documents\/Publications\/OEenM\/MOOC_Strategies_of_European_Institutions.pdf\" target=\"_blank\" rel=\"noopener\">https:\/\/eadtu.eu\/documents\/Publications\/OEenM\/MOOC_Strategies_of_European_Institutions.pdf<\/a><\/li>\n<li>Pomerol J.-C., Yves Epelboin, Y., Thoury, C. (2015). MOOCs: Design, Use and Business Models. Wiley-ISTE.<\/li>\n<li>Shah, D. (2015). By The Numbers: MOOCS in 2015. <a style=\"background-color: #ffffff;\" href=\"https:\/\/www.class-central.com\/report\/moocs-2015-stats\/\" target=\"_blank\" rel=\"noopener\">https:\/\/www.class-central.com\/report\/moocs-2015-stats\/<\/a><\/li>\n<li>Shah, D. (2016). By The Numbers: MOOCS in 2016.\u00a0<a style=\"background-color: #ffffff;\" href=\"https:\/\/www.class-central.com\/report\/mooc-stats-2016\/\" target=\"_blank\" rel=\"noopener\">https:\/\/www.class-central.com\/report\/mooc-stats-2016\/<\/a><\/li>\n<li>Shah, D. (2016). By The Numbers: MOOCS in 2018.\u00a0<a title=\"https:\/\/www.classcentral.com\/report\/mooc-stats-2018\/\" href=\"https:\/\/www.classcentral.com\/report\/mooc-stats-2018\/\" target=\"_blank\" rel=\"noopener\" data-url=\"https:\/\/www.classcentral.com\/report\/mooc-stats-2018\/\">https:\/\/www.classcentral.com\/report\/mooc-stats-2018\/<\/a><\/li>\n<li>Shah, D. (2017). Massive List of MOOC Providers Around The World.\u00a0<a href=\"https:\/\/www.class-central.com\/report\/mooc-providers-list\/\" target=\"_blank\" rel=\"noopener\">https:\/\/www.class-central.com\/report\/mooc-providers-list\/<\/a><\/li>\n<li>Swope, J. A Comparison of Five Free MOOC Platforms for Educators. <a href=\"http:\/\/www.edtechmagazine.com\/higher\/article\/2014\/02\/comparison-five-free-mooc-platforms-educators\" target=\"_blank\" rel=\"noopener\">http:\/\/www.edtechmagazine.com\/higher\/article\/2014\/02\/comparison-five-free-mooc-platforms-educators<\/a><\/li>\n<\/ul>\n","protected":false},"excerpt":{"rendered":"<p>MOOCide sisu ning \u00f5ppeprotsess on veebis \u2013 selleks sobivas keskkonnas. xMOOCid ning cMOOCid eeldavad keskkonnalt erinevaid v\u00f5imalusi. xMOOCi jaoks sobivad keskkonnad, mis v\u00f5imaldavad lihtsasti luua ja toimetada erinevas vormis \u00f5ppematerjale, koostada ning hallata teste, esitada kodut\u00f6id ning neid tagasisidestada, j\u00e4lgida &#8230;<\/p>\n","protected":false},"author":6,"featured_media":0,"parent":0,"menu_order":0,"comment_status":"closed","ping_status":"closed","template":"","meta":{"_acf_changed":false,"inline_featured_image":false,"footnotes":""},"class_list":["post-14","page","type-page","status-publish","hentry"],"acf":[],"_links":{"self":[{"href":"https:\/\/sisu.ut.ee\/moocs\/wp-json\/wp\/v2\/pages\/14","targetHints":{"allow":["GET"]}}],"collection":[{"href":"https:\/\/sisu.ut.ee\/moocs\/wp-json\/wp\/v2\/pages"}],"about":[{"href":"https:\/\/sisu.ut.ee\/moocs\/wp-json\/wp\/v2\/types\/page"}],"author":[{"embeddable":true,"href":"https:\/\/sisu.ut.ee\/moocs\/wp-json\/wp\/v2\/users\/6"}],"replies":[{"embeddable":true,"href":"https:\/\/sisu.ut.ee\/moocs\/wp-json\/wp\/v2\/comments?post=14"}],"version-history":[{"count":2,"href":"https:\/\/sisu.ut.ee\/moocs\/wp-json\/wp\/v2\/pages\/14\/revisions"}],"predecessor-version":[{"id":127,"href":"https:\/\/sisu.ut.ee\/moocs\/wp-json\/wp\/v2\/pages\/14\/revisions\/127"}],"wp:attachment":[{"href":"https:\/\/sisu.ut.ee\/moocs\/wp-json\/wp\/v2\/media?parent=14"}],"curies":[{"name":"wp","href":"https:\/\/api.w.org\/{rel}","templated":true}]}}