{"id":12,"date":"2024-04-04T02:27:44","date_gmt":"2024-04-03T23:27:44","guid":{"rendered":"https:\/\/sisu.ut.ee\/moocs\/11-2\/"},"modified":"2024-04-04T02:27:51","modified_gmt":"2024-04-03T23:27:51","slug":"11-2","status":"publish","type":"page","link":"https:\/\/sisu.ut.ee\/moocs\/11-2\/","title":{"rendered":"1.1. MOOCide t\u00fc\u00fcbid"},"content":{"rendered":"<p>MOOCidel v\u00f5ib eristada kahte p\u00f5hit\u00fc\u00fcpi: xMOOCid ja cMOOCid.<\/p>\n<p><strong>xMOOC<\/strong> (x tuleb ingliskeelsest s\u00f5nast \u201c<em>exponential\u201d<\/em>\u00a0ja t\u00e4histab h\u00e4sti suurt osalejate arvu) on klassikalise \u00f5petamismudeliga, kus \u00f5ppeprotsessi juhib \u00f5petaja. Samas ei t\u00e4henda nn klassikaline mudel seda, et \u00f5ppija on passiivne ja \u00f5petaja aktiivne. MOOCid toimivad \u00fcmberp\u00f6\u00f6ratud klassiruumi mudeli j\u00e4rgi, kus \u00f5ppija tegeleb esmalt ise aktiivselt \u00f5ppimisega ja p\u00f6\u00f6rdub \u00f5petaja poole vaid k\u00fcsimuste v\u00f5i probleemide korral. Kursustel on iseseivat \u00f5ppimist toetavad videoloengud, \u00f5ppetekstid, enesetestid, hinnatavad kodut\u00f6\u00f6d ja testid. xMOOCide konkreetsed eesm\u00e4rgid ja oodatavad \u00f5piv\u00e4ljundid ning \u00f5ppijate teadmiste kontrollimise ja hindamise viisid teevad v\u00f5imalikuks ka ametlike t\u00f5endatud tunnistuste (<em>verified certificate<\/em>) v\u00e4ljastamise l\u00f5petanutele. Enamik pakutavatest MOOCidest on xMOOCid. \u00a0<\/p>\n<p><strong>cMOOCid<\/strong> (c t\u00e4histab konnektivismi, ing.k. \u201c<em>connectivism<\/em>\u201d) toetavad eelk\u00f5ige \u00f5ppijate suhtlusv\u00f5rgustiku kujunemist ja omavahelises koost\u00f6\u00f6s eesm\u00e4rkide seadmist ning uute teadmiste ja oskuste loomist. Peamiseks \u00f5pikeskkonnaks on iga \u00f5ppija isiklik ajaveeb jm sotsiaalmeedia vahend ning peamisteks \u00f5pitegevusteks on neisse postitamine, \u00fcksteise postituste kommenteerimine, arutlemine, (video-) vebinarid jms. E-kursusel on tavaliselt vaid m\u00f5ned nn suunavad \u00f5ppematerjalid ning ajakava, \u00f5ppej\u00f5ul on \u00f5ppeprotsessis suunav roll.<\/p>\n<p>Pakutakse ka nn <strong>h\u00fcbriid-MOOCe<\/strong>, mis sisaldavad m\u00f5lema p\u00f5hit\u00fc\u00fcbi komponente: kvaliteetseid \u00f5ppematerjale ning nn sotsiaalset \u00f5ppeprotsessi.<\/p>\n<p><span>Lisaks on veel mitmeid variatsioone: \u00a0<\/span><\/p>\n<ul>\n<li><em>Massive Open Online Research<\/em> (MOOR) on xMOOCi mudelil baseeruv kursus \u00f5ppijatele, kes soovivad siduda \u00f5ppimise otseselt enda teadusuuringutega; \u00a0\u00a0<\/li>\n<li><em>Small Private Online Course<\/em> (SPOC), kus v\u00e4ike r\u00fchm \u00f5ppijaid valitakse v\u00e4lja paljude soovijate seast mingite kriteeriumide alusel ning kasutatakse xMOOCi mudelit ja \u00fcmberp\u00f6\u00f6ratud klassiruumi meetodit;<\/li>\n<li>\n<div><em>Synchronous Massive Open Online Courses<\/em> (SMOC) \u2013 kogu \u00f5ppet\u00f6\u00f6 (videoloengud ja suhtlemine) toimub reaalajas;\u00a0<\/div>\n<\/li>\n<li><em>Investigation<\/em><span id=\"docs-internal-guid-d280e876-60d8-8c96-f0e6-d623ffc5bb42\" data-mce-mark=\"1\">-based MOOC (iMOOC) \u2013 uurimisel baseeruv MOOC;<\/span><\/li>\n<li><span id=\"docs-internal-guid-d280e876-60d8-8c96-f0e6-d623ffc5bb42\" data-mce-mark=\"1\"><span id=\"docs-internal-guid-d280e876-60d8-8c96-f0e6-d623ffc5bb42\" data-mce-mark=\"1\"><\/span><em>Task<\/em><span id=\"docs-internal-guid-d280e876-60d8-8c96-f0e6-d623ffc5bb42\" data-mce-mark=\"1\">-oriented MOOC (<span id=\"docs-internal-guid-d280e876-60d8-8c96-f0e6-d623ffc5bb42\" data-mce-mark=\"1\">tMOOC<\/span>) \u2013 \u00fclesannetel baseeruv MOOC;<\/span><\/span><\/li>\n<li><span id=\"docs-internal-guid-d280e876-60d8-8c96-f0e6-d623ffc5bb42\" data-mce-mark=\"1\"><span id=\"docs-internal-guid-d280e876-60d8-8c96-f0e6-d623ffc5bb42\" data-mce-mark=\"1\"><em>Project<\/em><span id=\"docs-internal-guid-d280e876-60d8-8c96-f0e6-d623ffc5bb42\" data-mce-mark=\"1\">-based MOOC (pMOOC) \u2013 projektil baseeruv MOOC;<\/span><\/span><\/span><\/li>\n<li><span id=\"docs-internal-guid-d280e876-60d8-8c96-f0e6-d623ffc5bb42\" data-mce-mark=\"1\"><span id=\"docs-internal-guid-d280e876-60d8-8c96-f0e6-d623ffc5bb42\" data-mce-mark=\"1\"><span id=\"docs-internal-guid-d280e876-60d8-8c96-f0e6-d623ffc5bb42\" data-mce-mark=\"1\"><\/span><\/span><\/span><span id=\"docs-internal-guid-d280e876-60d8-8c96-f0e6-d623ffc5bb42\" data-mce-mark=\"1\">lisaks on kasutusel terminid<em>\u00a0Big Open Online Course <\/em>(BOOC),\u00a0<\/span><span id=\"docs-internal-guid-d280e876-60d8-8c96-f0e6-d623ffc5bb42\" data-mce-mark=\"1\"><em>Distributed Open Collaborative Course<\/em>\u00a0(DOCC),\u00a0<em>Little Open Online Course<\/em>\u00a0(LOOC) jne.<\/span><\/li>\n<\/ul>\n<p><span id=\"docs-internal-guid-d280e876-60d8-8c96-f0e6-d623ffc5bb42\" data-mce-mark=\"1\"><span data-mce-mark=\"1\">Piiri erinevat t\u00fc\u00fcpi MOOCide vahele on v\u00e4ga keeruline t\u00f5mmata ning seet\u00f5ttu r\u00e4\u00e4gime antud kursusel lihtsalt MOOCidest ning l\u00e4htume eelk\u00f5ige xMOOCi omadustest.<\/span><\/span><\/p>\n<table class=\"table table-hover\" style=\"width: 90%\" border=\"0\" align=\"center\">\n<tbody>\n<tr>\n<td>\n<p><img loading=\"lazy\" decoding=\"async\" width=\"150\" height=\"39\" class=\"alignnone wp-image-32\" src=\"https:\/\/sisu.ut.ee\/wp-content\/uploads\/sites\/170\/huvitav2.png\" title=\"huvitav2.png\" alt=\"huvitav2.png\"><\/p>\n<h5>N\u00e4ide 1. cMOOC \u2013\u00a0<a href=\"http:\/\/ds106.us\/tag\/headless13\/\" target=\"_blank\" rel=\"noopener\">http:\/\/ds106.us\/tag\/headless13\/<\/a><\/h5>\n<h5>N\u00e4ide 2. cMOOC \u2013\u00a0<a style=\"font-family: inherit\" href=\"http:\/\/metaliteracy.cdlprojects.com\/index.html\" target=\"_blank\" rel=\"noopener\">http:\/\/metaliteracy.cdlprojects.com\/index.html<\/a><\/h5>\n<h5>N\u00e4ide 3. xMOOC \u2013\u00a0<a href=\"https:\/\/moodle.ut.ee\/course\/view.php?id=2487\" target=\"_blank\" rel=\"noopener\">https:\/\/moodle.ut.ee\/course\/view.php?id=2487<\/a><\/h5>\n<h5>Enamik Coursera e-kursusi on xMOOCid \u2013\u00a0<a href=\"https:\/\/www.coursera.org\/\" target=\"_blank\" rel=\"noopener\">https:\/\/www.coursera.org\/<\/a><\/h5>\n<\/td>\n<\/tr>\n<\/tbody>\n<\/table>\n<h2><span data-mce-mark=\"1\">Kasutatud allikad:<\/span><\/h2>\n<ul>\n<li>Anders, A. (2015). Theories and Applications of Massive Online Open Courses (MOOCs): The Case for Hybrid Design. International Review of Research in Open and Distributed Learning Volume 16, Number 6.\u00a0<a href=\"http:\/\/files.eric.ed.gov\/fulltext\/EJ1084341.pdf\" target=\"_blank\" rel=\"noopener\">http:\/\/files.eric.ed.gov\/fulltext\/EJ1084341.pdf<\/a><\/li>\n<li>Chauhan, A. (2014). Massive Open Online Courses (MOOCS): Emerging Trends in Assessment and Accreditation. Digital Education Review \u2013 Number 25.\u00a0<a style=\"background-color: #ffffff\" href=\"http:\/\/files.eric.ed.gov\/fulltext\/EJ1039698.pdf\" target=\"_blank\" rel=\"noopener\">http:\/\/files.eric.ed.gov\/fulltext\/EJ1039698.pdf<\/a><\/li>\n<li>\n<p><span data-mce-mark=\"1\">Pomerol J.-C., Yves Epelboin, Y., Thoury, C. (2015). MOOCs: Design, Use and Business Models. <\/span><span data-mce-mark=\"1\">Wiley-ISTE.<\/span><\/p>\n<\/li>\n<\/ul>\n","protected":false},"excerpt":{"rendered":"<p>MOOCidel v\u00f5ib eristada kahte p\u00f5hit\u00fc\u00fcpi: xMOOCid ja cMOOCid. xMOOC (x tuleb ingliskeelsest s\u00f5nast \u201cexponential\u201d\u00a0ja t\u00e4histab h\u00e4sti suurt osalejate arvu) on klassikalise \u00f5petamismudeliga, kus \u00f5ppeprotsessi juhib \u00f5petaja. Samas ei t\u00e4henda nn klassikaline mudel seda, et \u00f5ppija on passiivne ja \u00f5petaja aktiivne. &#8230;<\/p>\n","protected":false},"author":6,"featured_media":0,"parent":0,"menu_order":0,"comment_status":"closed","ping_status":"closed","template":"","meta":{"_acf_changed":false,"inline_featured_image":false,"footnotes":""},"class_list":["post-12","page","type-page","status-publish","hentry"],"acf":[],"_links":{"self":[{"href":"https:\/\/sisu.ut.ee\/moocs\/wp-json\/wp\/v2\/pages\/12","targetHints":{"allow":["GET"]}}],"collection":[{"href":"https:\/\/sisu.ut.ee\/moocs\/wp-json\/wp\/v2\/pages"}],"about":[{"href":"https:\/\/sisu.ut.ee\/moocs\/wp-json\/wp\/v2\/types\/page"}],"author":[{"embeddable":true,"href":"https:\/\/sisu.ut.ee\/moocs\/wp-json\/wp\/v2\/users\/6"}],"replies":[{"embeddable":true,"href":"https:\/\/sisu.ut.ee\/moocs\/wp-json\/wp\/v2\/comments?post=12"}],"version-history":[{"count":1,"href":"https:\/\/sisu.ut.ee\/moocs\/wp-json\/wp\/v2\/pages\/12\/revisions"}],"predecessor-version":[{"id":71,"href":"https:\/\/sisu.ut.ee\/moocs\/wp-json\/wp\/v2\/pages\/12\/revisions\/71"}],"wp:attachment":[{"href":"https:\/\/sisu.ut.ee\/moocs\/wp-json\/wp\/v2\/media?parent=12"}],"curies":[{"name":"wp","href":"https:\/\/api.w.org\/{rel}","templated":true}]}}