{"id":100,"date":"2024-04-09T21:14:52","date_gmt":"2024-04-09T18:14:52","guid":{"rendered":"https:\/\/sisu.ut.ee\/moocs\/?page_id=100"},"modified":"2024-04-09T21:37:16","modified_gmt":"2024-04-09T18:37:16","slug":"sisukord","status":"publish","type":"page","link":"https:\/\/sisu.ut.ee\/moocs\/sisukord\/","title":{"rendered":"Sisukord"},"content":{"rendered":"<h2 class=\"wp-block-heading\">1. moodul. MOOCidest \u00fcldiselt<\/h2>\n\n\n\n<p>MOOC on akron\u00fc\u00fcm s\u00f5nadest\u00a0<em>massive,<\/em>\u00a0<em>open,<\/em>\u00a0<em>online<\/em>,\u00a0<em>course<\/em>. M\u00f5iste MOOC v\u00f5ttis esimest korda kasutusele Dave Cormier (University of Prince Edward Island) 2008. aastal avatud registreerumisega veebip\u00f5hise kursuse\u00a0<em>Connectivism and Connective Knowledge<\/em>\u00a0(2200 \u00f5ppijat) kirjeldamiseks.<\/p>\n\n\n\n<h2 class=\"wp-block-heading\">2. moodul. MOOCi planeerimine<\/h2>\n\n\n\n<p><br>Nagu \u00fctleb vanas\u00f5na: \u00fcheksa korda m\u00f5\u00f5da ja \u00fcks kord l\u00f5ika. MOOCi planeerimine on kogu edasise protsessi alus ning aitab j\u00e4rgnevates etappides t\u00f6\u00f6d, aega ja raha oluliselt kokku hoida. Planeerimise etapi l\u00f5puks v\u00f5ib aga j\u00f5uda hoopis j\u00e4relduseni, et esialgselt m\u00f5eldud MOOCi pole \u00fcldse m\u00f5tet luua.<\/p>\n\n\n\n<h2 class=\"wp-block-heading\">3. moodul. MOOCi loomine<\/h2>\n\n\n\n<p>MOOC peab olema tervikuna registreerumise alguseks valmis ning \u00f5ppijatele avatud \u2013 seda ei saa luua v\u00f5i t\u00e4iendada j\u00e4rk-j\u00e4rgult kursuse toimumise ajal. Loomise etappi kuulub nii \u00f5ppematerjalide, \u00fclesannete, juhendite sisuline loomine kui ka e-kursuse tehniline disainimine.<\/p>\n\n\n\n<h2 class=\"wp-block-heading\">4. moodul. MOOCi l\u00e4biviimine<\/h2>\n\n\n\n<p>Tavaliselt on MOOCid \u00fcles ehitatud nii, et neid on \u00f5ppijatel v\u00f5imalik suures osas ise l\u00e4bida ning tuutorite t\u00f6\u00f6maht on v\u00f5imalikult v\u00e4ike. Siiski ei tohi \u00f5ppej\u00f5udude\/tuutorite t\u00e4htsust MOOCi l\u00e4biviimisel alahinnata \u2013 ka siis ootab ees palju erinevaid tegevusi.<\/p>\n","protected":false},"excerpt":{"rendered":"<p>1. moodul. MOOCidest \u00fcldiselt MOOC on akron\u00fc\u00fcm s\u00f5nadest\u00a0massive,\u00a0open,\u00a0online,\u00a0course. M\u00f5iste MOOC v\u00f5ttis esimest korda kasutusele Dave Cormier (University of Prince Edward Island) 2008. aastal avatud registreerumisega veebip\u00f5hise kursuse\u00a0Connectivism and Connective Knowledge\u00a0(2200 \u00f5ppijat) kirjeldamiseks. 2. moodul. MOOCi planeerimine Nagu \u00fctleb vanas\u00f5na: \u00fcheksa &#8230;<\/p>\n","protected":false},"author":6,"featured_media":0,"parent":0,"menu_order":0,"comment_status":"closed","ping_status":"closed","template":"","meta":{"_acf_changed":false,"inline_featured_image":false,"footnotes":""},"class_list":["post-100","page","type-page","status-publish","hentry"],"acf":[],"_links":{"self":[{"href":"https:\/\/sisu.ut.ee\/moocs\/wp-json\/wp\/v2\/pages\/100","targetHints":{"allow":["GET"]}}],"collection":[{"href":"https:\/\/sisu.ut.ee\/moocs\/wp-json\/wp\/v2\/pages"}],"about":[{"href":"https:\/\/sisu.ut.ee\/moocs\/wp-json\/wp\/v2\/types\/page"}],"author":[{"embeddable":true,"href":"https:\/\/sisu.ut.ee\/moocs\/wp-json\/wp\/v2\/users\/6"}],"replies":[{"embeddable":true,"href":"https:\/\/sisu.ut.ee\/moocs\/wp-json\/wp\/v2\/comments?post=100"}],"version-history":[{"count":4,"href":"https:\/\/sisu.ut.ee\/moocs\/wp-json\/wp\/v2\/pages\/100\/revisions"}],"predecessor-version":[{"id":125,"href":"https:\/\/sisu.ut.ee\/moocs\/wp-json\/wp\/v2\/pages\/100\/revisions\/125"}],"wp:attachment":[{"href":"https:\/\/sisu.ut.ee\/moocs\/wp-json\/wp\/v2\/media?parent=100"}],"curies":[{"name":"wp","href":"https:\/\/api.w.org\/{rel}","templated":true}]}}