{"id":104,"date":"2024-04-04T04:39:29","date_gmt":"2024-04-04T01:39:29","guid":{"rendered":"https:\/\/sisu.ut.ee\/mobvet\/transational-meetings\/"},"modified":"2024-04-04T04:41:36","modified_gmt":"2024-04-04T01:41:36","slug":"transational-meetings","status":"publish","type":"page","link":"https:\/\/sisu.ut.ee\/mobvet\/transational-meetings\/","title":{"rendered":"Transnational Meetings"},"content":{"rendered":"<p>\n\t<span style=\"font-size:14px\"><strong>First transnational meeting, <\/strong><strong>October, 25.-26, 2018, CESIE, Palermo, Italy<\/strong><\/span>\n<\/p>\n<p>\n\t<span style=\"font-size:14px\"><strong>Purpose<\/strong>: Kick off meeting to discuss about project management, finance, communication, quality, dissemination, impact and evaluation plan. Share tasks and responsibilities, local VET school visit.<\/span>\n<\/p>\n<p>\n\t<span style=\"font-size:14px\"><strong>Participants<\/strong><strong>: <\/strong>University of Tartu (Viktor Trasberg, Egle Rummel da Costa, Karmen Trasberg); Tartu Vocational Education Centre\u00a0 (T\u00f5nis Lukas, Ismail Mirzojev, Diana Eller); University of Applied Sciences in Jyvaskyla (Milla-Maarit Salo, Hannele Torvinen, Nina Kaari); Vocational College Lappia (Riitta Pistokoski, Suvi Karjalainen);\u00a0 ACTA Center (Mihaela Popovici, Emil Budescu); West Nottinghamshire College (Kadri Saat, Maxine Buttery, Anne Clifford);\u00a0 CESIE (Caroline Dickinson, Giuseppe La Farina, Silvia Ciaperoni).<\/span>\n<\/p>\n<p>\n\thttps%3A\/\/www.youtube.com\/watch%3Fv%3DE874xgW3_1Y%26feature%3Dyoutu.be%26fbclid%3DIwAR0Npoxrk1eo8mDzfwvw6NAwCiXl-AxYe8WCeOeSOx2sVFL3i3sdw-XIHb4#mobvet\n<\/p>\n<p>\n\t<span style=\"font-size:14px\"><strong>Topics discussed and activities<\/strong><strong>: <\/strong>Introduction of partner institutions; Why MOBVET; Activities timeline; Budgeting and budget frames; Mapping the VET mobility issues in the partner institutions; Internal communication tools: E-mail list, Trello, Platform; Transnational meetings; Dissemination and multiplier events; Quality management and impact assessment. Visit to Liceo Artistico Statale in Palermo.<\/span>\n<\/p>\n<p>\n\t<img loading=\"lazy\" decoding=\"async\" width=\"960\" height=\"720\" class=\"alignnone wp-image-422\" src=\"https:\/\/sisu.ut.ee\/wp-content\/uploads\/sites\/312\/palermo_group_picture_01.jpg\" title=\"palermo_group_picture_01.jpg\" alt=\"palermo\" srcset=\"https:\/\/sisu.ut.ee\/wp-content\/uploads\/sites\/312\/palermo_group_picture_01.jpg 960w, https:\/\/sisu.ut.ee\/wp-content\/uploads\/sites\/312\/palermo_group_picture_01-300x225.jpg 300w, https:\/\/sisu.ut.ee\/wp-content\/uploads\/sites\/312\/palermo_group_picture_01-768x576.jpg 768w\" sizes=\"auto, (max-width: 960px) 100vw, 960px\">\n<\/p>\n<p>\n\t<span style=\"font-size:14px\"><strong>Second\u00a0transnational meeting, May, 23.-24, 2019,\u00a0<\/strong><span style=\"color: black;line-height: 107%\"><strong>JAMK \u2013\u00a0University of Applied Sciences, Jyv\u00e4skyl\u00e4, Finland<\/strong><\/span><\/span>\n<\/p>\n<p>\n\t<span style=\"font-size:14px\"><strong>Purpose<\/strong>: <span lang=\"EN-CA\"><span style=\"line-height: 107%\"><font color=\"#000000\">Transnational meeting to discuss about the progress of MOBVET project, work on the general study module contents and country specific modules contents. Discussion about<i> <\/i>shared tasks and responsibilities. VET school visit (Gradia, Jyv\u00e4skyl\u00e4)<\/font><\/span><\/span>.<\/span>\n<\/p>\n<p>\n\t<span style=\"font-size:14px\"><strong>Participants<\/strong><strong>: <\/strong>University of Tartu (Viktor Trasberg, Egle Rummel da Costa, Karmen Trasberg); Tartu Vocational Education Centre\u00a0 (Ismail Mirzojev, Diana Eller); University of Applied Sciences in Jyvaskyla (Milla-Maarit Salo, Hannele Torvinen, <span style=\"line-height: 107%\"><font color=\"#000000\">Tuulia Kiilavuori, Kirsi Kes\u00e4nen<\/font><\/span>); Vocational College Lappia (Riitta Pistokoski, Suvi Karjalainen);\u00a0 ACTA Center (Mihaela Popovici, Emil Budescu); West Nottinghamshire College (Maxine Buttery,\u00a0Lynne<span style=\"line-height: 150%\"><span style=\"height: 16.2pt\"><span lang=\"ET\"><font face=\"Calibri\"> Willoughby<\/font><\/span><\/span><\/span>);\u00a0 CESIE (Caroline Dickinson).<\/span>\n<\/p>\n<p>\n\t<span style=\"font-size:14px\"><strong>Topics discussed and activities:\u00a0<\/strong><font color=\"#000000\"><font face=\"Calibri\">Quality management \u2013 short summary of evaluation of Palermo meeting. <font color=\"#000000\"><font face=\"Calibri\">Future activities. <font face=\"Calibri\"><font color=\"#000000\">Characteristics of good <i>online <\/i>course. <\/font><\/font><font color=\"#000000\"><font face=\"Calibri\">Discussion over the General Study modules. <\/font><\/font>Visit to Gradia.<\/font><\/font><\/font><\/font><\/span>\n<\/p>\n<p>\n\t<span style=\"font-size:14px\"><img loading=\"lazy\" decoding=\"async\" width=\"1600\" height=\"1200\" class=\"alignnone wp-image-423\" src=\"https:\/\/sisu.ut.ee\/wp-content\/uploads\/sites\/312\/ismail_mobvet_jkl.jpg\" title=\"ismail_mobvet_jkl.jpg\" alt=\"jyvask\" srcset=\"https:\/\/sisu.ut.ee\/wp-content\/uploads\/sites\/312\/ismail_mobvet_jkl.jpg 1600w, https:\/\/sisu.ut.ee\/wp-content\/uploads\/sites\/312\/ismail_mobvet_jkl-300x225.jpg 300w, https:\/\/sisu.ut.ee\/wp-content\/uploads\/sites\/312\/ismail_mobvet_jkl-1024x768.jpg 1024w, https:\/\/sisu.ut.ee\/wp-content\/uploads\/sites\/312\/ismail_mobvet_jkl-768x576.jpg 768w, https:\/\/sisu.ut.ee\/wp-content\/uploads\/sites\/312\/ismail_mobvet_jkl-1536x1152.jpg 1536w\" sizes=\"auto, (max-width: 1600px) 100vw, 1600px\">\u00a0<\/span><img loading=\"lazy\" decoding=\"async\" width=\"1600\" height=\"1200\" class=\"alignnone wp-image-426\" src=\"https:\/\/sisu.ut.ee\/wp-content\/uploads\/sites\/312\/karmen_mobvet_jkl.jpg\" title=\"karmen_mobvet_jkl.jpg\" alt=\"jamk\" srcset=\"https:\/\/sisu.ut.ee\/wp-content\/uploads\/sites\/312\/karmen_mobvet_jkl.jpg 1600w, https:\/\/sisu.ut.ee\/wp-content\/uploads\/sites\/312\/karmen_mobvet_jkl-300x225.jpg 300w, https:\/\/sisu.ut.ee\/wp-content\/uploads\/sites\/312\/karmen_mobvet_jkl-1024x768.jpg 1024w, https:\/\/sisu.ut.ee\/wp-content\/uploads\/sites\/312\/karmen_mobvet_jkl-768x576.jpg 768w, https:\/\/sisu.ut.ee\/wp-content\/uploads\/sites\/312\/karmen_mobvet_jkl-1536x1152.jpg 1536w\" sizes=\"auto, (max-width: 1600px) 100vw, 1600px\">\n<\/p>\n<p>\n\t<span style=\"font-size:14px\"><strong>Third transnational meeting, November 5.- 6, 2019 \u2013 West Nottinghamshire College, Mansfield, UK<\/strong><\/span>\n<\/p>\n<p>\n\t<span style=\"font-size:14px\"><strong>Purpose<\/strong>: Transnational meeting to discuss over the current stage of the project and define\u00a0timeline for the future activities.\u00a0<\/span>\n<\/p>\n<p>\n\t<span style=\"font-size:14px\"><b><span style=\"line-height:115%\">Participants<\/span><\/b><b><span style=\"line-height:115%\">: <\/span><\/b><span style=\"line-height:115%\">University of Tartu (Viktor Trasberg, Egle Rummel da Costa, Karmen Trasberg); Tartu Vocational Education Centre\u00a0 (Ismail Mirzojev, Diana Eller); University of Applied Sciences in Jyvaskyla (Milla-Maarit Salo, Tuulia Kiilavuori); Vocational College Lappia (Riitta Pistokoski, Marja-Liisa Tyyst\u00e4l\u00e4);\u00a0 ACTA Center (Mihaela Popovici, Emil Budescu); <span style=\"background:white\">West Nottinghamshire College (<\/span>Maxine Buttery, Lynne Willoughby);\u00a0 CESIE (Giulia Siino, Giuseppe La Farina).<\/span><\/span>\n<\/p>\n<p class=\"Normaallaad\" style=\"margin-bottom:.0001pt\">\n\t<span style=\"font-size:14px\"><span style=\"line-height:normal\"><span lang=\"ET\"><strong>Topics discussed and activities<\/strong>: <\/span>Progress overview by the partners\u00a0 (what is going on at the institution; main project related activities; potential problems, other); discussions over study module, preparations for piloting of study module, content of each country specific module, preparation for dissemination events. Practicalities (time sheets, budget etc). Visit to West Nott Campus and Newstead Abbey.<\/span><\/span>\n<\/p>\n<p class=\"Normaallaad\" style=\"margin-bottom:.0001pt\">\n\t\u00a0\n<\/p>\n<p class=\"Normaallaad\" style=\"margin-bottom:.0001pt\">\n\t<span style=\"font-size:14px\"><img loading=\"lazy\" decoding=\"async\" width=\"1280\" height=\"960\" class=\"alignnone wp-image-424\" src=\"https:\/\/sisu.ut.ee\/wp-content\/uploads\/sites\/312\/uk_newstead_abbey.png\" title=\"uk_newstead_abbey.png\" alt=\"Newstead\" srcset=\"https:\/\/sisu.ut.ee\/wp-content\/uploads\/sites\/312\/uk_newstead_abbey.png 1280w, https:\/\/sisu.ut.ee\/wp-content\/uploads\/sites\/312\/uk_newstead_abbey-300x225.png 300w, https:\/\/sisu.ut.ee\/wp-content\/uploads\/sites\/312\/uk_newstead_abbey-1024x768.png 1024w, https:\/\/sisu.ut.ee\/wp-content\/uploads\/sites\/312\/uk_newstead_abbey-768x576.png 768w\" sizes=\"auto, (max-width: 1280px) 100vw, 1280px\"><\/span><span><strong>\u00a0<\/strong><\/span>\n<\/p>\n<p class=\"Normaallaad\" style=\"margin-bottom:.0001pt\">\n\t<span><strong>Final transnational meeting was\u00a0held on August, 19,\u00a02020 online because of COVID-19.\u00a0Coordinating institution:\u00a0University of Tartu, Estonia.<\/strong><\/span>\n<\/p>\n<p class=\"Normaallaad\" style=\"margin-bottom:.0001pt\">\n\t\u00a0\n<\/p>\n<p class=\"MsoNoSpacing\">\n\t<strong><span><span style=\"color:#282828\">Purpose<\/span><\/span><\/strong><span style=\"color:#282828\">: Final transnational meeting <\/span>to discuss about the piloting of Study Module and finalizing the IO of the MOBVET project. Preparation for dissemination the project results and final report.<b> \u00a0<\/b>\n<\/p>\n<p class=\"MsoNoSpacing\">\n\t<b><span style=\"color:#282828\">Participants:<\/span><\/b> <span style=\"color:#282828\">University of Tartu (Egle Rummel da Costa, Karmen Trasberg); Tartu Vocational Education Centre (Ismail Mirzojev, Diana Eller); University of Applied Sciences in Jyvaskyla (Milla-Maarit Salo, Tuulia Kiilavuori, Kirsi Kes\u00e4nen, Hannele Torvinen); Vocational College Lappia (Riitta Pistokoski, Marja-Liisa Tyyst\u00e4l\u00e4); ACTA Center (Mihaela Popovici, Emil Budescu); West Nottinghamshire College (Kadri Saat).<\/span>\n<\/p>\n<p style=\"text-align:start\">\n\t<span><span><span><span><span><span><span><strong><span lang=\"FI\"><span style=\"color:#282828\">Topics discussed and activities<\/span><\/span><\/strong><span lang=\"FI\" style=\"color:#282828\">: Virtual tour in Tartu. Progress overview \u2013 <\/span>partners presentations about 1) results of piloting and ideas to improve\/develop the Study Module; 2) dissemination of the project: plans for multiplier events. Final report deadline and sharing the tasks.<span lang=\"FI\" style=\"color:#282828\"> Practicalities (time sheets, changes in budget because of COVID-19). Ideas for future cooperation. <\/span><\/span><\/span><\/span><\/span><\/span><\/span><\/span>\n<\/p>\n<p class=\"Normaallaad\" style=\"margin-bottom:.0001pt\">\n\t\u00a0\n<\/p>\n<p class=\"Normaallaad\" style=\"margin-bottom:.0001pt\">\n\t<img loading=\"lazy\" decoding=\"async\" width=\"900\" height=\"645\" class=\"alignnone wp-image-425\" src=\"https:\/\/sisu.ut.ee\/wp-content\/uploads\/sites\/312\/ut-main-building.jpg\" title=\"ut-main-building.jpg\" alt=\"ut\" srcset=\"https:\/\/sisu.ut.ee\/wp-content\/uploads\/sites\/312\/ut-main-building.jpg 900w, https:\/\/sisu.ut.ee\/wp-content\/uploads\/sites\/312\/ut-main-building-300x215.jpg 300w, https:\/\/sisu.ut.ee\/wp-content\/uploads\/sites\/312\/ut-main-building-768x550.jpg 768w\" sizes=\"auto, (max-width: 900px) 100vw, 900px\"><\/p>\n","protected":false},"excerpt":{"rendered":"<p>First transnational meeting, October, 25.-26, 2018, CESIE, Palermo, Italy Purpose: Kick off meeting to discuss about project management, finance, communication, quality, dissemination, impact and evaluation plan. Share tasks and responsibilities, local VET school visit. Participants: University of Tartu (Viktor Trasberg, &#8230;<\/p>\n","protected":false},"author":168,"featured_media":0,"parent":0,"menu_order":0,"comment_status":"closed","ping_status":"closed","template":"","meta":{"_acf_changed":false,"inline_featured_image":false,"footnotes":""},"class_list":["post-104","page","type-page","status-publish","hentry"],"acf":[],"_links":{"self":[{"href":"https:\/\/sisu.ut.ee\/mobvet\/wp-json\/wp\/v2\/pages\/104","targetHints":{"allow":["GET"]}}],"collection":[{"href":"https:\/\/sisu.ut.ee\/mobvet\/wp-json\/wp\/v2\/pages"}],"about":[{"href":"https:\/\/sisu.ut.ee\/mobvet\/wp-json\/wp\/v2\/types\/page"}],"author":[{"embeddable":true,"href":"https:\/\/sisu.ut.ee\/mobvet\/wp-json\/wp\/v2\/users\/168"}],"replies":[{"embeddable":true,"href":"https:\/\/sisu.ut.ee\/mobvet\/wp-json\/wp\/v2\/comments?post=104"}],"version-history":[{"count":1,"href":"https:\/\/sisu.ut.ee\/mobvet\/wp-json\/wp\/v2\/pages\/104\/revisions"}],"predecessor-version":[{"id":624,"href":"https:\/\/sisu.ut.ee\/mobvet\/wp-json\/wp\/v2\/pages\/104\/revisions\/624"}],"wp:attachment":[{"href":"https:\/\/sisu.ut.ee\/mobvet\/wp-json\/wp\/v2\/media?parent=104"}],"curies":[{"name":"wp","href":"https:\/\/api.w.org\/{rel}","templated":true}]}}