{"id":15,"date":"2024-04-04T08:44:51","date_gmt":"2024-04-04T05:44:51","guid":{"rendered":"https:\/\/sisu.ut.ee\/mobiletartu2024\/organisers\/"},"modified":"2025-10-30T11:01:29","modified_gmt":"2025-10-30T09:01:29","slug":"organisers","status":"publish","type":"page","link":"https:\/\/sisu.ut.ee\/mobiletartu2024\/organisers\/","title":{"rendered":"Organisers"},"content":{"rendered":"<div class=\"wp-block-media-text is-stacked-on-mobile\"><figure class=\"wp-block-media-text__media\"><img loading=\"lazy\" decoding=\"async\" width=\"1024\" height=\"681\" src=\"https:\/\/sisu.ut.ee\/wp-content\/uploads\/sites\/639\/29126_rene_riisalu_www.fotograaf.ee_-1024x681.jpg\" alt=\"\" class=\"wp-image-696 size-full\" srcset=\"https:\/\/sisu.ut.ee\/wp-content\/uploads\/sites\/639\/29126_rene_riisalu_www.fotograaf.ee_-1024x681.jpg 1024w, https:\/\/sisu.ut.ee\/wp-content\/uploads\/sites\/639\/29126_rene_riisalu_www.fotograaf.ee_-300x200.jpg 300w, https:\/\/sisu.ut.ee\/wp-content\/uploads\/sites\/639\/29126_rene_riisalu_www.fotograaf.ee_-768x511.jpg 768w, https:\/\/sisu.ut.ee\/wp-content\/uploads\/sites\/639\/29126_rene_riisalu_www.fotograaf.ee_-1536x1022.jpg 1536w, https:\/\/sisu.ut.ee\/wp-content\/uploads\/sites\/639\/29126_rene_riisalu_www.fotograaf.ee_-2048x1363.jpg 2048w, https:\/\/sisu.ut.ee\/wp-content\/uploads\/sites\/639\/29126_rene_riisalu_www.fotograaf.ee_-1920x1277.jpg 1920w\" sizes=\"auto, (max-width: 1024px) 100vw, 1024px\"><\/figure><div class=\"wp-block-media-text__content\">\n<p>The conference is organised by the\u00a0<a href=\"https:\/\/mobilitylab.ut.ee\/\" target=\"_blank\" rel=\"noreferrer noopener\">Mobility Lab at the\u00a0University of Tartu<\/a>, in collaboration with EIT Urban Mobility Doctoral Training Network, NECTAR Cluster 8: ICT, and Positium.<\/p>\n\n\n\n<p>The PhD school is organised with the support from EIT Urban Mobility, and the event is partially funded by the European Union.<\/p>\n\n\n\n<p>The PhD School workshops are organised in collaboration with TalTech, Aalto University, and\u00a0Technical University of Munich.<\/p>\n<\/div><\/div>\n\n\n\n<p class=\"has-text-align-right\"><\/p>\n\n\n\n<figure class=\"wp-block-table\"><table class=\"table table-hover\"><tbody><tr><td><img decoding=\"async\" class=\"\" style=\"width: 1024px;\" src=\"https:\/\/sisu.ut.ee\/wp-content\/uploads\/sites\/639\/logo_eng_sinine.png\" alt=\"Mobility Lab logo, blue\"><\/td><td>Age Poom,\u00a0Associate Professor in Urban Environment, <a href=\"mailto:age.poom@ut.ee\">age.poom@ut.ee<\/a> <br><br><p>Elise Jalonen,\u00a0Secretariat, <a href=\"mailto:mobiletartu@ut.ee\">mobiletartu@ut.ee<\/a><\/p><p>Siiri Silm, Associate Professor in Human Geography, <a href=\"mailto:siiri.silm@ut.ee\">siiri.silm@ut.ee<\/a><\/p><p>Anto Aasa,\u00a0Associate Professor in Human Geography, <a href=\"mailto:anto.aasa@ut.ee\">anto.aasa@ut.ee<\/a><\/p><p>Veronika Mooses,\u00a0Research Fellow of Human Geography<\/p><p>Janika Raun,\u00a0Research Fellow in Tourism Geography<\/p><p>Ago Tominga, PhD researcher<\/p><p>Martin Haamer, PhD researcher<\/p><p>Laura Altin, PhD researcher<\/p><p>J\u00fcrgen \u00d6\u00f6vel, Specialist<\/p><p>Prof. Frank Witlox, Visiting Professor from\u00a0Ghent University\u00a0at the Department of Geography, University of\u00a0Tartu<\/p> <\/td><\/tr><tr><td><img loading=\"lazy\" decoding=\"async\" title=\"\" src=\"https:\/\/sisu.ut.ee\/wp-content\/uploads\/sites\/639\/positium-logo.png\" alt=\"Positium\" width=\"264\" height=\"105\"><\/td><td>Erki Saluveer, Member of the Board <br><br><p>Margus Tiru, Member of the Board<\/p><\/td><\/tr><tr><td><img loading=\"lazy\" decoding=\"async\" width=\"300\" height=\"157\" src=\"https:\/\/sisu.ut.ee\/wp-content\/uploads\/sites\/639\/nectar-logo-300x157-1.png\" alt=\"NECTAR network logo\" class=\"wp-image-77\" style=\"width:338px;height:auto\" title=\"nectar-logo-300\u00d7157.png\"><\/td><td>Luc Wismans, Associate Professor in Transport Engineering and Management, University of Twente<br><br>Siiri Silm, Associate Professor in Human Geography, University of Tartu<br><br><a title=\"\" data-url=\"https:\/\/www.nectar-eu.eu\/\" href=\"https:\/\/www.nectar-eu.eu\/\" target=\"_blank\" rel=\"noopener\">Network on European Communications and Transport Activities Research<\/a><\/td><\/tr><tr><td><img decoding=\"async\" src=\"https:\/\/www.eiturbanmobility.eu\/wp-content\/uploads\/2019\/05\/logo-EIT-Urban-Mobility.svg\" alt=\"EIT Urban Mobility\" style=\"width:351px;height:auto\"><\/td><td>Benjamin B\u00fcttner, Deputy\u00a0Chair Holder of the Chair of Urban Structure and Transport Planning, Technical University of Munich<br><br>Corinna Niederreiter,\u00a0Program Manager, EIT Urban Mobility Doctoral Training Network<br><br><a href=\"https:\/\/www.eiturbanmobility.eu\/academy\/doctoral-training-network\/\" target=\"_blank\" rel=\"noreferrer noopener\">EIT Urban Mobility Doctoral Training Network<\/a><\/td><\/tr><\/tbody><\/table><\/figure>\n\n\n<p><a href=\"https:\/\/sisu.ut.ee\/wp-content\/uploads\/sites\/639\/logo-EIT-Urban-Mobility.svg\"><img loading=\"lazy\" decoding=\"async\" class=\"alignnone size-medium wp-image-297\" src=\"https:\/\/sisu.ut.ee\/wp-content\/uploads\/sites\/639\/logo-EIT-Urban-Mobility.svg\" alt=\"\" width=\"300\" height=\"300\"><img loading=\"lazy\" decoding=\"async\" class=\"alignnone size-medium wp-image-298\" src=\"https:\/\/sisu.ut.ee\/wp-content\/uploads\/sites\/639\/logo-bandera-300x68.jpg\" alt=\"\" width=\"300\" height=\"68\" srcset=\"https:\/\/sisu.ut.ee\/wp-content\/uploads\/sites\/639\/logo-bandera-300x68.jpg 300w, https:\/\/sisu.ut.ee\/wp-content\/uploads\/sites\/639\/logo-bandera.jpg 383w\" sizes=\"auto, (max-width: 300px) 100vw, 300px\"> \u00a0<\/a><a href=\"https:\/\/sisu.ut.ee\/wp-content\/uploads\/sites\/639\/logo-EIT-Urban-Mobility.svg\"><img loading=\"lazy\" decoding=\"async\" class=\"alignnone  wp-image-318\" src=\"https:\/\/sisu.ut.ee\/wp-content\/uploads\/sites\/639\/kompaktlogo_eng_sinine-300x77.png\" alt=\"\" width=\"249\" height=\"64\" srcset=\"https:\/\/sisu.ut.ee\/wp-content\/uploads\/sites\/639\/kompaktlogo_eng_sinine-300x77.png 300w, https:\/\/sisu.ut.ee\/wp-content\/uploads\/sites\/639\/kompaktlogo_eng_sinine-1024x264.png 1024w, https:\/\/sisu.ut.ee\/wp-content\/uploads\/sites\/639\/kompaktlogo_eng_sinine-768x198.png 768w, https:\/\/sisu.ut.ee\/wp-content\/uploads\/sites\/639\/kompaktlogo_eng_sinine-1536x397.png 1536w, https:\/\/sisu.ut.ee\/wp-content\/uploads\/sites\/639\/kompaktlogo_eng_sinine-1920x496.png 1920w, https:\/\/sisu.ut.ee\/wp-content\/uploads\/sites\/639\/kompaktlogo_eng_sinine.png 2037w\" sizes=\"auto, (max-width: 249px) 100vw, 249px\"><img loading=\"lazy\" decoding=\"async\" class=\"alignnone  wp-image-322\" src=\"https:\/\/sisu.ut.ee\/wp-content\/uploads\/sites\/639\/image-1-300x127.png\" alt=\"\" width=\"210\" height=\"89\" srcset=\"https:\/\/sisu.ut.ee\/wp-content\/uploads\/sites\/639\/image-1-300x127.png 300w, https:\/\/sisu.ut.ee\/wp-content\/uploads\/sites\/639\/image-1-1024x434.png 1024w, https:\/\/sisu.ut.ee\/wp-content\/uploads\/sites\/639\/image-1-768x326.png 768w, https:\/\/sisu.ut.ee\/wp-content\/uploads\/sites\/639\/image-1-1536x651.png 1536w, https:\/\/sisu.ut.ee\/wp-content\/uploads\/sites\/639\/image-1-2048x868.png 2048w, https:\/\/sisu.ut.ee\/wp-content\/uploads\/sites\/639\/image-1-1920x814.png 1920w\" sizes=\"auto, (max-width: 210px) 100vw, 210px\"><\/a><\/p>\n\n\n<p>This event is has received funding from the <a data-url=\"https:\/\/www.eiturbanmobility.eu\/academy\/doctoral-training-network\/\" title=\"\" href=\"https:\/\/www.eiturbanmobility.eu\/academy\/doctoral-training-network\/\" target=\"_blank\" rel=\"noopener\">EIT Urban Mobility Doctoral Training Network<\/a>, University of Tartu,\u00a0and the <a title=\"\" data-url=\"https:\/\/www.tartu.ee\/en\" href=\"https:\/\/www.tartu.ee\/en\" target=\"_blank\" rel=\"noopener\">City of Tartu<\/a>.<\/p>\n","protected":false},"excerpt":{"rendered":"<p>The conference is organised by the\u00a0Mobility Lab at the\u00a0University of Tartu, in collaboration with EIT Urban Mobility Doctoral Training Network, NECTAR Cluster 8: ICT, and Positium. The PhD school is organised with the support from EIT Urban Mobility, and the &#8230;<\/p>\n","protected":false},"author":117,"featured_media":0,"parent":0,"menu_order":0,"comment_status":"closed","ping_status":"closed","template":"","meta":{"_acf_changed":false,"inline_featured_image":false,"footnotes":""},"class_list":["post-15","page","type-page","status-publish","hentry"],"acf":[],"_links":{"self":[{"href":"https:\/\/sisu.ut.ee\/mobiletartu2024\/wp-json\/wp\/v2\/pages\/15","targetHints":{"allow":["GET"]}}],"collection":[{"href":"https:\/\/sisu.ut.ee\/mobiletartu2024\/wp-json\/wp\/v2\/pages"}],"about":[{"href":"https:\/\/sisu.ut.ee\/mobiletartu2024\/wp-json\/wp\/v2\/types\/page"}],"author":[{"embeddable":true,"href":"https:\/\/sisu.ut.ee\/mobiletartu2024\/wp-json\/wp\/v2\/users\/117"}],"replies":[{"embeddable":true,"href":"https:\/\/sisu.ut.ee\/mobiletartu2024\/wp-json\/wp\/v2\/comments?post=15"}],"version-history":[{"count":30,"href":"https:\/\/sisu.ut.ee\/mobiletartu2024\/wp-json\/wp\/v2\/pages\/15\/revisions"}],"predecessor-version":[{"id":698,"href":"https:\/\/sisu.ut.ee\/mobiletartu2024\/wp-json\/wp\/v2\/pages\/15\/revisions\/698"}],"wp:attachment":[{"href":"https:\/\/sisu.ut.ee\/mobiletartu2024\/wp-json\/wp\/v2\/media?parent=15"}],"curies":[{"name":"wp","href":"https:\/\/api.w.org\/{rel}","templated":true}]}}