{"id":9,"date":"2024-04-04T05:24:11","date_gmt":"2024-04-04T02:24:11","guid":{"rendered":"https:\/\/sisu.ut.ee\/mobiilneelu\/uudised\/"},"modified":"2024-04-25T16:10:51","modified_gmt":"2024-04-25T13:10:51","slug":"uudised","status":"publish","type":"page","link":"https:\/\/sisu.ut.ee\/mobiilneelu\/uudised\/","title":{"rendered":"Uudised"},"content":{"rendered":"<p><strong><a title=\"\" href=\"https:\/\/novaator.err.ee\/972625\/riik-otsib-teadlaste-abiga-voimalusi-elukohaandmete-tapsustamiseks\" target=\"_blank\" rel=\"noopener\" data-url=\"https:\/\/novaator.err.ee\/972625\/riik-otsib-teadlaste-abiga-voimalusi-elukohaandmete-tapsustamiseks\">\u201cValmis RITA projekti \u201cMobiilne eluviis\u201d l\u00f5pparuanne\u201d<\/a><\/strong><\/p>\n<p><em>28.02.2022<\/em><\/p>\n<p>Valmis RITA projekti \u201cMobiilne eluviis\u201d l\u00f5pparuanne, mis sisaldab kokkuv\u00f5tet kogu projekti tulemustest ja poliitikasoovitused lahendusettepanekute elluviimiseks.<\/p>\n<p>L\u00f5pparuanne on leitav siit:\u00a0<a title=\"\" href=\"https:\/\/sisu.ut.ee\/wp-content\/uploads\/sites\/377\/lisa_2._rita_mobelu_lopparuanne.pdf\" target=\"_blank\" rel=\"noopener\" data-url=\"https:\/\/sisu.ut.ee\/wp-content\/uploads\/sites\/377\/lisa_2._rita_mobelu_lopparuanne.pdf\">https:\/\/sisu.ut.ee\/wp-content\/uploads\/sites\/377\/lisa_2._rita_mobelu_lopparuanne.pdf<\/a><\/p>\n<hr>\n<p><strong><a title=\"\" href=\"https:\/\/novaator.err.ee\/972625\/riik-otsib-teadlaste-abiga-voimalusi-elukohaandmete-tapsustamiseks\" target=\"_blank\" rel=\"noopener\" data-url=\"https:\/\/novaator.err.ee\/972625\/riik-otsib-teadlaste-abiga-voimalusi-elukohaandmete-tapsustamiseks\">\u201cRITA MobElu projekt osaleb sessiooniga Tartu Planeerimiskonverentsil 2021\u201d<\/a><\/strong><\/p>\n<p><em>21.09.2021<\/em><\/p>\n<p>RITA MobElu projekti meeskond osaleb 4.-5. novembril 2021 toimuval Tartu Planeerimiskonverentsil sessiooniga, milles tutvustatakse osalejatele projekti\u00a0tulemusi inimeste tegevusruumi muutustest tingitud probleemide lahendamiseks avalike teenuste planeerimisel ning arutatakse projekti tulemusena pakutavaid lahendusv\u00f5imalusi inimeste elukoha andmete kvaliteedi t\u00f5stmiseks.<\/p>\n<p>Projekti sessioon toimub 5. novembril kell 9.00-10.30.<\/p>\n<p>Lisainfo konverentsist:\u00a0<a title=\"\" href=\"https:\/\/planeerimiskonverents.ut.ee\/\" target=\"_blank\" rel=\"noopener\" data-url=\"https:\/\/planeerimiskonverents.ut.ee\/\">https:\/\/planeerimiskonverents.ut.ee\/<\/a><\/p>\n<hr>\n<p><strong><a title=\"\" href=\"https:\/\/novaator.err.ee\/972625\/riik-otsib-teadlaste-abiga-voimalusi-elukohaandmete-tapsustamiseks\" target=\"_blank\" rel=\"noopener\" data-url=\"https:\/\/novaator.err.ee\/972625\/riik-otsib-teadlaste-abiga-voimalusi-elukohaandmete-tapsustamiseks\">\u201cRaul Eamets, Allan Puur: rahvaloendust saab teha paremini\u201d<\/a><\/strong><\/p>\n<p><em>Postimees (1.02.2021)<\/em><\/p>\n<p>Projekti konsortsiumi juht Raul Eamets (Tartu \u00dclikooli makro\u00f6konoomika professor) ja projektimeeskonna liige Allan Puur (Tallinna \u00dclikooli rahvastikuteaduse professor) kirjutasid artikli sellest, kuidas parima rahvaloenduse annab Eestile registrite ja inimeste vastuste kombineerimine.<\/p>\n<p>Artikkel on leitav Postimehe veebilehelt:\u00a0<a title=\"\" href=\"https:\/\/leht.postimees.ee\/7168763\/raul-eamets-allan-puur-rahvaloendust-saab-teha-paremini\" target=\"_blank\" rel=\"noopener\" data-url=\"https:\/\/leht.postimees.ee\/7168763\/raul-eamets-allan-puur-rahvaloendust-saab-teha-paremini\">https:\/\/leht.postimees.ee\/7168763\/raul-eamets-allan-puur-rahvaloendust-saab-teha-paremini<\/a><\/p>\n<hr>\n<p><strong><a title=\"\" href=\"https:\/\/novaator.err.ee\/972625\/riik-otsib-teadlaste-abiga-voimalusi-elukohaandmete-tapsustamiseks\" target=\"_blank\" rel=\"noopener\" data-url=\"https:\/\/novaator.err.ee\/972625\/riik-otsib-teadlaste-abiga-voimalusi-elukohaandmete-tapsustamiseks\">\u201cMagistrit\u00f6\u00f6: Asukoha rolli muutus avalike teenuste osutamisel l\u00e4bi kasvava digitaliseerimise, Widyanarko\u201d<\/a><\/strong><\/p>\n<p><em>Ragnar Nurkse innovatsiooni ja valitsemise instituut, Tallinna Tehnika\u00fclikool\u00a0(9.09.2020)<\/em><\/p>\n<p>Tallinna Tehnika\u00fclikooli Ragnar Nurkse inoovatsiooni ja valitsemise instituudis kaitses P. A. Widyanarko Veiko Lemberi juhendamisel\u00a09. septembril 2020 edukalt magistrit\u00f6\u00f6\u00a0teemal \u201cAsukoha rolli muutus avalike teenuste ostamisel l\u00e4bi kasvava digitaliseerimise\u201d, mis oli otseselt seotud RITA mobiilse elu projektiga ning sisendiks projekti 3. t\u00f6\u00f6r\u00fchma tegevustele.<\/p>\n<p>Magistrit\u00f6\u00f6 on leitav Tallinna Tehnika\u00fclikooli digikogust:\u00a0<a title=\"\" href=\"https:\/\/digikogu.taltech.ee\/et\/Item\/eaac4012-03ac-4f64-8faf-acb291523909\" target=\"_blank\" rel=\"noopener\" data-url=\"https:\/\/digikogu.taltech.ee\/et\/Item\/eaac4012-03ac-4f64-8faf-acb291523909\">https:\/\/digikogu.taltech.ee\/et\/Item\/eaac4012-03ac-4f64-8faf-acb291523909<\/a><\/p>\n<hr>\n<p><strong><a title=\"\" href=\"https:\/\/novaator.err.ee\/972625\/riik-otsib-teadlaste-abiga-voimalusi-elukohaandmete-tapsustamiseks\" target=\"_blank\" rel=\"noopener\" data-url=\"https:\/\/novaator.err.ee\/972625\/riik-otsib-teadlaste-abiga-voimalusi-elukohaandmete-tapsustamiseks\">\u201cElukoha registreerimise t\u00e4psust m\u00f5jutavad tegurid: Eesti pere- ja s\u00fcndimusuuringu anal\u00fc\u00fcs, A. Puur, L. Sakkeus\u201d<\/a><\/strong><\/p>\n<p><em>Tallinna \u00dclikooli Eesti demograafia keskus (21.06.2020)<\/em><\/p>\n<p>Tallinna \u00dclikooli Eesti demograafia keskuse professorid Allan Puur ja Luule Sakkeus on valmis saanud RITA Mobiilse elu projekti raames aruande \u201cElukoha registreeritud t\u00e4psust m\u00f5jutavad tegurid: Eesti pere- ja s\u00fcndimusuuringu anal\u00fc\u00fcs\u201d, mille eesm\u00e4rk oli\u00a0anal\u00fc\u00fcsida demograafiliste, sotsiaal-majanduslike ja elukohaga seotud tegurite m\u00f5ju p\u00fcsielukoha andmete t\u00e4psusele rahvastikuregistris.<\/p>\n<p>Aruanne on leitav Eesti Teadusinfos\u00fcsteemist:\u00a0<a href=\"https:\/\/www.etis.ee\/Portal\/Publications\/Display\/0528511e-c975-45c3-9b82-75a5208ac4ff\">https:\/\/www.etis.ee\/Portal\/Publications\/Display\/0528511e-c975-45c3-9b82-75a5208ac4ff<\/a><\/p>\n<hr>\n<p><strong><a title=\"\" href=\"https:\/\/novaator.err.ee\/972625\/riik-otsib-teadlaste-abiga-voimalusi-elukohaandmete-tapsustamiseks\" target=\"_blank\" rel=\"noopener\" data-url=\"https:\/\/novaator.err.ee\/972625\/riik-otsib-teadlaste-abiga-voimalusi-elukohaandmete-tapsustamiseks\">\u201cNutikas. Uuring registrite parandamiseks ja paremaks kasutamiseks. Raul Eamets, Tiit Tammaru, Enel Pungas\u201d<\/a><\/strong><\/p>\n<p><em>ERR, Vikerraadio (5.12.2019)<\/em><\/p>\n<p>Tartu \u00dclikooli professorid\u00a0Raul Eamets\u00a0ja\u00a0Tiit Tammaru\u00a0ning siseministeeriumi rahvastikutoimingute osakonna juhataja<strong>\u00a0<\/strong>Enel Pungas tutvustasid Vikerraadio rubriigis Nutikas\u00a0RITA Mobillse elu projekti.<\/p>\n<p>Kuula vestlust:\u00a0<a href=\"https:\/\/vikerraadio.err.ee\/uudispluss\/nutikas\/1005911\/998415?fbclid=IwAR3Bi3I5UNFRxbrDP9JfHXp3yyEER72mWMPNZ-andCgalJTnIksQx7qaea4\">https:\/\/vikerraadio.err.ee\/uudispluss\/nutikas\/1005911\/998415?fbclid=IwAR3Bi3I5UNFRxbrDP9JfHXp3yyEER72mWMPNZ-andCgalJTnIksQx7qaea4<\/a><\/p>\n<hr>\n<p><strong><a title=\"\" href=\"https:\/\/novaator.err.ee\/972625\/riik-otsib-teadlaste-abiga-voimalusi-elukohaandmete-tapsustamiseks\" target=\"_blank\" rel=\"noopener\" data-url=\"https:\/\/novaator.err.ee\/972625\/riik-otsib-teadlaste-abiga-voimalusi-elukohaandmete-tapsustamiseks\">\u201cT\u00dc teadlased osalesid rahvusvahelisel asukohap\u00f5histe teenuste konverentsil Viinis\u201d<\/a><\/strong><\/p>\n<p><em>LBS 2019 (11.11.2019)<\/em><\/p>\n<p>11-13\u00a0november 2019 toimus konverents \u201c15th International Conference on Location Based Services LBS 2019\u201d, kus Tartu \u00dclikooli teadlased Anto Aasa, Erki Saluveer, Pilleriine Kamenjuk, Janika Raun and Jan \u0160imbera osalesid teemaga: \u201cSpatial interpolation of mobile positioning data for population statistics\u201d.<\/p>\n<p>Loe t\u00e4psemalt (konverentsi veebileht):\u00a0<a title=\"\" href=\"https:\/\/lbsconference.org\/program\" target=\"_blank\" rel=\"noopener\" data-url=\"https:\/\/lbsconference.org\/program\">https:\/\/lbsconference.org\/program\u00a0<\/a><\/p>\n<p>T\u00dc teadlaste artikkel on leitav:\u00a0<a href=\"https:\/\/lbsconference.org\/wp-content\/uploads\/2019\/11\/3_10.pdf\">https:\/\/lbsconference.org\/wp-content\/uploads\/2019\/11\/3_10.pdf<\/a><\/p>\n<hr>\n<p><span style=\"font-size: 15px;\"><strong><a title=\"\" href=\"https:\/\/novaator.err.ee\/972625\/riik-otsib-teadlaste-abiga-voimalusi-elukohaandmete-tapsustamiseks\" target=\"_blank\" rel=\"noopener\" data-url=\"https:\/\/novaator.err.ee\/972625\/riik-otsib-teadlaste-abiga-voimalusi-elukohaandmete-tapsustamiseks\">\u201cRiik otsib teadlaste abiga v\u00f5imalusi elukohaandmete t\u00e4psustamiseks\u201d<\/a><\/strong><\/span><\/p>\n<p><em>ERR (22.08.2019)<\/em><\/p>\n<p>\u201cRiik on andnud Tartu \u00dclikooli, Tallinna \u00dclikooli ja Tallinna Tehnika\u00fclikooli teadlastele \u00fclesandeks selgitada, kuidas lahendada probleeme, mis tulenevad riiklikes registrites leiduvate elukohaandmete ebat\u00e4psusest. Riik vajab t\u00e4pseid andmeid selleks, et kujundada paremini avalikke teenuseid.<\/p>\n<p>Millistes piirkondades l\u00e4heb sel aastal k\u00f5ige rohkem lapsi esimesse klassi? Millistesse koolidesse peab j\u00e4rgmiseks aastaks planeerima rohkem paralleelklasse? Aga millistesse hoopis v\u00e4hem?\u201d<\/p>\n<p>Loe l\u00e4hemalt:\u00a0<a href=\"https:\/\/novaator.err.ee\/972625\/riik-otsib-teadlaste-abiga-voimalusi-elukohaandmete-tapsustamiseks\">https:\/\/novaator.err.ee\/9726<\/a>\u2026<\/p>\n<hr>\n<p><span style=\"font-size: 15px;\"><strong><a title=\"\" href=\"https:\/\/www.etag.ee\/riik-otsib-teadlaste-abiga-voimalusi-elukohaandmete-tapsustamiseks-riiklikes-registrites\/\" target=\"_blank\" rel=\"noopener\" data-url=\"https:\/\/www.etag.ee\/riik-otsib-teadlaste-abiga-voimalusi-elukohaandmete-tapsustamiseks-riiklikes-registrites\/\">\u201cRiik otsib teadlaste abiga v\u00f5imalusi elukohaandmete t\u00e4psustamiseks riiklikes registrites\u201d<\/a><\/strong><\/span><\/p>\n<p><em>ETAG (22.08.2019)<\/em><\/p>\n<p>\u201cTartu \u00dclikooli, Tallinna \u00dclikooli ja Tallinna Tehnika\u00fclikooli teadlased asuvad uurima v\u00f5imalusi riiklikes registrites leiduvate elukohaandmete ebat\u00e4psusest tulenevate probleemide lahendamiseks avalike teenuste kujundamisel. Tegemist on Eesti Teadusagentuuri RITA programmi uuringuga \u201eMobiilne eluviis, avalike teenuste tarbimine ja elukohaandmed riiklikes registrites\u201d, mille tulemuste rakendamisest on huvitatud nii Siseministeerium, Rahandusministeerium, Haridus- ja Teadusministeerium kui kohalike omavalitsusliitude esindajad.\u201d<\/p>\n<p><em>Loe l\u00e4hemalt:\u00a0<a href=\"https:\/\/www.etag.ee\/riik-otsib-teadlaste-abiga-voimalusi-elukohaandmete-tapsustamiseks-riiklikes-registrites\/\">https:\/\/www.etag.ee\/riik-otsib<\/a>\u2026<\/em><\/p>\n","protected":false},"excerpt":{"rendered":"<p>\u201cValmis RITA projekti \u201cMobiilne eluviis\u201d l\u00f5pparuanne\u201d 28.02.2022 Valmis RITA projekti \u201cMobiilne eluviis\u201d l\u00f5pparuanne, mis sisaldab kokkuv\u00f5tet kogu projekti tulemustest ja poliitikasoovitused lahendusettepanekute elluviimiseks. L\u00f5pparuanne on leitav siit:\u00a0https:\/\/sisu.ut.ee\/wp-content\/uploads\/sites\/377\/lisa_2._rita_mobelu_lopparuanne.pdf \u201cRITA MobElu projekt osaleb sessiooniga Tartu Planeerimiskonverentsil 2021\u201d 21.09.2021 RITA MobElu projekti meeskond &#8230;<\/p>\n","protected":false},"author":193,"featured_media":0,"parent":0,"menu_order":0,"comment_status":"closed","ping_status":"closed","template":"","meta":{"_acf_changed":false,"inline_featured_image":false,"footnotes":""},"class_list":["post-9","page","type-page","status-publish","hentry"],"acf":[],"_links":{"self":[{"href":"https:\/\/sisu.ut.ee\/mobiilneelu\/wp-json\/wp\/v2\/pages\/9","targetHints":{"allow":["GET"]}}],"collection":[{"href":"https:\/\/sisu.ut.ee\/mobiilneelu\/wp-json\/wp\/v2\/pages"}],"about":[{"href":"https:\/\/sisu.ut.ee\/mobiilneelu\/wp-json\/wp\/v2\/types\/page"}],"author":[{"embeddable":true,"href":"https:\/\/sisu.ut.ee\/mobiilneelu\/wp-json\/wp\/v2\/users\/193"}],"replies":[{"embeddable":true,"href":"https:\/\/sisu.ut.ee\/mobiilneelu\/wp-json\/wp\/v2\/comments?post=9"}],"version-history":[{"count":2,"href":"https:\/\/sisu.ut.ee\/mobiilneelu\/wp-json\/wp\/v2\/pages\/9\/revisions"}],"predecessor-version":[{"id":361,"href":"https:\/\/sisu.ut.ee\/mobiilneelu\/wp-json\/wp\/v2\/pages\/9\/revisions\/361"}],"wp:attachment":[{"href":"https:\/\/sisu.ut.ee\/mobiilneelu\/wp-json\/wp\/v2\/media?parent=9"}],"curies":[{"name":"wp","href":"https:\/\/api.w.org\/{rel}","templated":true}]}}