{"id":7,"date":"2024-04-04T05:24:11","date_gmt":"2024-04-04T02:24:11","guid":{"rendered":"https:\/\/sisu.ut.ee\/mobiilneelu\/tp-6-juhtimine\/"},"modified":"2024-04-25T16:32:04","modified_gmt":"2024-04-25T13:32:04","slug":"tp-6-juhtimine","status":"publish","type":"page","link":"https:\/\/sisu.ut.ee\/mobiilneelu\/tp-6-juhtimine\/","title":{"rendered":"TP 6 \u2013 Juhtimine"},"content":{"rendered":"<p style=\"text-align: left;\">Projekti juhtimise t\u00f6\u00f6pakett TP6 tagab k\u00f5ikide t\u00f6\u00f6pakettide koordineeritud koost\u00f6\u00f6 ja omavahelise suhtluse ning igap\u00e4evase suhtluse tellijatega. T\u00f6\u00f6paketi eesm\u00e4rk on tagada uuringu metoodiline terviklikkus, tulemuste kvaliteet, tulemuste levitamine ja kommunikatsioon, tegevus- ja ajakavast kinnipidamine ning projekti \u00fcldine sujuv toimimine.<\/p>\n<p style=\"text-align: left;\">Uuringu tegevuste juhtimiseks ja koost\u00f6\u00f6 tagamiseks on moodustatud projekti juhtkomisjon, kuhu kuuluvad k\u00f5ikide t\u00f6\u00f6pakettide juhid ning Tellijate (Siseministeerium, Rahandusministeerium) ja KOV liitude ja ETAG esindajad. Juhtkomisjon (a) tagab, et projekti tegevused vastavad l\u00e4hte\u00fclesandes ning uuringupakkumises toodud eesm\u00e4rkidele, (b) otsustab iga etapi l\u00f5pus eelmise etapi tulemuste p\u00f5hjal j\u00e4rgmise etapi t\u00e4psustatud uurimisk\u00fcsimused, -eesm\u00e4rgid ja -tegevused ning (c) j\u00e4lgib, et projekt p\u00fcsiks ajakavas ja eelarve oleks kasutatud eesm\u00e4rgip\u00e4raselt. Juhtkomisjon v\u00f5imaldab kindlustada tellija ja pakkuja vahelise j\u00e4rjepideva m\u00f5istmise uuringu kulgemise ja eesm\u00e4rkide saavutamisest.<\/p>\n<p style=\"text-align: left;\"><strong><span style=\"color: #3366cc;\">Projekti juhtimine:\u00a0<\/span>Tartu \u00dclikooli sotsiaalteaduste valdkond (konsortsiumi juht\u00a0Raul Eamets), Tartu \u00dclikooli \u00f6koloogia ja maateaduste instituut (kaasjuht Tiit Tammaru)\u00a0ja\u00a0 Tartu \u00dclikooli sotsiaalteaduslike rakendusuuringute keskus\u00a0RAKE (uuringu koordinaator Kaidi N\u00f5mmela)<\/strong><\/p>\n","protected":false},"excerpt":{"rendered":"<p>Projekti juhtimise t\u00f6\u00f6pakett TP6 tagab k\u00f5ikide t\u00f6\u00f6pakettide koordineeritud koost\u00f6\u00f6 ja omavahelise suhtluse ning igap\u00e4evase suhtluse tellijatega. T\u00f6\u00f6paketi eesm\u00e4rk on tagada uuringu metoodiline terviklikkus, tulemuste kvaliteet, tulemuste levitamine ja kommunikatsioon, tegevus- ja ajakavast kinnipidamine ning projekti \u00fcldine sujuv toimimine. Uuringu tegevuste &#8230;<\/p>\n","protected":false},"author":193,"featured_media":0,"parent":0,"menu_order":0,"comment_status":"closed","ping_status":"closed","template":"","meta":{"_acf_changed":false,"inline_featured_image":false,"footnotes":""},"class_list":["post-7","page","type-page","status-publish","hentry"],"acf":[],"_links":{"self":[{"href":"https:\/\/sisu.ut.ee\/mobiilneelu\/wp-json\/wp\/v2\/pages\/7","targetHints":{"allow":["GET"]}}],"collection":[{"href":"https:\/\/sisu.ut.ee\/mobiilneelu\/wp-json\/wp\/v2\/pages"}],"about":[{"href":"https:\/\/sisu.ut.ee\/mobiilneelu\/wp-json\/wp\/v2\/types\/page"}],"author":[{"embeddable":true,"href":"https:\/\/sisu.ut.ee\/mobiilneelu\/wp-json\/wp\/v2\/users\/193"}],"replies":[{"embeddable":true,"href":"https:\/\/sisu.ut.ee\/mobiilneelu\/wp-json\/wp\/v2\/comments?post=7"}],"version-history":[{"count":2,"href":"https:\/\/sisu.ut.ee\/mobiilneelu\/wp-json\/wp\/v2\/pages\/7\/revisions"}],"predecessor-version":[{"id":392,"href":"https:\/\/sisu.ut.ee\/mobiilneelu\/wp-json\/wp\/v2\/pages\/7\/revisions\/392"}],"wp:attachment":[{"href":"https:\/\/sisu.ut.ee\/mobiilneelu\/wp-json\/wp\/v2\/media?parent=7"}],"curies":[{"name":"wp","href":"https:\/\/api.w.org\/{rel}","templated":true}]}}