{"id":5,"date":"2024-04-04T05:24:11","date_gmt":"2024-04-04T02:24:11","guid":{"rendered":"https:\/\/sisu.ut.ee\/mobiilneelu\/tp-4-lahendusteede-valjatootamine-ja-analuus\/"},"modified":"2024-04-25T16:31:39","modified_gmt":"2024-04-25T13:31:39","slug":"tp-4-lahendusteede-valjatootamine-ja-analuus","status":"publish","type":"page","link":"https:\/\/sisu.ut.ee\/mobiilneelu\/tp-4-lahendusteede-valjatootamine-ja-analuus\/","title":{"rendered":"TP 4 \u2013 Lahendusteede v\u00e4ljat\u00f6\u00f6tamine ja anal\u00fc\u00fcs"},"content":{"rendered":"<p style=\"text-align: left;\">TP 4 raames\u00a0vastatakse j\u00e4rgnevatele\u00a0 <span style=\"color: #3366cc;\"><strong>uurimisk\u00fcsimustele<\/strong><\/span>, mida t\u00e4psustatakse I etapi tulemustele ning PICA raamistikule tuginedes:<\/p>\n<ol style=\"text-align: left;\">\n<li style=\"text-align: justify;\">Milliseid muutusi elanike k\u00e4itumises lahendusv\u00f5imaluste rakendamine eeldab v\u00f5i kaasa toob? Milline on elanike valmisolek oma harjumusi ja k\u00e4itumist muuta?<\/li>\n<li style=\"text-align: justify;\">Millised on konkreetsete lahendusteede poliitilised (sh ideoloogilised) v\u00f5imalused ja takistused (piirangud), sh KOV tasandil?<\/li>\n<li style=\"text-align: justify;\">Millised on konkreetsete\u00a0lahendusteede \u00f5iguslikud v\u00f5imalused ja piirangud (sh, isikuvabaduste aspekt, andmekaitse aspekt, j\u00e4relevalve vmt)?<\/li>\n<li style=\"text-align: justify;\">Millised on konkreetsete lahendusteede v\u00f5imalused ja piirangud tulenevalt administratiivsest v\u00f5imekusest ja valmisolekust?<\/li>\n<li style=\"text-align: justify;\">Milliseid tehnoloogilisi (sh infotehnoloogilisi) uuendusi on lahendusteede rakendamiseks vajalik juurutada?<\/li>\n<\/ol>\n<p style=\"text-align: left;\">Selgitatakse, kas vajalikud uuendused on olemas t\u00f6\u00f6tava lahendusena, protot\u00fc\u00fcbina v\u00f5i ideena ning milline on selle t\u00f6\u00f6kindlus ja tulemuse t\u00e4psus. Anal\u00fc\u00fcsitakse, millised oleksid v\u00f5imalused neid uuendusi Eestis rakendada, sh millises ajaraamis oleks see teostatav ning kui suur on tehnoloogia rakendamisega kaasnev kulu (sh investeerimis- ja \u00fclalpidamiskulu, teavitus- ja koolituskulu) ja tulu (sh \u00fchiskondlik tulu), st viiakse l\u00e4bi tulu-kulu anal\u00fc\u00fcs. Seej\u00e4rel selgitatakse, millised on erinevate lahendustee suurimad eelised ning suurimad takistused ja rakendamisega kaasnevad riskid, koos nende esinemist\u00f5en\u00e4osuse ja maandamise v\u00f5imalustega ning kuidas m\u00f5jutab lahendustee avalike teenuste planeerimist, osutamist ja rahastamist. T\u00e4helepanu p\u00f6\u00f6ratakse muu hulgas sellele, millised on konkreetse lahendustee rakendamise m\u00f5jud regionaalpoliitikale ja \u00e4\u00e4remaastumisele.<\/p>\n<p style=\"text-align: left;\"><span style=\"color: #3366cc;\"><strong>Esimene suund (TP4-1)<\/strong><\/span> keskendub projekti I etapi kolme t\u00f6\u00f6paketi t\u00f6\u00f6 k\u00e4igus v\u00e4lja koorunud lahenduste anal\u00fc\u00fcsimisele ja s\u00fcstematiseerimisele ning selle t\u00f6\u00f6suuna tulemuseks on edasise projekti k\u00e4igus anal\u00fc\u00fcsimiseks j\u00e4\u00e4vad elukoha- ja kontaktandmete parandamise lahendused. Eeldatavalt j\u00f5uame 3-5 erineva lahenduse s\u00f5nastamiseni nii elukoha kui elektroonsete kontaktandmete osas. Lahenduste anal\u00fc\u00fcsi t\u00e4pne uuringudisain koosk\u00f5lastatakse juhtkomisjoniga enne II etapi algust. Lahenduste v\u00f5rdlemiseks koostatakse terviklik hindamismaatriks, mis koondab erinevate lahenduste tugevused ja n\u00f5rkused saavutatavate tulemuste ning elluviimise teostatavuse kohta. V\u00f5rdlus toimub kahes p\u00f5hisuunas, st viiakse l\u00e4bi erinevate lahenduste kuluefektiivsuse ja tulu-kulu anal\u00fc\u00fcs ning seej\u00e4rel k\u00f5ige olulisema osana erinevate elukoha- ja kontaktandmete parandamise lahenduste sisuline anal\u00fc\u00fcs ekspertmeetodil.<\/p>\n<p style=\"text-align: left;\"><span style=\"color: #3366cc;\"><strong>Teine suund (TP4-2) <\/strong><\/span>seisneb erinevate lahenduste kuluefektiivsuse ja tulu-kulu anal\u00fc\u00fcsi l\u00e4biviimises.\u00a0Investeeringukulude osas kavandatakse kasutada \u201etrianguleeritud\u201c eksperthinnanguid terviklahenduste maksumuse kohta. Selle eelduseks on piisava tegevuste ja ressursside detailsusega kirjeldatud lahendusideed. Halduskulude ja elanike v\u00f5imaliku lisanduva monetiseeritava ajakulu puhul on \u00fclesandeks hinnata muudatuste elluviimisesse ja alalhoidmisesse kaasatud isikute ja toimingute arv ning \u00fchikuhindade (eesk\u00e4tt ajakulu, t\u00f6\u00f6aja maksumus) alusel arvutada iga-aastane kogukulu. Tulu-kulu anal\u00fc\u00fcs v\u00f5imaldab t\u00e4iendavalt hinnata, kas parimate lahenduste rakendamine elukohaandmete t\u00e4psuse eesm\u00e4rgip\u00e4raseks suurendamiseks ning toimiv riigiteadete elektroonilise edastamise s\u00fcsteem on Eesti \u00fchiskonnale tervikm\u00f5jus kasulik. Selleks on t\u00e4iendavalt vajalik hinnata ja monetiseerida ka muudatustega kaasnevaid tulusid.<\/p>\n<p style=\"text-align: left;\"><span style=\"color: #3366cc;\"><strong>Kolmas suund (TP4-3)<\/strong><\/span> seisneb erinevate lahendusteede sisulise anal\u00fc\u00fcsi ja eelhindamise l\u00e4biviimises ekspertmeetodil. Hindamiseks operatsionaliseeritakse\u00a0uurimisk\u00fcsimused konkreetsemateks lahenduste teostatavuse ja positiivse m\u00f5ju saavutamise eelduste avamisele suunatud (ekspert)k\u00fcsimusteks (a) ning nende (suhtelist) teostatavust ja m\u00f5ju hindavateks k\u00fcsimusteks (b).<\/p>\n<p style=\"text-align: left;\">Terviklike lahendusteede hindamise mustand saadetakse kirjaliku tagasiside saamiseks k\u00f5igile ekspertpaneeli liikmetele (sh uurimismeeskonna liikmetele) ning t\u00e4iendavalt ka olulistele huvir\u00fchmadele\/sidusorganisatsioonidele, mille alusel pakutakse v\u00e4lja l\u00f5plikud tulemused erinevate elukoha ja elektroonsete andmete parandamise lahendusteede kohta.<\/p>\n<p style=\"text-align: left;\"><b><span style=\"color: #3366cc;\">Vastutav t\u00e4itja: <\/span>Tartu \u00dclikooli sotsiaalteaduslike rakendusuuringute keskus RAKE (juht Veiko Sepp)<\/b><\/p>\n","protected":false},"excerpt":{"rendered":"<p>TP 4 raames\u00a0vastatakse j\u00e4rgnevatele\u00a0 uurimisk\u00fcsimustele, mida t\u00e4psustatakse I etapi tulemustele ning PICA raamistikule tuginedes: Milliseid muutusi elanike k\u00e4itumises lahendusv\u00f5imaluste rakendamine eeldab v\u00f5i kaasa toob? Milline on elanike valmisolek oma harjumusi ja k\u00e4itumist muuta? Millised on konkreetsete lahendusteede poliitilised (sh ideoloogilised) &#8230;<\/p>\n","protected":false},"author":193,"featured_media":0,"parent":0,"menu_order":0,"comment_status":"closed","ping_status":"closed","template":"","meta":{"_acf_changed":false,"inline_featured_image":false,"footnotes":""},"class_list":["post-5","page","type-page","status-publish","hentry"],"acf":[],"_links":{"self":[{"href":"https:\/\/sisu.ut.ee\/mobiilneelu\/wp-json\/wp\/v2\/pages\/5","targetHints":{"allow":["GET"]}}],"collection":[{"href":"https:\/\/sisu.ut.ee\/mobiilneelu\/wp-json\/wp\/v2\/pages"}],"about":[{"href":"https:\/\/sisu.ut.ee\/mobiilneelu\/wp-json\/wp\/v2\/types\/page"}],"author":[{"embeddable":true,"href":"https:\/\/sisu.ut.ee\/mobiilneelu\/wp-json\/wp\/v2\/users\/193"}],"replies":[{"embeddable":true,"href":"https:\/\/sisu.ut.ee\/mobiilneelu\/wp-json\/wp\/v2\/comments?post=5"}],"version-history":[{"count":2,"href":"https:\/\/sisu.ut.ee\/mobiilneelu\/wp-json\/wp\/v2\/pages\/5\/revisions"}],"predecessor-version":[{"id":390,"href":"https:\/\/sisu.ut.ee\/mobiilneelu\/wp-json\/wp\/v2\/pages\/5\/revisions\/390"}],"wp:attachment":[{"href":"https:\/\/sisu.ut.ee\/mobiilneelu\/wp-json\/wp\/v2\/media?parent=5"}],"curies":[{"name":"wp","href":"https:\/\/api.w.org\/{rel}","templated":true}]}}