{"id":36,"date":"2024-04-04T05:24:13","date_gmt":"2024-04-04T02:24:13","guid":{"rendered":"https:\/\/sisu.ut.ee\/mobiilneelu\/projektist\/"},"modified":"2024-04-25T15:57:39","modified_gmt":"2024-04-25T12:57:39","slug":"projektist","status":"publish","type":"page","link":"https:\/\/sisu.ut.ee\/mobiilneelu\/projektist\/","title":{"rendered":"RITA Mobiilne elu &#8211; mobiilne eluviis, avalike teenuste tarbimine ja elukohaandmed riiklikes registrites"},"content":{"rendered":"<h3 style=\"text-align: left;\">Millega tegeleb RITA Mobiilne elu projekt?<\/h3>\n<div style=\"text-align: left;\"><\/div>\n<p style=\"text-align: left;\">Projekt pakub lahendusi j\u00e4rgmistele\u00a0uurimisprobleemidele:<\/p>\n<ul>\n<li style=\"text-align: left;\">(a) Eesti inimeste ebat\u00e4psed elukohaandmed rahvastikuregistris, mis takistavad riigil ja omavalitsustel avalike teenuste kujundamist;<\/li>\n<li style=\"text-align: left;\">(b) riigi ja kodanike vaheline tavapostiga saadetav infovahetus ei arvesta digiajastu potentsiaali ja on osapooltele koormav.<\/li>\n<\/ul>\n<p style=\"text-align: left;\">Lahenduste otsimisel keskendub projekti esimese aasta uurimist\u00f6\u00f6 teadusp\u00f5histele anal\u00fc\u00fcsidele selgitamaks ebat\u00e4psete andmete p\u00f5hjuseid ja seniste lahendusteede (sh residentsuse indeks) t\u00e4psust, elektroonilise infovahetusele \u00fcleminekut takistavaid tegureid ning tingimusi, mille t\u00e4itmisel registreeriksid inimesed rahvastikuregistris \u00f5iged andmed. Teisel aastal t\u00f6\u00f6takse koos tellijaga v\u00e4lja lahendused l\u00e4hte\u00fclesandes t\u00f5statatud probleemide lahendamiseks ja viiakse l\u00e4bi nende anal\u00fc\u00fcs ning kolmandal aastal hinnatakse lahenduse rakendamist Eestis ja koostatakse poliitikasoovitused.<\/p>\n<h3 style=\"text-align: left;\">Mis on projekti eesm\u00e4rk?<\/h3>\n<div style=\"text-align: left;\"><\/div>\n<p style=\"text-align: left;\">Uuringu eesm\u00e4rk on\u00a0leida toimivad lahendused inimeste elukohaandmete t\u00e4psuse parandamiseks rahvastikuregistris ning riigi ja kodanike elektroonilise infovahetuse t\u00f5hustamiseks v\u00f5ttes seejuures arvesse inimeste mobiilsust, digiajastu v\u00f5imalusi ning riigi v\u00f5imekust lahendust administreerida.<\/p>\n<h3 style=\"text-align: left;\">Millised\u00a0on oodatavad tulemused?<\/h3>\n<div style=\"text-align: left;\"><\/div>\n<div style=\"text-align: left;\">Peamisteks tulemusteks on:<\/div>\n<ol style=\"text-align: left;\">\n<li style=\"text-align: justify;\">lahendused, mille abil inimeste elukoha andmed rahvastikuregistris vastavad tegelikkusele suurimas v\u00f5imalikus ulatuses, sh senisest t\u00e4psem teadmine rahvastikuregistri (eba)t\u00e4psuse mustritest ja elukohaandmetes moonutusi p\u00f5hjustavatest teguritest, hinnang elukoha tuvastamisel kasutusele v\u00f5etud meetodite t\u00e4psusele ning kohalikul tasandil rakendatud inimeste elukoha registreerimist m\u00f5jutavate meetmete anal\u00fc\u00fcs;<\/li>\n<li style=\"text-align: justify;\">lahendused, mis v\u00f5imaldavad elanikel ja riigil omavahel operatiivset info vastuv\u00f5tmist ja edastamist ning ametlike teadete elektroonilist edastamist ja k\u00e4ttetoimetatuks lugemist, sh elektroonsele suhtlusele \u00fcleminekut takistavate ja soodustavate tegurite \u00fclevaade r\u00fchmade p\u00f5hiselt;<\/li>\n<li>lahenduste toimivus ja teostatavus on t\u00f5estatud tuginedes anal\u00fc\u00fcsidele, testimis- ja\/v\u00f5i simulatsioonimudelitele\/protot\u00fc\u00fcpidele\/algoritmidele, sh toimuvate lahenduste kavandid ja originaaluuringud lahenduste toimivuse ja rakendatavuse hindamiseks.<\/li>\n<\/ol>\n<div style=\"margin-left: 40px; text-align: left;\"><\/div>\n<h3 style=\"text-align: left;\">Kes viib projekti ellu?<\/h3>\n<div style=\"text-align: left;\"><\/div>\n<div style=\"text-align: left;\">Uuringu viivad ellu uurimisr\u00fchmad\u00a0Tartu \u00dclikoolist, Tallinna \u00dclikoolist\u00a0ja Tallinna Tehnika\u00fclikoolist:<\/div>\n<ul style=\"margin-left: 40px; text-align: left;\">\n<li>\n<div>Tartu \u00dclikool: sotsiaalteaduste valdkond, Skytte poliitikauuringute instituudi\u00a0sotsiaalteaduslike rakendusuuringute keskus RAKE ning\u00a0\u00f6koloogia ja maateaduste instituut;<\/div>\n<\/li>\n<li>\n<div>Tallinna \u00dclikool: Eesti Demograafia Keskus;<\/div>\n<\/li>\n<li>\n<div>Tallinna Tehnika\u00fclikool: Ragnar Nurkse innovatsiooni ja valitsemise instituut.<\/div>\n<\/li>\n<\/ul>\n<div style=\"text-align: left;\">Lisaks kaasatakse uuringusse eksperte ka v\u00e4ljast poolt \u00fclikoole.<\/div>\n<div style=\"text-align: left;\"><\/div>\n<h3>Kes projekti juhib?<\/h3>\n<div style=\"text-align: left;\"><\/div>\n<div style=\"text-align: left;\">Projekti juhtimist, haldamist ja osapoolte vahelist koost\u00f6\u00f6d korraldab Tartu \u00dclikool. Uuringu tegevuste juhtimiseks ja koost\u00f6\u00f6 tagamiseks on moodustatud juhtkomisjon, kuhu kuuluvad uuringu elluviijate, tellijate ja rahastajate esindajad.<\/div>\n<div style=\"text-align: left;\"><\/div>\n<div style=\"text-align: left;\">\n<table class=\"table table-hover\">\n<tbody>\n<tr>\n<td colspan=\"2\">\n<div><b>Juhtkomisjoni koosseis:<\/b><\/div>\n<\/td>\n<\/tr>\n<tr>\n<td>\n<div><b>Asutus<\/b><\/div>\n<\/td>\n<td>\n<div><b>Liige<\/b><\/div>\n<\/td>\n<\/tr>\n<tr>\n<td>\n<div>Tartu \u00dclikool<\/div>\n<\/td>\n<td colspan=\"1\">\n<div>Raul Eamets<\/div>\n<\/td>\n<\/tr>\n<tr>\n<td>\n<div>Tartu \u00dclikool<\/div>\n<\/td>\n<td colspan=\"1\">\n<div>Tiit Tammaru<\/div>\n<\/td>\n<\/tr>\n<tr>\n<td>\n<div>Tallinna \u00dclikool<\/div>\n<\/td>\n<td colspan=\"1\">\n<div>Luule Sakkeus<\/div>\n<\/td>\n<\/tr>\n<tr>\n<td>\n<div>Tallinna Tehnika\u00fclikool<\/div>\n<\/td>\n<td colspan=\"1\">\n<div>Veiko Lember<\/div>\n<\/td>\n<\/tr>\n<tr>\n<td>\n<div>Siseministeerium<\/div>\n<\/td>\n<td>\n<div>Enel Pungas (asendusliige Mairis Kungla)<\/div>\n<\/td>\n<\/tr>\n<tr>\n<td rowspan=\"2\">\n<div>Siseministeerium<\/div>\n<\/td>\n<td rowspan=\"2\">\n<div>Henry Timberg (asendusliikmed Veiko Kommusaar, Kristiina K\u00fctt)<\/div>\n<\/td>\n<\/tr>\n<tr>\n<td><\/td>\n<td colspan=\"1\"><\/td>\n<\/tr>\n<tr>\n<td>Rahandusministeerium<\/td>\n<td>Eedi Sepp<\/td>\n<\/tr>\n<tr>\n<td>\n<div>Eesti Linnade ja Valdade Liit<\/div>\n<\/td>\n<td>\n<div>Jan Trei (asendusliige Kalle Toomet)<\/div>\n<\/td>\n<\/tr>\n<tr>\n<td>\n<div>Eesti Teadusagentuur<\/div>\n<\/td>\n<td>\n<div>Kaidi Meus (asendusliige Liina Eek)<\/div>\n<\/td>\n<\/tr>\n<\/tbody>\n<\/table>\n<\/div>\n<div style=\"text-align: left;\"><\/div>\n<h3>Kes on projekti rahastaja?<\/h3>\n<div style=\"text-align: left;\"><\/div>\n<div style=\"text-align: left;\">Uuringu tellijaks on Eesti Teadusagentuur ning uuringut toetab Euroopa Regionaalarengufond RITA programmi tegevuse 1 \u201eStrateegilise TA tegevuse toetamine\u201c elluviimise raames. Tulemuste rakendamisest on huvitatud eelk\u00f5ige EV Siseministeerium ja\u00a0Rahandusministeerium.<\/div>\n","protected":false},"excerpt":{"rendered":"<p>Millega tegeleb RITA Mobiilne elu projekt? Projekt pakub lahendusi j\u00e4rgmistele\u00a0uurimisprobleemidele: (a) Eesti inimeste ebat\u00e4psed elukohaandmed rahvastikuregistris, mis takistavad riigil ja omavalitsustel avalike teenuste kujundamist; (b) riigi ja kodanike vaheline tavapostiga saadetav infovahetus ei arvesta digiajastu potentsiaali ja on osapooltele koormav. &#8230;<\/p>\n","protected":false},"author":193,"featured_media":0,"parent":0,"menu_order":0,"comment_status":"closed","ping_status":"closed","template":"","meta":{"_acf_changed":false,"inline_featured_image":false,"footnotes":""},"class_list":["post-36","page","type-page","status-publish","hentry"],"acf":[],"_links":{"self":[{"href":"https:\/\/sisu.ut.ee\/mobiilneelu\/wp-json\/wp\/v2\/pages\/36","targetHints":{"allow":["GET"]}}],"collection":[{"href":"https:\/\/sisu.ut.ee\/mobiilneelu\/wp-json\/wp\/v2\/pages"}],"about":[{"href":"https:\/\/sisu.ut.ee\/mobiilneelu\/wp-json\/wp\/v2\/types\/page"}],"author":[{"embeddable":true,"href":"https:\/\/sisu.ut.ee\/mobiilneelu\/wp-json\/wp\/v2\/users\/193"}],"replies":[{"embeddable":true,"href":"https:\/\/sisu.ut.ee\/mobiilneelu\/wp-json\/wp\/v2\/comments?post=36"}],"version-history":[{"count":2,"href":"https:\/\/sisu.ut.ee\/mobiilneelu\/wp-json\/wp\/v2\/pages\/36\/revisions"}],"predecessor-version":[{"id":348,"href":"https:\/\/sisu.ut.ee\/mobiilneelu\/wp-json\/wp\/v2\/pages\/36\/revisions\/348"}],"wp:attachment":[{"href":"https:\/\/sisu.ut.ee\/mobiilneelu\/wp-json\/wp\/v2\/media?parent=36"}],"curies":[{"name":"wp","href":"https:\/\/api.w.org\/{rel}","templated":true}]}}