{"id":25,"date":"2024-04-04T05:24:12","date_gmt":"2024-04-04T02:24:12","guid":{"rendered":"https:\/\/sisu.ut.ee\/mobiilneelu\/avaleht\/"},"modified":"2024-04-25T16:27:50","modified_gmt":"2024-04-25T13:27:50","slug":"avaleht","status":"publish","type":"page","link":"https:\/\/sisu.ut.ee\/mobiilneelu\/","title":{"rendered":"RITA Mobiilne elu projekti koduleht"},"content":{"rendered":"<p><strong style=\"font-size: revert; text-align: var(--bs-body-text-align);\">Eesti on mobiilse elanikkonnaga<\/strong><span style=\"font-size: revert; font-weight: var(--bs-body-font-weight); text-align: var(--bs-body-text-align);\">, toimub intensiivne piiri\u00fclene pendelr\u00e4nne ning r\u00e4nne \u00fcmberpaiknemine linnaregioonidesse, kasvavad KOVide vahelised r\u00e4ndevood ning teise kodu omamine. Seejuures prognoositakse, et inimeste elustiil muutub veelgi mobiilsemaks. Lisaks on inimeste vaba liikumine \u00fcks ELi p\u00f5hiv\u00e4\u00e4rtustest, mida kannab ka Eesti. Inimeste kasvav mobiilsus muudab h\u00e4gusamaks tavap\u00e4rase elukoha m\u00f5iste ja see raskendab t\u00e4psete elukohaandmete j\u00f5udmist riiklikesse registrisse.<\/span><\/p>\n<p><strong>E-teenuste areng ja virtuaalse suhtluse <\/strong>kasv on olnud v\u00e4ga kiire, kuid ometi valitseb riigi ja kodanike vahel endiselt tavapostiga saadetav infovahetus. Vaatamata digiajastu v\u00f5imalustele kasutatakse endiselt ametlike teadete edastamiseks t\u00e4hitud kirju, mis on suurte posti- ja ajakuludega ja mis ei taga dokumentide k\u00e4tte toimetamist. Uuringud n\u00e4itavad, et digisuhtlus ja ruumiline mobiilsus on kasvanud k\u00e4sik\u00e4es.<\/p>\n<p>P\u00e4ise foto: unsplash.com<\/p>\n","protected":false},"excerpt":{"rendered":"<p>Eesti on mobiilse elanikkonnaga, toimub intensiivne piiri\u00fclene pendelr\u00e4nne ning r\u00e4nne \u00fcmberpaiknemine linnaregioonidesse, kasvavad KOVide vahelised r\u00e4ndevood ning teise kodu omamine. Seejuures prognoositakse, et inimeste elustiil muutub veelgi mobiilsemaks. Lisaks on inimeste vaba liikumine \u00fcks ELi p\u00f5hiv\u00e4\u00e4rtustest, mida kannab ka Eesti. &#8230;<\/p>\n","protected":false},"author":193,"featured_media":0,"parent":0,"menu_order":0,"comment_status":"closed","ping_status":"closed","template":"","meta":{"_acf_changed":false,"inline_featured_image":false,"footnotes":""},"class_list":["post-25","page","type-page","status-publish","hentry"],"acf":[],"_links":{"self":[{"href":"https:\/\/sisu.ut.ee\/mobiilneelu\/wp-json\/wp\/v2\/pages\/25","targetHints":{"allow":["GET"]}}],"collection":[{"href":"https:\/\/sisu.ut.ee\/mobiilneelu\/wp-json\/wp\/v2\/pages"}],"about":[{"href":"https:\/\/sisu.ut.ee\/mobiilneelu\/wp-json\/wp\/v2\/types\/page"}],"author":[{"embeddable":true,"href":"https:\/\/sisu.ut.ee\/mobiilneelu\/wp-json\/wp\/v2\/users\/193"}],"replies":[{"embeddable":true,"href":"https:\/\/sisu.ut.ee\/mobiilneelu\/wp-json\/wp\/v2\/comments?post=25"}],"version-history":[{"count":10,"href":"https:\/\/sisu.ut.ee\/mobiilneelu\/wp-json\/wp\/v2\/pages\/25\/revisions"}],"predecessor-version":[{"id":385,"href":"https:\/\/sisu.ut.ee\/mobiilneelu\/wp-json\/wp\/v2\/pages\/25\/revisions\/385"}],"wp:attachment":[{"href":"https:\/\/sisu.ut.ee\/mobiilneelu\/wp-json\/wp\/v2\/media?parent=25"}],"curies":[{"name":"wp","href":"https:\/\/api.w.org\/{rel}","templated":true}]}}