{"id":12,"date":"2024-04-04T05:24:11","date_gmt":"2024-04-04T02:24:11","guid":{"rendered":"https:\/\/sisu.ut.ee\/mobiilneelu\/inimesed\/"},"modified":"2024-04-25T16:32:32","modified_gmt":"2024-04-25T13:32:32","slug":"inimesed","status":"publish","type":"page","link":"https:\/\/sisu.ut.ee\/mobiilneelu\/inimesed\/","title":{"rendered":"Uurimisr\u00fchma koosseis"},"content":{"rendered":"<h3 align=\"left\">Projekti juhtimine:<\/h3>\n<p style=\"text-align: left; margin: 0cm 0cm .0001pt 1.0cm;\" align=\"left\"><span style=\"line-height: normal;\"><b>Raul Eamets<\/b> <\/span><\/p>\n<p style=\"text-align: left; margin: 0cm 0cm .0001pt 1.0cm;\" align=\"left\"><span style=\"line-height: normal;\"><i>Konsortsiumi juht<\/i><\/span><\/p>\n<p style=\"text-align: left; margin: 0cm 0cm .0001pt 1.0cm;\" align=\"left\"><span style=\"line-height: normal;\">Tartu \u00dclikooli makro\u00f6konoomika professor<\/span><\/p>\n<p style=\"text-align: left; margin: 0cm 0cm .0001pt 1.0cm;\" align=\"left\"><span style=\"line-height: normal;\">raul.eamets@ut.ee<\/span><\/p>\n<p style=\"text-align: left; margin: 0cm 0cm .0001pt 1.0cm;\" align=\"left\"><span style=\"line-height: normal;\"><b><br>\nTiit Tammaru <\/b><\/span><\/p>\n<p style=\"text-align: left; margin: 0cm 0cm .0001pt 1.0cm;\" align=\"left\"><span style=\"line-height: normal;\"><i>Projekti kaasjuht<\/i><\/span><\/p>\n<p style=\"text-align: left; margin: 0cm 0cm .0001pt 1.0cm;\" align=\"left\"><span style=\"line-height: normal;\">Tartu \u00dclikooli rahvastiku- ja linnageograafia professor<\/span><\/p>\n<p style=\"text-align: left; margin: 0cm 0cm .0001pt 1.0cm;\" align=\"left\"><span style=\"line-height: normal;\">tiit.tammaru@ut.ee<\/span><\/p>\n<p style=\"text-align: left; margin: 0cm 0cm .0001pt 1.0cm;\" align=\"left\"><span style=\"line-height: normal;\"><b><br>\nKaidi N\u00f5mmela <\/b><\/span><\/p>\n<p style=\"text-align: left; margin: 0cm 0cm .0001pt 1.0cm;\" align=\"left\"><span style=\"line-height: normal;\"><i>Projekti koordinaator<\/i><\/span><\/p>\n<p style=\"text-align: left; margin: 0cm 0cm .0001pt 1.0cm;\" align=\"left\"><span style=\"line-height: normal;\">Tartu \u00dclikooli sotsiaalteaduslike rakendusuuringute keskuse (RAKE) projektijuht-anal\u00fc\u00fctik<\/span><\/p>\n<p style=\"text-align: left; margin: 0cm 0cm .0001pt 1.0cm;\" align=\"left\"><span style=\"line-height: normal;\">kaidi.nommela@ut.ee<\/span><\/p>\n<h3 align=\"left\">TP1 \u2013 rahvastikuregistri andmete t\u00e4psus:<\/h3>\n<p style=\"text-align: left; margin: 0cm 0cm .0001pt 1.0cm;\" align=\"left\"><span style=\"line-height: normal;\"><b>Luule Sakkeus<\/b> <\/span><\/p>\n<p style=\"text-align: left; margin: 0cm 0cm .0001pt 1.0cm;\" align=\"left\"><span style=\"line-height: normal;\"><i>T\u00f6\u00f6r\u00fchmajuht<\/i><\/span><\/p>\n<p style=\"text-align: left; margin: 0cm 0cm .0001pt 1.0cm;\" align=\"left\"><span style=\"line-height: normal;\">Tallinna \u00dclikooli vanemteadur, Eesti demograafia keskuse juhataja<\/span><\/p>\n<p style=\"text-align: left; margin: 0cm 0cm .0001pt 1.0cm;\" align=\"left\"><span style=\"line-height: normal;\">luule.sakkeus@tlu.ee<\/span><\/p>\n<h3 align=\"left\">TP2 \u2013 alternatiivsed andmep\u00f5hised lahendused:<\/h3>\n<p style=\"text-align: left; margin: 0cm 0cm .0001pt 1.0cm;\" align=\"left\"><span style=\"line-height: normal;\"><b>Anto Aasa<\/b><\/span><\/p>\n<p style=\"text-align: left; margin: 0cm 0cm .0001pt 1.0cm;\" align=\"left\"><span style=\"line-height: normal;\"><i>T\u00f6\u00f6r\u00fchmajuht<\/i><\/span><\/p>\n<p style=\"text-align: left; margin: 0cm 0cm .0001pt 1.0cm;\" align=\"left\"><span style=\"line-height: normal;\">Tartu \u00dclikooli \u00f6koloogia ja maateaduste instituudi inimgeograafia teadur <\/span><\/p>\n<p style=\"text-align: left; margin: 0cm 0cm .0001pt 1.0cm;\" align=\"left\"><span style=\"line-height: normal;\">anto.aasa@ut.ee<\/span><\/p>\n<h3 align=\"left\">TP3 \u2013 inimeste k\u00e4itumist m\u00f5jutavad tegurid:<\/h3>\n<p style=\"text-align: left; margin: 0cm 0cm .0001pt 1.0cm;\" align=\"left\"><b>Merle M\u00e4gi<\/b><\/p>\n<p style=\"text-align: left; margin: 0cm 0cm .0001pt 1.0cm;\" align=\"left\"><span style=\"line-height: normal;\"><i>T\u00f6\u00f6r\u00fchmajuht<\/i><\/span><\/p>\n<p style=\"text-align: left; margin: 0cm 0cm .0001pt 1.0cm;\" align=\"left\"><span style=\"line-height: normal;\">Tartu \u00dclikooli Johan Skytte poliitikauuringute instituudi sotsiaalteaduslike rakendusuuringute keskuse (RAKE) projektijuht-anal\u00fc\u00fctik <\/span><\/p>\n<p style=\"text-align: left; margin: 0cm 0cm .0001pt 1.0cm;\" align=\"left\">merle.magi@ut.ee<\/p>\n<p style=\"text-align: left; margin: 0cm 0cm .0001pt 1.0cm;\" align=\"left\"><span style=\"line-height: normal;\"><b><br>\nVeiko Lember<\/b><\/span><\/p>\n<p style=\"text-align: left; margin: 0cm 0cm .0001pt 1.0cm;\" align=\"left\"><em>TalTech-i vastutav isik<\/em><\/p>\n<p style=\"text-align: left; margin: 0cm 0cm .0001pt 1.0cm;\" align=\"left\"><span style=\"line-height: normal;\">Tallinna Tehnika\u00fclikooli Ragnar Nurkse innovatsiooni ja valitsemise instituudi vanemteadur<\/span><\/p>\n<p style=\"text-align: left; margin: 0cm 0cm .0001pt 1.0cm;\" align=\"left\"><span style=\"line-height: normal;\">veiko.lember@taltech.ee<\/span><\/p>\n<h3 align=\"left\">TP4 \u2013 lahendusteede v\u00e4ljat\u00f6\u00f6tamine ja anal\u00fc\u00fcs:<\/h3>\n<p style=\"text-align: left; margin: 0cm 0cm .0001pt 1.0cm;\" align=\"left\"><span style=\"line-height: normal;\"><b>Veiko Sepp<\/b><\/span><\/p>\n<p style=\"text-align: left; margin: 0cm 0cm .0001pt 1.0cm;\" align=\"left\"><span style=\"line-height: normal;\"><i>T\u00f6\u00f6r\u00fchmajuht<\/i><\/span><\/p>\n<p style=\"text-align: left; margin: 0cm 0cm .0001pt 1.0cm;\" align=\"left\"><span style=\"line-height: normal;\">Tartu \u00dclikooli Johan Skytte poliitikauuringute instituudi sotsiaalteaduslike rakendusuuringute keskuse (RAKE) vanemanal\u00fc\u00fctik <\/span><\/p>\n<p style=\"text-align: left; margin: 0cm 0cm .0001pt 1.0cm;\" align=\"left\"><span style=\"line-height: normal;\">veiko.sepp@ut.ee<\/span><\/p>\n<h3 align=\"left\">TP5 \u2013 Eestile sobivaima lahenduse testimine ja poliitikaettepanekute koostamine:<\/h3>\n<p style=\"text-align: left; margin: 0cm 0cm .0001pt 1.0cm;\" align=\"left\"><span style=\"line-height: normal;\"><b>Tiit Tammaru <\/b><\/span><\/p>\n<p style=\"text-align: left; margin: 0cm 0cm .0001pt 1.0cm;\" align=\"left\"><span style=\"line-height: normal;\"><i>T\u00f6\u00f6r\u00fchmajuht<\/i><\/span><\/p>\n<p style=\"text-align: left; margin: 0cm 0cm .0001pt 1.0cm;\" align=\"left\"><span style=\"line-height: normal;\">Tartu \u00dclikooli rahvastiku- ja linnageograafia professor<\/span><\/p>\n<p style=\"text-align: left; margin: 0cm 0cm .0001pt 1.0cm;\" align=\"left\"><span style=\"line-height: normal;\">tiit.tammaru@ut.ee<\/span><\/p>\n","protected":false},"excerpt":{"rendered":"<p>Projekti juhtimine: Raul Eamets Konsortsiumi juht Tartu \u00dclikooli makro\u00f6konoomika professor raul.eamets@ut.ee Tiit Tammaru Projekti kaasjuht Tartu \u00dclikooli rahvastiku- ja linnageograafia professor tiit.tammaru@ut.ee Kaidi N\u00f5mmela Projekti koordinaator Tartu \u00dclikooli sotsiaalteaduslike rakendusuuringute keskuse (RAKE) projektijuht-anal\u00fc\u00fctik kaidi.nommela@ut.ee TP1 \u2013 rahvastikuregistri andmete t\u00e4psus: Luule &#8230;<\/p>\n","protected":false},"author":193,"featured_media":0,"parent":0,"menu_order":0,"comment_status":"closed","ping_status":"closed","template":"","meta":{"_acf_changed":false,"inline_featured_image":false,"footnotes":""},"class_list":["post-12","page","type-page","status-publish","hentry"],"acf":[],"_links":{"self":[{"href":"https:\/\/sisu.ut.ee\/mobiilneelu\/wp-json\/wp\/v2\/pages\/12","targetHints":{"allow":["GET"]}}],"collection":[{"href":"https:\/\/sisu.ut.ee\/mobiilneelu\/wp-json\/wp\/v2\/pages"}],"about":[{"href":"https:\/\/sisu.ut.ee\/mobiilneelu\/wp-json\/wp\/v2\/types\/page"}],"author":[{"embeddable":true,"href":"https:\/\/sisu.ut.ee\/mobiilneelu\/wp-json\/wp\/v2\/users\/193"}],"replies":[{"embeddable":true,"href":"https:\/\/sisu.ut.ee\/mobiilneelu\/wp-json\/wp\/v2\/comments?post=12"}],"version-history":[{"count":3,"href":"https:\/\/sisu.ut.ee\/mobiilneelu\/wp-json\/wp\/v2\/pages\/12\/revisions"}],"predecessor-version":[{"id":393,"href":"https:\/\/sisu.ut.ee\/mobiilneelu\/wp-json\/wp\/v2\/pages\/12\/revisions\/393"}],"wp:attachment":[{"href":"https:\/\/sisu.ut.ee\/mobiilneelu\/wp-json\/wp\/v2\/media?parent=12"}],"curies":[{"name":"wp","href":"https:\/\/api.w.org\/{rel}","templated":true}]}}