{"id":10,"date":"2024-04-04T05:24:11","date_gmt":"2024-04-04T02:24:11","guid":{"rendered":"https:\/\/sisu.ut.ee\/mobiilneelu\/publikatsioonid-ja-materjalid\/"},"modified":"2024-04-25T16:08:57","modified_gmt":"2024-04-25T13:08:57","slug":"publikatsioonid-ja-materjalid","status":"publish","type":"page","link":"https:\/\/sisu.ut.ee\/mobiilneelu\/publikatsioonid-ja-materjalid\/","title":{"rendered":"Publikatsioonid"},"content":{"rendered":"<div><\/div>\n<div><span style=\"font-size: 15px;\"><em>RITA Mobiilse elu projektiga seotud publikatsioonid ja kasulikud lingid:<\/em><\/span><\/div>\n<h3><a title=\"\" href=\"https:\/\/novaator.err.ee\/972625\/riik-otsib-teadlaste-abiga-voimalusi-elukohaandmete-tapsustamiseks\" target=\"_blank\" rel=\"noopener\" data-url=\"https:\/\/novaator.err.ee\/972625\/riik-otsib-teadlaste-abiga-voimalusi-elukohaandmete-tapsustamiseks\">PUBLIKATSIOONID:<\/a><\/h3>\n<p style=\"margin-left: 40px;\"><a href=\"https:\/\/sisu.ut.ee\/wp-content\/uploads\/sites\/377\/lisa_2._rita_mobelu_lopparuanne.pdf\" data-fid=\"68826\">Tartu \u00dclikool, Tallinna \u00dclikool, Tallinna Tehnika\u00fclikool\u00a0(2022). RITA projekti \u201cMobiilne elu, avalike teenuste tarbimine ja elukohaandmed riiklikes registrites. RITA MobElu projekti\u00a0l\u00f5pparuanne<\/a><\/p>\n<p style=\"margin-left: 40px;\"><a href=\"https:\/\/sisu.ut.ee\/wp-content\/uploads\/sites\/377\/lisa_1_tp5_lopparuanne.pdf\" data-fid=\"68825\">Eamets, R., Tammaru, T., N\u00f5mmela, K., M\u00e4gi, M. (2021).\u00a0Elukoha andmete t\u00e4psuse ja e-suhtluse parandamise lahendused ja poliitikasoovitused. RITA MobElu projekti, TP5\u00a0l\u00f5pparuanne. Tartu \u00dclikool<\/a><\/p>\n<p style=\"margin-left: 40px;\"><a href=\"https:\/\/sisu.ut.ee\/wp-content\/uploads\/sites\/377\/tp2_alternatiivsed_voimalused_elukoha_andmete_fikseerimiseks._seadusandluse_analuus._tp2_aruanne.pdf\" data-fid=\"66289\">Keis, I. Aasa, A. (2021). Alternatiivsed v\u00f5imalused elukoha andmete fikseerimiseks ja t\u00e4psustamiseks. Mobiilpositsioneerimise ja registriandmete \u00fchendamise seadusandlik kontekst.\u00a0RITA MobElu projekti, TP2 aruanne. \u00d6koloogia ja maateaduste instituut, Tartu \u00dclikool<\/a><\/p>\n<p style=\"margin-left: 40px;\"><a href=\"https:\/\/sisu.ut.ee\/wp-content\/uploads\/sites\/377\/tp2_rahvastikuregistri_elukoha_andmete_tapsustamine_mobiilpositsioneerimise_andmetel.tp2_aruanne.pdf\" data-fid=\"66287\">Aasa, A., Haamer, M. (2021).\u00a0Rahvastikuregistri elukohaandmete \u00f5igsuse kontroll ja t\u00e4psustamise v\u00f5imalused mobiilpositsioneerimise andmetel. RITA MobElu projekti, TP2 aruanne. \u00d6koloogia ja maateaduste instituut, Tartu \u00dclikool<\/a><\/p>\n<p style=\"margin-left: 40px;\"><a href=\"https:\/\/sisu.ut.ee\/wp-content\/uploads\/sites\/377\/tp2_igapaevaste_tegevusruumide_analuus_mobiilpositsioneerimise_andmetel._tp2_aruanne.pdf\" data-fid=\"66288\">Aasa, A. (2021).\u00a0Igap\u00e4evaste tegevusruumide anal\u00fc\u00fcs mobiilpositsioneerimise andmetel. RITA MobElu projekti, TP2 aruanne. \u00d6koloogia ja maateaduste instituut, Tartu \u00dclikool<\/a><\/p>\n<p style=\"margin-left: 40px;\"><a href=\"https:\/\/sisu.ut.ee\/wp-content\/uploads\/sites\/377\/esmaste_lahendusteede_analuus_tp4_tu_lopparuanne_sept_2021.pdf\" data-fid=\"65284\">M\u00e4gi, M., N\u00f5mmela, K., Sepp, V. (2021).\u00a0Elukoha andmete ja e-suhtluse parandamise esmaste lahendusteede anal\u00fc\u00fcs. RITA MobElu projekti, TP4 l\u00f5pparuanne. Sotsiaalteaduslike rakendusuuringute keskus RAKE, Tartu \u00dclikool<\/a><\/p>\n<p style=\"margin-left: 40px;\"><a href=\"https:\/\/sisu.ut.ee\/wp-content\/uploads\/sites\/377\/tp3_taltech_digitaalse_valitsemise_areng_luhiaruanne_0.pdf\" data-fid=\"66298\">Vallistu, J., Lember, V. (2021).\u00a0Digitaalse valitsemise arengutest tulenevad kaudsed v\u00f5imalused Eesti elanike elukoha- ja kontaktandmete t\u00e4psustamiseks. RITA MobElu projekt. TP3 TalTech l\u00fchiaruanne. Tallinna Tehnika\u00fclikooli Ragnar Nurkse innovatsiooni ja valitsemise instituut<\/a><\/p>\n<p style=\"margin-left: 40px;\"><a href=\"https:\/\/sisu.ut.ee\/wp-content\/uploads\/sites\/377\/kaudsed_voimalused_andmete_tapsustamiseks_tp3_taltech_lopparuanne_aug_2021_0.pdf\" data-fid=\"65286\">Vallistu, J., Lember, V. (2021).\u00a0Digitaalse valitsemise arengutest tulenevad kaudsed v\u00f5imalused Eesti elanike elukoha- ja kontaktandmete t\u00e4psustamiseks. RITA MobElu projekt.\u00a0Tallinna Tehnika\u00fclikooli Ragnar Nurkse innovatsiooni ja valitsemise instituut<\/a><\/p>\n<p style=\"margin-left: 40px;\"><a href=\"https:\/\/sisu.ut.ee\/wp-content\/uploads\/sites\/377\/tp1_tlu_tegeliku_ja_registripohise_elukoha_kattuvus_ning_selle_pohjused_etu2020_analuus_gortfelderpuut2021_0.pdf\" data-fid=\"65730\">Gortfelder, M., Puur, A. (2021). Tegeliku ja registrip\u00f5hise elukoha lahknevus ning selle p\u00f5hjused: 2020. aasta Eesti t\u00f6\u00f6j\u00f5u-uuringu anal\u00fc\u00fcs. Uuringuraport, Tallinna \u00dclikool<\/a><\/p>\n<p style=\"margin-left: 40px;\"><a title=\"\" href=\"https:\/\/doi.org\/10.1080\/17489725.2021.1917710\" target=\"_blank\" rel=\"noopener\" data-url=\"https:\/\/doi.org\/10.1080\/17489725.2021.1917710\">Aasa, A., Kamenjuk, P., Saluveer, E., \u0160imbera, J., &amp; Raun, J. 2021. Spatial interpolation of mobile positioning data for population statistics, Journal of Location Based Services, DOI: 10.1080\/17489725.2021.1917710<\/a><\/p>\n<p style=\"margin-left: 40px;\"><a href=\"https:\/\/sisu.ut.ee\/wp-content\/uploads\/sites\/377\/tp3_rake_luhiaruanne_0.pdf\" data-fid=\"64764\">M\u00e4gi, M., Aksen, M., K\u00fclm, M. L. (2021). Elukoha- ja kontaktandmed riiklikes registrites \u2013 inimeste valikud. T\u00f6\u00f6r\u00fchma 3 tulemuste kokkuv\u00f5te. RITA Mobiilne elu, Tartu \u00dclikooli Sotsiaalteaduslike Rakendusuuringute Keskus RAKE<\/a><\/p>\n<p style=\"margin-left: 40px;\"><a href=\"https:\/\/sisu.ut.ee\/wp-content\/uploads\/sites\/377\/tp5_tu_elanike_valmisolek_riigiga_elektroonseks_suhtluseks_kusitlustulemused_mai_2021_0.pdf\" data-fid=\"64763\">N\u00f5mmela, K. (2021). Elanike valmisolek riigiga elektroonseks suhtluseks, k\u00fcsitlustulemuste aruanne. RITA Mobiilne elu, Tartu \u00dclikool<\/a><\/p>\n<p style=\"margin-left: 40px;\"><a href=\"https:\/\/sisu.ut.ee\/wp-content\/uploads\/sites\/377\/tp1_tlu_elukoha_registreerimise_tapsust_mojutavad_tegurid_28.02.2021_0.pdf\" data-fid=\"64766\">Herm, A., Puur, A. (2021). Elukoha registreerimise t\u00e4psust m\u00f5jutavad tegurid: 2011. aasta rahvaloenduse ja rahvastikuregistri aadressi erinevus. (ETIS uuringuraport)<\/a><\/p>\n<p style=\"margin-left: 40px;\"><a href=\"https:\/\/sisu.ut.ee\/wp-content\/uploads\/sites\/377\/tp1_tlu_kohalike_omavalitsuste_elukoha_registreerimise_kampaaniate_moju_analuus_28.02.2021_0.pdf\" data-fid=\"64767\">Noork\u00f5iv, R., Klesment, M., Puur, A. (2021) Kohalike omavalitsuste elukoha registreerimise kampaaniate m\u00f5ju anal\u00fc\u00fcs. (ETIS uuringuraport).<\/a><\/p>\n<p style=\"margin-left: 40px;\"><a href=\"https:\/\/sisu.ut.ee\/wp-content\/uploads\/sites\/377\/tp1_tlu_administratiivse_elukoha_tapsus_ja_selle_jalgimine_euroopa_riikides_28.02.2021_0.pdf\" data-fid=\"64768\">Poulain (2021). Administratiivse elukoha t\u00e4psus ja selle j\u00e4lgimine Euroopa riikides: Belgia, Taani, Soome, Norra, Rootsi ja HollandRahvusvahelise kogemuse \u00f5ppetunnid Eestile s\u00fcsteemi t\u00e4iustamiseks. (ETIS uuuringuraport).<\/a><\/p>\n<p style=\"margin-left: 40px;\"><a href=\"https:\/\/sisu.ut.ee\/wp-content\/uploads\/sites\/377\/tp3_rake_inimeste_valikud_loplik_28.02.2021_0.pdf\" data-fid=\"64762\">Akesn, M., Kiisel, M., K\u00fclm, M. L., Larchernko, D., M\u00e4gi, M., Puur, S.M., Sepp, V., Urmann, H., Veemaa, J., (2021) Elukoha- ja kontaktandmed riiklikes registrites: inimeste valikud. Tartu. Tartu \u00dclikool. Uuringuraport<\/a><\/p>\n<p style=\"margin-left: 40px;\"><a href=\"https:\/\/sisu.ut.ee\/wp-content\/uploads\/sites\/377\/tp1_tlu_teised_kohad_rel2011alusel_20.03.2020_0.pdf\" data-fid=\"64769\">Herm A. (2020) Teised elukohad, t\u00f6\u00f6- v\u00f5i \u00f5pikoht mujal kui p\u00fcsielukoht. (ETIS uuringuraport)<\/a><\/p>\n<p style=\"margin-left: 40px;\"><a href=\"https:\/\/sisu.ut.ee\/wp-content\/uploads\/sites\/377\/tp3_taltech_lisa_1_widyanarko_magistritoo_21.10.2020_0.pdf\" data-fid=\"64770\">Widyanarko, P. A. (2020).\u00a0The Placeness of Public Service: Redefining the Meaning of Place in the Digitalization of Public Service Delivery, master thesis.\u00a0Ragnar Nurkse\u00a0innovatsiooni ja valitsemise\u00a0instituut, Tallinna Tehnika\u00fclikool<\/a><\/p>\n<p style=\"margin-left: 40px;\"><a href=\"https:\/\/sisu.ut.ee\/wp-content\/uploads\/sites\/377\/tp1_tlu_tegeliku_ja_registripohise_elukoha_kattuvus_puur_sakkeus_2020_0.pdf\" data-fid=\"64771\">Puur, A. , Sakkeus, L. (2020). Elukoha registreerimist m\u00f5jutavad tegurid: Eesti Pere- ja S\u00fcndimusanal\u00fc\u00fcs. (ETIS uuringuraport)<\/a><\/p>\n<p style=\"margin-left: 40px;\"><a href=\"https:\/\/sisu.ut.ee\/wp-content\/uploads\/sites\/377\/tp1_tlu_tegeliku_ja_registripohise_elukoha_kattuvus_etu_gortfelder_2020_1.pdf\" data-fid=\"64772\">Gortfelder, M. (2020). Elukoha registreerimise t\u00e4psust m\u00f5jutavad tegurid: Eesti T\u00f6\u00f6j\u00f5u-uuringu 2015. aasta mooduli anal\u00fc\u00fcs. (ETIS uuringuraport)<\/a><\/p>\n<p style=\"margin-left: 40px;\"><a href=\"https:\/\/sisu.ut.ee\/wp-content\/uploads\/sites\/377\/tp1_tlu_registration_of_the_residence_in_belgium_11.03.2020_0.pdf\" data-fid=\"66294\">Poulain, M., Herm, A. (2020). Registration of the residence in Belgium: ensuring the quality of data on place of residence. Tallinna \u00dclikooli Eesti Demograafia Keskus (Report)<\/a><\/p>\n<p style=\"margin-left: 40px;\"><a href=\"https:\/\/sisu.ut.ee\/wp-content\/uploads\/sites\/377\/tp1_tlu_riikide_vordlus_randestatistika_alusel_12.03.2020_1.pdf\" data-fid=\"66295\">Herm, A. (2020). Elukoha registreerimise t\u00e4psuse hinnang Eesti ning l\u00e4hte- ja sihtriikide r\u00e4ndestatistika v\u00f5rdlusega.\u00a0Tallinna \u00dclikooli Eesti Demograafia Keskus<\/a><\/p>\n<p style=\"margin-left: 40px;\"><a href=\"https:\/\/sisu.ut.ee\/wp-content\/uploads\/sites\/377\/tp1_tlu_herm_a._2020._elukoha_registreerimise_tapsust_mojutavad_tegurid_elukoha_aadressiandmete_taielikkus_rahvastikuregistris.pdf\" data-fid=\"66296\">Herm, A. (2020). Elukoha registreerimise t\u00e4psust m\u00f5jutavad tegurid: Elukoha aadressiandmete t\u00e4ielikkus rahvastikuregistris. Tallinn, Tallinna \u00dclikool. 6 lk.- ETIS<\/a><\/p>\n<p style=\"margin-left: 40px;\"><a title=\"\" href=\"https:\/\/lbs2019.lbsconference.org\/wp-content\/uploads\/2019\/11\/WebProceedings.pdf\" target=\"_blank\" rel=\"noopener\" data-url=\"https:\/\/lbs2019.lbsconference.org\/wp-content\/uploads\/2019\/11\/WebProceedings.pdf\">Aasa, Anto; Saluveer, Erki; Kamenjuk, Pilleriine; Raun, Janika; \u0160imbera, Jan (2019).\u00a0Spatial interpolation of mobile positioning data for population statistics.\u00a0LBS 2019: Adjunct Proceedings of the 15th International Conference on Location-Based Services, ed. Gartner, Georg and Huang, Haosheng, Wien, 2019, page 171-176<\/a><\/p>\n<h3><a title=\"\" href=\"https:\/\/novaator.err.ee\/972625\/riik-otsib-teadlaste-abiga-voimalusi-elukohaandmete-tapsustamiseks\" target=\"_blank\" rel=\"noopener\" data-url=\"https:\/\/novaator.err.ee\/972625\/riik-otsib-teadlaste-abiga-voimalusi-elukohaandmete-tapsustamiseks\">K<\/a><a title=\"\" href=\"https:\/\/novaator.err.ee\/972625\/riik-otsib-teadlaste-abiga-voimalusi-elukohaandmete-tapsustamiseks\" target=\"_blank\" rel=\"noopener\" data-url=\"https:\/\/novaator.err.ee\/972625\/riik-otsib-teadlaste-abiga-voimalusi-elukohaandmete-tapsustamiseks\">ASULIKUD<\/a><a title=\"\" href=\"https:\/\/novaator.err.ee\/972625\/riik-otsib-teadlaste-abiga-voimalusi-elukohaandmete-tapsustamiseks\" target=\"_blank\" rel=\"noopener\" data-url=\"https:\/\/novaator.err.ee\/972625\/riik-otsib-teadlaste-abiga-voimalusi-elukohaandmete-tapsustamiseks\"> LINGID:<\/a><\/h3>\n<p style=\"margin-left: 40px;\">Projekt toetub Infotehnoloogilise Mobiilsusobservatooriumi (IMO) andmetaristule:\u00a0<a title=\"\" href=\"https:\/\/imo.ut.ee\/\" target=\"_blank\" rel=\"noopener\" data-url=\"https:\/\/imo.ut.ee\/\">https:\/\/imo.ut.ee\/<\/a><\/p>\n<p style=\"margin-left: 40px;\">\n<\/p>","protected":false},"excerpt":{"rendered":"<p>RITA Mobiilse elu projektiga seotud publikatsioonid ja kasulikud lingid: PUBLIKATSIOONID: Tartu \u00dclikool, Tallinna \u00dclikool, Tallinna Tehnika\u00fclikool\u00a0(2022). RITA projekti \u201cMobiilne elu, avalike teenuste tarbimine ja elukohaandmed riiklikes registrites. RITA MobElu projekti\u00a0l\u00f5pparuanne Eamets, R., Tammaru, T., N\u00f5mmela, K., M\u00e4gi, M. (2021).\u00a0Elukoha andmete &#8230;<\/p>\n","protected":false},"author":193,"featured_media":0,"parent":0,"menu_order":0,"comment_status":"closed","ping_status":"closed","template":"","meta":{"_acf_changed":false,"inline_featured_image":false,"footnotes":""},"class_list":["post-10","page","type-page","status-publish","hentry"],"acf":[],"_links":{"self":[{"href":"https:\/\/sisu.ut.ee\/mobiilneelu\/wp-json\/wp\/v2\/pages\/10","targetHints":{"allow":["GET"]}}],"collection":[{"href":"https:\/\/sisu.ut.ee\/mobiilneelu\/wp-json\/wp\/v2\/pages"}],"about":[{"href":"https:\/\/sisu.ut.ee\/mobiilneelu\/wp-json\/wp\/v2\/types\/page"}],"author":[{"embeddable":true,"href":"https:\/\/sisu.ut.ee\/mobiilneelu\/wp-json\/wp\/v2\/users\/193"}],"replies":[{"embeddable":true,"href":"https:\/\/sisu.ut.ee\/mobiilneelu\/wp-json\/wp\/v2\/comments?post=10"}],"version-history":[{"count":3,"href":"https:\/\/sisu.ut.ee\/mobiilneelu\/wp-json\/wp\/v2\/pages\/10\/revisions"}],"predecessor-version":[{"id":360,"href":"https:\/\/sisu.ut.ee\/mobiilneelu\/wp-json\/wp\/v2\/pages\/10\/revisions\/360"}],"wp:attachment":[{"href":"https:\/\/sisu.ut.ee\/mobiilneelu\/wp-json\/wp\/v2\/media?parent=10"}],"curies":[{"name":"wp","href":"https:\/\/api.w.org\/{rel}","templated":true}]}}