{"id":9,"date":"2024-04-04T07:35:03","date_gmt":"2024-04-04T04:35:03","guid":{"rendered":"https:\/\/sisu.ut.ee\/mnemus\/kontakt\/"},"modified":"2024-04-25T11:06:11","modified_gmt":"2024-04-25T08:06:11","slug":"kontakt","status":"publish","type":"page","link":"https:\/\/sisu.ut.ee\/mnemus\/kontakt\/?lang=et","title":{"rendered":"Kontakt"},"content":{"rendered":"<p>\n\tKontor: Tartu \u00dclikooli Etnoloogia osakond, \u00dclikooli 16, Tartu.\n<\/p>\n<p>\n\tPostiaadress: Etnoloogia osakond, Tartu \u00dclikool, \u00dclikooli 18, 50090\u00a0Tartu, Eesti\n<\/p>\n<p>\n\tProjekti vastutav t\u00e4itja: Ene K\u00f5resaar, ene.koresaar@ut.ee<\/p>\n","protected":false},"excerpt":{"rendered":"<p>Kontor: Tartu \u00dclikooli Etnoloogia osakond, \u00dclikooli 16, Tartu. Postiaadress: Etnoloogia osakond, Tartu \u00dclikool, \u00dclikooli 18, 50090\u00a0Tartu, Eesti Projekti vastutav t\u00e4itja: Ene K\u00f5resaar, ene.koresaar@ut.ee<\/p>\n","protected":false},"author":271,"featured_media":0,"parent":0,"menu_order":0,"comment_status":"closed","ping_status":"closed","template":"","meta":{"_acf_changed":false,"inline_featured_image":false,"footnotes":""},"class_list":["post-9","page","type-page","status-publish","hentry"],"acf":[],"_links":{"self":[{"href":"https:\/\/sisu.ut.ee\/mnemus\/wp-json\/wp\/v2\/pages\/9","targetHints":{"allow":["GET"]}}],"collection":[{"href":"https:\/\/sisu.ut.ee\/mnemus\/wp-json\/wp\/v2\/pages"}],"about":[{"href":"https:\/\/sisu.ut.ee\/mnemus\/wp-json\/wp\/v2\/types\/page"}],"author":[{"embeddable":true,"href":"https:\/\/sisu.ut.ee\/mnemus\/wp-json\/wp\/v2\/users\/271"}],"replies":[{"embeddable":true,"href":"https:\/\/sisu.ut.ee\/mnemus\/wp-json\/wp\/v2\/comments?post=9"}],"version-history":[{"count":1,"href":"https:\/\/sisu.ut.ee\/mnemus\/wp-json\/wp\/v2\/pages\/9\/revisions"}],"predecessor-version":[{"id":108,"href":"https:\/\/sisu.ut.ee\/mnemus\/wp-json\/wp\/v2\/pages\/9\/revisions\/108"}],"wp:attachment":[{"href":"https:\/\/sisu.ut.ee\/mnemus\/wp-json\/wp\/v2\/media?parent=9"}],"curies":[{"name":"wp","href":"https:\/\/api.w.org\/{rel}","templated":true}]}}