{"id":8,"date":"2024-04-04T07:35:03","date_gmt":"2024-04-04T04:35:03","guid":{"rendered":"https:\/\/sisu.ut.ee\/mnemus\/seotud-projektid\/"},"modified":"2024-04-25T11:14:22","modified_gmt":"2024-04-25T08:14:22","slug":"seotud-projektid","status":"publish","type":"page","link":"https:\/\/sisu.ut.ee\/mnemus\/seotud-projektid\/?lang=et","title":{"rendered":"Seotud projektid"},"content":{"rendered":"<p>K\u00e4imasolevad koost\u00f6\u00f6projektid:<\/p>\n<h3><a title=\"\" href=\"https:\/\/blogit.utu.fi\/nordicvoices\/\" target=\"_blank\" rel=\"noopener\">Nordic voices<\/a>: The use of oral history and personal memories in public history settings (2022-2024)<\/h3>\n<p>NORDIC VOICES eesm\u00e4rk on\u00a0suurendada suuliste lugude, elulugude ja isiklike m\u00e4lestuste kasutamist P\u00f5hjamaade kultuuriasutustes, tehes koost\u00f6\u00f6d nii akadeemiliste ringkondade kui ka erinevate kultuuriasutuste juhtivate ekspertidega.<\/p>\n<p>Eelmisi projekte, millega uurimisr\u00fchma liikmed on seotud:<\/p>\n<h3>ETNOMUUS 2020\u00a0\u201cEesti materiaalse etnograafiap\u00e4randi kogumine, kasutamine ja s\u00e4ilitamine Eesti muuseumides\u201d (juuni 2020 \u2013 jaanuar 2021)<\/h3>\n<p>Uuringu viis l\u00e4bi Tartu \u00dclikooli etnoloogia osakond. Uuringu tellija, Muinsuskaitseamet, s\u00f5nastas eesm\u00e4rgi j\u00e4rgmiselt:<\/p>\n<p>Uuringu \u00fclesandeks on anal\u00fc\u00fcsida Eesti materiaalse etnograafiap\u00e4randi kogumist, kasutamist ja s\u00e4ilimist Eesti muuseumides eesm\u00e4rgiga and p\u00f5hjalik \u00fclevaade Eesti etnograafilise p\u00e4randi\u00a0hetkeseisust ja selle kujunemise protsessist Eesti muuseumides. Uuring kombineerib kvantitatiivseid ja kvalitatiivseid meetodeid: statistiline andmeanal\u00fc\u00fcs, suletud ja avatud k\u00fcsimustega ankeedid, poolstruktureeritud intervjuud, dokumentide kontentanal\u00fc\u00fcs. Anal\u00fc\u00fcsi tulemusi saab kasutada muuseumivaldkonna riikliku kogumispoliitika teadmusp\u00f5hisel kujundamisel ja muuseumide p\u00e4randihoidlate projekti arendamisel.<\/p>\n<p>Uuringu l\u00e4biviijad:\u00a0Ene K\u00f5resaar, Jana Reidla ja Kirsti J\u00f5esalu;\u00a0kvantitatiivsete andmete t\u00f6\u00f6tlus: Hiljar Tammela<\/p>\n<p><a title=\"\" href=\"https:\/\/www.muinsuskaitseamet.ee\/sites\/default\/files\/etnograafiauuringu_kokkuvote.pdf\" target=\"_blank\" rel=\"noopener\">Uuringu kokkuv\u00f5te<\/a><\/p>\n<p><a title=\"\" href=\"https:\/\/www.muinsuskaitseamet.ee\/sites\/default\/files\/mka_tu_etnograafiaparandi_uuring-aruanne.pdf\" target=\"_blank\" rel=\"noopener\">Uuringu aruanne<\/a><\/p>\n<h3>SFLKU15130 \u201cIdentiteetide paljusus ja m\u00e4lu komplitseeritus\u201d (oktoober 2015 \u2212 detsember 2017)<\/h3>\n<p>Tartu \u00dclikool, Filosoofiateaduskond, Kultuuriteaduste ja kunstide instituut (partner), Tartu \u00dclikool, Humanitaarteaduste ja kunstide valdkond, kultuuriteaduste instituut (partner); Finantseerija: Euroopa Komisjon.\u00a0ERA.Net RUS Plus<\/p>\n<p>Multidistsiplinaarne projekt keskendus rasketele m\u00e4lestustele ja eriilmelistele identiteetidele, mis on seotud konfliktide ja protestiliikumistega Venemaal, Soomes, L\u00e4tis, Eestis, Saksamaal ja T\u00fcrgis. See k\u00e4sitles olulisi k\u00fcsimusi, millega iga \u00fchiskond p\u00e4rast konflikti silmitsi seisab: kuidas saavad inimesed p\u00e4rast v\u00e4givaldseid konflikte ja traumeerivaid m\u00e4lestusi koos elada? Kuidas luuakse ja taasluuakse m\u00fc\u00fcte, s\u00fcmboleid ja m\u00e4lestusi? Kuidas on v\u00f5imalik lubada raskeid ja erinevaid m\u00e4lestusi nende kontrollimise v\u00f5i vaigistamise asemel?<\/p>\n<p>Projekti k\u00e4igus uuriti v\u00f5rdlevas perspektiivis leppimise, dialoogi edendamise, kaasamise ja lahutamise protsesse. See koondas metoodilisi arutelusid suulise ajaloo uurimisest, kultuurim\u00e4lu uurimisest ja t\u00e4nap\u00e4eva protestiliikumiste uurimusest.<\/p>\n<p>T\u00f6\u00f6r\u00fchm: Ene K\u00f5resaar (vastutav t\u00e4itja), Terje Anepaio,\u00a0Kirsti J\u00f5esalu ja Laura Jamsja.<\/p>\n<p><a title=\"\" href=\"https:\/\/www.etis.ee\/Portal\/Projects\/Display\/6addd1e0-224f-4d0c-b73f-646d4761c070\" target=\"_blank\" rel=\"noopener\" data-url=\"https:\/\/www.etis.ee\/Portal\/Projects\/Display\/6addd1e0-224f-4d0c-b73f-646d4761c070\">Projekti info ETISes<\/a><\/p>\n<h3>MFLKU13183R (SPeCTReSS) \u201eKultuuritrauma ja suver\u00e4\u00e4nsuse taasloome\u201c (jaanuar 2014 \u2013 detsember 2017)<\/h3>\n<p>Tartu \u00dclikool, Filosoofiateaduskond, Kultuuriteaduste ja kunstide instituut (partner), Tartu \u00dclikool, Humanitaarteaduste ja kunstide valdkond, kultuuriteaduste instituut (partner); Finantseerija: Euroopa Komisjon<\/p>\n<p>Projektiga sooviti kindlustada ja tihendada hiljuti algatatud, kuid seni mitteametlikke suhteid juhtivate teadusasutuste vahel, mis esindavad erinevaid piirkondi ja ajaloolisi traditsioone, et viia l\u00e4bi \u00fchiseid uuringuid ja osaleda teadmiste vahetamises. Projekti eesm\u00e4rk oli leida uusi paradigmasid m\u00f5istmaks, kuidas ajaloolised traumad on l\u00f5hkunud ja kujundanud rahvuslikke identiteete. Kaasaegses teaduses raamistatakse tavaliselt arutelusid rahvusliku identiteedi \u00fcle kontekstis millegagi, mis on varem olnud nagu: postkolonialistlik, s\u00f5jaj\u00e4rgne, post-apartheid, postkommunism jne. Antud projektis leiti, et kasulikum on selliste vaidlustatud m\u00f5istete nagu natsionalism v\u00f5i patriotism asemel kasutada\u00a0kultuuritrauma m\u00f5istet, mis on\u00a0\u201ckultuuriliselt m\u00e4\u00e4ratletud ja t\u00f5lgendatud \u0161okk \u00fchiskonna kultuurilisele koele\u201d. SPeCTReSS j\u00e4rgis seda muudetud kontseptsiooni mitte ainult teoreetilises ja ajaloolises osas, vaid keskendudes m\u00f5jutatud kogukondade kultuuriloomele.<\/p>\n<p>T\u00f6\u00f6r\u00fchm: Ene K\u00f5resaar (vastutav t\u00e4itja), Kirsti J\u00f5esalu<\/p>\n<p><a title=\"\" href=\"https:\/\/spectressnetwork.wordpress.com\/about\/\" target=\"_blank\" rel=\"noopener\" data-url=\"https:\/\/spectressnetwork.wordpress.com\/about\/\">Projektist SPeCTReSS<\/a><\/p>\n<h3>ETF8190 \u201cM\u00e4lupraktikad: j\u00e4rjepidevused ja katkestused 20. sajandi m\u00e4letamises\u201d (jaanuar 2010 \u2013 detsember 2014)<\/h3>\n<p dir=\"ltr\">Projekti eesm\u00e4rk on uurida katkestuse ja j\u00e4rjepidevus toimimist kultuuris eri tasanditel ja eri m\u00e4lupraktikate p\u00f5hjal. Esitati h\u00fcpotees, et katkestus(ed) ja j\u00e4rjepidevus(ed) ei ole m\u00f5istetavad mitte ainult \u00fcksteisele j\u00e4rgnevatena, vaid nad toimivad kultuuritervikus samaaegselt ja paralleelselt, \u00fcks teise kaudu ja vastupidi, aktualiseerudes teatud tingimustel. Projekti l\u00e4htepunktiks oli eelnevates projektides s\u00f5nastatud katkestuse kontseptsioon 1940.aa ja 1950.aa alguse arengute ja nende retrospektiivse t\u00f5lgenduse kohta. Projekti k\u00e4igus keskenduti katkestuse ja j\u00e4rjepidevuse d\u00fcnaamika ja paljutasandilise suhestatuse ning nende suhete zhanrispetsiifilisusele. Projekti tulemusena toodi k\u00e4ibesse seni v\u00e4hekasutatud allikaid ning arendati uudset metodoloogiat, mis seisneb pika ajaperspektiivi ning eri m\u00e4lutasandite komplementaarses k\u00e4sitluses. Projekti uurimistulemused v\u00f5imaldavad diferentseerida senist vaadet nii Eesti (ja Balti) n\u00f5ukogudej\u00e4rgsele m\u00e4lukultuurile kui ka selle keskmes olnud kogemuste kujunemise trajektooridele. Suuremate alaprojektidena avaldati raamat Eesti n\u00f5ukogudej\u00e4rgsest s\u00f5jam\u00e4lust ja koostati teemanumber N\u00f5ukogude perioodi m\u00e4letamisest Balti m\u00e4lukultuuri(de)s.<\/p>\n<p dir=\"ltr\">T\u00f6\u00f6r\u00fchm: Ene K\u00f5resaar (vastutav t\u00e4itja), Kirsti J\u00f5esalu<\/p>\n<p dir=\"ltr\"><a title=\"\" href=\"https:\/\/www.etis.ee\/Portal\/Projects\/Display\/38454eb0-bb07-49fe-b60e-48b60a3ff701\" target=\"_blank\" rel=\"noopener\" data-url=\"https:\/\/www.etis.ee\/Portal\/Projects\/Display\/38454eb0-bb07-49fe-b60e-48b60a3ff701\">Projekti info ETISes<\/a><\/p>\n<h3>ETF6687\u00a0\u201cM\u00e4lukohad ja m\u00e4letamise kultuurid 21. sajandi Eestis\u201d (jaanuar 2006 \u2212 detsember 2009)<\/h3>\n<p>Tartu \u00dclikool, Filosoofiateaduskond; Finantseerija: Sihtasutus Eesti Teadusfond<\/p>\n<p>Uurimuse objektideks on m\u00e4lukohad ja m\u00e4letamise kultuurid. M\u00e4lukohtadena m\u00f5istetakse k\u00f5iki kultuurifenomene, mida kollektiivsel tasandil teadlikult v\u00f5i ebateadlikult seotakse mineviku ja rahvusliku identiteediga. Uurimusse valitud \u201ckohad\u201d on rahvuslikku t\u00e4hendust omavad sundmused (Teine maailmas\u00f5da, ENSV), kultuurin\u00e4htused (traditsioon) ja institutsioonid (muuseum). Uurimuses esitatakse k\u00fcsimus nende m\u00e4lukohtade taasloomise praktikatest, s\u00fcsteemist ja loogikast ning omavahelisest seotusest rahvusliku ajaloo, (poliitilise) kultuuri ning t\u00e4nap\u00e4eva globaalse m\u00f5istev\u00f5rgustiku kaudu. Teisiti v\u00e4ljendudes on k\u00fcsimus m\u00e4letamise kultuuridest \u2013 minevikuseoste ja -representatsioonide paljususest. Spetsiifiliste m\u00e4letamiskultuuride uurimisel keskendus projekt k\u00fcsimustele \u00fchiskonna \u201cm\u00e4lulaetusest\u201d, erinevate gruppide huvidest, mnemotehnikatest ja mineviku kujutamise erinevatest viisidest. M\u00e4lu ja kultuuri m\u00f5isteti uurimuses diskursiivsetena, toetuti A. ja J. Assmanni kommunikatiivse ja kultuurim\u00e4lu teooriale ning nende kultuuri- ja sotsiaalteaduslikele edasiarendustele. Uurimuses kasutati olemasolevaid etnograafilisi ja eluloolisi allikaid ERM, EVM ja EKLA fondidest, samuti eri tasandi avalikke tekste. Projekti k\u00e4igus loodi uusi allikaid biograafilise ja temaatilise intervjuu, (muuseumi) k\u00fclastusvaatluse jm meetodil.<\/p>\n<p>Uurimisgrupp: Ene K\u00f5resaar (vastutav t\u00e4itja), Kirsti J\u00f5esalu jt<\/p>\n<p><a title=\"\" href=\"https:\/\/www.etis.ee\/Portal\/Projects\/Display\/940f77fe-f67c-40bd-ab3f-ed172084f2d3?tabId=tab_GeneralData\" target=\"_blank\" rel=\"noopener\" data-url=\"https:\/\/www.etis.ee\/Portal\/Projects\/Display\/940f77fe-f67c-40bd-ab3f-ed172084f2d3?tabId=tab_GeneralData\">Projektist ETISes<\/a><\/p>\n","protected":false},"excerpt":{"rendered":"<p>K\u00e4imasolevad koost\u00f6\u00f6projektid: Nordic voices: The use of oral history and personal memories in public history settings (2022-2024) NORDIC VOICES eesm\u00e4rk on\u00a0suurendada suuliste lugude, elulugude ja isiklike m\u00e4lestuste kasutamist P\u00f5hjamaade kultuuriasutustes, tehes koost\u00f6\u00f6d nii akadeemiliste ringkondade kui ka erinevate kultuuriasutuste juhtivate &#8230;<\/p>\n","protected":false},"author":271,"featured_media":0,"parent":0,"menu_order":0,"comment_status":"closed","ping_status":"closed","template":"","meta":{"_acf_changed":false,"inline_featured_image":false,"footnotes":""},"class_list":["post-8","page","type-page","status-publish","hentry"],"acf":[],"_links":{"self":[{"href":"https:\/\/sisu.ut.ee\/mnemus\/wp-json\/wp\/v2\/pages\/8","targetHints":{"allow":["GET"]}}],"collection":[{"href":"https:\/\/sisu.ut.ee\/mnemus\/wp-json\/wp\/v2\/pages"}],"about":[{"href":"https:\/\/sisu.ut.ee\/mnemus\/wp-json\/wp\/v2\/types\/page"}],"author":[{"embeddable":true,"href":"https:\/\/sisu.ut.ee\/mnemus\/wp-json\/wp\/v2\/users\/271"}],"replies":[{"embeddable":true,"href":"https:\/\/sisu.ut.ee\/mnemus\/wp-json\/wp\/v2\/comments?post=8"}],"version-history":[{"count":2,"href":"https:\/\/sisu.ut.ee\/mnemus\/wp-json\/wp\/v2\/pages\/8\/revisions"}],"predecessor-version":[{"id":205,"href":"https:\/\/sisu.ut.ee\/mnemus\/wp-json\/wp\/v2\/pages\/8\/revisions\/205"}],"wp:attachment":[{"href":"https:\/\/sisu.ut.ee\/mnemus\/wp-json\/wp\/v2\/media?parent=8"}],"curies":[{"name":"wp","href":"https:\/\/api.w.org\/{rel}","templated":true}]}}