{"id":7,"date":"2024-04-04T07:35:03","date_gmt":"2024-04-04T04:35:03","guid":{"rendered":"https:\/\/sisu.ut.ee\/mnemus\/uudised\/"},"modified":"2024-04-25T11:15:30","modified_gmt":"2024-04-25T08:15:30","slug":"uudised","status":"publish","type":"page","link":"https:\/\/sisu.ut.ee\/mnemus\/uudised\/?lang=et","title":{"rendered":"Uudised"},"content":{"rendered":"<h3>\n\tMNEMUS Vabamus<br>\n<\/h3>\n<p>\n\tAlates 9. juunist 2023 on Vabamu p\u00fcsin\u00e4ituse juures avatud uus heliteekond: <strong>\u201e<a data-url=\"https:\/\/vabamu.ee\/mis-toimub\/sundmused\/niisugustest-lgbt-aktivismini\" href=\"https:\/\/vabamu.ee\/mis-toimub\/sundmused\/niisugustest-lgbt-aktivismini\" target=\"_blank\" title=\"\" rel=\"noopener\">\u201eNiisugustest\u201c LGBT-aktivismini. 20. sajandi lood seksuaal- ja soov\u00e4hemustest Eestis\u201c<\/a>.\u00a0 <\/strong>LGBT helitekond on osa MNEMUSe loomev\u00e4ljundist.<br>Vabamu p\u00fcsin\u00e4itus k\u00f5neleb repressioonidest ja vabaduse p\u00fc\u00fcetest. N\u00e4ituse teejuhile, audiogiidile lisandub peale p\u00f5hitasandi veel \u00fcks tasand, nimelt 20. sajandi Eesti kv\u00e4\u00e4re lugusid jutustav heliteekond. Uue heliteekonna kuraator on Tartu \u00dclikooli etnoloogia doktorant Rebeka P\u00f5ldsam ning see juhatab n\u00e4itusek\u00fclastaja l\u00e4bi Vabamu p\u00fcsin\u00e4ituse, juhtides t\u00e4helepanu m\u00f5nele uuele ja m\u00f5nele vanale esemele, mis aitavad m\u00f5testada Eesti LGBT-ajalugu. \u00a0\n<\/p>\n<p>\n\tMis juhtus \u201eniisuguste\u201d inimestega teise maailmas\u00f5ja ajal? Kuidas ja kus r\u00e4\u00e4giti homoseksuaalsusest N\u00f5ukogude Eestis? Mis viis homoseksuaalsete suhete dekriminaliseerimiseni? Mis rolli on m\u00e4nginud abielu homoseksuaalsete inimeste eludes N\u00f5ukogude ajal ja t\u00e4nap\u00e4eval? Eesti-, inglise- ja venekeelne audiogiid toob muuseumisse LGBT-inimeste lood ajast, kui meid nimetati \u201eniisugusteks\u201c, kuni t\u00e4nap\u00e4eva aktivismi ja kogukonna teemadeni.\u00a0\n<\/p>\n<h3>\n\tEttekanded<br>\n<\/h3>\n<p>\n\t<strong>Ene K\u00f5resaar<\/strong>\u00a0r\u00e4\u00e4gib projekt\u00a0Nordic Voices seminaril\u00a0\u201c<a href=\"https:\/\/blogit.utu.fi\/nordicvoices\/autum-2022-2\/\" target=\"_blank\" title=\"\" rel=\"noopener\">Oral histories, life stories and analysing significance in museums<\/a>\u201c, mis toimub 5.-7. oktoobril, 2023 Turu \u00fclikoolis elulugude kasutamisest Balti ajaloomuuseumide n\u00e4itustel.\n<\/p>\n<p>\n\t\u00a0\n<\/p>\n<p>\n\t\u00a0<\/p>\n","protected":false},"excerpt":{"rendered":"<p>MNEMUS Vabamus Alates 9. juunist 2023 on Vabamu p\u00fcsin\u00e4ituse juures avatud uus heliteekond: \u201e\u201eNiisugustest\u201c LGBT-aktivismini. 20. sajandi lood seksuaal- ja soov\u00e4hemustest Eestis\u201c.\u00a0 LGBT helitekond on osa MNEMUSe loomev\u00e4ljundist.Vabamu p\u00fcsin\u00e4itus k\u00f5neleb repressioonidest ja vabaduse p\u00fc\u00fcetest. N\u00e4ituse teejuhile, audiogiidile lisandub peale p\u00f5hitasandi &#8230;<\/p>\n","protected":false},"author":271,"featured_media":0,"parent":0,"menu_order":0,"comment_status":"closed","ping_status":"closed","template":"","meta":{"_acf_changed":false,"inline_featured_image":false,"footnotes":""},"class_list":["post-7","page","type-page","status-publish","hentry"],"acf":[],"_links":{"self":[{"href":"https:\/\/sisu.ut.ee\/mnemus\/wp-json\/wp\/v2\/pages\/7","targetHints":{"allow":["GET"]}}],"collection":[{"href":"https:\/\/sisu.ut.ee\/mnemus\/wp-json\/wp\/v2\/pages"}],"about":[{"href":"https:\/\/sisu.ut.ee\/mnemus\/wp-json\/wp\/v2\/types\/page"}],"author":[{"embeddable":true,"href":"https:\/\/sisu.ut.ee\/mnemus\/wp-json\/wp\/v2\/users\/271"}],"replies":[{"embeddable":true,"href":"https:\/\/sisu.ut.ee\/mnemus\/wp-json\/wp\/v2\/comments?post=7"}],"version-history":[{"count":1,"href":"https:\/\/sisu.ut.ee\/mnemus\/wp-json\/wp\/v2\/pages\/7\/revisions"}],"predecessor-version":[{"id":110,"href":"https:\/\/sisu.ut.ee\/mnemus\/wp-json\/wp\/v2\/pages\/7\/revisions\/110"}],"wp:attachment":[{"href":"https:\/\/sisu.ut.ee\/mnemus\/wp-json\/wp\/v2\/media?parent=7"}],"curies":[{"name":"wp","href":"https:\/\/api.w.org\/{rel}","templated":true}]}}