{"id":5,"date":"2024-04-04T07:35:03","date_gmt":"2024-04-04T04:35:03","guid":{"rendered":"https:\/\/sisu.ut.ee\/mnemus\/publikatsioonid\/"},"modified":"2025-02-18T13:52:30","modified_gmt":"2025-02-18T11:52:30","slug":"publikatsioonid","status":"publish","type":"page","link":"https:\/\/sisu.ut.ee\/mnemus\/publikatsioonid\/?lang=et","title":{"rendered":"Publikatsioonid"},"content":{"rendered":"<p><strong>Reidla, Jana; K\u00f5resaar, Ene; Murakas, Rein<\/strong> (2025). Museum value as a tension field: a Baltic perspective. <em>Cultural Trends<\/em>, 1\u201318. https:\/\/doi.org\/10.1080\/09548963.2025.2467636<\/p>\n<p><strong>K\u00f5resaar, Ene; Kirsti J\u00f5esalu, Olli Kleemola, Heimo, Anne<\/strong> (2025). In search of multi-perspectivity: Using first-person narratives in historical exhibitions in Finland and Estonia. \u2212 Gunn\u00fe\u00f3runn Gu\u00f0mundsd\u00f3ttir and Ulla Savolainen (Ed.). <em>Memory Studies in the Nordic Countries: A Handbook<\/em>. (xx\u2212xx). Brill.<\/p>\n<p><strong>K\u00f5resaar, Ene; J\u00f5esalu, Kirsti<\/strong> (2024). Slow Conflict on Display: on the Representation of Russophone Minorities in Baltic History Museums. \u2212 <em>Slovensky\u0301 n\u00e1rodopis \/ Slovak Ethnology<\/em>, 72 (4), 475-490.<\/p>\n<p><strong>K\u00f5resaar, Ene; J\u00f5esalu, Kirsti <\/strong>(2023). Diversification and Alternative Subjectivities in Estonian Museums: Memory of Soviet Collaboration and Complicity Revisited. \u2212 T<em>he Slavic and East European Journal,<\/em> 67 (3), 344\u2212362.<\/p>\n<p><strong>Dovydaityt\u0117, Linara<\/strong> (2023). Curating Industrial Memories in a Museum: An Artistic Approach. \u2212 <em>Kunstiteaduslikke Uurimusi \/ Studies on art and architecture<\/em>, 32 (3-4), 193\u2212224.<\/p>\n<p><strong>Reidla, Jana; K\u00f5resaar, Ene<\/strong> (2023). <a title=\"\" href=\"https:\/\/www.tandfonline.com\/doi\/full\/10.1080\/13527258.2023.2263752?src=\" target=\"_blank\" rel=\"noopener\" data-url=\"https:\/\/www.tandfonline.com\/doi\/full\/10.1080\/13527258.2023.2263752?src=\">Auxiliary collections as active collections: the case of Estonia<\/a>. \u2212 I<em>nternational Journal of Heritage Studies,<\/em> \u00a01\u221213. DOI: 10.1080\/13527258.2023.2263752.<\/p>\n<p><strong>Reidla, Jana; Murakas, Rein; K\u00f5resaar, Ene<\/strong> (2023). Balti riikide muuseumid ja muuseumit\u00f6\u00f6tajad uuringupeeglis. \u2212 <em>Muuseum<\/em> 1 (50) <a title=\"\" href=\"https:\/\/ajakiri.muuseum.ee\/balti-riikide-muuseumid-ja-muuseumitootajad-uuringupeeglis\/?fbclid=IwAR2e0yLBtcwxXBtU5YV8D1_y6Zb_ihwYC2LYCN5CUeg_KoDMLbGfRTwjoRw\" target=\"_blank\" rel=\"noopener\" data-url=\"https:\/\/ajakiri.muuseum.ee\/balti-riikide-muuseumid-ja-muuseumitootajad-uuringupeeglis\/?fbclid=IwAR2e0yLBtcwxXBtU5YV8D1_y6Zb_ihwYC2LYCN5CUeg_KoDMLbGfRTwjoRw\">veebiv\u00e4ljaanne <\/a>kevad-suvi.<\/p>\n<p><strong>Reidla, Jana; Murakas, Rein; K\u00f5resaar, E<\/strong>ne (2023). Balti riikide muuseumid ja muuseumit\u00f6\u00f6tajad uuringupeeglis. II osa. Muuseum : Eesti Muuseumi\u00fchingu ajakiri, <a title=\"\" href=\"https:\/\/ajakiri.muuseum.ee\/balti-riikide-muuseumid-ja-muuseumitootajad-uuringupeeglis-2\/\" target=\"_blank\" rel=\"noopener\" data-url=\"https:\/\/ajakiri.muuseum.ee\/balti-riikide-muuseumid-ja-muuseumitootajad-uuringupeeglis-2\/\">2 (51)<\/a>.<\/p>\n<p><strong>Reidla, Jana; K\u00f5resaar, Ene; J\u00f5esalu, Kirsti<\/strong> (2023). Etnograafiap\u00e4randi m\u00e4\u00e4ratlemisest ja kogumisest Eesti muuseumides. \u2212 <em>Eesti Rahva Muuseumi aastaraamat<\/em>, 64, \u00a0295\u2212324.<\/p>\n<p><strong>K\u00f5resaar, Ene; Anepaio, Terje<\/strong>. (2023). <a title=\"\" href=\"https:\/\/library.oapen.org\/handle\/20.500.12657\/62359\" target=\"_blank\" rel=\"noopener\" data-url=\"https:\/\/library.oapen.org\/handle\/20.500.12657\/62359\">On the Role of the Individual in Materializing, Mediating, and Commemorating Memories of the Stalinist Repressions<\/a>. \u2212 Samira Saramo &amp; Ulla Savolainen (Ed.). \u00a0<em>The Legacies of Soviet Repression and Displacement: The Multiple and Mobile Lives of Memories<\/em>. Routledge. (Memory Studies: Global Constellations), 295\u2212324. DOI: 10.4324\/9781003305569-8.<\/p>\n<p><strong>J\u00f5esalu, Kirsti; K\u00f5resaar, Ene<\/strong> (2022). Mitigating the Difficult Past? On the Politics of Renaming the Estonian Museum of Occupations. \u2212 Kirsti Salmi-Niklander, Sofia Laine, P\u00e4ivi Salmesvuori, Ulla Savolainen, Riikka Taavetti (Ed.). <em>Friction, Fragmentation, and Diversity. Localized Politics of European Memories<\/em>. Amsterdam: Amsterdam University Press. (Heritage and Memory Studies), 27\u221253.<\/p>\n<p><strong>K\u00f5resaar, Ene<\/strong> (2022). Book review: Museums of Communism: new memory sites in central and eastern Europe. \u2212 <em>Journal of Baltic Studies, <\/em>139\u2212141. 10.01.2022. DOI: 10.1080\/01629778.2022.2024704.<\/p>\n<p><strong>Kannike, Anu; Jana Reidla<\/strong>\u00a0(2021). Striving Towards Social Relevance: Interpretations of the Soviet Period in Estonian and Latvian Museums. \u2013 <em>Lithuanian Historical Studies<\/em>, 25: 175-211. DOI:\u00a0<a title=\"\" href=\"https:\/\/brill.com\/view\/journals\/lhs\/25\/1\/article-p175_7.xml\" target=\"_blank\" rel=\"noopener\">10.30965\/25386565-02501006<\/a>.<\/p>\n<p><strong>K\u00f5resaar, Ene; J\u00f5esalu, Kirsti<\/strong> (2021). From Museum as Memorial to Memory Museum: On the Transformation of the Estonian Museum of Occupations. \u2212 P\u00e9ter Apor; Constantin Iordachi (Ed.). <em>Occupation and Communism in Eastern European Museums. Re-Visualizing the Recent Past<\/em>. London: Bloomsbury Academic, 51\u221274.<\/p>\n<p><strong>K\u00f5resaar, Ene; J\u00f5esalu, Kirsti<\/strong>\u00a0(2021). M\u00e4lut\u00f6\u00f6st elulooliste m\u00e4lu-uuringuteni.\u00a0M\u00e4rkusi biograafilise kultuuriuurimise ja n\u00f5ukogudej\u00e4rgse Eesti m\u00e4lu-uuringute seoste kohta. \u2212 A<em>cta Historica Tallinnensia<\/em>, 27 (2), 353\u2212377. DOI: <a title=\"\" href=\"http:\/\/dx.doi.org\/10.3176\/hist.2021.2.05\" target=\"_blank\" rel=\"noopener\">10.3176\/hist.2021.2.05<\/a>.<\/p>\n<p><strong>K\u00f5resaar, Ene; J\u00f5esalu, Kirsti<\/strong> (2021). Post-communist memories and life stories in Estonia: from memory work to life historical memory studies. \u2212 R. Halili, A. Kola &amp; G. Franzinetti (Ed.). <em>Memory of Communism in Post-Communist Europe: Social Practices, Research, Communication<\/em> (xx\u2212xx). Toru\u0144: Wydawnictwo Naukowe Uniwersytetu Miko\u0142aja Kopernika.<\/p>\n<p><strong>Reidla, Jana; Anu Kannike<\/strong>\u00a0(2021). Multivocality in New Representations of the Soviet Period: The Cases of Latvian and Estonian Museums. \u2013\u00a0<a title=\"\" href=\"http:\/\/www.culturecrossroads.lv\/pdf\/332\/en\" target=\"_blank\" rel=\"noopener\">Culture Crossroads<\/a>, 17: 139-152.<\/p>\n","protected":false},"excerpt":{"rendered":"<p>Reidla, Jana; K\u00f5resaar, Ene; Murakas, Rein (2025). Museum value as a tension field: a Baltic perspective. Cultural Trends, 1\u201318. https:\/\/doi.org\/10.1080\/09548963.2025.2467636 K\u00f5resaar, Ene; Kirsti J\u00f5esalu, Olli Kleemola, Heimo, Anne (2025). In search of multi-perspectivity: Using first-person narratives in historical exhibitions in &#8230;<\/p>\n","protected":false},"author":271,"featured_media":0,"parent":0,"menu_order":0,"comment_status":"closed","ping_status":"closed","template":"","meta":{"_acf_changed":false,"inline_featured_image":false,"footnotes":""},"class_list":["post-5","page","type-page","status-publish","hentry"],"acf":[],"_links":{"self":[{"href":"https:\/\/sisu.ut.ee\/mnemus\/wp-json\/wp\/v2\/pages\/5","targetHints":{"allow":["GET"]}}],"collection":[{"href":"https:\/\/sisu.ut.ee\/mnemus\/wp-json\/wp\/v2\/pages"}],"about":[{"href":"https:\/\/sisu.ut.ee\/mnemus\/wp-json\/wp\/v2\/types\/page"}],"author":[{"embeddable":true,"href":"https:\/\/sisu.ut.ee\/mnemus\/wp-json\/wp\/v2\/users\/271"}],"replies":[{"embeddable":true,"href":"https:\/\/sisu.ut.ee\/mnemus\/wp-json\/wp\/v2\/comments?post=5"}],"version-history":[{"count":5,"href":"https:\/\/sisu.ut.ee\/mnemus\/wp-json\/wp\/v2\/pages\/5\/revisions"}],"predecessor-version":[{"id":337,"href":"https:\/\/sisu.ut.ee\/mnemus\/wp-json\/wp\/v2\/pages\/5\/revisions\/337"}],"wp:attachment":[{"href":"https:\/\/sisu.ut.ee\/mnemus\/wp-json\/wp\/v2\/media?parent=5"}],"curies":[{"name":"wp","href":"https:\/\/api.w.org\/{rel}","templated":true}]}}