{"id":4,"date":"2024-04-04T07:35:02","date_gmt":"2024-04-04T04:35:02","guid":{"rendered":"https:\/\/sisu.ut.ee\/mnemus\/inimesed\/"},"modified":"2024-04-25T11:07:05","modified_gmt":"2024-04-25T08:07:05","slug":"inimesed","status":"publish","type":"page","link":"https:\/\/sisu.ut.ee\/mnemus\/inimesed\/?lang=et","title":{"rendered":"Inimesed"},"content":{"rendered":"<table class=\"table table-hover\" align=\"left\" border=\"0\" cellpadding=\"5\" cellspacing=\"1\" style=\"width: 100%\">\n<tbody>\n<tr>\n<td style=\"width: 210px;vertical-align: top\">\n\t\t\t\t<img loading=\"lazy\" decoding=\"async\" width=\"1255\" height=\"1315\" class=\"alignnone wp-image-21\" style=\"width: 200px;height: 210px\" src=\"https:\/\/sisu.ut.ee\/wp-content\/uploads\/sites\/530\/ene_koresaar._f_tammeaid.jpg\" title=\"Prof Ene K\u00f5resaar_Photo by Nele Tammeaid 2021\" alt=\"Ene_Koresaar_Photo N.Tammeaid\" srcset=\"https:\/\/sisu.ut.ee\/wp-content\/uploads\/sites\/530\/ene_koresaar._f_tammeaid.jpg 1255w, https:\/\/sisu.ut.ee\/wp-content\/uploads\/sites\/530\/ene_koresaar._f_tammeaid-286x300.jpg 286w, https:\/\/sisu.ut.ee\/wp-content\/uploads\/sites\/530\/ene_koresaar._f_tammeaid-977x1024.jpg 977w, https:\/\/sisu.ut.ee\/wp-content\/uploads\/sites\/530\/ene_koresaar._f_tammeaid-768x805.jpg 768w\" sizes=\"auto, (max-width: 1255px) 100vw, 1255px\">\n\t\t\t<\/td>\n<td>\n<h3>\n\t\t\t\t\tEne K\u00f5resaar<br>\n\t\t\t\t<\/h3>\n<p>\n\t\t\t\t\tProjekti MNEMUS\u00a0juht. Suulise ajaloo ja m\u00e4lu-uuringute professor Tartu \u00dclikooli kultuuriteaduste Instituudi etnoloogia osakonnas\n\t\t\t\t<\/p>\n<p>\n\t\t\t\t\tEne K\u00f5resaar on etnoloog, eluloo- ja m\u00e4lu-uurija. Tema uurimist\u00f6\u00f6 keskmes on olnud teise maailmas\u00f5ja ja n\u00f5ukogude perioodi m\u00e4letamine, 20. sajandi kogemuse narratiivne periodiseerimine ning n\u00f5ukogudej\u00e4rgsed sotsiaalse ja kultuurim\u00e4lu protsessid elulugudes, rohujuuretasandi organisatsioonide tunnustuspoliitikas, t\u00e4htp\u00e4evaajakirjanduses ja muuseumides. Ta on osalenud Eesti Rahva Muuseumi n\u00f5ukogu ning Eesti Okupatsioonide ja vabaduse muuseumi Vabamu n\u00f5uandva koja t\u00f6\u00f6s. Ene on Eesti Rahva Muuseumi aastaraamatu toimetuskolleegiumi liige.\n\t\t\t\t<\/p>\n<p>\n\t\t\t\t\t<a data-url=\"https:\/\/www.etis.ee\/CV\/Ene_K%C3%B5resaar\/est?tabId=CV_EST\" href=\"https:\/\/www.etis.ee\/CV\/Ene_K%C3%B5resaar\/est?tabId=CV_EST\" target=\"_blank\" title=\"\" rel=\"noopener\">Ene K\u00f5resaare CV Eesti Teadusinfos\u00fcsteemis<\/a>\n\t\t\t\t<\/p>\n<p>\n\t\t\t\t\t<a data-url=\"https:\/\/novaator.err.ee\/1608403541\/akadeemikute-valimised-2021-kes-on-ene-koresaar\" href=\"https:\/\/novaator.err.ee\/1608403541\/akadeemikute-valimised-2021-kes-on-ene-koresaar\" target=\"_blank\" title=\"\" rel=\"noopener\">Intervjuu Ene K\u00f5resaarega novembris 2021<\/a>\n\t\t\t\t<\/p>\n<\/td>\n<\/tr>\n<tr>\n<td style=\"vertical-align: top\">\n\t\t\t\t<img loading=\"lazy\" decoding=\"async\" width=\"1212\" height=\"1236\" class=\"alignnone wp-image-23\" style=\"width: 200px;height: 204px\" src=\"https:\/\/sisu.ut.ee\/wp-content\/uploads\/sites\/530\/kirsti_joesalu._f_tammeaid.jpg\" title=\"Kirsti J\u00f5esalu. Photo by Nele Tammeaid 2021\" alt=\"Kirsti_Joesalu_F_Tammeaid\" srcset=\"https:\/\/sisu.ut.ee\/wp-content\/uploads\/sites\/530\/kirsti_joesalu._f_tammeaid.jpg 1212w, https:\/\/sisu.ut.ee\/wp-content\/uploads\/sites\/530\/kirsti_joesalu._f_tammeaid-294x300.jpg 294w, https:\/\/sisu.ut.ee\/wp-content\/uploads\/sites\/530\/kirsti_joesalu._f_tammeaid-1004x1024.jpg 1004w, https:\/\/sisu.ut.ee\/wp-content\/uploads\/sites\/530\/kirsti_joesalu._f_tammeaid-768x783.jpg 768w\" sizes=\"auto, (max-width: 1212px) 100vw, 1212px\">\n\t\t\t<\/td>\n<td>\n<h3>\n\t\t\t\t\tKirsti J\u00f5esalu<br>\n\t\t\t\t<\/h3>\n<p>\n\t\t\t\t\tTeadur (PhD) Tartu \u00dclikooli kultuuriteaduste Instituudi etnoloogia osakonnas\n\t\t\t\t<\/p>\n<p>\n\t\t\t\t\tKirsti J\u00f5esalu on etnoloog, suulise ajaloo ja m\u00e4lukultuuri uurija. Teda huvitab m\u00e4lukultuuri avalik-privaatse meenutamise suhe. Kirsti on peamiselt uurinud hilise sotsialismi ja n\u00f5ukogudej\u00e4rgse p\u00f6\u00f6rde meenutamist. Ta on uurinud hilise sotsialismi meenutamist nii elulugudes kui kultuuritekstides (romaanid, dokumentaalid, muuseumin\u00e4itused) ja ametlikes k\u00f5nedes, dokumentides. Kureermise kogemus on tal Eesti Ajaloomuuseumi n\u00e4ituse \u201cMinu Vaba Riik\u201d juurest (2018). Alates 2018. aastast on Kirsti Kultuurministeeriumi juures asuva muuseumide tegevustoetuste komisjoni liige ja alates s\u00fcgisest 2021 Eesti Vaba\u00f5humuuseumi teadusn\u00f5ukoja liige. 2020. aasta s\u00fcgise veetis ta Kone stipendiaadina <em>Helsinki Collegium for Advanced Studies<\/em> juures.\n\t\t\t\t<\/p>\n<p>\n\t\t\t\t\t<a data-url=\"https:\/\/www.etis.ee\/CV\/Kirsti_J\u00f5esalu\/est\" href=\"https:\/\/www.etis.ee\/CV\/Kirsti_J%C3%B5esalu\/est\" target=\"_blank\" title=\"\" rel=\"noopener\">Kirsti J\u00f5esalu CV Eesti Teadusinfos\u00fcsteemis<\/a>\n\t\t\t\t<\/p>\n<\/td>\n<\/tr>\n<tr>\n<td style=\"vertical-align: top\">\n\t\t\t\t<img loading=\"lazy\" decoding=\"async\" width=\"1229\" height=\"1248\" class=\"alignnone wp-image-24\" style=\"width: 200px;height: 203px\" src=\"https:\/\/sisu.ut.ee\/wp-content\/uploads\/sites\/530\/linara_dovydaityte._f_tammeaid.jpg\" title=\"Linara Dovydaityte. Photo by Nele Tammeaid 2021\" alt=\"Linara_Dovydaityte_F_Tammeaid\" srcset=\"https:\/\/sisu.ut.ee\/wp-content\/uploads\/sites\/530\/linara_dovydaityte._f_tammeaid.jpg 1229w, https:\/\/sisu.ut.ee\/wp-content\/uploads\/sites\/530\/linara_dovydaityte._f_tammeaid-295x300.jpg 295w, https:\/\/sisu.ut.ee\/wp-content\/uploads\/sites\/530\/linara_dovydaityte._f_tammeaid-1008x1024.jpg 1008w, https:\/\/sisu.ut.ee\/wp-content\/uploads\/sites\/530\/linara_dovydaityte._f_tammeaid-768x780.jpg 768w\" sizes=\"auto, (max-width: 1229px) 100vw, 1229px\">\n\t\t\t<\/td>\n<td>\n<h3>\n\t\t\t\t\tLinara Dovydaityte<br>\n\t\t\t\t<\/h3>\n<p>\n\t\t\t\t\tTeadur (PhD), Kunstiajaloo ja kunstikriitika osakonna juhataja Kaunase Vitautas Suure \u00dclikoolis\n\t\t\t\t<\/p>\n<p>\n\t\t\t\t\tLinara Dovydaityte\u00a0 on tunnustatud museoloog ja kunstiajaloolane, kes on huvitatud Leedu m\u00e4lupoliitikast, kogukonna kaasamisest ja avalikust kommunikatsioonist. Tal on kureerinud n\u00e4itusi Vilniuse kaasaegse kunsti keskuses ja ta \u00f5petab museoloogiat Kaunases, Vytautas Magnuse \u00fclikoolis. Linara on kaasa l\u00f6\u00f6nud mitmes muuseumi- ja p\u00e4randiteemalistes EL rahastatud projektis (EDUATOM, INNOCULT).\n\t\t\t\t<\/p>\n<p>\n\t\t\t\t\t<a data-url=\"https:\/\/www.etis.ee\/CV\/Linara_Dovydaityte\/eng\" href=\"https:\/\/www.etis.ee\/CV\/Linara_Dovydaityte\/eng\" target=\"_blank\" title=\"\" rel=\"noopener\">Linara Dovydaityte CV Eesti Teadusinfos\u00fcsteemis<\/a>\n\t\t\t\t<\/p>\n<p>\n\t\t\t\t\t\u00a0\n\t\t\t\t<\/p>\n<\/td>\n<\/tr>\n<tr>\n<td style=\"vertical-align: top\">\n\t\t\t\t<img loading=\"lazy\" decoding=\"async\" width=\"1057\" height=\"1090\" class=\"alignnone wp-image-22\" style=\"width: 200px;height: 206px\" src=\"https:\/\/sisu.ut.ee\/wp-content\/uploads\/sites\/530\/jana_reidla._f_tammeaid.jpg\" title=\"Jana Reidla. Photo by Nele Tammeaid 2021\" alt=\"Jana_Reidla_f N.Tammeaid\" srcset=\"https:\/\/sisu.ut.ee\/wp-content\/uploads\/sites\/530\/jana_reidla._f_tammeaid.jpg 1057w, https:\/\/sisu.ut.ee\/wp-content\/uploads\/sites\/530\/jana_reidla._f_tammeaid-291x300.jpg 291w, https:\/\/sisu.ut.ee\/wp-content\/uploads\/sites\/530\/jana_reidla._f_tammeaid-993x1024.jpg 993w, https:\/\/sisu.ut.ee\/wp-content\/uploads\/sites\/530\/jana_reidla._f_tammeaid-768x792.jpg 768w\" sizes=\"auto, (max-width: 1057px) 100vw, 1057px\">\n\t\t\t<\/td>\n<td>\n<h3>\n\t\t\t\t\tJana Reidla<br>\n\t\t\t\t<\/h3>\n<p>\n\t\t\t\t\tTeadur (PhD) Tartu \u00dclikooli kultuuriteaduste Instituudi etnoloogia osakonnas\n\t\t\t\t<\/p>\n<p>\n\t\t\t\t\tJana Reidla on etnoloogina muuseume uurides keskendunud kogumist\u00f6\u00f6le, juhtimisele, muuseumiharidusele ja kuraatori elukutsele. Praktilise muuseumit\u00f6\u00f6 kogemuse on ta omandanud Eesti Rahva Muuseumis nii koguhoidjana kui n\u00e4ituste osakonda juhtides ning hiljem Eesti Panga muuseumi p\u00fcsin\u00e4itust kureerides. Aastatel 2021.-2022\u00a0kureerib Jana ajalooliste ehete teemalist n\u00e4itust P\u00e4rnu Muuseumis. Tema v\u00e4itekiri keskendus viimase aja muutustele kuraatorite t\u00f6\u00f6s Eesti, L\u00e4ti, Leedu ja Soome rahvusmuuseumides, mis on toimunud \u201euue museoloogia\u201d ideede elluviimise, organisatsiooniliste reformide ja kommunikatsioonifunktsiooni j\u00e4rjest suurema t\u00e4htsustamise koosm\u00f5jul.\n\t\t\t\t<\/p>\n<p>\n\t\t\t\t\t<a data-url=\"https:\/\/www.etis.ee\/CV\/Jana_Reidla\/est?tabId=CV_EST \" href=\"https:\/\/www.etis.ee\/CV\/Jana_Reidla\/est?tabId=CV_EST%20\" target=\"_blank\" title=\"\" rel=\"noopener\">Jana Reidla CV Eesti Teadusinfos\u00fcsteemis<\/a>\n\t\t\t\t<\/p>\n<\/td>\n<\/tr>\n<tr>\n<td style=\"vertical-align: top\">\n\t\t\t\t<img loading=\"lazy\" decoding=\"async\" width=\"1187\" height=\"1292\" class=\"alignnone wp-image-25\" style=\"width: 200px;height: 218px\" src=\"https:\/\/sisu.ut.ee\/wp-content\/uploads\/sites\/530\/terje_anepaio._f_tammeaid.jpg\" title=\"Terje Anepaio_Photo by Nele Tammeaid 2021\" alt=\"Terje_Anepaio_F_Tammeaid\" srcset=\"https:\/\/sisu.ut.ee\/wp-content\/uploads\/sites\/530\/terje_anepaio._f_tammeaid.jpg 1187w, https:\/\/sisu.ut.ee\/wp-content\/uploads\/sites\/530\/terje_anepaio._f_tammeaid-276x300.jpg 276w, https:\/\/sisu.ut.ee\/wp-content\/uploads\/sites\/530\/terje_anepaio._f_tammeaid-941x1024.jpg 941w, https:\/\/sisu.ut.ee\/wp-content\/uploads\/sites\/530\/terje_anepaio._f_tammeaid-768x836.jpg 768w\" sizes=\"auto, (max-width: 1187px) 100vw, 1187px\">\n\t\t\t<\/td>\n<td>\n<h3>\n\t\t\t\t\tTerje Anepaio<br>\n\t\t\t\t<\/h3>\n<p>\n\t\t\t\t\tTeadur-kuraator (MagPhil) Eesti Rahva Muuseumis\n\t\t\t\t<\/p>\n<p>\n\t\t\t\t\tTerje Anepaio on etnoloog, uurinud stalinlike repressioonide m\u00e4lu ja represseeritute m\u00e4lut\u00f6\u00f6d Eestis, tehes koost\u00f6\u00f6d represseeritute organisatsioonidega (Eesti Memento Liit, Murtud Rukkilille \u00dching). M\u00e4lut\u00f6\u00f6st on tal valminud ka dokumentaalfilm \u201eMeie m\u00e4letame! Meie m\u00e4lestame!\u201c (ERM, 2012). Elulugude uurijana on Terje v\u00e4lit\u00f6\u00f6del kogunud erinevatesse m\u00e4lukogukondadesse kuuluvate inimeste (ingerisoomlased, k\u00fc\u00fcditatud, venekeelsed eestimaalased) lugusid ja osalenud korduvalt eluloov\u00f5istluste \u017e\u00fcrii t\u00f6\u00f6s. Eesti Rahva Muuseumis on Terje kureerinud mitmeid n\u00e4itusi n\u00f5ukogude perioodi argielust (toidukultuurist ja noortekultuurist). ERMi p\u00fcsin\u00e4ituse \u201eKohtumised\u201c (2016) t\u00f6\u00f6grupis osales ta peamiselt k\u00fclma s\u00f5ja ajastut k\u00e4sitleva n\u00e4ituseosa ettevalmistamisel.\n\t\t\t\t<\/p>\n<p>\n\t\t\t\t\t<a data-url=\"https:\/\/www.etis.ee\/CV\/Terje_Anepaio\/est\" href=\"https:\/\/www.etis.ee\/CV\/Terje_Anepaio\/est\" target=\"_blank\" title=\"\" rel=\"noopener\">Terje Anepaio Eesti Teadusinfos\u00fcsteemis<\/a>\n\t\t\t\t<\/p>\n<\/td>\n<\/tr>\n<\/tbody>\n<\/table>\n<p>\n\t\u00a0\n<\/p>\n<h2>\n\tProjekti kaastatud doktorandid ja magistrandid<br>\n<\/h2>\n<p>\n\t<strong>Paulina Vitu\u0161\u010danka<\/strong> on Tartu \u00dclikooli kultuuriteaduste instituudis etnoloogia nooremteadur ja doktorant. Doktorit\u00f6\u00f6 teema: 20. sajandi narratiivid Eesti, L\u00e4ti ja Leedu piirkonnamuuseumides: riiklike m\u00e4lupoliitikate ja kohalike m\u00e4lupraktikate koosm\u00f5ju, juhendajad Ene K\u00f5resaar ja Kirsti J\u00f5esalu.\n<\/p>\n<p>\n\t<strong>Ilona Piirim\u00e4gi<\/strong>, magistrant. Magistriprojekti teema \u201eBetti Alveri muuseumi arengukava\u201c, juhendaja Kirsti J\u00f5esalu.\n<\/p>\n<p>\n\t<strong>Lea Korem<\/strong>, magistrant. Magistriprojekti teema \u201cEkspositsiooni elavdamine toiduteemaliste programmidega Eesti Vaba\u00f5humuuseumis\u201d (Enlivening the exposition with food-themed programs at the Estonian Open Air Museum). Juhendaja Ene K\u00f5resaar.\n<\/p>\n<p>\n\t<strong>Anastasiia Avramenko<\/strong>, magistrant. Magistrit\u00f6\u00f6 teema: \u201cN\u00f5ukogude argikultuuri kujutamine\u00a0Eesti rgionaalmuuseumides\u201d (\u201cRepresentation of Soviet everyday culture in Estonian regional museums\u201d), juhendajad Kirsti J\u00f5esalu ja Elo-Hanna Seljamaa. Magistrit\u00f6\u00f6 kaitstud augustis 2023.\n<\/p>\n<p>\n\t<strong>Eliis Vaino, MA.<\/strong>\u00a0\u201cAutistlik laps muuseumik\u00fclastajana Tartu \u00dclikooli muuseumi n\u00e4itel\u201d, magistrit\u00f6\u00f6 kaitstud jaanuaris\u00a02022, juhendaja\u00a0Kirsti J\u00f5esalu.\n<\/p>\n<p>\n\t\u00a0\n<\/p>\n<h2>\n\tN\u00f5uandev kogu<br>\n<\/h2>\n<p>\n\tHellar Lill (<a data-url=\"https:\/\/esm.ee\/et\" href=\"https:\/\/esm.ee\/et\" target=\"_blank\" title=\"\" rel=\"noopener\">Eesti S\u00f5jamuuseumi<\/a> direktor, EE)\n<\/p>\n<p>\n\tMariann Raisma (museoloog, <a data-url=\"https:\/\/www.muuseum.ut.ee\/\" href=\"https:\/\/www.muuseum.ut.ee\/\" target=\"_blank\" title=\"\" rel=\"noopener\">Tartu \u00dclikooli muuseumi<\/a> direktor, EE)\n<\/p>\n<p>\n\tToms \u0136ikuts (<a data-url=\"http:\/\/lnvm.lv\/en\/\" href=\"http:\/\/lnvm.lv\/en\/\" target=\"_blank\" title=\"\" rel=\"noopener\">L\u00e4ti Rahvusliku Ajaloomuuseumi<\/a>\u00a0teadusdirektor, LV)\n<\/p>\n<p>\n\tAgrita Ozola (<a data-url=\"http:\/\/www.tukumamuzejs.lv\/en\" href=\"http:\/\/www.tukumamuzejs.lv\/en\" target=\"_blank\" title=\"\" rel=\"noopener\">Tukumsi museum<\/a>i\u00a0direktor, LV)\n<\/p>\n<p>\n\tMaija Spurina (Muuseumiuuringute teadur\u00a0<a data-url=\"https:\/\/lka.edu.lv\/en\/\" href=\"https:\/\/lka.edu.lv\/en\/\" target=\"_blank\" title=\"\" rel=\"noopener\">L\u00e4ti Kultuuriakadeemias<\/a>, LV)\n<\/p>\n<p>\n\tGabrielius Su\u017eied\u0117lis (<a data-url=\"https:\/\/kaunomuziejus.lt\/\" href=\"https:\/\/kaunomuziejus.lt\/\" target=\"_blank\" title=\"\" rel=\"noopener\">Kaunase Linnamuuseumi<\/a>\u00a0direktor, LT)\n<\/p>\n<p>\n\tR\u016bta Ka\u010dkut\u0117 (<a data-url=\"http:\/\/www.lnm.lt\/en\/\" href=\"http:\/\/www.lnm.lt\/en\/\" target=\"_blank\" title=\"\" rel=\"noopener\">Leedu Rahvusmuuseumi<\/a>\u00a0direktor, LT)\u00a0\n<\/p>\n<p>\n\tMarius Pe\u010diulis (<a data-url=\"https:\/\/www.9fortomuziejus.lt\/?lang=en\" href=\"https:\/\/www.9fortomuziejus.lt\/?lang=en\" target=\"_blank\" title=\"\" rel=\"noopener\">Kaunase \u00dcheksanda Kindluse Muuseumi<\/a>\u00a0direktor, LT)\u00a0\n<\/p>\n<h2>\n\t<img loading=\"lazy\" decoding=\"async\" width=\"2014\" height=\"1006\" class=\"alignnone wp-image-20\" src=\"https:\/\/sisu.ut.ee\/wp-content\/uploads\/sites\/530\/board_meeting_18.8.21_f_tammeaid.jpg\" title=\"MNEMUS Board meeting in Tartu 18.Aug 2021. Photo by Nele Tammeaid\" alt=\"MNEMUS Board meeting 18.8.21. N. Tammeaid\" srcset=\"https:\/\/sisu.ut.ee\/wp-content\/uploads\/sites\/530\/board_meeting_18.8.21_f_tammeaid.jpg 2014w, https:\/\/sisu.ut.ee\/wp-content\/uploads\/sites\/530\/board_meeting_18.8.21_f_tammeaid-300x150.jpg 300w, https:\/\/sisu.ut.ee\/wp-content\/uploads\/sites\/530\/board_meeting_18.8.21_f_tammeaid-1024x511.jpg 1024w, https:\/\/sisu.ut.ee\/wp-content\/uploads\/sites\/530\/board_meeting_18.8.21_f_tammeaid-768x384.jpg 768w, https:\/\/sisu.ut.ee\/wp-content\/uploads\/sites\/530\/board_meeting_18.8.21_f_tammeaid-1536x767.jpg 1536w, https:\/\/sisu.ut.ee\/wp-content\/uploads\/sites\/530\/board_meeting_18.8.21_f_tammeaid-1920x959.jpg 1920w\" sizes=\"auto, (max-width: 2014px) 100vw, 2014px\"><br>\n<\/h2>\n<p>\n\t<span style=\"font-family:Ariel Black\"><em>Projekti MNEMUS ja selle N\u00f5uandva kogu liikmed Tartu \u00dclikooli muuseumi juures\u00a02021. aasta augustis. Vasakult: 1) Jana Reidla, 2) Terje Anepaio, 3) Kirsti J\u00f5esalu, 4) Hellar Lill, 5) Maija Spurina, 6) Linara Dovydaityte, 7) Mariann Raisma, 8)\u00a0R\u016bta Ka\u010dkut\u0117, 9)\u00a0Toms \u0136ikuts, 10)\u00a0Agrita Ozola, 11) Ene K\u00f5resaar<\/em><\/span>\n<\/p>\n<h2>\n\t\u00a0<br>\n<\/h2>\n","protected":false},"excerpt":{"rendered":"<p>Ene K\u00f5resaar Projekti MNEMUS\u00a0juht. Suulise ajaloo ja m\u00e4lu-uuringute professor Tartu \u00dclikooli kultuuriteaduste Instituudi etnoloogia osakonnas Ene K\u00f5resaar on etnoloog, eluloo- ja m\u00e4lu-uurija. Tema uurimist\u00f6\u00f6 keskmes on olnud teise maailmas\u00f5ja ja n\u00f5ukogude perioodi m\u00e4letamine, 20. sajandi kogemuse narratiivne periodiseerimine ning n\u00f5ukogudej\u00e4rgsed &#8230;<\/p>\n","protected":false},"author":271,"featured_media":0,"parent":0,"menu_order":0,"comment_status":"closed","ping_status":"closed","template":"","meta":{"_acf_changed":false,"inline_featured_image":false,"footnotes":""},"class_list":["post-4","page","type-page","status-publish","hentry"],"acf":[],"_links":{"self":[{"href":"https:\/\/sisu.ut.ee\/mnemus\/wp-json\/wp\/v2\/pages\/4","targetHints":{"allow":["GET"]}}],"collection":[{"href":"https:\/\/sisu.ut.ee\/mnemus\/wp-json\/wp\/v2\/pages"}],"about":[{"href":"https:\/\/sisu.ut.ee\/mnemus\/wp-json\/wp\/v2\/types\/page"}],"author":[{"embeddable":true,"href":"https:\/\/sisu.ut.ee\/mnemus\/wp-json\/wp\/v2\/users\/271"}],"replies":[{"embeddable":true,"href":"https:\/\/sisu.ut.ee\/mnemus\/wp-json\/wp\/v2\/comments?post=4"}],"version-history":[{"count":1,"href":"https:\/\/sisu.ut.ee\/mnemus\/wp-json\/wp\/v2\/pages\/4\/revisions"}],"predecessor-version":[{"id":113,"href":"https:\/\/sisu.ut.ee\/mnemus\/wp-json\/wp\/v2\/pages\/4\/revisions\/113"}],"wp:attachment":[{"href":"https:\/\/sisu.ut.ee\/mnemus\/wp-json\/wp\/v2\/media?parent=4"}],"curies":[{"name":"wp","href":"https:\/\/api.w.org\/{rel}","templated":true}]}}