{"id":14,"date":"2024-04-04T07:35:03","date_gmt":"2024-04-04T04:35:03","guid":{"rendered":"https:\/\/sisu.ut.ee\/mnemus\/publications-0\/"},"modified":"2025-02-18T15:20:37","modified_gmt":"2025-02-18T13:20:37","slug":"publications-0","status":"publish","type":"page","link":"https:\/\/sisu.ut.ee\/mnemus\/publications-0\/","title":{"rendered":"Publications"},"content":{"rendered":"<p><strong>Reidla, Jana; K\u00f5resaar, Ene; Murakas, Rein<\/strong>. (2025). Museum value as a tension field: a Baltic perspective. <em>Cultural Trends<\/em>, 1\u201318. https:\/\/doi.org\/10.1080\/09548963.2025.2467636<\/p>\n<p><strong>K\u00f5resaar, Ene; Kirsti J\u00f5esalu, Olli Kleemola, Heimo, Anne<\/strong> (2025). In search of multi-perspectivity: Using first-person narratives in historical exhibitions in Finland and Estonia. In: Gunn\u00fe\u00f3runn Gu\u00f0mundsd\u00f3ttir and Ulla Savolainen (Ed.). Memory Studies in the Nordic Countries: A Handbook. (xx\u2212xx). Brill.<\/p>\n<p><strong>K\u00f5resaar, Ene; J\u00f5esalu, Kirsti<\/strong> (2024). Slow Conflict on Display: on the Representation of Russophone Minorities in Baltic History Museums. \u2212 Slovensky\u0301 n\u00e1rodopis \/ Slovak Ethnology, 72 (4), 475-490.<\/p>\n<p><strong>K\u00f5resaar, Ene; J\u00f5esalu, Kirsti <\/strong>(2023). Diversification and Alternative Subjectivities in Estonian Museums: Memory of Soviet Collaboration and Complicity Revisited. \u2212 The Slavic and East European Journal, 67 (3), 344\u2212362.<\/p>\n<p><strong>Dovydaityt\u0117, Linara<\/strong> (2023). Curating Industrial Memories in a Museum: An Artistic Approach. Kunstiteaduslikke Uurimusi \/ Studies on art and architecture, 32 (3-4), 193\u2212224.<\/p>\n<p><strong>Reidla, Jana; K\u00f5resaar, Ene<\/strong> (2023). <a title=\"\" href=\"https:\/\/www.tandfonline.com\/doi\/full\/10.1080\/13527258.2023.2263752?src=\" target=\"_blank\" rel=\"noopener\" data-url=\"https:\/\/www.tandfonline.com\/doi\/full\/10.1080\/13527258.2023.2263752?src=\">Auxiliary collections as active collections: the case of Estonia<\/a>. International Journal of Heritage Studies, \u00a01\u221213. DOI: 10.1080\/13527258.2023.2263752.<\/p>\n<p><strong>Reidla, Jana; Murakas, Rein; K\u00f5resaar, Ene<\/strong> (2023). Balti riikide muuseumid ja muuseumit\u00f6\u00f6tajad uuringupeeglis. Muuseum 1 (50) <a title=\"\" href=\"https:\/\/ajakiri.muuseum.ee\/balti-riikide-muuseumid-ja-muuseumitootajad-uuringupeeglis\/?fbclid=IwAR2e0yLBtcwxXBtU5YV8D1_y6Zb_ihwYC2LYCN5CUeg_KoDMLbGfRTwjoRw\" target=\"_blank\" rel=\"noopener\" data-url=\"https:\/\/ajakiri.muuseum.ee\/balti-riikide-muuseumid-ja-muuseumitootajad-uuringupeeglis\/?fbclid=IwAR2e0yLBtcwxXBtU5YV8D1_y6Zb_ihwYC2LYCN5CUeg_KoDMLbGfRTwjoRw\">veebiv\u00e4ljaanne<\/a>, kevad-suvi.<\/p>\n<p><strong>Reidla, Jana; Murakas, Rein; K\u00f5resaar, Ene<\/strong> (2023). Balti riikide muuseumid ja muuseumit\u00f6\u00f6tajad uuringupeeglis. II osa. Muuseum : Eesti Muuseumi\u00fchingu ajakiri,<a title=\"\" href=\"https:\/\/ajakiri.muuseum.ee\/balti-riikide-muuseumid-ja-muuseumitootajad-uuringupeeglis-2\/\" target=\"_blank\" rel=\"noopener\" data-url=\"https:\/\/ajakiri.muuseum.ee\/balti-riikide-muuseumid-ja-muuseumitootajad-uuringupeeglis-2\/\">2 (51)<\/a>.<\/p>\n<p><strong>Reidla, Jana; K\u00f5resaar, Ene; J\u00f5esalu, Kirsti<\/strong> (2023). Etnograafiap\u00e4randi m\u00e4\u00e4ratlemisest ja kogumisest Eesti muuseumides. Eesti Rahva Muuseumi aastaraamat, 64, \u00a0295\u2212324.<\/p>\n<p><strong>K\u00f5resaar, Ene; Anepaio, Terje. <\/strong>(2023). <a title=\"\" href=\"https:\/\/library.oapen.org\/handle\/20.500.12657\/62359\" target=\"_blank\" rel=\"noopener\" data-url=\"https:\/\/library.oapen.org\/handle\/20.500.12657\/62359\">On the Role of the Individual in Materializing, Mediating, and Commemorating Memories of the Stalinist Repressions<\/a>. In: Samira Saramo &amp; Ulla Savolainen (Ed.). \u00a0The Legacies of Soviet Repression and Displacement: The Multiple and Mobile Lives of Memories.. (96\u2212115). \u00a0Routledge. (Memory Studies: Global Constellations). DOI: 10.4324\/9781003305569-8.<\/p>\n<p><strong>J\u00f5esalu, Kirsti; K\u00f5resaar, Ene<\/strong>\u00a0(2022). Mitigating the Difficult Past? On the Politics of Renaming the Estonian Museum of Occupations. In: Kirsti Salmi-Niklander, Sofia Laine, P\u00e4ivi Salmesvuori, Ulla Savolainen, Riikka Taavetti (Ed.). Friction, Fragmentation, and Diversity. Localized Politics of European Memories (27\u221253). Amsterdam: Amsterdam University Press. (Heritage and Memory Studies).<\/p>\n<p><strong>K\u00f5resaar, Ene<\/strong> (2022). Book review: Museums of Communism: new memory sites in central and eastern Europe. In: \u00a0Journal of Baltic Studies. (139\u2212141). 10.01.2022. DOI: 10.1080\/01629778.2022.2024704.<\/p>\n<p><strong>Kannike, Anu; Jana Reidla<\/strong> (2021). Striving Towards Social Relevance: Interpretations of the Soviet Period in Estonian and Latvian Museums. \u2013 Lithuanian Historical Studies, 25: 175-211. DOI: <a title=\"\" href=\"https:\/\/brill.com\/view\/journals\/lhs\/25\/1\/article-p175_7.xml\" target=\"_blank\" rel=\"noopener\" data-url=\"https:\/\/brill.com\/view\/journals\/lhs\/25\/1\/article-p175_7.xml\">10.30965\/25386565-02501006<\/a>.<\/p>\n<p><strong>K\u00f5resaar, Ene; J\u00f5esalu, Kirsti<\/strong>\u00a0(2021). From Museum as Memorial to Memory Museum: On the Transformation of the Estonian Museum of Occupations. In: P\u00e9ter Apor; Constantin Iordachi (Ed.). Occupation and Communism in Eastern European Museums. Re-Visualizing the Recent Past (51\u221274). London: BLOOMSBURY ACADEMIC.<\/p>\n<p><strong>K\u00f5resaar, Ene; J\u00f5esalu, Kirsti<\/strong> (2021). M\u00e4lut\u00f6\u00f6st elulooliste m\u00e4lu-uuringuteni.\u00a0M\u00e4rkusi biograafilise kultuuriuurimise ja n\u00f5ukogudej\u00e4rgse Eesti m\u00e4lu-uuringute seoste kohta. Acta Historica Tallinnensia, 27 (2), 353\u2212377. DOI:\u00a0<a title=\"\" href=\"http:\/\/dx.doi.org\/10.3176\/hist.2021.2.05\" target=\"_blank\" rel=\"noopener\" data-url=\"http:\/\/dx.doi.org\/10.3176\/hist.2021.2.05\">10.3176\/hist.2021.2.05<\/a>.<\/p>\n<p><strong>K\u00f5resaar, Ene; J\u00f5esalu, Kirsti<\/strong> (2021). Post-communist memories and life stories in Estonia: from memory work to life historical memory studies. In: R. Halili, A. Kola &amp; G. Franzinetti (Ed.). Memory of Communism in Post-Communist Europe: Social Practices, Research, Communication (xx\u2212xx). Toru\u0144: Wydawnictwo Naukowe Uniwersytetu Miko\u0142aja Kopernika.<\/p>\n<p><strong>Reidla, Jana; Anu Kannike<\/strong>\u00a0(2021). Multivocality in New Representations of the Soviet Period: The Cases of Latvian and Estonian Museums. \u2013 <a title=\"\" href=\"http:\/\/www.culturecrossroads.lv\/pdf\/332\/en\" target=\"_blank\" rel=\"noopener\" data-url=\"http:\/\/www.culturecrossroads.lv\/pdf\/332\/en\">Culture Crossroads<\/a>, 17: 139-152.<\/p>\n","protected":false},"excerpt":{"rendered":"<p>Reidla, Jana; K\u00f5resaar, Ene; Murakas, Rein. (2025). Museum value as a tension field: a Baltic perspective. Cultural Trends, 1\u201318. https:\/\/doi.org\/10.1080\/09548963.2025.2467636 K\u00f5resaar, Ene; Kirsti J\u00f5esalu, Olli Kleemola, Heimo, Anne (2025). In search of multi-perspectivity: Using first-person narratives in historical exhibitions in &#8230;<\/p>\n","protected":false},"author":271,"featured_media":0,"parent":0,"menu_order":0,"comment_status":"closed","ping_status":"closed","template":"","meta":{"_acf_changed":false,"inline_featured_image":false,"footnotes":""},"class_list":["post-14","page","type-page","status-publish","hentry"],"acf":[],"_links":{"self":[{"href":"https:\/\/sisu.ut.ee\/mnemus\/wp-json\/wp\/v2\/pages\/14","targetHints":{"allow":["GET"]}}],"collection":[{"href":"https:\/\/sisu.ut.ee\/mnemus\/wp-json\/wp\/v2\/pages"}],"about":[{"href":"https:\/\/sisu.ut.ee\/mnemus\/wp-json\/wp\/v2\/types\/page"}],"author":[{"embeddable":true,"href":"https:\/\/sisu.ut.ee\/mnemus\/wp-json\/wp\/v2\/users\/271"}],"replies":[{"embeddable":true,"href":"https:\/\/sisu.ut.ee\/mnemus\/wp-json\/wp\/v2\/comments?post=14"}],"version-history":[{"count":7,"href":"https:\/\/sisu.ut.ee\/mnemus\/wp-json\/wp\/v2\/pages\/14\/revisions"}],"predecessor-version":[{"id":340,"href":"https:\/\/sisu.ut.ee\/mnemus\/wp-json\/wp\/v2\/pages\/14\/revisions\/340"}],"wp:attachment":[{"href":"https:\/\/sisu.ut.ee\/mnemus\/wp-json\/wp\/v2\/media?parent=14"}],"curies":[{"name":"wp","href":"https:\/\/api.w.org\/{rel}","templated":true}]}}